{"id":897599,"date":"2024-12-01T15:29:28","date_gmt":"2024-12-01T15:29:28","guid":{"rendered":"https:\/\/eazyshop.ch\/shop\/stillkissen-abc-farm\/"},"modified":"2026-04-30T16:28:58","modified_gmt":"2026-04-30T16:28:58","slug":"oma-danas-henne-kissen-minky-abc-farm","status":"publish","type":"product","link":"https:\/\/eazyshop.ch\/en\/product\/oma-danas-henne-kissen-minky-abc-farm\/","title":{"rendered":"Oma Dana&#8217;s Henne Kissen Minky ABC FARM"},"content":{"rendered":"<p>Ein weiches, elastisches und universelles Stillkissen. Die Henne von Oma Dana ist unser ikonisches Produkt und wird perfekt sein: w\u00e4hrend der Schwangerschaft, zum Schlafen und Ausruhen, dann wird es das perfekte Kissen zum Stillen oder Spielen mit Ihrem Baby sein. Auch auf Reisen oder bei der Arbeit ist unser Kissen super (Laptop-Auflage). Hergestellt aus weichem und elegantem Samt, gef\u00fcllt mit zertifiziertem, antiallergischem Polyesterball, wodurch es unglaublich elastisch ist und sich perfekt an unsere Bed\u00fcrfnisse anpasst. Bei LM sagen wir immer, dass jeder seine eigene Henne haben sollte, also w\u00e4hlen Sie das perfekte Kissen f\u00fcr sich selbst und werden Sie sein n\u00e4chster Liebhaber, wir versprechen Ihnen, dass Sie es vom ersten Gebrauch an lieben werden! Das Produkt ist f\u00fcr Kinder ab zwei Monaten geeignet und gem\u00e4ss Sicherheitsstandards hergestellt.<\/p>\n<p>Waschen und Pflege<\/p>\n<ul>\n<li style=\"list-style-type: none;\">\n<ul>\n<li>Waschen in einer Waschmaschine bei 30 \u00b0, einem heiklen Programm &#8211; max. 800 Umdrehungen.<\/li>\n<li>Nicht von Hand waschen.<\/li>\n<li>Verwenden Sie keine Bleichmittel.<\/li>\n<li>In einem Tumbler nicht trocknen. Wir empfehlen, flach zu trocknen.<\/li>\n<li>Es wird empfohlen, vor der ersten Verwendung gem\u00e4ss den Anweisungen auf dem Etikett zu waschen.<\/li>\n<li>Legen Sie das gewaschene Produkt nicht f\u00fcr zu langes Sonnenlicht frei.<\/li>\n<\/ul>\n<\/li>\n<\/ul>","protected":false},"excerpt":{"rendered":"<p>Ein weiches, elastisches und universelles Stillkissen. Die Henne von Oma Dana ist unser ikonisches Produkt und wird perfekt sein: w\u00e4hrend<\/p>","protected":false},"featured_media":1080446,"comment_status":"open","ping_status":"closed","template":"","meta":[],"product_brand":[],"product_cat":[11640],"product_tag":[],"class_list":{"0":"post-897599","1":"product","2":"type-product","3":"status-publish","4":"has-post-thumbnail","6":"product_cat-neue-produkte","7":"pa_marke-la-millou","9":"first","10":"instock","11":"taxable","12":"shipping-taxable","13":"purchasable","14":"product-type-simple"},"yoast_head":"<!-- This site is optimized with the Yoast SEO plugin v26.9 - https:\/\/yoast.com\/product\/yoast-seo-wordpress\/ -->\n<title>Oma Dana&#039;s Henne Kissen Minky ABC FARM - Eazyshop<\/title>\n<meta name=\"robots\" content=\"index, follow, max-snippet:-1, max-image-preview:large, max-video-preview:-1\" \/>\n<link rel=\"canonical\" href=\"https:\/\/eazyshop.ch\/en\/product\/oma-danas-henne-kissen-minky-abc-farm\/\" \/>\n<meta property=\"og:locale\" content=\"en_GB\" \/>\n<meta property=\"og:type\" content=\"article\" \/>\n<meta property=\"og:title\" content=\"Oma Dana&#039;s Henne Kissen Minky ABC FARM - Eazyshop\" \/>\n<meta property=\"og:description\" content=\"Ein weiches, elastisches und universelles Stillkissen. Die Henne von Oma Dana ist unser ikonisches Produkt und wird perfekt sein: w\u00e4hrend\" \/>\n<meta property=\"og:url\" content=\"https:\/\/eazyshop.ch\/en\/product\/oma-danas-henne-kissen-minky-abc-farm\/\" \/>\n<meta property=\"og:site_name\" content=\"Eazyshop\" \/>\n<meta property=\"article:modified_time\" content=\"2026-04-30T16:28:58+00:00\" \/>\n<meta property=\"og:image\" content=\"https:\/\/eazyshop.ch\/wp-content\/uploads\/2026\/04\/image_1920_R84cQ.jpeg\" \/>\n\t<meta property=\"og:image:width\" content=\"1920\" \/>\n\t<meta property=\"og:image:height\" content=\"1920\" \/>\n\t<meta property=\"og:image:type\" content=\"image\/jpeg\" \/>\n<meta name=\"twitter:card\" content=\"summary_large_image\" \/>\n<meta name=\"twitter:label1\" content=\"Estimated reading time\" \/>\n\t<meta name=\"twitter:data1\" content=\"2 minutes\" \/>\n<script type=\"application\/ld+json\" class=\"yoast-schema-graph\">{\"@context\":\"https:\/\/schema.org\",\"@graph\":[{\"@type\":\"WebPage\",\"@id\":\"https:\/\/eazyshop.ch\/produkt\/oma-danas-henne-kissen-minky-abc-farm\/\",\"url\":\"https:\/\/eazyshop.ch\/produkt\/oma-danas-henne-kissen-minky-abc-farm\/\",\"name\":\"Oma Dana's Henne Kissen Minky ABC FARM - Eazyshop\",\"isPartOf\":{\"@id\":\"https:\/\/eazyshop.ch\/#website\"},\"primaryImageOfPage\":{\"@id\":\"https:\/\/eazyshop.ch\/produkt\/oma-danas-henne-kissen-minky-abc-farm\/#primaryimage\"},\"image\":{\"@id\":\"https:\/\/eazyshop.ch\/produkt\/oma-danas-henne-kissen-minky-abc-farm\/#primaryimage\"},\"thumbnailUrl\":\"https:\/\/eazyshop.ch\/wp-content\/uploads\/2026\/04\/image_1920_R84cQ.jpeg\",\"datePublished\":\"2024-12-01T15:29:28+00:00\",\"dateModified\":\"2026-04-30T16:28:58+00:00\",\"breadcrumb\":{\"@id\":\"https:\/\/eazyshop.ch\/produkt\/oma-danas-henne-kissen-minky-abc-farm\/#breadcrumb\"},\"inLanguage\":\"en-GB\",\"potentialAction\":[{\"@type\":\"ReadAction\",\"target\":[\"https:\/\/eazyshop.ch\/produkt\/oma-danas-henne-kissen-minky-abc-farm\/\"]}]},{\"@type\":\"ImageObject\",\"inLanguage\":\"en-GB\",\"@id\":\"https:\/\/eazyshop.ch\/produkt\/oma-danas-henne-kissen-minky-abc-farm\/#primaryimage\",\"url\":\"https:\/\/eazyshop.ch\/wp-content\/uploads\/2026\/04\/image_1920_R84cQ.jpeg\",\"contentUrl\":\"https:\/\/eazyshop.ch\/wp-content\/uploads\/2026\/04\/image_1920_R84cQ.jpeg\",\"width\":1920,\"height\":1920,\"caption\":\"Oma Dana's Henne Kissen Minky ABC FARM Hauptbild\"},{\"@type\":\"BreadcrumbList\",\"@id\":\"https:\/\/eazyshop.ch\/produkt\/oma-danas-henne-kissen-minky-abc-farm\/#breadcrumb\",\"itemListElement\":[{\"@type\":\"ListItem\",\"position\":1,\"name\":\"Startseite\",\"item\":\"https:\/\/eazyshop.ch\/\"},{\"@type\":\"ListItem\",\"position\":2,\"name\":\"Shop\",\"item\":\"https:\/\/eazyshop.ch\/shop\/\"},{\"@type\":\"ListItem\",\"position\":3,\"name\":\"Oma Dana&#8217;s Henne Kissen Minky ABC FARM\"}]},{\"@type\":\"WebSite\",\"@id\":\"https:\/\/eazyshop.ch\/#website\",\"url\":\"https:\/\/eazyshop.ch\/\",\"name\":\"Eazyshop\",\"description\":\"Where shopping feels easy\",\"publisher\":{\"@id\":\"https:\/\/eazyshop.ch\/#organization\"},\"potentialAction\":[{\"@type\":\"SearchAction\",\"target\":{\"@type\":\"EntryPoint\",\"urlTemplate\":\"https:\/\/eazyshop.ch\/?s={search_term_string}\"},\"query-input\":{\"@type\":\"PropertyValueSpecification\",\"valueRequired\":true,\"valueName\":\"search_term_string\"}}],\"inLanguage\":\"en-GB\"},{\"@type\":\"Organization\",\"@id\":\"https:\/\/eazyshop.ch\/#organization\",\"name\":\"Eazyshop\",\"url\":\"https:\/\/eazyshop.ch\/\",\"logo\":{\"@type\":\"ImageObject\",\"inLanguage\":\"en-GB\",\"@id\":\"https:\/\/eazyshop.ch\/#\/schema\/logo\/image\/\",\"url\":\"\",\"contentUrl\":\"\",\"caption\":\"Eazyshop\"},\"image\":{\"@id\":\"https:\/\/eazyshop.ch\/#\/schema\/logo\/image\/\"},\"sameAs\":[\"https:\/\/www.instagram.com\/eazyshop_ch\/\"]}]}<\/script>\n<!-- \/ Yoast SEO plugin. -->","yoast_head_json":{"title":"Oma Dana's Henne Kissen Minky ABC FARM - Eazyshop","robots":{"index":"index","follow":"follow","max-snippet":"max-snippet:-1","max-image-preview":"max-image-preview:large","max-video-preview":"max-video-preview:-1"},"canonical":"https:\/\/eazyshop.ch\/en\/product\/oma-danas-henne-kissen-minky-abc-farm\/","og_locale":"en_GB","og_type":"article","og_title":"Oma Dana's Henne Kissen Minky ABC FARM - Eazyshop","og_description":"Ein weiches, elastisches und universelles Stillkissen. Die Henne von Oma Dana ist unser ikonisches Produkt und wird perfekt sein: w\u00e4hrend","og_url":"https:\/\/eazyshop.ch\/en\/product\/oma-danas-henne-kissen-minky-abc-farm\/","og_site_name":"Eazyshop","article_modified_time":"2026-04-30T16:28:58+00:00","og_image":[{"width":1920,"height":1920,"url":"https:\/\/eazyshop.ch\/wp-content\/uploads\/2026\/04\/image_1920_R84cQ.jpeg","type":"image\/jpeg"}],"twitter_card":"summary_large_image","twitter_misc":{"Estimated reading time":"2 minutes"},"schema":{"@context":"https:\/\/schema.org","@graph":[{"@type":"WebPage","@id":"https:\/\/eazyshop.ch\/produkt\/oma-danas-henne-kissen-minky-abc-farm\/","url":"https:\/\/eazyshop.ch\/produkt\/oma-danas-henne-kissen-minky-abc-farm\/","name":"Oma Dana's Henne Kissen Minky ABC FARM - Eazyshop","isPartOf":{"@id":"https:\/\/eazyshop.ch\/#website"},"primaryImageOfPage":{"@id":"https:\/\/eazyshop.ch\/produkt\/oma-danas-henne-kissen-minky-abc-farm\/#primaryimage"},"image":{"@id":"https:\/\/eazyshop.ch\/produkt\/oma-danas-henne-kissen-minky-abc-farm\/#primaryimage"},"thumbnailUrl":"https:\/\/eazyshop.ch\/wp-content\/uploads\/2026\/04\/image_1920_R84cQ.jpeg","datePublished":"2024-12-01T15:29:28+00:00","dateModified":"2026-04-30T16:28:58+00:00","breadcrumb":{"@id":"https:\/\/eazyshop.ch\/produkt\/oma-danas-henne-kissen-minky-abc-farm\/#breadcrumb"},"inLanguage":"en-GB","potentialAction":[{"@type":"ReadAction","target":["https:\/\/eazyshop.ch\/produkt\/oma-danas-henne-kissen-minky-abc-farm\/"]}]},{"@type":"ImageObject","inLanguage":"en-GB","@id":"https:\/\/eazyshop.ch\/produkt\/oma-danas-henne-kissen-minky-abc-farm\/#primaryimage","url":"https:\/\/eazyshop.ch\/wp-content\/uploads\/2026\/04\/image_1920_R84cQ.jpeg","contentUrl":"https:\/\/eazyshop.ch\/wp-content\/uploads\/2026\/04\/image_1920_R84cQ.jpeg","width":1920,"height":1920,"caption":"Oma Dana's Henne Kissen Minky ABC FARM Hauptbild"},{"@type":"BreadcrumbList","@id":"https:\/\/eazyshop.ch\/produkt\/oma-danas-henne-kissen-minky-abc-farm\/#breadcrumb","itemListElement":[{"@type":"ListItem","position":1,"name":"Startseite","item":"https:\/\/eazyshop.ch\/"},{"@type":"ListItem","position":2,"name":"Shop","item":"https:\/\/eazyshop.ch\/shop\/"},{"@type":"ListItem","position":3,"name":"Oma Dana&#8217;s Henne Kissen Minky ABC FARM"}]},{"@type":"WebSite","@id":"https:\/\/eazyshop.ch\/#website","url":"https:\/\/eazyshop.ch\/","name":"Eazyshop","description":"Where shopping feels easy","publisher":{"@id":"https:\/\/eazyshop.ch\/#organization"},"potentialAction":[{"@type":"SearchAction","target":{"@type":"EntryPoint","urlTemplate":"https:\/\/eazyshop.ch\/?s={search_term_string}"},"query-input":{"@type":"PropertyValueSpecification","valueRequired":true,"valueName":"search_term_string"}}],"inLanguage":"en-GB"},{"@type":"Organization","@id":"https:\/\/eazyshop.ch\/#organization","name":"Eazyshop","url":"https:\/\/eazyshop.ch\/","logo":{"@type":"ImageObject","inLanguage":"en-GB","@id":"https:\/\/eazyshop.ch\/#\/schema\/logo\/image\/","url":"","contentUrl":"","caption":"Eazyshop"},"image":{"@id":"https:\/\/eazyshop.ch\/#\/schema\/logo\/image\/"},"sameAs":["https:\/\/www.instagram.com\/eazyshop_ch\/"]}]}},"jetpack_sharing_enabled":true,"_links":{"self":[{"href":"https:\/\/eazyshop.ch\/en\/wp-json\/wp\/v2\/product\/897599","targetHints":{"allow":["GET"]}}],"collection":[{"href":"https:\/\/eazyshop.ch\/en\/wp-json\/wp\/v2\/product"}],"about":[{"href":"https:\/\/eazyshop.ch\/en\/wp-json\/wp\/v2\/types\/product"}],"replies":[{"embeddable":true,"href":"https:\/\/eazyshop.ch\/en\/wp-json\/wp\/v2\/comments?post=897599"}],"version-history":[{"count":3,"href":"https:\/\/eazyshop.ch\/en\/wp-json\/wp\/v2\/product\/897599\/revisions"}],"predecessor-version":[{"id":1084539,"href":"https:\/\/eazyshop.ch\/en\/wp-json\/wp\/v2\/product\/897599\/revisions\/1084539"}],"wp:featuredmedia":[{"embeddable":true,"href":"https:\/\/eazyshop.ch\/en\/wp-json\/wp\/v2\/media\/1080446"}],"wp:attachment":[{"href":"https:\/\/eazyshop.ch\/en\/wp-json\/wp\/v2\/media?parent=897599"}],"wp:term":[{"taxonomy":"product_brand","embeddable":true,"href":"https:\/\/eazyshop.ch\/en\/wp-json\/wp\/v2\/product_brand?post=897599"},{"taxonomy":"product_cat","embeddable":true,"href":"https:\/\/eazyshop.ch\/en\/wp-json\/wp\/v2\/product_cat?post=897599"},{"taxonomy":"product_tag","embeddable":true,"href":"https:\/\/eazyshop.ch\/en\/wp-json\/wp\/v2\/product_tag?post=897599"}],"curies":[{"name":"wp","href":"https:\/\/api.w.org\/{rel}","templated":true}]}}