{"id":1080265,"date":"2026-04-09T14:52:49","date_gmt":"2026-04-09T14:52:49","guid":{"rendered":"https:\/\/eazyshop.ch\/?post_type=product&#038;p=1080265"},"modified":"2026-04-12T20:47:54","modified_gmt":"2026-04-12T20:47:54","slug":"kuschelpuppe-fee-evi-grs","status":"publish","type":"product","link":"https:\/\/eazyshop.ch\/en\/product\/kuschelpuppe-fee-evi-grs\/","title":{"rendered":"Kuschelpuppe Fee Evi GRS"},"content":{"rendered":"<p>Was wird deine Babypuppe heute tragen? Dieses bezaubernde Set ist perfekt f\u00fcr jede Gelegenheit. Viel Spa\u00df beim Anziehen deiner Lieblingspuppe, damit ihr gemeinsam f\u00fcr einen Tag voller Spielabenteuer bereit seid. Das Set besteht aus einer Latzhose mit R\u00fcschen in einem zarten Gr\u00fcnton, die mit einem lang\u00e4rmeligen Hemd mit Fresh Green Check Muster verbunden ist. Vervollst\u00e4ndigt wird dieses niedliche Set mit einem s\u00fc\u00dfen gr\u00fcnen Sonnenh\u00fctchen.<\/p>","protected":false},"excerpt":{"rendered":"<p>Was wird deine Babypuppe heute tragen? Dieses bezaubernde Set ist perfekt f\u00fcr jede Gelegenheit. Viel Spa\u00df beim Anziehen deiner Lieblingspuppe,<\/p>","protected":false},"featured_media":1080264,"comment_status":"open","ping_status":"closed","template":"","meta":[],"product_brand":[15419],"product_cat":[15429],"product_tag":[],"class_list":{"0":"post-1080265","1":"product","2":"type-product","3":"status-publish","4":"has-post-thumbnail","6":"product_brand-la-millou","7":"product_cat-puppe","9":"first","10":"instock","11":"taxable","12":"shipping-taxable","13":"purchasable","14":"product-type-simple"},"yoast_head":"<!-- This site is optimized with the Yoast SEO plugin v26.9 - https:\/\/yoast.com\/product\/yoast-seo-wordpress\/ -->\n<title>Kuschelpuppe Fee Evi GRS - Eazyshop<\/title>\n<meta name=\"robots\" content=\"index, follow, max-snippet:-1, max-image-preview:large, max-video-preview:-1\" \/>\n<link rel=\"canonical\" href=\"https:\/\/eazyshop.ch\/en\/product\/kuschelpuppe-fee-evi-grs\/\" \/>\n<meta property=\"og:locale\" content=\"en_GB\" \/>\n<meta property=\"og:type\" content=\"article\" \/>\n<meta property=\"og:title\" content=\"Kuschelpuppe Fee Evi GRS - Eazyshop\" \/>\n<meta property=\"og:description\" content=\"Was wird deine Babypuppe heute tragen? Dieses bezaubernde Set ist perfekt f\u00fcr jede Gelegenheit. Viel Spa\u00df beim Anziehen deiner Lieblingspuppe,\" \/>\n<meta property=\"og:url\" content=\"https:\/\/eazyshop.ch\/en\/product\/kuschelpuppe-fee-evi-grs\/\" \/>\n<meta property=\"og:site_name\" content=\"Eazyshop\" \/>\n<meta property=\"article:modified_time\" content=\"2026-04-12T20:47:54+00:00\" \/>\n<meta property=\"og:image\" content=\"https:\/\/eazyshop.ch\/wp-content\/uploads\/2026\/04\/0024569_fairy-evi_g6tlF.webp\" \/>\n\t<meta property=\"og:image:width\" content=\"500\" \/>\n\t<meta property=\"og:image:height\" content=\"500\" \/>\n\t<meta property=\"og:image:type\" content=\"image\/webp\" \/>\n<meta name=\"twitter:card\" content=\"summary_large_image\" \/>\n<meta name=\"twitter:label1\" content=\"Estimated reading time\" \/>\n\t<meta name=\"twitter:data1\" content=\"1 minute\" \/>\n<script type=\"application\/ld+json\" class=\"yoast-schema-graph\">{\"@context\":\"https:\/\/schema.org\",\"@graph\":[{\"@type\":\"WebPage\",\"@id\":\"https:\/\/eazyshop.ch\/produkt\/kuschelpuppe-fee-evi-grs\/\",\"url\":\"https:\/\/eazyshop.ch\/produkt\/kuschelpuppe-fee-evi-grs\/\",\"name\":\"Kuschelpuppe Fee Evi GRS - Eazyshop\",\"isPartOf\":{\"@id\":\"https:\/\/eazyshop.ch\/#website\"},\"primaryImageOfPage\":{\"@id\":\"https:\/\/eazyshop.ch\/produkt\/kuschelpuppe-fee-evi-grs\/#primaryimage\"},\"image\":{\"@id\":\"https:\/\/eazyshop.ch\/produkt\/kuschelpuppe-fee-evi-grs\/#primaryimage\"},\"thumbnailUrl\":\"https:\/\/eazyshop.ch\/wp-content\/uploads\/2026\/04\/0024569_fairy-evi_g6tlF.webp\",\"datePublished\":\"2026-04-09T14:52:49+00:00\",\"dateModified\":\"2026-04-12T20:47:54+00:00\",\"breadcrumb\":{\"@id\":\"https:\/\/eazyshop.ch\/produkt\/kuschelpuppe-fee-evi-grs\/#breadcrumb\"},\"inLanguage\":\"en-GB\",\"potentialAction\":[{\"@type\":\"ReadAction\",\"target\":[\"https:\/\/eazyshop.ch\/produkt\/kuschelpuppe-fee-evi-grs\/\"]}]},{\"@type\":\"ImageObject\",\"inLanguage\":\"en-GB\",\"@id\":\"https:\/\/eazyshop.ch\/produkt\/kuschelpuppe-fee-evi-grs\/#primaryimage\",\"url\":\"https:\/\/eazyshop.ch\/wp-content\/uploads\/2026\/04\/0024569_fairy-evi_g6tlF.webp\",\"contentUrl\":\"https:\/\/eazyshop.ch\/wp-content\/uploads\/2026\/04\/0024569_fairy-evi_g6tlF.webp\",\"width\":500,\"height\":500,\"caption\":\"Kuschelpuppe Fee Evi GRS Hauptbild\"},{\"@type\":\"BreadcrumbList\",\"@id\":\"https:\/\/eazyshop.ch\/produkt\/kuschelpuppe-fee-evi-grs\/#breadcrumb\",\"itemListElement\":[{\"@type\":\"ListItem\",\"position\":1,\"name\":\"Startseite\",\"item\":\"https:\/\/eazyshop.ch\/\"},{\"@type\":\"ListItem\",\"position\":2,\"name\":\"Shop\",\"item\":\"https:\/\/eazyshop.ch\/shop\/\"},{\"@type\":\"ListItem\",\"position\":3,\"name\":\"Kuschelpuppe Fee Evi GRS\"}]},{\"@type\":\"WebSite\",\"@id\":\"https:\/\/eazyshop.ch\/#website\",\"url\":\"https:\/\/eazyshop.ch\/\",\"name\":\"Eazyshop\",\"description\":\"Where shopping feels easy\",\"publisher\":{\"@id\":\"https:\/\/eazyshop.ch\/#organization\"},\"potentialAction\":[{\"@type\":\"SearchAction\",\"target\":{\"@type\":\"EntryPoint\",\"urlTemplate\":\"https:\/\/eazyshop.ch\/?s={search_term_string}\"},\"query-input\":{\"@type\":\"PropertyValueSpecification\",\"valueRequired\":true,\"valueName\":\"search_term_string\"}}],\"inLanguage\":\"en-GB\"},{\"@type\":\"Organization\",\"@id\":\"https:\/\/eazyshop.ch\/#organization\",\"name\":\"Eazyshop\",\"url\":\"https:\/\/eazyshop.ch\/\",\"logo\":{\"@type\":\"ImageObject\",\"inLanguage\":\"en-GB\",\"@id\":\"https:\/\/eazyshop.ch\/#\/schema\/logo\/image\/\",\"url\":\"\",\"contentUrl\":\"\",\"caption\":\"Eazyshop\"},\"image\":{\"@id\":\"https:\/\/eazyshop.ch\/#\/schema\/logo\/image\/\"},\"sameAs\":[\"https:\/\/www.instagram.com\/eazyshop_ch\/\"]}]}<\/script>\n<!-- \/ Yoast SEO plugin. -->","yoast_head_json":{"title":"Kuschelpuppe Fee Evi GRS - Eazyshop","robots":{"index":"index","follow":"follow","max-snippet":"max-snippet:-1","max-image-preview":"max-image-preview:large","max-video-preview":"max-video-preview:-1"},"canonical":"https:\/\/eazyshop.ch\/en\/product\/kuschelpuppe-fee-evi-grs\/","og_locale":"en_GB","og_type":"article","og_title":"Kuschelpuppe Fee Evi GRS - Eazyshop","og_description":"Was wird deine Babypuppe heute tragen? Dieses bezaubernde Set ist perfekt f\u00fcr jede Gelegenheit. Viel Spa\u00df beim Anziehen deiner Lieblingspuppe,","og_url":"https:\/\/eazyshop.ch\/en\/product\/kuschelpuppe-fee-evi-grs\/","og_site_name":"Eazyshop","article_modified_time":"2026-04-12T20:47:54+00:00","og_image":[{"width":500,"height":500,"url":"https:\/\/eazyshop.ch\/wp-content\/uploads\/2026\/04\/0024569_fairy-evi_g6tlF.webp","type":"image\/webp"}],"twitter_card":"summary_large_image","twitter_misc":{"Estimated reading time":"1 minute"},"schema":{"@context":"https:\/\/schema.org","@graph":[{"@type":"WebPage","@id":"https:\/\/eazyshop.ch\/produkt\/kuschelpuppe-fee-evi-grs\/","url":"https:\/\/eazyshop.ch\/produkt\/kuschelpuppe-fee-evi-grs\/","name":"Kuschelpuppe Fee Evi GRS - Eazyshop","isPartOf":{"@id":"https:\/\/eazyshop.ch\/#website"},"primaryImageOfPage":{"@id":"https:\/\/eazyshop.ch\/produkt\/kuschelpuppe-fee-evi-grs\/#primaryimage"},"image":{"@id":"https:\/\/eazyshop.ch\/produkt\/kuschelpuppe-fee-evi-grs\/#primaryimage"},"thumbnailUrl":"https:\/\/eazyshop.ch\/wp-content\/uploads\/2026\/04\/0024569_fairy-evi_g6tlF.webp","datePublished":"2026-04-09T14:52:49+00:00","dateModified":"2026-04-12T20:47:54+00:00","breadcrumb":{"@id":"https:\/\/eazyshop.ch\/produkt\/kuschelpuppe-fee-evi-grs\/#breadcrumb"},"inLanguage":"en-GB","potentialAction":[{"@type":"ReadAction","target":["https:\/\/eazyshop.ch\/produkt\/kuschelpuppe-fee-evi-grs\/"]}]},{"@type":"ImageObject","inLanguage":"en-GB","@id":"https:\/\/eazyshop.ch\/produkt\/kuschelpuppe-fee-evi-grs\/#primaryimage","url":"https:\/\/eazyshop.ch\/wp-content\/uploads\/2026\/04\/0024569_fairy-evi_g6tlF.webp","contentUrl":"https:\/\/eazyshop.ch\/wp-content\/uploads\/2026\/04\/0024569_fairy-evi_g6tlF.webp","width":500,"height":500,"caption":"Kuschelpuppe Fee Evi GRS Hauptbild"},{"@type":"BreadcrumbList","@id":"https:\/\/eazyshop.ch\/produkt\/kuschelpuppe-fee-evi-grs\/#breadcrumb","itemListElement":[{"@type":"ListItem","position":1,"name":"Startseite","item":"https:\/\/eazyshop.ch\/"},{"@type":"ListItem","position":2,"name":"Shop","item":"https:\/\/eazyshop.ch\/shop\/"},{"@type":"ListItem","position":3,"name":"Kuschelpuppe Fee Evi GRS"}]},{"@type":"WebSite","@id":"https:\/\/eazyshop.ch\/#website","url":"https:\/\/eazyshop.ch\/","name":"Eazyshop","description":"Where shopping feels easy","publisher":{"@id":"https:\/\/eazyshop.ch\/#organization"},"potentialAction":[{"@type":"SearchAction","target":{"@type":"EntryPoint","urlTemplate":"https:\/\/eazyshop.ch\/?s={search_term_string}"},"query-input":{"@type":"PropertyValueSpecification","valueRequired":true,"valueName":"search_term_string"}}],"inLanguage":"en-GB"},{"@type":"Organization","@id":"https:\/\/eazyshop.ch\/#organization","name":"Eazyshop","url":"https:\/\/eazyshop.ch\/","logo":{"@type":"ImageObject","inLanguage":"en-GB","@id":"https:\/\/eazyshop.ch\/#\/schema\/logo\/image\/","url":"","contentUrl":"","caption":"Eazyshop"},"image":{"@id":"https:\/\/eazyshop.ch\/#\/schema\/logo\/image\/"},"sameAs":["https:\/\/www.instagram.com\/eazyshop_ch\/"]}]}},"jetpack_sharing_enabled":true,"_links":{"self":[{"href":"https:\/\/eazyshop.ch\/en\/wp-json\/wp\/v2\/product\/1080265","targetHints":{"allow":["GET"]}}],"collection":[{"href":"https:\/\/eazyshop.ch\/en\/wp-json\/wp\/v2\/product"}],"about":[{"href":"https:\/\/eazyshop.ch\/en\/wp-json\/wp\/v2\/types\/product"}],"replies":[{"embeddable":true,"href":"https:\/\/eazyshop.ch\/en\/wp-json\/wp\/v2\/comments?post=1080265"}],"version-history":[{"count":1,"href":"https:\/\/eazyshop.ch\/en\/wp-json\/wp\/v2\/product\/1080265\/revisions"}],"predecessor-version":[{"id":1083031,"href":"https:\/\/eazyshop.ch\/en\/wp-json\/wp\/v2\/product\/1080265\/revisions\/1083031"}],"wp:featuredmedia":[{"embeddable":true,"href":"https:\/\/eazyshop.ch\/en\/wp-json\/wp\/v2\/media\/1080264"}],"wp:attachment":[{"href":"https:\/\/eazyshop.ch\/en\/wp-json\/wp\/v2\/media?parent=1080265"}],"wp:term":[{"taxonomy":"product_brand","embeddable":true,"href":"https:\/\/eazyshop.ch\/en\/wp-json\/wp\/v2\/product_brand?post=1080265"},{"taxonomy":"product_cat","embeddable":true,"href":"https:\/\/eazyshop.ch\/en\/wp-json\/wp\/v2\/product_cat?post=1080265"},{"taxonomy":"product_tag","embeddable":true,"href":"https:\/\/eazyshop.ch\/en\/wp-json\/wp\/v2\/product_tag?post=1080265"}],"curies":[{"name":"wp","href":"https:\/\/api.w.org\/{rel}","templated":true}]}}