{"id":1080261,"date":"2026-04-09T14:52:45","date_gmt":"2026-04-09T14:52:45","guid":{"rendered":"https:\/\/eazyshop.ch\/produkt\/little-dutch-sandpielzeug-ocean-dreams-blau\/"},"modified":"2026-04-09T14:52:45","modified_gmt":"2026-04-09T14:52:45","slug":"little-dutch-sandpielzeug-ocean-dreams-blau","status":"publish","type":"product","link":"https:\/\/eazyshop.ch\/en\/product\/little-dutch-sandpielzeug-ocean-dreams-blau\/","title":{"rendered":"Little Dutch Sandpielzeug Ocean Dreams Blau"},"content":{"rendered":"<p>Tauche ein in endlose Stunden voller Spa\u00df und Entdeckungen mit dieser faszinierenden Sand- und Wasserm\u00fchle! Egal, ob du dich im Sand oder im Wasser vergn\u00fcgst, dieses farbenfrohe Spielzeug wird zum Highlight deiner Strandabenteuer. Ganz einfach etwas Sand oder Wasser an der Spitze des L\u00e4ufers platzieren und staunend beobachten, wie sich die R\u00e4der fr\u00f6hlich in Bewegung setzen. Die lebendigen Farben machen diese Windm\u00fchle nicht nur zu einem unterhaltsamen Spielgef\u00e4hrten, sondern auch zu einem unverzichtbaren Begleiter f\u00fcr deine sonnigen Tage am Strand. Lass die Fantasie sprudeln und mach diese M\u00fchle zu einem unvergesslichen Teil deiner Strandgedanken!<\/p>","protected":false},"excerpt":{"rendered":"<p>Tauche ein in endlose Stunden voller Spa\u00df und Entdeckungen mit dieser faszinierenden Sand- und Wasserm\u00fchle! Egal, ob du dich im<\/p>","protected":false},"featured_media":1080260,"comment_status":"open","ping_status":"closed","template":"","meta":[],"product_brand":[],"product_cat":[15],"product_tag":[],"class_list":{"0":"post-1080261","1":"product","2":"type-product","3":"status-publish","4":"has-post-thumbnail","6":"product_cat-unkategorisiert","8":"first","9":"instock","10":"taxable","11":"shipping-taxable","12":"purchasable","13":"product-type-simple"},"yoast_head":"<!-- This site is optimized with the Yoast SEO plugin v26.9 - https:\/\/yoast.com\/product\/yoast-seo-wordpress\/ -->\n<title>Little Dutch Sandpielzeug Ocean Dreams Blau - Eazyshop<\/title>\n<meta name=\"robots\" content=\"index, follow, max-snippet:-1, max-image-preview:large, max-video-preview:-1\" \/>\n<link rel=\"canonical\" href=\"https:\/\/eazyshop.ch\/en\/product\/little-dutch-sandpielzeug-ocean-dreams-blau\/\" \/>\n<meta property=\"og:locale\" content=\"en_GB\" \/>\n<meta property=\"og:type\" content=\"article\" \/>\n<meta property=\"og:title\" content=\"Little Dutch Sandpielzeug Ocean Dreams Blau - Eazyshop\" \/>\n<meta property=\"og:description\" content=\"Tauche ein in endlose Stunden voller Spa\u00df und Entdeckungen mit dieser faszinierenden Sand- und Wasserm\u00fchle! Egal, ob du dich im\" \/>\n<meta property=\"og:url\" content=\"https:\/\/eazyshop.ch\/en\/product\/little-dutch-sandpielzeug-ocean-dreams-blau\/\" \/>\n<meta property=\"og:site_name\" content=\"Eazyshop\" \/>\n<meta name=\"twitter:card\" content=\"summary_large_image\" \/>\n<meta name=\"twitter:label1\" content=\"Estimated reading time\" \/>\n\t<meta name=\"twitter:data1\" content=\"1 minute\" \/>\n<script type=\"application\/ld+json\" class=\"yoast-schema-graph\">{\"@context\":\"https:\/\/schema.org\",\"@graph\":[{\"@type\":\"WebPage\",\"@id\":\"https:\/\/eazyshop.ch\/produkt\/little-dutch-sandpielzeug-ocean-dreams-blau\/\",\"url\":\"https:\/\/eazyshop.ch\/produkt\/little-dutch-sandpielzeug-ocean-dreams-blau\/\",\"name\":\"Little Dutch Sandpielzeug Ocean Dreams Blau - Eazyshop\",\"isPartOf\":{\"@id\":\"https:\/\/eazyshop.ch\/#website\"},\"primaryImageOfPage\":{\"@id\":\"https:\/\/eazyshop.ch\/produkt\/little-dutch-sandpielzeug-ocean-dreams-blau\/#primaryimage\"},\"image\":{\"@id\":\"https:\/\/eazyshop.ch\/produkt\/little-dutch-sandpielzeug-ocean-dreams-blau\/#primaryimage\"},\"thumbnailUrl\":\"https:\/\/eazyshop.ch\/wp-content\/uploads\/2026\/04\/0001430_wW7fM.webp\",\"datePublished\":\"2026-04-09T14:52:45+00:00\",\"breadcrumb\":{\"@id\":\"https:\/\/eazyshop.ch\/produkt\/little-dutch-sandpielzeug-ocean-dreams-blau\/#breadcrumb\"},\"inLanguage\":\"en-GB\",\"potentialAction\":[{\"@type\":\"ReadAction\",\"target\":[\"https:\/\/eazyshop.ch\/produkt\/little-dutch-sandpielzeug-ocean-dreams-blau\/\"]}]},{\"@type\":\"ImageObject\",\"inLanguage\":\"en-GB\",\"@id\":\"https:\/\/eazyshop.ch\/produkt\/little-dutch-sandpielzeug-ocean-dreams-blau\/#primaryimage\",\"url\":\"https:\/\/eazyshop.ch\/wp-content\/uploads\/2026\/04\/0001430_wW7fM.webp\",\"contentUrl\":\"https:\/\/eazyshop.ch\/wp-content\/uploads\/2026\/04\/0001430_wW7fM.webp\",\"width\":500,\"height\":500,\"caption\":\"Little Dutch Sandpielzeug Ocean Dreams Blau Hauptbild\"},{\"@type\":\"BreadcrumbList\",\"@id\":\"https:\/\/eazyshop.ch\/produkt\/little-dutch-sandpielzeug-ocean-dreams-blau\/#breadcrumb\",\"itemListElement\":[{\"@type\":\"ListItem\",\"position\":1,\"name\":\"Startseite\",\"item\":\"https:\/\/eazyshop.ch\/\"},{\"@type\":\"ListItem\",\"position\":2,\"name\":\"Shop\",\"item\":\"https:\/\/eazyshop.ch\/shop\/\"},{\"@type\":\"ListItem\",\"position\":3,\"name\":\"Little Dutch Sandpielzeug Ocean Dreams Blau\"}]},{\"@type\":\"WebSite\",\"@id\":\"https:\/\/eazyshop.ch\/#website\",\"url\":\"https:\/\/eazyshop.ch\/\",\"name\":\"Eazyshop\",\"description\":\"Where shopping feels easy\",\"publisher\":{\"@id\":\"https:\/\/eazyshop.ch\/#organization\"},\"potentialAction\":[{\"@type\":\"SearchAction\",\"target\":{\"@type\":\"EntryPoint\",\"urlTemplate\":\"https:\/\/eazyshop.ch\/?s={search_term_string}\"},\"query-input\":{\"@type\":\"PropertyValueSpecification\",\"valueRequired\":true,\"valueName\":\"search_term_string\"}}],\"inLanguage\":\"en-GB\"},{\"@type\":\"Organization\",\"@id\":\"https:\/\/eazyshop.ch\/#organization\",\"name\":\"Eazyshop\",\"url\":\"https:\/\/eazyshop.ch\/\",\"logo\":{\"@type\":\"ImageObject\",\"inLanguage\":\"en-GB\",\"@id\":\"https:\/\/eazyshop.ch\/#\/schema\/logo\/image\/\",\"url\":\"\",\"contentUrl\":\"\",\"caption\":\"Eazyshop\"},\"image\":{\"@id\":\"https:\/\/eazyshop.ch\/#\/schema\/logo\/image\/\"},\"sameAs\":[\"https:\/\/www.instagram.com\/eazyshop_ch\/\"]}]}<\/script>\n<!-- \/ Yoast SEO plugin. -->","yoast_head_json":{"title":"Little Dutch Sandpielzeug Ocean Dreams Blau - Eazyshop","robots":{"index":"index","follow":"follow","max-snippet":"max-snippet:-1","max-image-preview":"max-image-preview:large","max-video-preview":"max-video-preview:-1"},"canonical":"https:\/\/eazyshop.ch\/en\/product\/little-dutch-sandpielzeug-ocean-dreams-blau\/","og_locale":"en_GB","og_type":"article","og_title":"Little Dutch Sandpielzeug Ocean Dreams Blau - Eazyshop","og_description":"Tauche ein in endlose Stunden voller Spa\u00df und Entdeckungen mit dieser faszinierenden Sand- und Wasserm\u00fchle! Egal, ob du dich im","og_url":"https:\/\/eazyshop.ch\/en\/product\/little-dutch-sandpielzeug-ocean-dreams-blau\/","og_site_name":"Eazyshop","twitter_card":"summary_large_image","twitter_misc":{"Estimated reading time":"1 minute"},"schema":{"@context":"https:\/\/schema.org","@graph":[{"@type":"WebPage","@id":"https:\/\/eazyshop.ch\/produkt\/little-dutch-sandpielzeug-ocean-dreams-blau\/","url":"https:\/\/eazyshop.ch\/produkt\/little-dutch-sandpielzeug-ocean-dreams-blau\/","name":"Little Dutch Sandpielzeug Ocean Dreams Blau - Eazyshop","isPartOf":{"@id":"https:\/\/eazyshop.ch\/#website"},"primaryImageOfPage":{"@id":"https:\/\/eazyshop.ch\/produkt\/little-dutch-sandpielzeug-ocean-dreams-blau\/#primaryimage"},"image":{"@id":"https:\/\/eazyshop.ch\/produkt\/little-dutch-sandpielzeug-ocean-dreams-blau\/#primaryimage"},"thumbnailUrl":"https:\/\/eazyshop.ch\/wp-content\/uploads\/2026\/04\/0001430_wW7fM.webp","datePublished":"2026-04-09T14:52:45+00:00","breadcrumb":{"@id":"https:\/\/eazyshop.ch\/produkt\/little-dutch-sandpielzeug-ocean-dreams-blau\/#breadcrumb"},"inLanguage":"en-GB","potentialAction":[{"@type":"ReadAction","target":["https:\/\/eazyshop.ch\/produkt\/little-dutch-sandpielzeug-ocean-dreams-blau\/"]}]},{"@type":"ImageObject","inLanguage":"en-GB","@id":"https:\/\/eazyshop.ch\/produkt\/little-dutch-sandpielzeug-ocean-dreams-blau\/#primaryimage","url":"https:\/\/eazyshop.ch\/wp-content\/uploads\/2026\/04\/0001430_wW7fM.webp","contentUrl":"https:\/\/eazyshop.ch\/wp-content\/uploads\/2026\/04\/0001430_wW7fM.webp","width":500,"height":500,"caption":"Little Dutch Sandpielzeug Ocean Dreams Blau Hauptbild"},{"@type":"BreadcrumbList","@id":"https:\/\/eazyshop.ch\/produkt\/little-dutch-sandpielzeug-ocean-dreams-blau\/#breadcrumb","itemListElement":[{"@type":"ListItem","position":1,"name":"Startseite","item":"https:\/\/eazyshop.ch\/"},{"@type":"ListItem","position":2,"name":"Shop","item":"https:\/\/eazyshop.ch\/shop\/"},{"@type":"ListItem","position":3,"name":"Little Dutch Sandpielzeug Ocean Dreams Blau"}]},{"@type":"WebSite","@id":"https:\/\/eazyshop.ch\/#website","url":"https:\/\/eazyshop.ch\/","name":"Eazyshop","description":"Where shopping feels easy","publisher":{"@id":"https:\/\/eazyshop.ch\/#organization"},"potentialAction":[{"@type":"SearchAction","target":{"@type":"EntryPoint","urlTemplate":"https:\/\/eazyshop.ch\/?s={search_term_string}"},"query-input":{"@type":"PropertyValueSpecification","valueRequired":true,"valueName":"search_term_string"}}],"inLanguage":"en-GB"},{"@type":"Organization","@id":"https:\/\/eazyshop.ch\/#organization","name":"Eazyshop","url":"https:\/\/eazyshop.ch\/","logo":{"@type":"ImageObject","inLanguage":"en-GB","@id":"https:\/\/eazyshop.ch\/#\/schema\/logo\/image\/","url":"","contentUrl":"","caption":"Eazyshop"},"image":{"@id":"https:\/\/eazyshop.ch\/#\/schema\/logo\/image\/"},"sameAs":["https:\/\/www.instagram.com\/eazyshop_ch\/"]}]}},"jetpack_sharing_enabled":true,"_links":{"self":[{"href":"https:\/\/eazyshop.ch\/en\/wp-json\/wp\/v2\/product\/1080261","targetHints":{"allow":["GET"]}}],"collection":[{"href":"https:\/\/eazyshop.ch\/en\/wp-json\/wp\/v2\/product"}],"about":[{"href":"https:\/\/eazyshop.ch\/en\/wp-json\/wp\/v2\/types\/product"}],"replies":[{"embeddable":true,"href":"https:\/\/eazyshop.ch\/en\/wp-json\/wp\/v2\/comments?post=1080261"}],"version-history":[{"count":0,"href":"https:\/\/eazyshop.ch\/en\/wp-json\/wp\/v2\/product\/1080261\/revisions"}],"wp:featuredmedia":[{"embeddable":true,"href":"https:\/\/eazyshop.ch\/en\/wp-json\/wp\/v2\/media\/1080260"}],"wp:attachment":[{"href":"https:\/\/eazyshop.ch\/en\/wp-json\/wp\/v2\/media?parent=1080261"}],"wp:term":[{"taxonomy":"product_brand","embeddable":true,"href":"https:\/\/eazyshop.ch\/en\/wp-json\/wp\/v2\/product_brand?post=1080261"},{"taxonomy":"product_cat","embeddable":true,"href":"https:\/\/eazyshop.ch\/en\/wp-json\/wp\/v2\/product_cat?post=1080261"},{"taxonomy":"product_tag","embeddable":true,"href":"https:\/\/eazyshop.ch\/en\/wp-json\/wp\/v2\/product_tag?post=1080261"}],"curies":[{"name":"wp","href":"https:\/\/api.w.org\/{rel}","templated":true}]}}