{"id":1080201,"date":"2026-03-27T15:15:26","date_gmt":"2026-03-27T15:15:26","guid":{"rendered":"https:\/\/eazyshop.ch\/produkt\/apple-true-wireless-in-ear-kopfhoerer-airpods-pro-3-usb-c\/"},"modified":"2026-03-27T15:15:26","modified_gmt":"2026-03-27T15:15:26","slug":"apple-true-wireless-in-ear-kopfhoerer-airpods-pro-3-usb-c","status":"publish","type":"product","link":"https:\/\/eazyshop.ch\/en\/product\/apple-true-wireless-in-ear-kopfhoerer-airpods-pro-3-usb-c\/","title":{"rendered":"Apple True Wireless In-Ear-Kopfh\u00f6rer AirPods Pro 3 USB-C"},"content":{"rendered":"<p>Apple True Wireless In-Ear-Kopfh\u00f6rer AirPods Pro 3 USB-C<\/p>\n<p>AirPods Pro 3. Jetzt mit Herzfrequenzmessung.<\/p>\n<p>AirPods Pro 3. Bis zu 2x bessere Aktive Ger\u00e4uschunterdr\u00fcckung als bei den AirPods Pro 2. Jetzt mit Herzfrequenzmessung, Live \u00dcbersetzung, l\u00e4ngerer Batterielaufzeit und Neuheiten f\u00fcr die H\u00f6rgesundheit. Neu designt f\u00fcr noch bessere Passform.<\/p>","protected":false},"excerpt":{"rendered":"<p>Apple True Wireless In-Ear-Kopfh\u00f6rer AirPods Pro 3 USB-C AirPods Pro 3. Jetzt mit Herzfrequenzmessung. AirPods Pro 3. Bis zu 2x<\/p>","protected":false},"featured_media":1080199,"comment_status":"open","ping_status":"closed","template":"","meta":[],"product_brand":[],"product_cat":[15],"product_tag":[],"class_list":{"0":"post-1080201","1":"product","2":"type-product","3":"status-publish","4":"has-post-thumbnail","6":"product_cat-unkategorisiert","8":"first","9":"instock","10":"taxable","11":"shipping-taxable","12":"purchasable","13":"product-type-simple"},"yoast_head":"<!-- This site is optimized with the Yoast SEO plugin v26.9 - https:\/\/yoast.com\/product\/yoast-seo-wordpress\/ -->\n<title>Apple True Wireless In-Ear-Kopfh\u00f6rer AirPods Pro 3 USB-C - Eazyshop<\/title>\n<meta name=\"robots\" content=\"index, follow, max-snippet:-1, max-image-preview:large, max-video-preview:-1\" \/>\n<link rel=\"canonical\" href=\"https:\/\/eazyshop.ch\/en\/product\/apple-true-wireless-in-ear-kopfhoerer-airpods-pro-3-usb-c\/\" \/>\n<meta property=\"og:locale\" content=\"en_GB\" \/>\n<meta property=\"og:type\" content=\"article\" \/>\n<meta property=\"og:title\" content=\"Apple True Wireless In-Ear-Kopfh\u00f6rer AirPods Pro 3 USB-C - Eazyshop\" \/>\n<meta property=\"og:description\" content=\"Apple True Wireless In-Ear-Kopfh\u00f6rer AirPods Pro 3 USB-C AirPods Pro 3. Jetzt mit Herzfrequenzmessung. AirPods Pro 3. Bis zu 2x\" \/>\n<meta property=\"og:url\" content=\"https:\/\/eazyshop.ch\/en\/product\/apple-true-wireless-in-ear-kopfhoerer-airpods-pro-3-usb-c\/\" \/>\n<meta property=\"og:site_name\" content=\"Eazyshop\" \/>\n<meta name=\"twitter:card\" content=\"summary_large_image\" \/>\n<script type=\"application\/ld+json\" class=\"yoast-schema-graph\">{\"@context\":\"https:\/\/schema.org\",\"@graph\":[{\"@type\":\"WebPage\",\"@id\":\"https:\/\/eazyshop.ch\/produkt\/apple-true-wireless-in-ear-kopfhoerer-airpods-pro-3-usb-c\/\",\"url\":\"https:\/\/eazyshop.ch\/produkt\/apple-true-wireless-in-ear-kopfhoerer-airpods-pro-3-usb-c\/\",\"name\":\"Apple True Wireless In-Ear-Kopfh\u00f6rer AirPods Pro 3 USB-C - Eazyshop\",\"isPartOf\":{\"@id\":\"https:\/\/eazyshop.ch\/#website\"},\"primaryImageOfPage\":{\"@id\":\"https:\/\/eazyshop.ch\/produkt\/apple-true-wireless-in-ear-kopfhoerer-airpods-pro-3-usb-c\/#primaryimage\"},\"image\":{\"@id\":\"https:\/\/eazyshop.ch\/produkt\/apple-true-wireless-in-ear-kopfhoerer-airpods-pro-3-usb-c\/#primaryimage\"},\"thumbnailUrl\":\"https:\/\/eazyshop.ch\/wp-content\/uploads\/2026\/03\/399180170_xxl_HzsQr.jpeg\",\"datePublished\":\"2026-03-27T15:15:26+00:00\",\"breadcrumb\":{\"@id\":\"https:\/\/eazyshop.ch\/produkt\/apple-true-wireless-in-ear-kopfhoerer-airpods-pro-3-usb-c\/#breadcrumb\"},\"inLanguage\":\"en-GB\",\"potentialAction\":[{\"@type\":\"ReadAction\",\"target\":[\"https:\/\/eazyshop.ch\/produkt\/apple-true-wireless-in-ear-kopfhoerer-airpods-pro-3-usb-c\/\"]}]},{\"@type\":\"ImageObject\",\"inLanguage\":\"en-GB\",\"@id\":\"https:\/\/eazyshop.ch\/produkt\/apple-true-wireless-in-ear-kopfhoerer-airpods-pro-3-usb-c\/#primaryimage\",\"url\":\"https:\/\/eazyshop.ch\/wp-content\/uploads\/2026\/03\/399180170_xxl_HzsQr.jpeg\",\"contentUrl\":\"https:\/\/eazyshop.ch\/wp-content\/uploads\/2026\/03\/399180170_xxl_HzsQr.jpeg\",\"width\":800,\"height\":600,\"caption\":\"Apple True Wireless In-Ear-Kopfh\u00f6rer AirPods Pro 3 USB-C Hauptbild\"},{\"@type\":\"BreadcrumbList\",\"@id\":\"https:\/\/eazyshop.ch\/produkt\/apple-true-wireless-in-ear-kopfhoerer-airpods-pro-3-usb-c\/#breadcrumb\",\"itemListElement\":[{\"@type\":\"ListItem\",\"position\":1,\"name\":\"Startseite\",\"item\":\"https:\/\/eazyshop.ch\/\"},{\"@type\":\"ListItem\",\"position\":2,\"name\":\"Shop\",\"item\":\"https:\/\/eazyshop.ch\/shop\/\"},{\"@type\":\"ListItem\",\"position\":3,\"name\":\"Apple True Wireless In-Ear-Kopfh\u00f6rer AirPods Pro 3 USB-C\"}]},{\"@type\":\"WebSite\",\"@id\":\"https:\/\/eazyshop.ch\/#website\",\"url\":\"https:\/\/eazyshop.ch\/\",\"name\":\"Eazyshop\",\"description\":\"Where shopping feels easy\",\"publisher\":{\"@id\":\"https:\/\/eazyshop.ch\/#organization\"},\"potentialAction\":[{\"@type\":\"SearchAction\",\"target\":{\"@type\":\"EntryPoint\",\"urlTemplate\":\"https:\/\/eazyshop.ch\/?s={search_term_string}\"},\"query-input\":{\"@type\":\"PropertyValueSpecification\",\"valueRequired\":true,\"valueName\":\"search_term_string\"}}],\"inLanguage\":\"en-GB\"},{\"@type\":\"Organization\",\"@id\":\"https:\/\/eazyshop.ch\/#organization\",\"name\":\"Eazyshop\",\"url\":\"https:\/\/eazyshop.ch\/\",\"logo\":{\"@type\":\"ImageObject\",\"inLanguage\":\"en-GB\",\"@id\":\"https:\/\/eazyshop.ch\/#\/schema\/logo\/image\/\",\"url\":\"\",\"contentUrl\":\"\",\"caption\":\"Eazyshop\"},\"image\":{\"@id\":\"https:\/\/eazyshop.ch\/#\/schema\/logo\/image\/\"},\"sameAs\":[\"https:\/\/www.instagram.com\/eazyshop_ch\/\"]}]}<\/script>\n<!-- \/ Yoast SEO plugin. -->","yoast_head_json":{"title":"Apple True Wireless In-Ear-Kopfh\u00f6rer AirPods Pro 3 USB-C - Eazyshop","robots":{"index":"index","follow":"follow","max-snippet":"max-snippet:-1","max-image-preview":"max-image-preview:large","max-video-preview":"max-video-preview:-1"},"canonical":"https:\/\/eazyshop.ch\/en\/product\/apple-true-wireless-in-ear-kopfhoerer-airpods-pro-3-usb-c\/","og_locale":"en_GB","og_type":"article","og_title":"Apple True Wireless In-Ear-Kopfh\u00f6rer AirPods Pro 3 USB-C - Eazyshop","og_description":"Apple True Wireless In-Ear-Kopfh\u00f6rer AirPods Pro 3 USB-C AirPods Pro 3. Jetzt mit Herzfrequenzmessung. AirPods Pro 3. Bis zu 2x","og_url":"https:\/\/eazyshop.ch\/en\/product\/apple-true-wireless-in-ear-kopfhoerer-airpods-pro-3-usb-c\/","og_site_name":"Eazyshop","twitter_card":"summary_large_image","schema":{"@context":"https:\/\/schema.org","@graph":[{"@type":"WebPage","@id":"https:\/\/eazyshop.ch\/produkt\/apple-true-wireless-in-ear-kopfhoerer-airpods-pro-3-usb-c\/","url":"https:\/\/eazyshop.ch\/produkt\/apple-true-wireless-in-ear-kopfhoerer-airpods-pro-3-usb-c\/","name":"Apple True Wireless In-Ear-Kopfh\u00f6rer AirPods Pro 3 USB-C - Eazyshop","isPartOf":{"@id":"https:\/\/eazyshop.ch\/#website"},"primaryImageOfPage":{"@id":"https:\/\/eazyshop.ch\/produkt\/apple-true-wireless-in-ear-kopfhoerer-airpods-pro-3-usb-c\/#primaryimage"},"image":{"@id":"https:\/\/eazyshop.ch\/produkt\/apple-true-wireless-in-ear-kopfhoerer-airpods-pro-3-usb-c\/#primaryimage"},"thumbnailUrl":"https:\/\/eazyshop.ch\/wp-content\/uploads\/2026\/03\/399180170_xxl_HzsQr.jpeg","datePublished":"2026-03-27T15:15:26+00:00","breadcrumb":{"@id":"https:\/\/eazyshop.ch\/produkt\/apple-true-wireless-in-ear-kopfhoerer-airpods-pro-3-usb-c\/#breadcrumb"},"inLanguage":"en-GB","potentialAction":[{"@type":"ReadAction","target":["https:\/\/eazyshop.ch\/produkt\/apple-true-wireless-in-ear-kopfhoerer-airpods-pro-3-usb-c\/"]}]},{"@type":"ImageObject","inLanguage":"en-GB","@id":"https:\/\/eazyshop.ch\/produkt\/apple-true-wireless-in-ear-kopfhoerer-airpods-pro-3-usb-c\/#primaryimage","url":"https:\/\/eazyshop.ch\/wp-content\/uploads\/2026\/03\/399180170_xxl_HzsQr.jpeg","contentUrl":"https:\/\/eazyshop.ch\/wp-content\/uploads\/2026\/03\/399180170_xxl_HzsQr.jpeg","width":800,"height":600,"caption":"Apple True Wireless In-Ear-Kopfh\u00f6rer AirPods Pro 3 USB-C Hauptbild"},{"@type":"BreadcrumbList","@id":"https:\/\/eazyshop.ch\/produkt\/apple-true-wireless-in-ear-kopfhoerer-airpods-pro-3-usb-c\/#breadcrumb","itemListElement":[{"@type":"ListItem","position":1,"name":"Startseite","item":"https:\/\/eazyshop.ch\/"},{"@type":"ListItem","position":2,"name":"Shop","item":"https:\/\/eazyshop.ch\/shop\/"},{"@type":"ListItem","position":3,"name":"Apple True Wireless In-Ear-Kopfh\u00f6rer AirPods Pro 3 USB-C"}]},{"@type":"WebSite","@id":"https:\/\/eazyshop.ch\/#website","url":"https:\/\/eazyshop.ch\/","name":"Eazyshop","description":"Where shopping feels easy","publisher":{"@id":"https:\/\/eazyshop.ch\/#organization"},"potentialAction":[{"@type":"SearchAction","target":{"@type":"EntryPoint","urlTemplate":"https:\/\/eazyshop.ch\/?s={search_term_string}"},"query-input":{"@type":"PropertyValueSpecification","valueRequired":true,"valueName":"search_term_string"}}],"inLanguage":"en-GB"},{"@type":"Organization","@id":"https:\/\/eazyshop.ch\/#organization","name":"Eazyshop","url":"https:\/\/eazyshop.ch\/","logo":{"@type":"ImageObject","inLanguage":"en-GB","@id":"https:\/\/eazyshop.ch\/#\/schema\/logo\/image\/","url":"","contentUrl":"","caption":"Eazyshop"},"image":{"@id":"https:\/\/eazyshop.ch\/#\/schema\/logo\/image\/"},"sameAs":["https:\/\/www.instagram.com\/eazyshop_ch\/"]}]}},"jetpack_sharing_enabled":true,"_links":{"self":[{"href":"https:\/\/eazyshop.ch\/en\/wp-json\/wp\/v2\/product\/1080201","targetHints":{"allow":["GET"]}}],"collection":[{"href":"https:\/\/eazyshop.ch\/en\/wp-json\/wp\/v2\/product"}],"about":[{"href":"https:\/\/eazyshop.ch\/en\/wp-json\/wp\/v2\/types\/product"}],"replies":[{"embeddable":true,"href":"https:\/\/eazyshop.ch\/en\/wp-json\/wp\/v2\/comments?post=1080201"}],"version-history":[{"count":0,"href":"https:\/\/eazyshop.ch\/en\/wp-json\/wp\/v2\/product\/1080201\/revisions"}],"wp:featuredmedia":[{"embeddable":true,"href":"https:\/\/eazyshop.ch\/en\/wp-json\/wp\/v2\/media\/1080199"}],"wp:attachment":[{"href":"https:\/\/eazyshop.ch\/en\/wp-json\/wp\/v2\/media?parent=1080201"}],"wp:term":[{"taxonomy":"product_brand","embeddable":true,"href":"https:\/\/eazyshop.ch\/en\/wp-json\/wp\/v2\/product_brand?post=1080201"},{"taxonomy":"product_cat","embeddable":true,"href":"https:\/\/eazyshop.ch\/en\/wp-json\/wp\/v2\/product_cat?post=1080201"},{"taxonomy":"product_tag","embeddable":true,"href":"https:\/\/eazyshop.ch\/en\/wp-json\/wp\/v2\/product_tag?post=1080201"}],"curies":[{"name":"wp","href":"https:\/\/api.w.org\/{rel}","templated":true}]}}