{"id":1080198,"date":"2026-03-27T15:10:53","date_gmt":"2026-03-27T15:10:53","guid":{"rendered":"https:\/\/eazyshop.ch\/produkt\/apple-13-macbook-neo-a18-pro-5c-gpu-256-gb-8-gb-indigo\/"},"modified":"2026-03-27T15:10:53","modified_gmt":"2026-03-27T15:10:53","slug":"apple-13-macbook-neo-a18-pro-5c-gpu-256-gb-8-gb-indigo","status":"publish","type":"product","link":"https:\/\/eazyshop.ch\/en\/product\/apple-13-macbook-neo-a18-pro-5c-gpu-256-gb-8-gb-indigo\/","title":{"rendered":"Apple 13&#8243; MacBook Neo (A18 Pro) 5C GPU \/256 GB \/ 8 GB Indigo"},"content":{"rendered":"<p>Apple 13&#8243; MacBook Neo (A18 Pro) 5C GPU \/256 GB \/ 8 GB Indigo<\/p>\n<p>MacBook Neo. Starker Mac. Smarter Preis.<\/p>\n<p>Apple A18 Pro 6\u2011Core CPU (mit 2 Performance-Kernen und 4 Effizienz-Kernen), 5-Core GPU, 16\u2011Core Neural Engine<br \/>\n8 GB Arbeitsspeicher und 256 GB SSD<br \/>\n13.6&#8243;-Liquid-Retina-Display mit einer Aufl\u00f6sung von 2408 x 1506 Pixeln<br \/>\n802.11ax WLAN 6E, Bluetooth 6, 1x USB 3.1 Typ-C (mit Unterst\u00fctzung f\u00fcr Aufladen und DisplayPort), 1x USB 2.0 Typ-C (mit Unterst\u00fctzung f\u00fcr Aufladen), 1080p FaceTime FHD Kamera<br \/>\nGeh\u00e4use aus recyceltem Aluminium, bis zu 16 h Akkulaufzeit, Zwei\u2011Lautsprecher-Audiosystem<br \/>\nBetriebssystem: macOS<br \/>\nDas MacBook Neo ist perfekt f\u00fcr die t\u00e4glichen Aufgaben im Unternehmen, wie Best\u00e4nde verwalten, die Website aktualisieren und beeindruckende Pr\u00e4sentationen erstellen. Es verf\u00fcgt \u00fcber ein robustes Aluminium Design, ein brillantes Liquid Retina Display, den A18 Pro Chip, der f\u00fcr KI und Apple Intelligence entwickelt wurde, hat bis zu 16 Stunden Batterielaufzeit und kommt in vier fantastischen Farben. Das MacBook Neo ist ein starker Mac f\u00fcrs Business zu einem smarten Preis.<\/p>\n<p>Liebe auf den ersten Mac.<\/p>\n<p>Das neue MacBook Neo ist ein starker Mac zu einem smarten Preis. Mit einem robusten Design, tollen Farben und leistungsstarken Features es ist eine neue Art, dich jeden Tag wieder in den Mac zu verlieben. Willkommen in der Familie.<\/p>\n<p>Mach einfach, was du willst.<\/p>\n<p>Mit dem A18 Pro Chip ist so ziemlich alles m\u00f6glich: Du kannst deine Lieblingsapps nutzen, t\u00e4gliche Aufgaben schnell erledigen, kreativ sein und Action Games spielen. Was auch immer du vorhast das MacBook Neo ist bereit f\u00fcr deine Ideen.<\/p>\n<p> Produktiv jeden Tag.<br \/>\n E?Mails schreiben, Videoanrufe annehmen, im Internet surfen, Kurspl\u00e4ne aktualisieren, Fotos teilen mit dem MacBook Neo hast du deine To?do-Liste immer im Griff.<\/p>\n<p> Meistere jedes Fach.<br \/>\n Ganz egal, ob du dich auf eine Pr\u00fcfung vor\u00adbereitest, mit Apple Intelligence deine Unterrichts\u00adnotizen zusammenfasst oder eine Pr\u00e4sentation erstellst das MacBook Neo ist perfekt f\u00fcrs Lernen.<\/p>\n<p> Arbeiten, ohne zu arbeiten.<br \/>\n Von Tabellen\u00adkalkulationen bis zur Lohn\u00adabrechnung das neue MacBook Neo erledigt Jobs mit Leichtigkeit.<\/p>\n<p> Display mit extra viel Play.<br \/>\n Beeindruckende Grafik und ein brillantes Liquid Retina Display: Damit erlebst du Filme, Serien, Videos und Games unglaublich lebendig und detailreich.<\/p>\n<p> Schnell in allem, was anliegt. Mit dem A18 Pro Chip laufen deine Lieblingsapps und KI Aufgaben ganz fl\u00fcssig. So hast du Leistung und Effizienz immer zur Hand.<\/p>\n<p>Sehen. H\u00f6ren. Staunen.<\/p>\n<p>Erlebe Fotos und Videos mit beeindruckend hohem Kontrast und klaren Details. Gestochen scharfen Text, der sich leicht lesen l\u00e4sst. Und mit zwei Side-Firing Lautsprechern einen Sound, in den du geradezu eintauchen kannst.<\/p>\n<p>Integrierte NPU<\/p>\n<p>Dieser Rechner verf\u00fcgt \u00fcber eine integrierte NPU (Neural Processing Unit) \u2013 ein spezieller Prozessor, der f\u00fcr Aufgaben rund um k\u00fcnstliche Intelligenz (KI) optimiert ist. Im Gegensatz zu herk\u00f6mmlichen Prozessoren, die f\u00fcr eine breite Palette von Aufgaben konzipiert sind, kann eine NPU Aufgaben, die ein hohes Mass an Mustererkennung verlangen (zum Beispiel Bilderkennung und Sprache), viel schneller und effizienter ausf\u00fchren.<\/p>\n<p>Entwickelt f\u00fcr Apple Intelligence.<\/p>\n<p>Apple Intelligence ist dein pers\u00f6nliches KI System. Es hilft dir, etwas zu schreiben, dich auszudr\u00fccken und Aufgaben zu erledigen. Und es ist im MacBook Neo direkt integriert.<\/p>\n<p> Schreibtools. Lass deine Texte Korrektur lesen, in verschiedene Versionen umschreiben, bis der Ton und die Formulierungen genau richtig sind, und fasse ausgew\u00e4hlten Text mit einem Klick zusammen.<\/p>\n<p> Genmoji. Zeig deinen eigenen Stil mit aussdrucks\u00adstarken, eigenen Emojis. Gib eine Beschreibung ein oder kombiniere deine Lieblings\u00ademojis, um etwas ganz Neues zu erstellen.<\/p>\n<p> Bereinigen. Mach deine Fotos perfekt und entferne Ablenkungen und Hintergrund\u00adelemente, die dich st\u00f6ren schnell und einfach durch Hervorheben und Klicken.<\/p>\n<p>Zusammen noch besser.<\/p>\n<p>Der Mac und das iPhone sind einzeln schon unglaublich. Doch wenn du sie zusammen nutzt, entdeckst du eine Welt voller unglaublicher Features. Starte eine E?Mail auf deinem iPhone und beende sie auf deinem Mac. Kopiere Inhalte auf einem Ger\u00e4t und f\u00fcge sie auf dem anderen ein. Und nutze dein iPhone sogar als Hotspot f\u00fcr deinen Mac. Das ist fast schon magisch.<\/p>\n<p>Aller Anfang ist leicht.<\/p>\n<p>Du wirst dich sofort zurechtfinden, auch wenn du noch nie zuvor einen Mac genutzt hast. Das MacBook Neo f\u00fchlt sich vertraut und einfach an schon beim ersten Start.<\/p>\n<p>Keine Kompromisse.<\/p>\n<p>Das MacBook Neo wurde von Grund auf mit fortschrittlichem Datenschutz entwickelt, der bei jedem Mac Standard ist. Automatische Daten\u00adverschl\u00fcsselung, kostenloser Antivirus-Schutz und regelm\u00e4ssige Software-Updates geben dir die Sicherheit, dass du und deine Daten online immer gesch\u00fctzt sind.<\/p>\n<p>Integrierte NPU<\/p>\n<p>Dieser Rechner verf\u00fcgt \u00fcber eine integrierte NPU (Neural Processing Unit) \u2013 ein spezieller Prozessor, der f\u00fcr Aufgaben rund um k\u00fcnstliche Intelligenz (KI) optimiert ist. Im Gegensatz zu herk\u00f6mmlichen Prozessoren, die f\u00fcr eine breite Palette von Aufgaben konzipiert sind, kann eine NPU Aufgaben, die ein hohes Mass an Mustererkennung verlangen (zum Beispiel Bilderkennung und Sprache), viel schneller und effizienter ausf\u00fchren.<\/p>","protected":false},"excerpt":{"rendered":"<p>Apple 13&#8243; MacBook Neo (A18 Pro) 5C GPU \/256 GB \/ 8 GB Indigo MacBook Neo. Starker Mac. Smarter Preis.<\/p>","protected":false},"featured_media":1080196,"comment_status":"open","ping_status":"closed","template":"","meta":[],"product_brand":[],"product_cat":[15],"product_tag":[],"class_list":{"0":"post-1080198","1":"product","2":"type-product","3":"status-publish","4":"has-post-thumbnail","6":"product_cat-unkategorisiert","8":"first","9":"outofstock","10":"taxable","11":"shipping-taxable","12":"purchasable","13":"product-type-simple"},"yoast_head":"<!-- This site is optimized with the Yoast SEO plugin v26.9 - https:\/\/yoast.com\/product\/yoast-seo-wordpress\/ -->\n<title>Apple 13&quot; MacBook Neo (A18 Pro) 5C GPU \/256 GB \/ 8 GB Indigo - Eazyshop<\/title>\n<meta name=\"robots\" content=\"index, follow, max-snippet:-1, max-image-preview:large, max-video-preview:-1\" \/>\n<link rel=\"canonical\" href=\"https:\/\/eazyshop.ch\/en\/product\/apple-13-macbook-neo-a18-pro-5c-gpu-256-gb-8-gb-indigo\/\" \/>\n<meta property=\"og:locale\" content=\"en_GB\" \/>\n<meta property=\"og:type\" content=\"article\" \/>\n<meta property=\"og:title\" content=\"Apple 13&quot; MacBook Neo (A18 Pro) 5C GPU \/256 GB \/ 8 GB Indigo - Eazyshop\" \/>\n<meta property=\"og:description\" content=\"Apple 13&#8243; MacBook Neo (A18 Pro) 5C GPU \/256 GB \/ 8 GB Indigo MacBook Neo. Starker Mac. Smarter Preis.\" \/>\n<meta property=\"og:url\" content=\"https:\/\/eazyshop.ch\/en\/product\/apple-13-macbook-neo-a18-pro-5c-gpu-256-gb-8-gb-indigo\/\" \/>\n<meta property=\"og:site_name\" content=\"Eazyshop\" \/>\n<meta name=\"twitter:card\" content=\"summary_large_image\" \/>\n<meta name=\"twitter:label1\" content=\"Estimated reading time\" \/>\n\t<meta name=\"twitter:data1\" content=\"4 minutes\" \/>\n<script type=\"application\/ld+json\" class=\"yoast-schema-graph\">{\"@context\":\"https:\/\/schema.org\",\"@graph\":[{\"@type\":\"WebPage\",\"@id\":\"https:\/\/eazyshop.ch\/produkt\/apple-13-macbook-neo-a18-pro-5c-gpu-256-gb-8-gb-indigo\/\",\"url\":\"https:\/\/eazyshop.ch\/produkt\/apple-13-macbook-neo-a18-pro-5c-gpu-256-gb-8-gb-indigo\/\",\"name\":\"Apple 13\\\" MacBook Neo (A18 Pro) 5C GPU \/256 GB \/ 8 GB Indigo - Eazyshop\",\"isPartOf\":{\"@id\":\"https:\/\/eazyshop.ch\/#website\"},\"primaryImageOfPage\":{\"@id\":\"https:\/\/eazyshop.ch\/produkt\/apple-13-macbook-neo-a18-pro-5c-gpu-256-gb-8-gb-indigo\/#primaryimage\"},\"image\":{\"@id\":\"https:\/\/eazyshop.ch\/produkt\/apple-13-macbook-neo-a18-pro-5c-gpu-256-gb-8-gb-indigo\/#primaryimage\"},\"thumbnailUrl\":\"https:\/\/eazyshop.ch\/wp-content\/uploads\/2026\/03\/414378093_xxl202_SCfZB.jpeg\",\"datePublished\":\"2026-03-27T15:10:53+00:00\",\"breadcrumb\":{\"@id\":\"https:\/\/eazyshop.ch\/produkt\/apple-13-macbook-neo-a18-pro-5c-gpu-256-gb-8-gb-indigo\/#breadcrumb\"},\"inLanguage\":\"en-GB\",\"potentialAction\":[{\"@type\":\"ReadAction\",\"target\":[\"https:\/\/eazyshop.ch\/produkt\/apple-13-macbook-neo-a18-pro-5c-gpu-256-gb-8-gb-indigo\/\"]}]},{\"@type\":\"ImageObject\",\"inLanguage\":\"en-GB\",\"@id\":\"https:\/\/eazyshop.ch\/produkt\/apple-13-macbook-neo-a18-pro-5c-gpu-256-gb-8-gb-indigo\/#primaryimage\",\"url\":\"https:\/\/eazyshop.ch\/wp-content\/uploads\/2026\/03\/414378093_xxl202_SCfZB.jpeg\",\"contentUrl\":\"https:\/\/eazyshop.ch\/wp-content\/uploads\/2026\/03\/414378093_xxl202_SCfZB.jpeg\",\"width\":800,\"height\":600,\"caption\":\"Apple 13\\\" MacBook Neo (A18 Pro) 5C GPU \/256 GB \/ 8 GB Indigo Hauptbild\"},{\"@type\":\"BreadcrumbList\",\"@id\":\"https:\/\/eazyshop.ch\/produkt\/apple-13-macbook-neo-a18-pro-5c-gpu-256-gb-8-gb-indigo\/#breadcrumb\",\"itemListElement\":[{\"@type\":\"ListItem\",\"position\":1,\"name\":\"Startseite\",\"item\":\"https:\/\/eazyshop.ch\/\"},{\"@type\":\"ListItem\",\"position\":2,\"name\":\"Shop\",\"item\":\"https:\/\/eazyshop.ch\/shop\/\"},{\"@type\":\"ListItem\",\"position\":3,\"name\":\"Apple 13&#8243; MacBook Neo (A18 Pro) 5C GPU \/256 GB \/ 8 GB Indigo\"}]},{\"@type\":\"WebSite\",\"@id\":\"https:\/\/eazyshop.ch\/#website\",\"url\":\"https:\/\/eazyshop.ch\/\",\"name\":\"Eazyshop\",\"description\":\"Where shopping feels easy\",\"publisher\":{\"@id\":\"https:\/\/eazyshop.ch\/#organization\"},\"potentialAction\":[{\"@type\":\"SearchAction\",\"target\":{\"@type\":\"EntryPoint\",\"urlTemplate\":\"https:\/\/eazyshop.ch\/?s={search_term_string}\"},\"query-input\":{\"@type\":\"PropertyValueSpecification\",\"valueRequired\":true,\"valueName\":\"search_term_string\"}}],\"inLanguage\":\"en-GB\"},{\"@type\":\"Organization\",\"@id\":\"https:\/\/eazyshop.ch\/#organization\",\"name\":\"Eazyshop\",\"url\":\"https:\/\/eazyshop.ch\/\",\"logo\":{\"@type\":\"ImageObject\",\"inLanguage\":\"en-GB\",\"@id\":\"https:\/\/eazyshop.ch\/#\/schema\/logo\/image\/\",\"url\":\"\",\"contentUrl\":\"\",\"caption\":\"Eazyshop\"},\"image\":{\"@id\":\"https:\/\/eazyshop.ch\/#\/schema\/logo\/image\/\"},\"sameAs\":[\"https:\/\/www.instagram.com\/eazyshop_ch\/\"]}]}<\/script>\n<!-- \/ Yoast SEO plugin. -->","yoast_head_json":{"title":"Apple 13\" MacBook Neo (A18 Pro) 5C GPU \/256 GB \/ 8 GB Indigo - Eazyshop","robots":{"index":"index","follow":"follow","max-snippet":"max-snippet:-1","max-image-preview":"max-image-preview:large","max-video-preview":"max-video-preview:-1"},"canonical":"https:\/\/eazyshop.ch\/en\/product\/apple-13-macbook-neo-a18-pro-5c-gpu-256-gb-8-gb-indigo\/","og_locale":"en_GB","og_type":"article","og_title":"Apple 13\" MacBook Neo (A18 Pro) 5C GPU \/256 GB \/ 8 GB Indigo - Eazyshop","og_description":"Apple 13&#8243; MacBook Neo (A18 Pro) 5C GPU \/256 GB \/ 8 GB Indigo MacBook Neo. Starker Mac. Smarter Preis.","og_url":"https:\/\/eazyshop.ch\/en\/product\/apple-13-macbook-neo-a18-pro-5c-gpu-256-gb-8-gb-indigo\/","og_site_name":"Eazyshop","twitter_card":"summary_large_image","twitter_misc":{"Estimated reading time":"4 minutes"},"schema":{"@context":"https:\/\/schema.org","@graph":[{"@type":"WebPage","@id":"https:\/\/eazyshop.ch\/produkt\/apple-13-macbook-neo-a18-pro-5c-gpu-256-gb-8-gb-indigo\/","url":"https:\/\/eazyshop.ch\/produkt\/apple-13-macbook-neo-a18-pro-5c-gpu-256-gb-8-gb-indigo\/","name":"Apple 13\" MacBook Neo (A18 Pro) 5C GPU \/256 GB \/ 8 GB Indigo - Eazyshop","isPartOf":{"@id":"https:\/\/eazyshop.ch\/#website"},"primaryImageOfPage":{"@id":"https:\/\/eazyshop.ch\/produkt\/apple-13-macbook-neo-a18-pro-5c-gpu-256-gb-8-gb-indigo\/#primaryimage"},"image":{"@id":"https:\/\/eazyshop.ch\/produkt\/apple-13-macbook-neo-a18-pro-5c-gpu-256-gb-8-gb-indigo\/#primaryimage"},"thumbnailUrl":"https:\/\/eazyshop.ch\/wp-content\/uploads\/2026\/03\/414378093_xxl202_SCfZB.jpeg","datePublished":"2026-03-27T15:10:53+00:00","breadcrumb":{"@id":"https:\/\/eazyshop.ch\/produkt\/apple-13-macbook-neo-a18-pro-5c-gpu-256-gb-8-gb-indigo\/#breadcrumb"},"inLanguage":"en-GB","potentialAction":[{"@type":"ReadAction","target":["https:\/\/eazyshop.ch\/produkt\/apple-13-macbook-neo-a18-pro-5c-gpu-256-gb-8-gb-indigo\/"]}]},{"@type":"ImageObject","inLanguage":"en-GB","@id":"https:\/\/eazyshop.ch\/produkt\/apple-13-macbook-neo-a18-pro-5c-gpu-256-gb-8-gb-indigo\/#primaryimage","url":"https:\/\/eazyshop.ch\/wp-content\/uploads\/2026\/03\/414378093_xxl202_SCfZB.jpeg","contentUrl":"https:\/\/eazyshop.ch\/wp-content\/uploads\/2026\/03\/414378093_xxl202_SCfZB.jpeg","width":800,"height":600,"caption":"Apple 13\" MacBook Neo (A18 Pro) 5C GPU \/256 GB \/ 8 GB Indigo Hauptbild"},{"@type":"BreadcrumbList","@id":"https:\/\/eazyshop.ch\/produkt\/apple-13-macbook-neo-a18-pro-5c-gpu-256-gb-8-gb-indigo\/#breadcrumb","itemListElement":[{"@type":"ListItem","position":1,"name":"Startseite","item":"https:\/\/eazyshop.ch\/"},{"@type":"ListItem","position":2,"name":"Shop","item":"https:\/\/eazyshop.ch\/shop\/"},{"@type":"ListItem","position":3,"name":"Apple 13&#8243; MacBook Neo (A18 Pro) 5C GPU \/256 GB \/ 8 GB Indigo"}]},{"@type":"WebSite","@id":"https:\/\/eazyshop.ch\/#website","url":"https:\/\/eazyshop.ch\/","name":"Eazyshop","description":"Where shopping feels easy","publisher":{"@id":"https:\/\/eazyshop.ch\/#organization"},"potentialAction":[{"@type":"SearchAction","target":{"@type":"EntryPoint","urlTemplate":"https:\/\/eazyshop.ch\/?s={search_term_string}"},"query-input":{"@type":"PropertyValueSpecification","valueRequired":true,"valueName":"search_term_string"}}],"inLanguage":"en-GB"},{"@type":"Organization","@id":"https:\/\/eazyshop.ch\/#organization","name":"Eazyshop","url":"https:\/\/eazyshop.ch\/","logo":{"@type":"ImageObject","inLanguage":"en-GB","@id":"https:\/\/eazyshop.ch\/#\/schema\/logo\/image\/","url":"","contentUrl":"","caption":"Eazyshop"},"image":{"@id":"https:\/\/eazyshop.ch\/#\/schema\/logo\/image\/"},"sameAs":["https:\/\/www.instagram.com\/eazyshop_ch\/"]}]}},"jetpack_sharing_enabled":true,"_links":{"self":[{"href":"https:\/\/eazyshop.ch\/en\/wp-json\/wp\/v2\/product\/1080198","targetHints":{"allow":["GET"]}}],"collection":[{"href":"https:\/\/eazyshop.ch\/en\/wp-json\/wp\/v2\/product"}],"about":[{"href":"https:\/\/eazyshop.ch\/en\/wp-json\/wp\/v2\/types\/product"}],"replies":[{"embeddable":true,"href":"https:\/\/eazyshop.ch\/en\/wp-json\/wp\/v2\/comments?post=1080198"}],"version-history":[{"count":0,"href":"https:\/\/eazyshop.ch\/en\/wp-json\/wp\/v2\/product\/1080198\/revisions"}],"wp:featuredmedia":[{"embeddable":true,"href":"https:\/\/eazyshop.ch\/en\/wp-json\/wp\/v2\/media\/1080196"}],"wp:attachment":[{"href":"https:\/\/eazyshop.ch\/en\/wp-json\/wp\/v2\/media?parent=1080198"}],"wp:term":[{"taxonomy":"product_brand","embeddable":true,"href":"https:\/\/eazyshop.ch\/en\/wp-json\/wp\/v2\/product_brand?post=1080198"},{"taxonomy":"product_cat","embeddable":true,"href":"https:\/\/eazyshop.ch\/en\/wp-json\/wp\/v2\/product_cat?post=1080198"},{"taxonomy":"product_tag","embeddable":true,"href":"https:\/\/eazyshop.ch\/en\/wp-json\/wp\/v2\/product_tag?post=1080198"}],"curies":[{"name":"wp","href":"https:\/\/api.w.org\/{rel}","templated":true}]}}