{"id":1080194,"date":"2026-03-27T14:36:50","date_gmt":"2026-03-27T14:36:50","guid":{"rendered":"https:\/\/eazyshop.ch\/produkt\/little-dutch-garten-geschenkset-10-teilig-forest-friends-fsc\/"},"modified":"2026-03-27T14:36:50","modified_gmt":"2026-03-27T14:36:50","slug":"little-dutch-garten-geschenkset-10-teilig-forest-friends-fsc","status":"publish","type":"product","link":"https:\/\/eazyshop.ch\/en\/product\/little-dutch-garten-geschenkset-10-teilig-forest-friends-fsc\/","title":{"rendered":"Little Dutch Garten-Geschenkset 10-teilig &#8211; Forest Friends FSC"},"content":{"rendered":"<p>Entdecken Sie das komplette Gartenerlebnis mit dem Little Dutch Garten-Geschenkset! Dieses 10-teilige Set enth\u00e4lt alles, was junge G\u00e4rtner ben\u00f6tigen: eine praktische Gie\u00dfkanne, ein kleines Werkzeugset, 2 robuste Handschuhe und Gartenstecker. Die h\u00f6lzernen Gartenstecker sind perfekt, um die Namen von Pflanzen darauf zu schreiben. Alles kann ordentlich verstaut und in der robusten Baumwoll-Canvas-Werkzeugtasche mit Illustrationen aus der Forest Friends Kollektion mitgenommen werden. Die Tasche hat ein gro\u00dfes Mittelfach, 6 kleine Seitentaschen und 2 gro\u00dfe Seitentaschen. Dieses Geschenkset bietet nicht nur Funktionalit\u00e4t, sondern auch eine organisierte und stilvolle M\u00f6glichkeit, mit dem G\u00e4rtnern zu beginnen. Ein ideales Geschenk f\u00fcr die kleinen gr\u00fcnen Daumen!<\/p>","protected":false},"excerpt":{"rendered":"<p>Entdecken Sie das komplette Gartenerlebnis mit dem Little Dutch Garten-Geschenkset! Dieses 10-teilige Set enth\u00e4lt alles, was junge G\u00e4rtner ben\u00f6tigen: eine<\/p>","protected":false},"featured_media":1080191,"comment_status":"open","ping_status":"closed","template":"","meta":[],"product_brand":[],"product_cat":[15],"product_tag":[],"class_list":{"0":"post-1080194","1":"product","2":"type-product","3":"status-publish","4":"has-post-thumbnail","6":"product_cat-unkategorisiert","8":"first","9":"instock","10":"taxable","11":"shipping-taxable","12":"purchasable","13":"product-type-simple"},"yoast_head":"<!-- This site is optimized with the Yoast SEO plugin v26.9 - https:\/\/yoast.com\/product\/yoast-seo-wordpress\/ -->\n<title>Little Dutch Garten-Geschenkset 10-teilig - Forest Friends FSC - Eazyshop<\/title>\n<meta name=\"robots\" content=\"index, follow, max-snippet:-1, max-image-preview:large, max-video-preview:-1\" \/>\n<link rel=\"canonical\" href=\"https:\/\/eazyshop.ch\/en\/product\/little-dutch-garten-geschenkset-10-teilig-forest-friends-fsc\/\" \/>\n<meta property=\"og:locale\" content=\"en_GB\" \/>\n<meta property=\"og:type\" content=\"article\" \/>\n<meta property=\"og:title\" content=\"Little Dutch Garten-Geschenkset 10-teilig - Forest Friends FSC - Eazyshop\" \/>\n<meta property=\"og:description\" content=\"Entdecken Sie das komplette Gartenerlebnis mit dem Little Dutch Garten-Geschenkset! Dieses 10-teilige Set enth\u00e4lt alles, was junge G\u00e4rtner ben\u00f6tigen: eine\" \/>\n<meta property=\"og:url\" content=\"https:\/\/eazyshop.ch\/en\/product\/little-dutch-garten-geschenkset-10-teilig-forest-friends-fsc\/\" \/>\n<meta property=\"og:site_name\" content=\"Eazyshop\" \/>\n<meta name=\"twitter:card\" content=\"summary_large_image\" \/>\n<meta name=\"twitter:label1\" content=\"Estimated reading time\" \/>\n\t<meta name=\"twitter:data1\" content=\"1 minute\" \/>\n<script type=\"application\/ld+json\" class=\"yoast-schema-graph\">{\"@context\":\"https:\/\/schema.org\",\"@graph\":[{\"@type\":\"WebPage\",\"@id\":\"https:\/\/eazyshop.ch\/produkt\/little-dutch-garten-geschenkset-10-teilig-forest-friends-fsc\/\",\"url\":\"https:\/\/eazyshop.ch\/produkt\/little-dutch-garten-geschenkset-10-teilig-forest-friends-fsc\/\",\"name\":\"Little Dutch Garten-Geschenkset 10-teilig - Forest Friends FSC - Eazyshop\",\"isPartOf\":{\"@id\":\"https:\/\/eazyshop.ch\/#website\"},\"primaryImageOfPage\":{\"@id\":\"https:\/\/eazyshop.ch\/produkt\/little-dutch-garten-geschenkset-10-teilig-forest-friends-fsc\/#primaryimage\"},\"image\":{\"@id\":\"https:\/\/eazyshop.ch\/produkt\/little-dutch-garten-geschenkset-10-teilig-forest-friends-fsc\/#primaryimage\"},\"thumbnailUrl\":\"https:\/\/eazyshop.ch\/wp-content\/uploads\/2026\/03\/0026071_tuin-cadeauset-10-delig-forest-friends_PLaYo.webp\",\"datePublished\":\"2026-03-27T14:36:50+00:00\",\"breadcrumb\":{\"@id\":\"https:\/\/eazyshop.ch\/produkt\/little-dutch-garten-geschenkset-10-teilig-forest-friends-fsc\/#breadcrumb\"},\"inLanguage\":\"en-GB\",\"potentialAction\":[{\"@type\":\"ReadAction\",\"target\":[\"https:\/\/eazyshop.ch\/produkt\/little-dutch-garten-geschenkset-10-teilig-forest-friends-fsc\/\"]}]},{\"@type\":\"ImageObject\",\"inLanguage\":\"en-GB\",\"@id\":\"https:\/\/eazyshop.ch\/produkt\/little-dutch-garten-geschenkset-10-teilig-forest-friends-fsc\/#primaryimage\",\"url\":\"https:\/\/eazyshop.ch\/wp-content\/uploads\/2026\/03\/0026071_tuin-cadeauset-10-delig-forest-friends_PLaYo.webp\",\"contentUrl\":\"https:\/\/eazyshop.ch\/wp-content\/uploads\/2026\/03\/0026071_tuin-cadeauset-10-delig-forest-friends_PLaYo.webp\",\"width\":500,\"height\":500,\"caption\":\"EZ0080620 Hauptbild\"},{\"@type\":\"BreadcrumbList\",\"@id\":\"https:\/\/eazyshop.ch\/produkt\/little-dutch-garten-geschenkset-10-teilig-forest-friends-fsc\/#breadcrumb\",\"itemListElement\":[{\"@type\":\"ListItem\",\"position\":1,\"name\":\"Startseite\",\"item\":\"https:\/\/eazyshop.ch\/\"},{\"@type\":\"ListItem\",\"position\":2,\"name\":\"Shop\",\"item\":\"https:\/\/eazyshop.ch\/shop\/\"},{\"@type\":\"ListItem\",\"position\":3,\"name\":\"Little Dutch Garten-Geschenkset 10-teilig &#8211; Forest Friends FSC\"}]},{\"@type\":\"WebSite\",\"@id\":\"https:\/\/eazyshop.ch\/#website\",\"url\":\"https:\/\/eazyshop.ch\/\",\"name\":\"Eazyshop\",\"description\":\"Where shopping feels easy\",\"publisher\":{\"@id\":\"https:\/\/eazyshop.ch\/#organization\"},\"potentialAction\":[{\"@type\":\"SearchAction\",\"target\":{\"@type\":\"EntryPoint\",\"urlTemplate\":\"https:\/\/eazyshop.ch\/?s={search_term_string}\"},\"query-input\":{\"@type\":\"PropertyValueSpecification\",\"valueRequired\":true,\"valueName\":\"search_term_string\"}}],\"inLanguage\":\"en-GB\"},{\"@type\":\"Organization\",\"@id\":\"https:\/\/eazyshop.ch\/#organization\",\"name\":\"Eazyshop\",\"url\":\"https:\/\/eazyshop.ch\/\",\"logo\":{\"@type\":\"ImageObject\",\"inLanguage\":\"en-GB\",\"@id\":\"https:\/\/eazyshop.ch\/#\/schema\/logo\/image\/\",\"url\":\"\",\"contentUrl\":\"\",\"caption\":\"Eazyshop\"},\"image\":{\"@id\":\"https:\/\/eazyshop.ch\/#\/schema\/logo\/image\/\"},\"sameAs\":[\"https:\/\/www.instagram.com\/eazyshop_ch\/\"]}]}<\/script>\n<!-- \/ Yoast SEO plugin. -->","yoast_head_json":{"title":"Little Dutch Garten-Geschenkset 10-teilig - Forest Friends FSC - Eazyshop","robots":{"index":"index","follow":"follow","max-snippet":"max-snippet:-1","max-image-preview":"max-image-preview:large","max-video-preview":"max-video-preview:-1"},"canonical":"https:\/\/eazyshop.ch\/en\/product\/little-dutch-garten-geschenkset-10-teilig-forest-friends-fsc\/","og_locale":"en_GB","og_type":"article","og_title":"Little Dutch Garten-Geschenkset 10-teilig - Forest Friends FSC - Eazyshop","og_description":"Entdecken Sie das komplette Gartenerlebnis mit dem Little Dutch Garten-Geschenkset! Dieses 10-teilige Set enth\u00e4lt alles, was junge G\u00e4rtner ben\u00f6tigen: eine","og_url":"https:\/\/eazyshop.ch\/en\/product\/little-dutch-garten-geschenkset-10-teilig-forest-friends-fsc\/","og_site_name":"Eazyshop","twitter_card":"summary_large_image","twitter_misc":{"Estimated reading time":"1 minute"},"schema":{"@context":"https:\/\/schema.org","@graph":[{"@type":"WebPage","@id":"https:\/\/eazyshop.ch\/produkt\/little-dutch-garten-geschenkset-10-teilig-forest-friends-fsc\/","url":"https:\/\/eazyshop.ch\/produkt\/little-dutch-garten-geschenkset-10-teilig-forest-friends-fsc\/","name":"Little Dutch Garten-Geschenkset 10-teilig - Forest Friends FSC - Eazyshop","isPartOf":{"@id":"https:\/\/eazyshop.ch\/#website"},"primaryImageOfPage":{"@id":"https:\/\/eazyshop.ch\/produkt\/little-dutch-garten-geschenkset-10-teilig-forest-friends-fsc\/#primaryimage"},"image":{"@id":"https:\/\/eazyshop.ch\/produkt\/little-dutch-garten-geschenkset-10-teilig-forest-friends-fsc\/#primaryimage"},"thumbnailUrl":"https:\/\/eazyshop.ch\/wp-content\/uploads\/2026\/03\/0026071_tuin-cadeauset-10-delig-forest-friends_PLaYo.webp","datePublished":"2026-03-27T14:36:50+00:00","breadcrumb":{"@id":"https:\/\/eazyshop.ch\/produkt\/little-dutch-garten-geschenkset-10-teilig-forest-friends-fsc\/#breadcrumb"},"inLanguage":"en-GB","potentialAction":[{"@type":"ReadAction","target":["https:\/\/eazyshop.ch\/produkt\/little-dutch-garten-geschenkset-10-teilig-forest-friends-fsc\/"]}]},{"@type":"ImageObject","inLanguage":"en-GB","@id":"https:\/\/eazyshop.ch\/produkt\/little-dutch-garten-geschenkset-10-teilig-forest-friends-fsc\/#primaryimage","url":"https:\/\/eazyshop.ch\/wp-content\/uploads\/2026\/03\/0026071_tuin-cadeauset-10-delig-forest-friends_PLaYo.webp","contentUrl":"https:\/\/eazyshop.ch\/wp-content\/uploads\/2026\/03\/0026071_tuin-cadeauset-10-delig-forest-friends_PLaYo.webp","width":500,"height":500,"caption":"EZ0080620 Hauptbild"},{"@type":"BreadcrumbList","@id":"https:\/\/eazyshop.ch\/produkt\/little-dutch-garten-geschenkset-10-teilig-forest-friends-fsc\/#breadcrumb","itemListElement":[{"@type":"ListItem","position":1,"name":"Startseite","item":"https:\/\/eazyshop.ch\/"},{"@type":"ListItem","position":2,"name":"Shop","item":"https:\/\/eazyshop.ch\/shop\/"},{"@type":"ListItem","position":3,"name":"Little Dutch Garten-Geschenkset 10-teilig &#8211; Forest Friends FSC"}]},{"@type":"WebSite","@id":"https:\/\/eazyshop.ch\/#website","url":"https:\/\/eazyshop.ch\/","name":"Eazyshop","description":"Where shopping feels easy","publisher":{"@id":"https:\/\/eazyshop.ch\/#organization"},"potentialAction":[{"@type":"SearchAction","target":{"@type":"EntryPoint","urlTemplate":"https:\/\/eazyshop.ch\/?s={search_term_string}"},"query-input":{"@type":"PropertyValueSpecification","valueRequired":true,"valueName":"search_term_string"}}],"inLanguage":"en-GB"},{"@type":"Organization","@id":"https:\/\/eazyshop.ch\/#organization","name":"Eazyshop","url":"https:\/\/eazyshop.ch\/","logo":{"@type":"ImageObject","inLanguage":"en-GB","@id":"https:\/\/eazyshop.ch\/#\/schema\/logo\/image\/","url":"","contentUrl":"","caption":"Eazyshop"},"image":{"@id":"https:\/\/eazyshop.ch\/#\/schema\/logo\/image\/"},"sameAs":["https:\/\/www.instagram.com\/eazyshop_ch\/"]}]}},"jetpack_sharing_enabled":true,"_links":{"self":[{"href":"https:\/\/eazyshop.ch\/en\/wp-json\/wp\/v2\/product\/1080194","targetHints":{"allow":["GET"]}}],"collection":[{"href":"https:\/\/eazyshop.ch\/en\/wp-json\/wp\/v2\/product"}],"about":[{"href":"https:\/\/eazyshop.ch\/en\/wp-json\/wp\/v2\/types\/product"}],"replies":[{"embeddable":true,"href":"https:\/\/eazyshop.ch\/en\/wp-json\/wp\/v2\/comments?post=1080194"}],"version-history":[{"count":0,"href":"https:\/\/eazyshop.ch\/en\/wp-json\/wp\/v2\/product\/1080194\/revisions"}],"wp:featuredmedia":[{"embeddable":true,"href":"https:\/\/eazyshop.ch\/en\/wp-json\/wp\/v2\/media\/1080191"}],"wp:attachment":[{"href":"https:\/\/eazyshop.ch\/en\/wp-json\/wp\/v2\/media?parent=1080194"}],"wp:term":[{"taxonomy":"product_brand","embeddable":true,"href":"https:\/\/eazyshop.ch\/en\/wp-json\/wp\/v2\/product_brand?post=1080194"},{"taxonomy":"product_cat","embeddable":true,"href":"https:\/\/eazyshop.ch\/en\/wp-json\/wp\/v2\/product_cat?post=1080194"},{"taxonomy":"product_tag","embeddable":true,"href":"https:\/\/eazyshop.ch\/en\/wp-json\/wp\/v2\/product_tag?post=1080194"}],"curies":[{"name":"wp","href":"https:\/\/api.w.org\/{rel}","templated":true}]}}