{"id":1080190,"date":"2026-03-27T14:36:49","date_gmt":"2026-03-27T14:36:49","guid":{"rendered":"https:\/\/eazyshop.ch\/produkt\/little-dutch-gartenarbeitshandschuhe-fairy-garden\/"},"modified":"2026-03-27T14:36:49","modified_gmt":"2026-03-27T14:36:49","slug":"little-dutch-gartenarbeitshandschuhe-fairy-garden","status":"publish","type":"product","link":"https:\/\/eazyshop.ch\/en\/product\/little-dutch-gartenarbeitshandschuhe-fairy-garden\/","title":{"rendered":"Little Dutch Gartenarbeitshandschuhe &#8211; Fairy Garden"},"content":{"rendered":"<p>Mit diesen Handschuhen bleiben die H\u00e4nde der Kleinen bei der Arbeit im Garten sauber! Die Gartenhandschuhe sind mit einem Aufdruck und Farben aus dem Thema Fairy Garden verziert. Sie sind mit einem niedlichen Etikett in Form einer Blume an der Seite versehen. Die Handschuhe sind in einer Einheitsgr\u00f6\u00dfe erh\u00e4ltlich und eignen sich perfekt f\u00fcr kleine G\u00e4rtner, die gerne ihre gr\u00fcnen Finger zeigen. Ideal f\u00fcr ein fr\u00f6hliches und praktisches Gartenabenteuer!<\/p>","protected":false},"excerpt":{"rendered":"<p>Mit diesen Handschuhen bleiben die H\u00e4nde der Kleinen bei der Arbeit im Garten sauber! Die Gartenhandschuhe sind mit einem Aufdruck<\/p>","protected":false},"featured_media":1080187,"comment_status":"open","ping_status":"closed","template":"","meta":[],"product_brand":[],"product_cat":[15],"product_tag":[],"class_list":{"0":"post-1080190","1":"product","2":"type-product","3":"status-publish","4":"has-post-thumbnail","6":"product_cat-unkategorisiert","8":"first","9":"instock","10":"taxable","11":"shipping-taxable","12":"purchasable","13":"product-type-simple"},"yoast_head":"<!-- This site is optimized with the Yoast SEO plugin v26.9 - https:\/\/yoast.com\/product\/yoast-seo-wordpress\/ -->\n<title>Little Dutch Gartenarbeitshandschuhe - Fairy Garden - Eazyshop<\/title>\n<meta name=\"robots\" content=\"index, follow, max-snippet:-1, max-image-preview:large, max-video-preview:-1\" \/>\n<link rel=\"canonical\" href=\"https:\/\/eazyshop.ch\/en\/product\/little-dutch-gartenarbeitshandschuhe-fairy-garden\/\" \/>\n<meta property=\"og:locale\" content=\"en_GB\" \/>\n<meta property=\"og:type\" content=\"article\" \/>\n<meta property=\"og:title\" content=\"Little Dutch Gartenarbeitshandschuhe - Fairy Garden - Eazyshop\" \/>\n<meta property=\"og:description\" content=\"Mit diesen Handschuhen bleiben die H\u00e4nde der Kleinen bei der Arbeit im Garten sauber! Die Gartenhandschuhe sind mit einem Aufdruck\" \/>\n<meta property=\"og:url\" content=\"https:\/\/eazyshop.ch\/en\/product\/little-dutch-gartenarbeitshandschuhe-fairy-garden\/\" \/>\n<meta property=\"og:site_name\" content=\"Eazyshop\" \/>\n<meta name=\"twitter:card\" content=\"summary_large_image\" \/>\n<script type=\"application\/ld+json\" class=\"yoast-schema-graph\">{\"@context\":\"https:\/\/schema.org\",\"@graph\":[{\"@type\":\"WebPage\",\"@id\":\"https:\/\/eazyshop.ch\/produkt\/little-dutch-gartenarbeitshandschuhe-fairy-garden\/\",\"url\":\"https:\/\/eazyshop.ch\/produkt\/little-dutch-gartenarbeitshandschuhe-fairy-garden\/\",\"name\":\"Little Dutch Gartenarbeitshandschuhe - Fairy Garden - Eazyshop\",\"isPartOf\":{\"@id\":\"https:\/\/eazyshop.ch\/#website\"},\"primaryImageOfPage\":{\"@id\":\"https:\/\/eazyshop.ch\/produkt\/little-dutch-gartenarbeitshandschuhe-fairy-garden\/#primaryimage\"},\"image\":{\"@id\":\"https:\/\/eazyshop.ch\/produkt\/little-dutch-gartenarbeitshandschuhe-fairy-garden\/#primaryimage\"},\"thumbnailUrl\":\"https:\/\/eazyshop.ch\/wp-content\/uploads\/2026\/03\/0026046_tuinhandschoenen-fairy-garden_mfdrT.webp\",\"datePublished\":\"2026-03-27T14:36:49+00:00\",\"breadcrumb\":{\"@id\":\"https:\/\/eazyshop.ch\/produkt\/little-dutch-gartenarbeitshandschuhe-fairy-garden\/#breadcrumb\"},\"inLanguage\":\"en-GB\",\"potentialAction\":[{\"@type\":\"ReadAction\",\"target\":[\"https:\/\/eazyshop.ch\/produkt\/little-dutch-gartenarbeitshandschuhe-fairy-garden\/\"]}]},{\"@type\":\"ImageObject\",\"inLanguage\":\"en-GB\",\"@id\":\"https:\/\/eazyshop.ch\/produkt\/little-dutch-gartenarbeitshandschuhe-fairy-garden\/#primaryimage\",\"url\":\"https:\/\/eazyshop.ch\/wp-content\/uploads\/2026\/03\/0026046_tuinhandschoenen-fairy-garden_mfdrT.webp\",\"contentUrl\":\"https:\/\/eazyshop.ch\/wp-content\/uploads\/2026\/03\/0026046_tuinhandschoenen-fairy-garden_mfdrT.webp\",\"width\":500,\"height\":500,\"caption\":\"EZ0080618 Hauptbild\"},{\"@type\":\"BreadcrumbList\",\"@id\":\"https:\/\/eazyshop.ch\/produkt\/little-dutch-gartenarbeitshandschuhe-fairy-garden\/#breadcrumb\",\"itemListElement\":[{\"@type\":\"ListItem\",\"position\":1,\"name\":\"Startseite\",\"item\":\"https:\/\/eazyshop.ch\/\"},{\"@type\":\"ListItem\",\"position\":2,\"name\":\"Shop\",\"item\":\"https:\/\/eazyshop.ch\/shop\/\"},{\"@type\":\"ListItem\",\"position\":3,\"name\":\"Little Dutch Gartenarbeitshandschuhe &#8211; Fairy Garden\"}]},{\"@type\":\"WebSite\",\"@id\":\"https:\/\/eazyshop.ch\/#website\",\"url\":\"https:\/\/eazyshop.ch\/\",\"name\":\"Eazyshop\",\"description\":\"Where shopping feels easy\",\"publisher\":{\"@id\":\"https:\/\/eazyshop.ch\/#organization\"},\"potentialAction\":[{\"@type\":\"SearchAction\",\"target\":{\"@type\":\"EntryPoint\",\"urlTemplate\":\"https:\/\/eazyshop.ch\/?s={search_term_string}\"},\"query-input\":{\"@type\":\"PropertyValueSpecification\",\"valueRequired\":true,\"valueName\":\"search_term_string\"}}],\"inLanguage\":\"en-GB\"},{\"@type\":\"Organization\",\"@id\":\"https:\/\/eazyshop.ch\/#organization\",\"name\":\"Eazyshop\",\"url\":\"https:\/\/eazyshop.ch\/\",\"logo\":{\"@type\":\"ImageObject\",\"inLanguage\":\"en-GB\",\"@id\":\"https:\/\/eazyshop.ch\/#\/schema\/logo\/image\/\",\"url\":\"\",\"contentUrl\":\"\",\"caption\":\"Eazyshop\"},\"image\":{\"@id\":\"https:\/\/eazyshop.ch\/#\/schema\/logo\/image\/\"},\"sameAs\":[\"https:\/\/www.instagram.com\/eazyshop_ch\/\"]}]}<\/script>\n<!-- \/ Yoast SEO plugin. -->","yoast_head_json":{"title":"Little Dutch Gartenarbeitshandschuhe - Fairy Garden - Eazyshop","robots":{"index":"index","follow":"follow","max-snippet":"max-snippet:-1","max-image-preview":"max-image-preview:large","max-video-preview":"max-video-preview:-1"},"canonical":"https:\/\/eazyshop.ch\/en\/product\/little-dutch-gartenarbeitshandschuhe-fairy-garden\/","og_locale":"en_GB","og_type":"article","og_title":"Little Dutch Gartenarbeitshandschuhe - Fairy Garden - Eazyshop","og_description":"Mit diesen Handschuhen bleiben die H\u00e4nde der Kleinen bei der Arbeit im Garten sauber! Die Gartenhandschuhe sind mit einem Aufdruck","og_url":"https:\/\/eazyshop.ch\/en\/product\/little-dutch-gartenarbeitshandschuhe-fairy-garden\/","og_site_name":"Eazyshop","twitter_card":"summary_large_image","schema":{"@context":"https:\/\/schema.org","@graph":[{"@type":"WebPage","@id":"https:\/\/eazyshop.ch\/produkt\/little-dutch-gartenarbeitshandschuhe-fairy-garden\/","url":"https:\/\/eazyshop.ch\/produkt\/little-dutch-gartenarbeitshandschuhe-fairy-garden\/","name":"Little Dutch Gartenarbeitshandschuhe - Fairy Garden - Eazyshop","isPartOf":{"@id":"https:\/\/eazyshop.ch\/#website"},"primaryImageOfPage":{"@id":"https:\/\/eazyshop.ch\/produkt\/little-dutch-gartenarbeitshandschuhe-fairy-garden\/#primaryimage"},"image":{"@id":"https:\/\/eazyshop.ch\/produkt\/little-dutch-gartenarbeitshandschuhe-fairy-garden\/#primaryimage"},"thumbnailUrl":"https:\/\/eazyshop.ch\/wp-content\/uploads\/2026\/03\/0026046_tuinhandschoenen-fairy-garden_mfdrT.webp","datePublished":"2026-03-27T14:36:49+00:00","breadcrumb":{"@id":"https:\/\/eazyshop.ch\/produkt\/little-dutch-gartenarbeitshandschuhe-fairy-garden\/#breadcrumb"},"inLanguage":"en-GB","potentialAction":[{"@type":"ReadAction","target":["https:\/\/eazyshop.ch\/produkt\/little-dutch-gartenarbeitshandschuhe-fairy-garden\/"]}]},{"@type":"ImageObject","inLanguage":"en-GB","@id":"https:\/\/eazyshop.ch\/produkt\/little-dutch-gartenarbeitshandschuhe-fairy-garden\/#primaryimage","url":"https:\/\/eazyshop.ch\/wp-content\/uploads\/2026\/03\/0026046_tuinhandschoenen-fairy-garden_mfdrT.webp","contentUrl":"https:\/\/eazyshop.ch\/wp-content\/uploads\/2026\/03\/0026046_tuinhandschoenen-fairy-garden_mfdrT.webp","width":500,"height":500,"caption":"EZ0080618 Hauptbild"},{"@type":"BreadcrumbList","@id":"https:\/\/eazyshop.ch\/produkt\/little-dutch-gartenarbeitshandschuhe-fairy-garden\/#breadcrumb","itemListElement":[{"@type":"ListItem","position":1,"name":"Startseite","item":"https:\/\/eazyshop.ch\/"},{"@type":"ListItem","position":2,"name":"Shop","item":"https:\/\/eazyshop.ch\/shop\/"},{"@type":"ListItem","position":3,"name":"Little Dutch Gartenarbeitshandschuhe &#8211; Fairy Garden"}]},{"@type":"WebSite","@id":"https:\/\/eazyshop.ch\/#website","url":"https:\/\/eazyshop.ch\/","name":"Eazyshop","description":"Where shopping feels easy","publisher":{"@id":"https:\/\/eazyshop.ch\/#organization"},"potentialAction":[{"@type":"SearchAction","target":{"@type":"EntryPoint","urlTemplate":"https:\/\/eazyshop.ch\/?s={search_term_string}"},"query-input":{"@type":"PropertyValueSpecification","valueRequired":true,"valueName":"search_term_string"}}],"inLanguage":"en-GB"},{"@type":"Organization","@id":"https:\/\/eazyshop.ch\/#organization","name":"Eazyshop","url":"https:\/\/eazyshop.ch\/","logo":{"@type":"ImageObject","inLanguage":"en-GB","@id":"https:\/\/eazyshop.ch\/#\/schema\/logo\/image\/","url":"","contentUrl":"","caption":"Eazyshop"},"image":{"@id":"https:\/\/eazyshop.ch\/#\/schema\/logo\/image\/"},"sameAs":["https:\/\/www.instagram.com\/eazyshop_ch\/"]}]}},"jetpack_sharing_enabled":true,"_links":{"self":[{"href":"https:\/\/eazyshop.ch\/en\/wp-json\/wp\/v2\/product\/1080190","targetHints":{"allow":["GET"]}}],"collection":[{"href":"https:\/\/eazyshop.ch\/en\/wp-json\/wp\/v2\/product"}],"about":[{"href":"https:\/\/eazyshop.ch\/en\/wp-json\/wp\/v2\/types\/product"}],"replies":[{"embeddable":true,"href":"https:\/\/eazyshop.ch\/en\/wp-json\/wp\/v2\/comments?post=1080190"}],"version-history":[{"count":0,"href":"https:\/\/eazyshop.ch\/en\/wp-json\/wp\/v2\/product\/1080190\/revisions"}],"wp:featuredmedia":[{"embeddable":true,"href":"https:\/\/eazyshop.ch\/en\/wp-json\/wp\/v2\/media\/1080187"}],"wp:attachment":[{"href":"https:\/\/eazyshop.ch\/en\/wp-json\/wp\/v2\/media?parent=1080190"}],"wp:term":[{"taxonomy":"product_brand","embeddable":true,"href":"https:\/\/eazyshop.ch\/en\/wp-json\/wp\/v2\/product_brand?post=1080190"},{"taxonomy":"product_cat","embeddable":true,"href":"https:\/\/eazyshop.ch\/en\/wp-json\/wp\/v2\/product_cat?post=1080190"},{"taxonomy":"product_tag","embeddable":true,"href":"https:\/\/eazyshop.ch\/en\/wp-json\/wp\/v2\/product_tag?post=1080190"}],"curies":[{"name":"wp","href":"https:\/\/api.w.org\/{rel}","templated":true}]}}