{"id":1080186,"date":"2026-03-27T14:36:48","date_gmt":"2026-03-27T14:36:48","guid":{"rendered":"https:\/\/eazyshop.ch\/produkt\/little-dutch-gartengeraete-set-forest-friends-fsc\/"},"modified":"2026-04-07T17:46:36","modified_gmt":"2026-04-07T17:46:36","slug":"little-dutch-gartengeraete-set-forest-friends-fsc","status":"publish","type":"product","link":"https:\/\/eazyshop.ch\/en\/product\/little-dutch-gartengeraete-set-forest-friends-fsc\/","title":{"rendered":"Little Dutch Gartenger\u00e4te-Set &#8211; Forest Friends FSC"},"content":{"rendered":"<p>Entdecken Sie das perfekte Werkzeugset f\u00fcr kleine G\u00e4rtner mit diesem wundersch\u00f6nen Gartenset aus der Forest Friends Kollektion! Das Set besteht aus zwei Schaufeln und einem Rechen, alle aus robustem Metall mit Holzgriffen f\u00fcr einen bequemen Halt. Jedes St\u00fcck ist mit sch\u00f6nen Illustrationen und Farben aus der Kollektion verziert, die perfekt zu den Abenteuern Ihres Kleinen im Garten passen. Mit den praktischen Kordeln k\u00f6nnen Sie die Werkzeuge nach der Gartenarbeit einfach aufh\u00e4ngen. Perfekt f\u00fcr kleine H\u00e4nde.<\/p>","protected":false},"excerpt":{"rendered":"<p>Entdecken Sie das perfekte Werkzeugset f\u00fcr kleine G\u00e4rtner mit diesem wundersch\u00f6nen Gartenset aus der Forest Friends Kollektion! Das Set besteht<\/p>","protected":false},"featured_media":1080183,"comment_status":"open","ping_status":"closed","template":"","meta":[],"product_brand":[],"product_cat":[15],"product_tag":[],"class_list":{"0":"post-1080186","1":"product","2":"type-product","3":"status-publish","4":"has-post-thumbnail","6":"product_cat-unkategorisiert","8":"first","9":"instock","10":"taxable","11":"shipping-taxable","12":"purchasable","13":"product-type-simple"},"yoast_head":"<!-- This site is optimized with the Yoast SEO plugin v26.9 - https:\/\/yoast.com\/product\/yoast-seo-wordpress\/ -->\n<title>Little Dutch Gartenger\u00e4te-Set - Forest Friends FSC - Eazyshop<\/title>\n<meta name=\"robots\" content=\"index, follow, max-snippet:-1, max-image-preview:large, max-video-preview:-1\" \/>\n<link rel=\"canonical\" href=\"https:\/\/eazyshop.ch\/en\/product\/little-dutch-gartengeraete-set-forest-friends-fsc\/\" \/>\n<meta property=\"og:locale\" content=\"en_GB\" \/>\n<meta property=\"og:type\" content=\"article\" \/>\n<meta property=\"og:title\" content=\"Little Dutch Gartenger\u00e4te-Set - Forest Friends FSC - Eazyshop\" \/>\n<meta property=\"og:description\" content=\"Entdecken Sie das perfekte Werkzeugset f\u00fcr kleine G\u00e4rtner mit diesem wundersch\u00f6nen Gartenset aus der Forest Friends Kollektion! Das Set besteht\" \/>\n<meta property=\"og:url\" content=\"https:\/\/eazyshop.ch\/en\/product\/little-dutch-gartengeraete-set-forest-friends-fsc\/\" \/>\n<meta property=\"og:site_name\" content=\"Eazyshop\" \/>\n<meta property=\"article:modified_time\" content=\"2026-04-07T17:46:36+00:00\" \/>\n<meta property=\"og:image\" content=\"https:\/\/eazyshop.ch\/wp-content\/uploads\/2026\/03\/0026024_set-tuingereedschap-forest-friends_sPMr7.webp\" \/>\n\t<meta property=\"og:image:width\" content=\"500\" \/>\n\t<meta property=\"og:image:height\" content=\"500\" \/>\n\t<meta property=\"og:image:type\" content=\"image\/webp\" \/>\n<meta name=\"twitter:card\" content=\"summary_large_image\" \/>\n<meta name=\"twitter:label1\" content=\"Estimated reading time\" \/>\n\t<meta name=\"twitter:data1\" content=\"1 minute\" \/>\n<script type=\"application\/ld+json\" class=\"yoast-schema-graph\">{\"@context\":\"https:\/\/schema.org\",\"@graph\":[{\"@type\":\"WebPage\",\"@id\":\"https:\/\/eazyshop.ch\/produkt\/little-dutch-gartengeraete-set-forest-friends-fsc\/\",\"url\":\"https:\/\/eazyshop.ch\/produkt\/little-dutch-gartengeraete-set-forest-friends-fsc\/\",\"name\":\"Little Dutch Gartenger\u00e4te-Set - Forest Friends FSC - Eazyshop\",\"isPartOf\":{\"@id\":\"https:\/\/eazyshop.ch\/#website\"},\"primaryImageOfPage\":{\"@id\":\"https:\/\/eazyshop.ch\/produkt\/little-dutch-gartengeraete-set-forest-friends-fsc\/#primaryimage\"},\"image\":{\"@id\":\"https:\/\/eazyshop.ch\/produkt\/little-dutch-gartengeraete-set-forest-friends-fsc\/#primaryimage\"},\"thumbnailUrl\":\"https:\/\/eazyshop.ch\/wp-content\/uploads\/2026\/03\/0026024_set-tuingereedschap-forest-friends_sPMr7.webp\",\"datePublished\":\"2026-03-27T14:36:48+00:00\",\"dateModified\":\"2026-04-07T17:46:36+00:00\",\"breadcrumb\":{\"@id\":\"https:\/\/eazyshop.ch\/produkt\/little-dutch-gartengeraete-set-forest-friends-fsc\/#breadcrumb\"},\"inLanguage\":\"en-GB\",\"potentialAction\":[{\"@type\":\"ReadAction\",\"target\":[\"https:\/\/eazyshop.ch\/produkt\/little-dutch-gartengeraete-set-forest-friends-fsc\/\"]}]},{\"@type\":\"ImageObject\",\"inLanguage\":\"en-GB\",\"@id\":\"https:\/\/eazyshop.ch\/produkt\/little-dutch-gartengeraete-set-forest-friends-fsc\/#primaryimage\",\"url\":\"https:\/\/eazyshop.ch\/wp-content\/uploads\/2026\/03\/0026024_set-tuingereedschap-forest-friends_sPMr7.webp\",\"contentUrl\":\"https:\/\/eazyshop.ch\/wp-content\/uploads\/2026\/03\/0026024_set-tuingereedschap-forest-friends_sPMr7.webp\",\"width\":500,\"height\":500,\"caption\":\"EZ0080617 Hauptbild\"},{\"@type\":\"BreadcrumbList\",\"@id\":\"https:\/\/eazyshop.ch\/produkt\/little-dutch-gartengeraete-set-forest-friends-fsc\/#breadcrumb\",\"itemListElement\":[{\"@type\":\"ListItem\",\"position\":1,\"name\":\"Startseite\",\"item\":\"https:\/\/eazyshop.ch\/\"},{\"@type\":\"ListItem\",\"position\":2,\"name\":\"Shop\",\"item\":\"https:\/\/eazyshop.ch\/shop\/\"},{\"@type\":\"ListItem\",\"position\":3,\"name\":\"Little Dutch Gartenger\u00e4te-Set &#8211; Forest Friends FSC\"}]},{\"@type\":\"WebSite\",\"@id\":\"https:\/\/eazyshop.ch\/#website\",\"url\":\"https:\/\/eazyshop.ch\/\",\"name\":\"Eazyshop\",\"description\":\"Where shopping feels easy\",\"publisher\":{\"@id\":\"https:\/\/eazyshop.ch\/#organization\"},\"potentialAction\":[{\"@type\":\"SearchAction\",\"target\":{\"@type\":\"EntryPoint\",\"urlTemplate\":\"https:\/\/eazyshop.ch\/?s={search_term_string}\"},\"query-input\":{\"@type\":\"PropertyValueSpecification\",\"valueRequired\":true,\"valueName\":\"search_term_string\"}}],\"inLanguage\":\"en-GB\"},{\"@type\":\"Organization\",\"@id\":\"https:\/\/eazyshop.ch\/#organization\",\"name\":\"Eazyshop\",\"url\":\"https:\/\/eazyshop.ch\/\",\"logo\":{\"@type\":\"ImageObject\",\"inLanguage\":\"en-GB\",\"@id\":\"https:\/\/eazyshop.ch\/#\/schema\/logo\/image\/\",\"url\":\"\",\"contentUrl\":\"\",\"caption\":\"Eazyshop\"},\"image\":{\"@id\":\"https:\/\/eazyshop.ch\/#\/schema\/logo\/image\/\"},\"sameAs\":[\"https:\/\/www.instagram.com\/eazyshop_ch\/\"]}]}<\/script>\n<!-- \/ Yoast SEO plugin. -->","yoast_head_json":{"title":"Little Dutch Gartenger\u00e4te-Set - Forest Friends FSC - Eazyshop","robots":{"index":"index","follow":"follow","max-snippet":"max-snippet:-1","max-image-preview":"max-image-preview:large","max-video-preview":"max-video-preview:-1"},"canonical":"https:\/\/eazyshop.ch\/en\/product\/little-dutch-gartengeraete-set-forest-friends-fsc\/","og_locale":"en_GB","og_type":"article","og_title":"Little Dutch Gartenger\u00e4te-Set - Forest Friends FSC - Eazyshop","og_description":"Entdecken Sie das perfekte Werkzeugset f\u00fcr kleine G\u00e4rtner mit diesem wundersch\u00f6nen Gartenset aus der Forest Friends Kollektion! Das Set besteht","og_url":"https:\/\/eazyshop.ch\/en\/product\/little-dutch-gartengeraete-set-forest-friends-fsc\/","og_site_name":"Eazyshop","article_modified_time":"2026-04-07T17:46:36+00:00","og_image":[{"width":500,"height":500,"url":"https:\/\/eazyshop.ch\/wp-content\/uploads\/2026\/03\/0026024_set-tuingereedschap-forest-friends_sPMr7.webp","type":"image\/webp"}],"twitter_card":"summary_large_image","twitter_misc":{"Estimated reading time":"1 minute"},"schema":{"@context":"https:\/\/schema.org","@graph":[{"@type":"WebPage","@id":"https:\/\/eazyshop.ch\/produkt\/little-dutch-gartengeraete-set-forest-friends-fsc\/","url":"https:\/\/eazyshop.ch\/produkt\/little-dutch-gartengeraete-set-forest-friends-fsc\/","name":"Little Dutch Gartenger\u00e4te-Set - Forest Friends FSC - Eazyshop","isPartOf":{"@id":"https:\/\/eazyshop.ch\/#website"},"primaryImageOfPage":{"@id":"https:\/\/eazyshop.ch\/produkt\/little-dutch-gartengeraete-set-forest-friends-fsc\/#primaryimage"},"image":{"@id":"https:\/\/eazyshop.ch\/produkt\/little-dutch-gartengeraete-set-forest-friends-fsc\/#primaryimage"},"thumbnailUrl":"https:\/\/eazyshop.ch\/wp-content\/uploads\/2026\/03\/0026024_set-tuingereedschap-forest-friends_sPMr7.webp","datePublished":"2026-03-27T14:36:48+00:00","dateModified":"2026-04-07T17:46:36+00:00","breadcrumb":{"@id":"https:\/\/eazyshop.ch\/produkt\/little-dutch-gartengeraete-set-forest-friends-fsc\/#breadcrumb"},"inLanguage":"en-GB","potentialAction":[{"@type":"ReadAction","target":["https:\/\/eazyshop.ch\/produkt\/little-dutch-gartengeraete-set-forest-friends-fsc\/"]}]},{"@type":"ImageObject","inLanguage":"en-GB","@id":"https:\/\/eazyshop.ch\/produkt\/little-dutch-gartengeraete-set-forest-friends-fsc\/#primaryimage","url":"https:\/\/eazyshop.ch\/wp-content\/uploads\/2026\/03\/0026024_set-tuingereedschap-forest-friends_sPMr7.webp","contentUrl":"https:\/\/eazyshop.ch\/wp-content\/uploads\/2026\/03\/0026024_set-tuingereedschap-forest-friends_sPMr7.webp","width":500,"height":500,"caption":"EZ0080617 Hauptbild"},{"@type":"BreadcrumbList","@id":"https:\/\/eazyshop.ch\/produkt\/little-dutch-gartengeraete-set-forest-friends-fsc\/#breadcrumb","itemListElement":[{"@type":"ListItem","position":1,"name":"Startseite","item":"https:\/\/eazyshop.ch\/"},{"@type":"ListItem","position":2,"name":"Shop","item":"https:\/\/eazyshop.ch\/shop\/"},{"@type":"ListItem","position":3,"name":"Little Dutch Gartenger\u00e4te-Set &#8211; Forest Friends FSC"}]},{"@type":"WebSite","@id":"https:\/\/eazyshop.ch\/#website","url":"https:\/\/eazyshop.ch\/","name":"Eazyshop","description":"Where shopping feels easy","publisher":{"@id":"https:\/\/eazyshop.ch\/#organization"},"potentialAction":[{"@type":"SearchAction","target":{"@type":"EntryPoint","urlTemplate":"https:\/\/eazyshop.ch\/?s={search_term_string}"},"query-input":{"@type":"PropertyValueSpecification","valueRequired":true,"valueName":"search_term_string"}}],"inLanguage":"en-GB"},{"@type":"Organization","@id":"https:\/\/eazyshop.ch\/#organization","name":"Eazyshop","url":"https:\/\/eazyshop.ch\/","logo":{"@type":"ImageObject","inLanguage":"en-GB","@id":"https:\/\/eazyshop.ch\/#\/schema\/logo\/image\/","url":"","contentUrl":"","caption":"Eazyshop"},"image":{"@id":"https:\/\/eazyshop.ch\/#\/schema\/logo\/image\/"},"sameAs":["https:\/\/www.instagram.com\/eazyshop_ch\/"]}]}},"jetpack_sharing_enabled":true,"_links":{"self":[{"href":"https:\/\/eazyshop.ch\/en\/wp-json\/wp\/v2\/product\/1080186","targetHints":{"allow":["GET"]}}],"collection":[{"href":"https:\/\/eazyshop.ch\/en\/wp-json\/wp\/v2\/product"}],"about":[{"href":"https:\/\/eazyshop.ch\/en\/wp-json\/wp\/v2\/types\/product"}],"replies":[{"embeddable":true,"href":"https:\/\/eazyshop.ch\/en\/wp-json\/wp\/v2\/comments?post=1080186"}],"version-history":[{"count":2,"href":"https:\/\/eazyshop.ch\/en\/wp-json\/wp\/v2\/product\/1080186\/revisions"}],"predecessor-version":[{"id":1080249,"href":"https:\/\/eazyshop.ch\/en\/wp-json\/wp\/v2\/product\/1080186\/revisions\/1080249"}],"wp:featuredmedia":[{"embeddable":true,"href":"https:\/\/eazyshop.ch\/en\/wp-json\/wp\/v2\/media\/1080183"}],"wp:attachment":[{"href":"https:\/\/eazyshop.ch\/en\/wp-json\/wp\/v2\/media?parent=1080186"}],"wp:term":[{"taxonomy":"product_brand","embeddable":true,"href":"https:\/\/eazyshop.ch\/en\/wp-json\/wp\/v2\/product_brand?post=1080186"},{"taxonomy":"product_cat","embeddable":true,"href":"https:\/\/eazyshop.ch\/en\/wp-json\/wp\/v2\/product_cat?post=1080186"},{"taxonomy":"product_tag","embeddable":true,"href":"https:\/\/eazyshop.ch\/en\/wp-json\/wp\/v2\/product_tag?post=1080186"}],"curies":[{"name":"wp","href":"https:\/\/api.w.org\/{rel}","templated":true}]}}