{"id":1080182,"date":"2026-03-27T14:36:47","date_gmt":"2026-03-27T14:36:47","guid":{"rendered":"https:\/\/eazyshop.ch\/produkt\/little-dutch-gartengeraete-set-fairy-garden-fsc\/"},"modified":"2026-04-09T10:00:26","modified_gmt":"2026-04-09T10:00:26","slug":"little-dutch-gartengeraete-set-fairy-garden-fsc","status":"publish","type":"product","link":"https:\/\/eazyshop.ch\/en\/product\/little-dutch-gartengeraete-set-fairy-garden-fsc\/","title":{"rendered":"Little Dutch Gartenger\u00e4te-Set &#8211; Fairy Garden FSC"},"content":{"rendered":"<p>Entdecken Sie das perfekte Werkzeugset f\u00fcr kleine G\u00e4rtner mit diesem wundersch\u00f6nen Gartenset aus der Fairy Garden Kollektion! Das Set besteht aus zwei Schaufeln und einem Rechen, alle aus robustem Metall mit Holzgriffen f\u00fcr einen komfortablen Halt. Jedes St\u00fcck ist mit sch\u00f6nen Illustrationen und Farben aus der Kollektion verziert, perfekt passend zu den Abenteuern Ihres Kleinen im Garten. Mit den praktischen Kordeln k\u00f6nnen Sie die Werkzeuge nach der Gartenarbeit einfach aufh\u00e4ngen. Perfekt f\u00fcr kleine H\u00e4nde.<\/p>","protected":false},"excerpt":{"rendered":"<p>Entdecken Sie das perfekte Werkzeugset f\u00fcr kleine G\u00e4rtner mit diesem wundersch\u00f6nen Gartenset aus der Fairy Garden Kollektion! Das Set besteht<\/p>","protected":false},"featured_media":1080179,"comment_status":"open","ping_status":"closed","template":"","meta":[],"product_brand":[],"product_cat":[15],"product_tag":[],"class_list":{"0":"post-1080182","1":"product","2":"type-product","3":"status-publish","4":"has-post-thumbnail","6":"product_cat-unkategorisiert","8":"first","9":"instock","10":"taxable","11":"shipping-taxable","12":"purchasable","13":"product-type-simple"},"yoast_head":"<!-- This site is optimized with the Yoast SEO plugin v26.9 - https:\/\/yoast.com\/product\/yoast-seo-wordpress\/ -->\n<title>Little Dutch Gartenger\u00e4te-Set - Fairy Garden FSC - Eazyshop<\/title>\n<meta name=\"robots\" content=\"index, follow, max-snippet:-1, max-image-preview:large, max-video-preview:-1\" \/>\n<link rel=\"canonical\" href=\"https:\/\/eazyshop.ch\/en\/product\/little-dutch-gartengeraete-set-fairy-garden-fsc\/\" \/>\n<meta property=\"og:locale\" content=\"en_GB\" \/>\n<meta property=\"og:type\" content=\"article\" \/>\n<meta property=\"og:title\" content=\"Little Dutch Gartenger\u00e4te-Set - Fairy Garden FSC - Eazyshop\" \/>\n<meta property=\"og:description\" content=\"Entdecken Sie das perfekte Werkzeugset f\u00fcr kleine G\u00e4rtner mit diesem wundersch\u00f6nen Gartenset aus der Fairy Garden Kollektion! Das Set besteht\" \/>\n<meta property=\"og:url\" content=\"https:\/\/eazyshop.ch\/en\/product\/little-dutch-gartengeraete-set-fairy-garden-fsc\/\" \/>\n<meta property=\"og:site_name\" content=\"Eazyshop\" \/>\n<meta property=\"article:modified_time\" content=\"2026-04-09T10:00:26+00:00\" \/>\n<meta name=\"twitter:card\" content=\"summary_large_image\" \/>\n<script type=\"application\/ld+json\" class=\"yoast-schema-graph\">{\"@context\":\"https:\/\/schema.org\",\"@graph\":[{\"@type\":\"WebPage\",\"@id\":\"https:\/\/eazyshop.ch\/produkt\/little-dutch-gartengeraete-set-fairy-garden-fsc\/\",\"url\":\"https:\/\/eazyshop.ch\/produkt\/little-dutch-gartengeraete-set-fairy-garden-fsc\/\",\"name\":\"Little Dutch Gartenger\u00e4te-Set - Fairy Garden FSC - Eazyshop\",\"isPartOf\":{\"@id\":\"https:\/\/eazyshop.ch\/#website\"},\"primaryImageOfPage\":{\"@id\":\"https:\/\/eazyshop.ch\/produkt\/little-dutch-gartengeraete-set-fairy-garden-fsc\/#primaryimage\"},\"image\":{\"@id\":\"https:\/\/eazyshop.ch\/produkt\/little-dutch-gartengeraete-set-fairy-garden-fsc\/#primaryimage\"},\"thumbnailUrl\":\"https:\/\/eazyshop.ch\/wp-content\/uploads\/2026\/03\/0025053_set-tuingereedschap-fairy-garden_BkZZA.webp\",\"datePublished\":\"2026-03-27T14:36:47+00:00\",\"dateModified\":\"2026-04-09T10:00:26+00:00\",\"breadcrumb\":{\"@id\":\"https:\/\/eazyshop.ch\/produkt\/little-dutch-gartengeraete-set-fairy-garden-fsc\/#breadcrumb\"},\"inLanguage\":\"en-GB\",\"potentialAction\":[{\"@type\":\"ReadAction\",\"target\":[\"https:\/\/eazyshop.ch\/produkt\/little-dutch-gartengeraete-set-fairy-garden-fsc\/\"]}]},{\"@type\":\"ImageObject\",\"inLanguage\":\"en-GB\",\"@id\":\"https:\/\/eazyshop.ch\/produkt\/little-dutch-gartengeraete-set-fairy-garden-fsc\/#primaryimage\",\"url\":\"https:\/\/eazyshop.ch\/wp-content\/uploads\/2026\/03\/0025053_set-tuingereedschap-fairy-garden_BkZZA.webp\",\"contentUrl\":\"https:\/\/eazyshop.ch\/wp-content\/uploads\/2026\/03\/0025053_set-tuingereedschap-fairy-garden_BkZZA.webp\",\"width\":500,\"height\":500,\"caption\":\"EZ0080616 Hauptbild\"},{\"@type\":\"BreadcrumbList\",\"@id\":\"https:\/\/eazyshop.ch\/produkt\/little-dutch-gartengeraete-set-fairy-garden-fsc\/#breadcrumb\",\"itemListElement\":[{\"@type\":\"ListItem\",\"position\":1,\"name\":\"Startseite\",\"item\":\"https:\/\/eazyshop.ch\/\"},{\"@type\":\"ListItem\",\"position\":2,\"name\":\"Shop\",\"item\":\"https:\/\/eazyshop.ch\/shop\/\"},{\"@type\":\"ListItem\",\"position\":3,\"name\":\"Little Dutch Gartenger\u00e4te-Set &#8211; Fairy Garden FSC\"}]},{\"@type\":\"WebSite\",\"@id\":\"https:\/\/eazyshop.ch\/#website\",\"url\":\"https:\/\/eazyshop.ch\/\",\"name\":\"Eazyshop\",\"description\":\"Where shopping feels easy\",\"publisher\":{\"@id\":\"https:\/\/eazyshop.ch\/#organization\"},\"potentialAction\":[{\"@type\":\"SearchAction\",\"target\":{\"@type\":\"EntryPoint\",\"urlTemplate\":\"https:\/\/eazyshop.ch\/?s={search_term_string}\"},\"query-input\":{\"@type\":\"PropertyValueSpecification\",\"valueRequired\":true,\"valueName\":\"search_term_string\"}}],\"inLanguage\":\"en-GB\"},{\"@type\":\"Organization\",\"@id\":\"https:\/\/eazyshop.ch\/#organization\",\"name\":\"Eazyshop\",\"url\":\"https:\/\/eazyshop.ch\/\",\"logo\":{\"@type\":\"ImageObject\",\"inLanguage\":\"en-GB\",\"@id\":\"https:\/\/eazyshop.ch\/#\/schema\/logo\/image\/\",\"url\":\"\",\"contentUrl\":\"\",\"caption\":\"Eazyshop\"},\"image\":{\"@id\":\"https:\/\/eazyshop.ch\/#\/schema\/logo\/image\/\"},\"sameAs\":[\"https:\/\/www.instagram.com\/eazyshop_ch\/\"]}]}<\/script>\n<!-- \/ Yoast SEO plugin. -->","yoast_head_json":{"title":"Little Dutch Gartenger\u00e4te-Set - Fairy Garden FSC - Eazyshop","robots":{"index":"index","follow":"follow","max-snippet":"max-snippet:-1","max-image-preview":"max-image-preview:large","max-video-preview":"max-video-preview:-1"},"canonical":"https:\/\/eazyshop.ch\/en\/product\/little-dutch-gartengeraete-set-fairy-garden-fsc\/","og_locale":"en_GB","og_type":"article","og_title":"Little Dutch Gartenger\u00e4te-Set - Fairy Garden FSC - Eazyshop","og_description":"Entdecken Sie das perfekte Werkzeugset f\u00fcr kleine G\u00e4rtner mit diesem wundersch\u00f6nen Gartenset aus der Fairy Garden Kollektion! Das Set besteht","og_url":"https:\/\/eazyshop.ch\/en\/product\/little-dutch-gartengeraete-set-fairy-garden-fsc\/","og_site_name":"Eazyshop","article_modified_time":"2026-04-09T10:00:26+00:00","twitter_card":"summary_large_image","schema":{"@context":"https:\/\/schema.org","@graph":[{"@type":"WebPage","@id":"https:\/\/eazyshop.ch\/produkt\/little-dutch-gartengeraete-set-fairy-garden-fsc\/","url":"https:\/\/eazyshop.ch\/produkt\/little-dutch-gartengeraete-set-fairy-garden-fsc\/","name":"Little Dutch Gartenger\u00e4te-Set - Fairy Garden FSC - Eazyshop","isPartOf":{"@id":"https:\/\/eazyshop.ch\/#website"},"primaryImageOfPage":{"@id":"https:\/\/eazyshop.ch\/produkt\/little-dutch-gartengeraete-set-fairy-garden-fsc\/#primaryimage"},"image":{"@id":"https:\/\/eazyshop.ch\/produkt\/little-dutch-gartengeraete-set-fairy-garden-fsc\/#primaryimage"},"thumbnailUrl":"https:\/\/eazyshop.ch\/wp-content\/uploads\/2026\/03\/0025053_set-tuingereedschap-fairy-garden_BkZZA.webp","datePublished":"2026-03-27T14:36:47+00:00","dateModified":"2026-04-09T10:00:26+00:00","breadcrumb":{"@id":"https:\/\/eazyshop.ch\/produkt\/little-dutch-gartengeraete-set-fairy-garden-fsc\/#breadcrumb"},"inLanguage":"en-GB","potentialAction":[{"@type":"ReadAction","target":["https:\/\/eazyshop.ch\/produkt\/little-dutch-gartengeraete-set-fairy-garden-fsc\/"]}]},{"@type":"ImageObject","inLanguage":"en-GB","@id":"https:\/\/eazyshop.ch\/produkt\/little-dutch-gartengeraete-set-fairy-garden-fsc\/#primaryimage","url":"https:\/\/eazyshop.ch\/wp-content\/uploads\/2026\/03\/0025053_set-tuingereedschap-fairy-garden_BkZZA.webp","contentUrl":"https:\/\/eazyshop.ch\/wp-content\/uploads\/2026\/03\/0025053_set-tuingereedschap-fairy-garden_BkZZA.webp","width":500,"height":500,"caption":"EZ0080616 Hauptbild"},{"@type":"BreadcrumbList","@id":"https:\/\/eazyshop.ch\/produkt\/little-dutch-gartengeraete-set-fairy-garden-fsc\/#breadcrumb","itemListElement":[{"@type":"ListItem","position":1,"name":"Startseite","item":"https:\/\/eazyshop.ch\/"},{"@type":"ListItem","position":2,"name":"Shop","item":"https:\/\/eazyshop.ch\/shop\/"},{"@type":"ListItem","position":3,"name":"Little Dutch Gartenger\u00e4te-Set &#8211; Fairy Garden FSC"}]},{"@type":"WebSite","@id":"https:\/\/eazyshop.ch\/#website","url":"https:\/\/eazyshop.ch\/","name":"Eazyshop","description":"Where shopping feels easy","publisher":{"@id":"https:\/\/eazyshop.ch\/#organization"},"potentialAction":[{"@type":"SearchAction","target":{"@type":"EntryPoint","urlTemplate":"https:\/\/eazyshop.ch\/?s={search_term_string}"},"query-input":{"@type":"PropertyValueSpecification","valueRequired":true,"valueName":"search_term_string"}}],"inLanguage":"en-GB"},{"@type":"Organization","@id":"https:\/\/eazyshop.ch\/#organization","name":"Eazyshop","url":"https:\/\/eazyshop.ch\/","logo":{"@type":"ImageObject","inLanguage":"en-GB","@id":"https:\/\/eazyshop.ch\/#\/schema\/logo\/image\/","url":"","contentUrl":"","caption":"Eazyshop"},"image":{"@id":"https:\/\/eazyshop.ch\/#\/schema\/logo\/image\/"},"sameAs":["https:\/\/www.instagram.com\/eazyshop_ch\/"]}]}},"jetpack_sharing_enabled":true,"_links":{"self":[{"href":"https:\/\/eazyshop.ch\/en\/wp-json\/wp\/v2\/product\/1080182","targetHints":{"allow":["GET"]}}],"collection":[{"href":"https:\/\/eazyshop.ch\/en\/wp-json\/wp\/v2\/product"}],"about":[{"href":"https:\/\/eazyshop.ch\/en\/wp-json\/wp\/v2\/types\/product"}],"replies":[{"embeddable":true,"href":"https:\/\/eazyshop.ch\/en\/wp-json\/wp\/v2\/comments?post=1080182"}],"version-history":[{"count":0,"href":"https:\/\/eazyshop.ch\/en\/wp-json\/wp\/v2\/product\/1080182\/revisions"}],"wp:featuredmedia":[{"embeddable":true,"href":"https:\/\/eazyshop.ch\/en\/wp-json\/wp\/v2\/media\/1080179"}],"wp:attachment":[{"href":"https:\/\/eazyshop.ch\/en\/wp-json\/wp\/v2\/media?parent=1080182"}],"wp:term":[{"taxonomy":"product_brand","embeddable":true,"href":"https:\/\/eazyshop.ch\/en\/wp-json\/wp\/v2\/product_brand?post=1080182"},{"taxonomy":"product_cat","embeddable":true,"href":"https:\/\/eazyshop.ch\/en\/wp-json\/wp\/v2\/product_cat?post=1080182"},{"taxonomy":"product_tag","embeddable":true,"href":"https:\/\/eazyshop.ch\/en\/wp-json\/wp\/v2\/product_tag?post=1080182"}],"curies":[{"name":"wp","href":"https:\/\/api.w.org\/{rel}","templated":true}]}}