{"id":1080170,"date":"2026-03-27T14:36:43","date_gmt":"2026-03-27T14:36:43","guid":{"rendered":"https:\/\/eazyshop.ch\/produkt\/little-dutch-geschichten-projektor-taschenlampe-rosa\/"},"modified":"2026-03-27T14:36:43","modified_gmt":"2026-03-27T14:36:43","slug":"little-dutch-geschichten-projektor-taschenlampe-rosa","status":"publish","type":"product","link":"https:\/\/eazyshop.ch\/en\/product\/little-dutch-geschichten-projektor-taschenlampe-rosa\/","title":{"rendered":"Little Dutch Geschichten Projektor Taschenlampe &#8211; Rosa"},"content":{"rendered":"<p>Erwecken Sie mit den Geschichten dieser Projektor-Taschenlampe f\u00fcr Kinder Wunder zum Leben! Diese besondere Taschenlampe enth\u00e4lt 12 Scheiben, jede mit ihrer eigenen Geschichte, die durch wundersch\u00f6ne, einzigartige Illustrationen zum Leben erweckt wird, die Sie an die Wand projizieren. Jede Geschichte wird durch ein passendes Heft mit den Illustrationen erg\u00e4nzt.<\/p>\n<p>Die Projektor-Taschenlampe hat einen stabilen Holzgriff und ist batteriebetrieben, so dass sie \u00fcberallhin mitgenommen werden kann. Nach der Geschichte k\u00f6nnen Sie die Taschenlampe und das gesamte Zubeh\u00f6r einfach in der h\u00fcbschen Aufbewahrungsbox verstauen. Perfekt f\u00fcr Kinder, die es lieben, Geschichten zu entdecken und zu erleben.<\/p>","protected":false},"excerpt":{"rendered":"<p>Erwecken Sie mit den Geschichten dieser Projektor-Taschenlampe f\u00fcr Kinder Wunder zum Leben! Diese besondere Taschenlampe enth\u00e4lt 12 Scheiben, jede mit<\/p>","protected":false},"featured_media":1080167,"comment_status":"open","ping_status":"closed","template":"","meta":[],"product_brand":[],"product_cat":[15],"product_tag":[],"class_list":{"0":"post-1080170","1":"product","2":"type-product","3":"status-publish","4":"has-post-thumbnail","6":"product_cat-unkategorisiert","8":"first","9":"instock","10":"taxable","11":"shipping-taxable","12":"purchasable","13":"product-type-simple"},"yoast_head":"<!-- This site is optimized with the Yoast SEO plugin v26.9 - https:\/\/yoast.com\/product\/yoast-seo-wordpress\/ -->\n<title>Little Dutch Geschichten Projektor Taschenlampe - Rosa - Eazyshop<\/title>\n<meta name=\"robots\" content=\"index, follow, max-snippet:-1, max-image-preview:large, max-video-preview:-1\" \/>\n<link rel=\"canonical\" href=\"https:\/\/eazyshop.ch\/en\/product\/little-dutch-geschichten-projektor-taschenlampe-rosa\/\" \/>\n<meta property=\"og:locale\" content=\"en_GB\" \/>\n<meta property=\"og:type\" content=\"article\" \/>\n<meta property=\"og:title\" content=\"Little Dutch Geschichten Projektor Taschenlampe - Rosa - Eazyshop\" \/>\n<meta property=\"og:description\" content=\"Erwecken Sie mit den Geschichten dieser Projektor-Taschenlampe f\u00fcr Kinder Wunder zum Leben! Diese besondere Taschenlampe enth\u00e4lt 12 Scheiben, jede mit\" \/>\n<meta property=\"og:url\" content=\"https:\/\/eazyshop.ch\/en\/product\/little-dutch-geschichten-projektor-taschenlampe-rosa\/\" \/>\n<meta property=\"og:site_name\" content=\"Eazyshop\" \/>\n<meta name=\"twitter:card\" content=\"summary_large_image\" \/>\n<meta name=\"twitter:label1\" content=\"Estimated reading time\" \/>\n\t<meta name=\"twitter:data1\" content=\"1 minute\" \/>\n<script type=\"application\/ld+json\" class=\"yoast-schema-graph\">{\"@context\":\"https:\/\/schema.org\",\"@graph\":[{\"@type\":\"WebPage\",\"@id\":\"https:\/\/eazyshop.ch\/produkt\/little-dutch-geschichten-projektor-taschenlampe-rosa\/\",\"url\":\"https:\/\/eazyshop.ch\/produkt\/little-dutch-geschichten-projektor-taschenlampe-rosa\/\",\"name\":\"Little Dutch Geschichten Projektor Taschenlampe - Rosa - Eazyshop\",\"isPartOf\":{\"@id\":\"https:\/\/eazyshop.ch\/#website\"},\"primaryImageOfPage\":{\"@id\":\"https:\/\/eazyshop.ch\/produkt\/little-dutch-geschichten-projektor-taschenlampe-rosa\/#primaryimage\"},\"image\":{\"@id\":\"https:\/\/eazyshop.ch\/produkt\/little-dutch-geschichten-projektor-taschenlampe-rosa\/#primaryimage\"},\"thumbnailUrl\":\"https:\/\/eazyshop.ch\/wp-content\/uploads\/2026\/03\/0027631_verhalen-projector-zaklamp-roze_wY_4J.webp\",\"datePublished\":\"2026-03-27T14:36:43+00:00\",\"breadcrumb\":{\"@id\":\"https:\/\/eazyshop.ch\/produkt\/little-dutch-geschichten-projektor-taschenlampe-rosa\/#breadcrumb\"},\"inLanguage\":\"en-GB\",\"potentialAction\":[{\"@type\":\"ReadAction\",\"target\":[\"https:\/\/eazyshop.ch\/produkt\/little-dutch-geschichten-projektor-taschenlampe-rosa\/\"]}]},{\"@type\":\"ImageObject\",\"inLanguage\":\"en-GB\",\"@id\":\"https:\/\/eazyshop.ch\/produkt\/little-dutch-geschichten-projektor-taschenlampe-rosa\/#primaryimage\",\"url\":\"https:\/\/eazyshop.ch\/wp-content\/uploads\/2026\/03\/0027631_verhalen-projector-zaklamp-roze_wY_4J.webp\",\"contentUrl\":\"https:\/\/eazyshop.ch\/wp-content\/uploads\/2026\/03\/0027631_verhalen-projector-zaklamp-roze_wY_4J.webp\",\"width\":500,\"height\":500,\"caption\":\"EZ0080391 Hauptbild\"},{\"@type\":\"BreadcrumbList\",\"@id\":\"https:\/\/eazyshop.ch\/produkt\/little-dutch-geschichten-projektor-taschenlampe-rosa\/#breadcrumb\",\"itemListElement\":[{\"@type\":\"ListItem\",\"position\":1,\"name\":\"Startseite\",\"item\":\"https:\/\/eazyshop.ch\/\"},{\"@type\":\"ListItem\",\"position\":2,\"name\":\"Shop\",\"item\":\"https:\/\/eazyshop.ch\/shop\/\"},{\"@type\":\"ListItem\",\"position\":3,\"name\":\"Little Dutch Geschichten Projektor Taschenlampe &#8211; Rosa\"}]},{\"@type\":\"WebSite\",\"@id\":\"https:\/\/eazyshop.ch\/#website\",\"url\":\"https:\/\/eazyshop.ch\/\",\"name\":\"Eazyshop\",\"description\":\"Where shopping feels easy\",\"publisher\":{\"@id\":\"https:\/\/eazyshop.ch\/#organization\"},\"potentialAction\":[{\"@type\":\"SearchAction\",\"target\":{\"@type\":\"EntryPoint\",\"urlTemplate\":\"https:\/\/eazyshop.ch\/?s={search_term_string}\"},\"query-input\":{\"@type\":\"PropertyValueSpecification\",\"valueRequired\":true,\"valueName\":\"search_term_string\"}}],\"inLanguage\":\"en-GB\"},{\"@type\":\"Organization\",\"@id\":\"https:\/\/eazyshop.ch\/#organization\",\"name\":\"Eazyshop\",\"url\":\"https:\/\/eazyshop.ch\/\",\"logo\":{\"@type\":\"ImageObject\",\"inLanguage\":\"en-GB\",\"@id\":\"https:\/\/eazyshop.ch\/#\/schema\/logo\/image\/\",\"url\":\"\",\"contentUrl\":\"\",\"caption\":\"Eazyshop\"},\"image\":{\"@id\":\"https:\/\/eazyshop.ch\/#\/schema\/logo\/image\/\"},\"sameAs\":[\"https:\/\/www.instagram.com\/eazyshop_ch\/\"]}]}<\/script>\n<!-- \/ Yoast SEO plugin. -->","yoast_head_json":{"title":"Little Dutch Geschichten Projektor Taschenlampe - Rosa - Eazyshop","robots":{"index":"index","follow":"follow","max-snippet":"max-snippet:-1","max-image-preview":"max-image-preview:large","max-video-preview":"max-video-preview:-1"},"canonical":"https:\/\/eazyshop.ch\/en\/product\/little-dutch-geschichten-projektor-taschenlampe-rosa\/","og_locale":"en_GB","og_type":"article","og_title":"Little Dutch Geschichten Projektor Taschenlampe - Rosa - Eazyshop","og_description":"Erwecken Sie mit den Geschichten dieser Projektor-Taschenlampe f\u00fcr Kinder Wunder zum Leben! Diese besondere Taschenlampe enth\u00e4lt 12 Scheiben, jede mit","og_url":"https:\/\/eazyshop.ch\/en\/product\/little-dutch-geschichten-projektor-taschenlampe-rosa\/","og_site_name":"Eazyshop","twitter_card":"summary_large_image","twitter_misc":{"Estimated reading time":"1 minute"},"schema":{"@context":"https:\/\/schema.org","@graph":[{"@type":"WebPage","@id":"https:\/\/eazyshop.ch\/produkt\/little-dutch-geschichten-projektor-taschenlampe-rosa\/","url":"https:\/\/eazyshop.ch\/produkt\/little-dutch-geschichten-projektor-taschenlampe-rosa\/","name":"Little Dutch Geschichten Projektor Taschenlampe - Rosa - Eazyshop","isPartOf":{"@id":"https:\/\/eazyshop.ch\/#website"},"primaryImageOfPage":{"@id":"https:\/\/eazyshop.ch\/produkt\/little-dutch-geschichten-projektor-taschenlampe-rosa\/#primaryimage"},"image":{"@id":"https:\/\/eazyshop.ch\/produkt\/little-dutch-geschichten-projektor-taschenlampe-rosa\/#primaryimage"},"thumbnailUrl":"https:\/\/eazyshop.ch\/wp-content\/uploads\/2026\/03\/0027631_verhalen-projector-zaklamp-roze_wY_4J.webp","datePublished":"2026-03-27T14:36:43+00:00","breadcrumb":{"@id":"https:\/\/eazyshop.ch\/produkt\/little-dutch-geschichten-projektor-taschenlampe-rosa\/#breadcrumb"},"inLanguage":"en-GB","potentialAction":[{"@type":"ReadAction","target":["https:\/\/eazyshop.ch\/produkt\/little-dutch-geschichten-projektor-taschenlampe-rosa\/"]}]},{"@type":"ImageObject","inLanguage":"en-GB","@id":"https:\/\/eazyshop.ch\/produkt\/little-dutch-geschichten-projektor-taschenlampe-rosa\/#primaryimage","url":"https:\/\/eazyshop.ch\/wp-content\/uploads\/2026\/03\/0027631_verhalen-projector-zaklamp-roze_wY_4J.webp","contentUrl":"https:\/\/eazyshop.ch\/wp-content\/uploads\/2026\/03\/0027631_verhalen-projector-zaklamp-roze_wY_4J.webp","width":500,"height":500,"caption":"EZ0080391 Hauptbild"},{"@type":"BreadcrumbList","@id":"https:\/\/eazyshop.ch\/produkt\/little-dutch-geschichten-projektor-taschenlampe-rosa\/#breadcrumb","itemListElement":[{"@type":"ListItem","position":1,"name":"Startseite","item":"https:\/\/eazyshop.ch\/"},{"@type":"ListItem","position":2,"name":"Shop","item":"https:\/\/eazyshop.ch\/shop\/"},{"@type":"ListItem","position":3,"name":"Little Dutch Geschichten Projektor Taschenlampe &#8211; Rosa"}]},{"@type":"WebSite","@id":"https:\/\/eazyshop.ch\/#website","url":"https:\/\/eazyshop.ch\/","name":"Eazyshop","description":"Where shopping feels easy","publisher":{"@id":"https:\/\/eazyshop.ch\/#organization"},"potentialAction":[{"@type":"SearchAction","target":{"@type":"EntryPoint","urlTemplate":"https:\/\/eazyshop.ch\/?s={search_term_string}"},"query-input":{"@type":"PropertyValueSpecification","valueRequired":true,"valueName":"search_term_string"}}],"inLanguage":"en-GB"},{"@type":"Organization","@id":"https:\/\/eazyshop.ch\/#organization","name":"Eazyshop","url":"https:\/\/eazyshop.ch\/","logo":{"@type":"ImageObject","inLanguage":"en-GB","@id":"https:\/\/eazyshop.ch\/#\/schema\/logo\/image\/","url":"","contentUrl":"","caption":"Eazyshop"},"image":{"@id":"https:\/\/eazyshop.ch\/#\/schema\/logo\/image\/"},"sameAs":["https:\/\/www.instagram.com\/eazyshop_ch\/"]}]}},"jetpack_sharing_enabled":true,"_links":{"self":[{"href":"https:\/\/eazyshop.ch\/en\/wp-json\/wp\/v2\/product\/1080170","targetHints":{"allow":["GET"]}}],"collection":[{"href":"https:\/\/eazyshop.ch\/en\/wp-json\/wp\/v2\/product"}],"about":[{"href":"https:\/\/eazyshop.ch\/en\/wp-json\/wp\/v2\/types\/product"}],"replies":[{"embeddable":true,"href":"https:\/\/eazyshop.ch\/en\/wp-json\/wp\/v2\/comments?post=1080170"}],"version-history":[{"count":0,"href":"https:\/\/eazyshop.ch\/en\/wp-json\/wp\/v2\/product\/1080170\/revisions"}],"wp:featuredmedia":[{"embeddable":true,"href":"https:\/\/eazyshop.ch\/en\/wp-json\/wp\/v2\/media\/1080167"}],"wp:attachment":[{"href":"https:\/\/eazyshop.ch\/en\/wp-json\/wp\/v2\/media?parent=1080170"}],"wp:term":[{"taxonomy":"product_brand","embeddable":true,"href":"https:\/\/eazyshop.ch\/en\/wp-json\/wp\/v2\/product_brand?post=1080170"},{"taxonomy":"product_cat","embeddable":true,"href":"https:\/\/eazyshop.ch\/en\/wp-json\/wp\/v2\/product_cat?post=1080170"},{"taxonomy":"product_tag","embeddable":true,"href":"https:\/\/eazyshop.ch\/en\/wp-json\/wp\/v2\/product_tag?post=1080170"}],"curies":[{"name":"wp","href":"https:\/\/api.w.org\/{rel}","templated":true}]}}