{"id":1080166,"date":"2026-03-27T14:36:42","date_gmt":"2026-03-27T14:36:42","guid":{"rendered":"https:\/\/eazyshop.ch\/produkt\/little-dutch-auto-sonnenblende-ocean-dreams-blau\/"},"modified":"2026-04-08T07:00:26","modified_gmt":"2026-04-08T07:00:26","slug":"little-dutch-auto-sonnenblende-ocean-dreams-blau","status":"publish","type":"product","link":"https:\/\/eazyshop.ch\/en\/product\/little-dutch-auto-sonnenblende-ocean-dreams-blau\/","title":{"rendered":"Little Dutch Auto Sonnenblende Ocean Dreams Blau"},"content":{"rendered":"<p>Jetzt kann&#8217;s losgehen! Mit diesen zwei sch\u00f6nen Sonnenblenden ist Ihr Kind w\u00e4hrend der Autofahrt bequem und sicher unterwegs. Sie sch\u00fctzen Ihr Kind vor Sonnenlicht und UV-Strahlen und halten einen Teil der W\u00e4rme ab. Mit den Saugn\u00e4pfen k\u00f6nnen Sie die Sonnenblenden einfach an den Seitenscheiben befestigen, und es bleibt k\u00fchl im Heck. Das Ocean Dreams Pink-Design versch\u00f6nert das Auto auf stilvolle Weise. Die Sonnenblenden sind ca. 45 x 37 cm gro\u00df und passen auf die meisten Autoscheiben.<\/p>","protected":false},"excerpt":{"rendered":"<p>Jetzt kann&#8217;s losgehen! Mit diesen zwei sch\u00f6nen Sonnenblenden ist Ihr Kind w\u00e4hrend der Autofahrt bequem und sicher unterwegs. Sie sch\u00fctzen<\/p>","protected":false},"featured_media":1080163,"comment_status":"open","ping_status":"closed","template":"","meta":[],"product_brand":[],"product_cat":[15],"product_tag":[],"class_list":{"0":"post-1080166","1":"product","2":"type-product","3":"status-publish","4":"has-post-thumbnail","6":"product_cat-unkategorisiert","8":"first","9":"outofstock","10":"taxable","11":"shipping-taxable","12":"purchasable","13":"product-type-simple"},"yoast_head":"<!-- This site is optimized with the Yoast SEO plugin v26.9 - https:\/\/yoast.com\/product\/yoast-seo-wordpress\/ -->\n<title>Little Dutch Auto Sonnenblende Ocean Dreams Blau - Eazyshop<\/title>\n<meta name=\"robots\" content=\"index, follow, max-snippet:-1, max-image-preview:large, max-video-preview:-1\" \/>\n<link rel=\"canonical\" href=\"https:\/\/eazyshop.ch\/en\/product\/little-dutch-auto-sonnenblende-ocean-dreams-blau\/\" \/>\n<meta property=\"og:locale\" content=\"en_GB\" \/>\n<meta property=\"og:type\" content=\"article\" \/>\n<meta property=\"og:title\" content=\"Little Dutch Auto Sonnenblende Ocean Dreams Blau - Eazyshop\" \/>\n<meta property=\"og:description\" content=\"Jetzt kann&#8217;s losgehen! Mit diesen zwei sch\u00f6nen Sonnenblenden ist Ihr Kind w\u00e4hrend der Autofahrt bequem und sicher unterwegs. Sie sch\u00fctzen\" \/>\n<meta property=\"og:url\" content=\"https:\/\/eazyshop.ch\/en\/product\/little-dutch-auto-sonnenblende-ocean-dreams-blau\/\" \/>\n<meta property=\"og:site_name\" content=\"Eazyshop\" \/>\n<meta property=\"article:modified_time\" content=\"2026-04-08T07:00:26+00:00\" \/>\n<meta name=\"twitter:card\" content=\"summary_large_image\" \/>\n<script type=\"application\/ld+json\" class=\"yoast-schema-graph\">{\"@context\":\"https:\/\/schema.org\",\"@graph\":[{\"@type\":\"WebPage\",\"@id\":\"https:\/\/eazyshop.ch\/produkt\/little-dutch-auto-sonnenblende-ocean-dreams-blau\/\",\"url\":\"https:\/\/eazyshop.ch\/produkt\/little-dutch-auto-sonnenblende-ocean-dreams-blau\/\",\"name\":\"Little Dutch Auto Sonnenblende Ocean Dreams Blau - Eazyshop\",\"isPartOf\":{\"@id\":\"https:\/\/eazyshop.ch\/#website\"},\"primaryImageOfPage\":{\"@id\":\"https:\/\/eazyshop.ch\/produkt\/little-dutch-auto-sonnenblende-ocean-dreams-blau\/#primaryimage\"},\"image\":{\"@id\":\"https:\/\/eazyshop.ch\/produkt\/little-dutch-auto-sonnenblende-ocean-dreams-blau\/#primaryimage\"},\"thumbnailUrl\":\"https:\/\/eazyshop.ch\/wp-content\/uploads\/2026\/03\/125872-sonnenschutz-ocean-dreams-blue-Little-Dutch-8714274125872-01_FPqJW.webp\",\"datePublished\":\"2026-03-27T14:36:42+00:00\",\"dateModified\":\"2026-04-08T07:00:26+00:00\",\"breadcrumb\":{\"@id\":\"https:\/\/eazyshop.ch\/produkt\/little-dutch-auto-sonnenblende-ocean-dreams-blau\/#breadcrumb\"},\"inLanguage\":\"en-GB\",\"potentialAction\":[{\"@type\":\"ReadAction\",\"target\":[\"https:\/\/eazyshop.ch\/produkt\/little-dutch-auto-sonnenblende-ocean-dreams-blau\/\"]}]},{\"@type\":\"ImageObject\",\"inLanguage\":\"en-GB\",\"@id\":\"https:\/\/eazyshop.ch\/produkt\/little-dutch-auto-sonnenblende-ocean-dreams-blau\/#primaryimage\",\"url\":\"https:\/\/eazyshop.ch\/wp-content\/uploads\/2026\/03\/125872-sonnenschutz-ocean-dreams-blue-Little-Dutch-8714274125872-01_FPqJW.webp\",\"contentUrl\":\"https:\/\/eazyshop.ch\/wp-content\/uploads\/2026\/03\/125872-sonnenschutz-ocean-dreams-blue-Little-Dutch-8714274125872-01_FPqJW.webp\",\"width\":1000,\"height\":667,\"caption\":\"EZ0077463 Hauptbild\"},{\"@type\":\"BreadcrumbList\",\"@id\":\"https:\/\/eazyshop.ch\/produkt\/little-dutch-auto-sonnenblende-ocean-dreams-blau\/#breadcrumb\",\"itemListElement\":[{\"@type\":\"ListItem\",\"position\":1,\"name\":\"Startseite\",\"item\":\"https:\/\/eazyshop.ch\/\"},{\"@type\":\"ListItem\",\"position\":2,\"name\":\"Shop\",\"item\":\"https:\/\/eazyshop.ch\/shop\/\"},{\"@type\":\"ListItem\",\"position\":3,\"name\":\"Little Dutch Auto Sonnenblende Ocean Dreams Blau\"}]},{\"@type\":\"WebSite\",\"@id\":\"https:\/\/eazyshop.ch\/#website\",\"url\":\"https:\/\/eazyshop.ch\/\",\"name\":\"Eazyshop\",\"description\":\"Where shopping feels easy\",\"publisher\":{\"@id\":\"https:\/\/eazyshop.ch\/#organization\"},\"potentialAction\":[{\"@type\":\"SearchAction\",\"target\":{\"@type\":\"EntryPoint\",\"urlTemplate\":\"https:\/\/eazyshop.ch\/?s={search_term_string}\"},\"query-input\":{\"@type\":\"PropertyValueSpecification\",\"valueRequired\":true,\"valueName\":\"search_term_string\"}}],\"inLanguage\":\"en-GB\"},{\"@type\":\"Organization\",\"@id\":\"https:\/\/eazyshop.ch\/#organization\",\"name\":\"Eazyshop\",\"url\":\"https:\/\/eazyshop.ch\/\",\"logo\":{\"@type\":\"ImageObject\",\"inLanguage\":\"en-GB\",\"@id\":\"https:\/\/eazyshop.ch\/#\/schema\/logo\/image\/\",\"url\":\"\",\"contentUrl\":\"\",\"caption\":\"Eazyshop\"},\"image\":{\"@id\":\"https:\/\/eazyshop.ch\/#\/schema\/logo\/image\/\"},\"sameAs\":[\"https:\/\/www.instagram.com\/eazyshop_ch\/\"]}]}<\/script>\n<!-- \/ Yoast SEO plugin. -->","yoast_head_json":{"title":"Little Dutch Auto Sonnenblende Ocean Dreams Blau - Eazyshop","robots":{"index":"index","follow":"follow","max-snippet":"max-snippet:-1","max-image-preview":"max-image-preview:large","max-video-preview":"max-video-preview:-1"},"canonical":"https:\/\/eazyshop.ch\/en\/product\/little-dutch-auto-sonnenblende-ocean-dreams-blau\/","og_locale":"en_GB","og_type":"article","og_title":"Little Dutch Auto Sonnenblende Ocean Dreams Blau - Eazyshop","og_description":"Jetzt kann&#8217;s losgehen! Mit diesen zwei sch\u00f6nen Sonnenblenden ist Ihr Kind w\u00e4hrend der Autofahrt bequem und sicher unterwegs. Sie sch\u00fctzen","og_url":"https:\/\/eazyshop.ch\/en\/product\/little-dutch-auto-sonnenblende-ocean-dreams-blau\/","og_site_name":"Eazyshop","article_modified_time":"2026-04-08T07:00:26+00:00","twitter_card":"summary_large_image","schema":{"@context":"https:\/\/schema.org","@graph":[{"@type":"WebPage","@id":"https:\/\/eazyshop.ch\/produkt\/little-dutch-auto-sonnenblende-ocean-dreams-blau\/","url":"https:\/\/eazyshop.ch\/produkt\/little-dutch-auto-sonnenblende-ocean-dreams-blau\/","name":"Little Dutch Auto Sonnenblende Ocean Dreams Blau - Eazyshop","isPartOf":{"@id":"https:\/\/eazyshop.ch\/#website"},"primaryImageOfPage":{"@id":"https:\/\/eazyshop.ch\/produkt\/little-dutch-auto-sonnenblende-ocean-dreams-blau\/#primaryimage"},"image":{"@id":"https:\/\/eazyshop.ch\/produkt\/little-dutch-auto-sonnenblende-ocean-dreams-blau\/#primaryimage"},"thumbnailUrl":"https:\/\/eazyshop.ch\/wp-content\/uploads\/2026\/03\/125872-sonnenschutz-ocean-dreams-blue-Little-Dutch-8714274125872-01_FPqJW.webp","datePublished":"2026-03-27T14:36:42+00:00","dateModified":"2026-04-08T07:00:26+00:00","breadcrumb":{"@id":"https:\/\/eazyshop.ch\/produkt\/little-dutch-auto-sonnenblende-ocean-dreams-blau\/#breadcrumb"},"inLanguage":"en-GB","potentialAction":[{"@type":"ReadAction","target":["https:\/\/eazyshop.ch\/produkt\/little-dutch-auto-sonnenblende-ocean-dreams-blau\/"]}]},{"@type":"ImageObject","inLanguage":"en-GB","@id":"https:\/\/eazyshop.ch\/produkt\/little-dutch-auto-sonnenblende-ocean-dreams-blau\/#primaryimage","url":"https:\/\/eazyshop.ch\/wp-content\/uploads\/2026\/03\/125872-sonnenschutz-ocean-dreams-blue-Little-Dutch-8714274125872-01_FPqJW.webp","contentUrl":"https:\/\/eazyshop.ch\/wp-content\/uploads\/2026\/03\/125872-sonnenschutz-ocean-dreams-blue-Little-Dutch-8714274125872-01_FPqJW.webp","width":1000,"height":667,"caption":"EZ0077463 Hauptbild"},{"@type":"BreadcrumbList","@id":"https:\/\/eazyshop.ch\/produkt\/little-dutch-auto-sonnenblende-ocean-dreams-blau\/#breadcrumb","itemListElement":[{"@type":"ListItem","position":1,"name":"Startseite","item":"https:\/\/eazyshop.ch\/"},{"@type":"ListItem","position":2,"name":"Shop","item":"https:\/\/eazyshop.ch\/shop\/"},{"@type":"ListItem","position":3,"name":"Little Dutch Auto Sonnenblende Ocean Dreams Blau"}]},{"@type":"WebSite","@id":"https:\/\/eazyshop.ch\/#website","url":"https:\/\/eazyshop.ch\/","name":"Eazyshop","description":"Where shopping feels easy","publisher":{"@id":"https:\/\/eazyshop.ch\/#organization"},"potentialAction":[{"@type":"SearchAction","target":{"@type":"EntryPoint","urlTemplate":"https:\/\/eazyshop.ch\/?s={search_term_string}"},"query-input":{"@type":"PropertyValueSpecification","valueRequired":true,"valueName":"search_term_string"}}],"inLanguage":"en-GB"},{"@type":"Organization","@id":"https:\/\/eazyshop.ch\/#organization","name":"Eazyshop","url":"https:\/\/eazyshop.ch\/","logo":{"@type":"ImageObject","inLanguage":"en-GB","@id":"https:\/\/eazyshop.ch\/#\/schema\/logo\/image\/","url":"","contentUrl":"","caption":"Eazyshop"},"image":{"@id":"https:\/\/eazyshop.ch\/#\/schema\/logo\/image\/"},"sameAs":["https:\/\/www.instagram.com\/eazyshop_ch\/"]}]}},"jetpack_sharing_enabled":true,"_links":{"self":[{"href":"https:\/\/eazyshop.ch\/en\/wp-json\/wp\/v2\/product\/1080166","targetHints":{"allow":["GET"]}}],"collection":[{"href":"https:\/\/eazyshop.ch\/en\/wp-json\/wp\/v2\/product"}],"about":[{"href":"https:\/\/eazyshop.ch\/en\/wp-json\/wp\/v2\/types\/product"}],"replies":[{"embeddable":true,"href":"https:\/\/eazyshop.ch\/en\/wp-json\/wp\/v2\/comments?post=1080166"}],"version-history":[{"count":0,"href":"https:\/\/eazyshop.ch\/en\/wp-json\/wp\/v2\/product\/1080166\/revisions"}],"wp:featuredmedia":[{"embeddable":true,"href":"https:\/\/eazyshop.ch\/en\/wp-json\/wp\/v2\/media\/1080163"}],"wp:attachment":[{"href":"https:\/\/eazyshop.ch\/en\/wp-json\/wp\/v2\/media?parent=1080166"}],"wp:term":[{"taxonomy":"product_brand","embeddable":true,"href":"https:\/\/eazyshop.ch\/en\/wp-json\/wp\/v2\/product_brand?post=1080166"},{"taxonomy":"product_cat","embeddable":true,"href":"https:\/\/eazyshop.ch\/en\/wp-json\/wp\/v2\/product_cat?post=1080166"},{"taxonomy":"product_tag","embeddable":true,"href":"https:\/\/eazyshop.ch\/en\/wp-json\/wp\/v2\/product_tag?post=1080166"}],"curies":[{"name":"wp","href":"https:\/\/api.w.org\/{rel}","templated":true}]}}