{"id":1078624,"date":"2026-03-18T10:07:17","date_gmt":"2026-03-18T10:07:17","guid":{"rendered":"https:\/\/eazyshop.ch\/?post_type=product&#038;p=1078624"},"modified":"2026-03-27T11:40:16","modified_gmt":"2026-03-27T11:40:16","slug":"lego-tanzender-groot","status":"publish","type":"product","link":"https:\/\/eazyshop.ch\/en\/product\/lego-tanzender-groot\/","title":{"rendered":"LEGO Tanzender Groot"},"content":{"rendered":"<p>Altersempfehlung ab 10 Jahren, enthaltene Teile: 459 TeileDas Spielset beinhaltet einen baubaren Groot in einem Blumentopf, 3 verschiedene Namensschilder, die am Topf befestigt werden k\u00f6nnen, sowie diverse Accessoires (zus\u00e4tzliche Bl\u00e4tter, Kopfh\u00f6rer, Sonnenbrille)Kinder drehen einen Griff an der R\u00fcckseite des Topfes, um Groot tanzen zu lassenGroots Kopf ist drehbar, seine Arme sind beweglich, und der Topf hat einen eingebauten StauraumDie intuitive LEGO Builder App l\u00e4sst Kinder 3D-Ansichten der Modelle vergr\u00f6ssern und drehenDas fertige Modell ist 22 cm hoch<\/p>","protected":false},"excerpt":{"rendered":"<p>Altersempfehlung ab 10 Jahren, enthaltene Teile: 459 TeileDas Spielset beinhaltet einen baubaren Groot in einem Blumentopf, 3 verschiedene Namensschilder, die<\/p>","protected":false},"featured_media":1078623,"comment_status":"open","ping_status":"closed","template":"","meta":[],"product_brand":[15421],"product_cat":[15437],"product_tag":[],"class_list":{"0":"post-1078624","1":"product","2":"type-product","3":"status-publish","4":"has-post-thumbnail","6":"product_brand-lego","7":"product_cat-lego","9":"first","10":"instock","11":"taxable","12":"shipping-taxable","13":"purchasable","14":"product-type-simple"},"yoast_head":"<!-- This site is optimized with the Yoast SEO plugin v26.9 - https:\/\/yoast.com\/product\/yoast-seo-wordpress\/ -->\n<title>LEGO Tanzender Groot - Eazyshop<\/title>\n<meta name=\"description\" content=\"Altersempfehlung ab 10 Jahren, enthaltene Teile: 459 TeileDas Spielset beinhaltet einen baubaren Groot in einem Blumentopf, 3 verschiedene Namensschilder,\" \/>\n<meta name=\"robots\" content=\"index, follow, max-snippet:-1, max-image-preview:large, max-video-preview:-1\" \/>\n<link rel=\"canonical\" href=\"https:\/\/eazyshop.ch\/en\/product\/lego-tanzender-groot\/\" \/>\n<meta property=\"og:locale\" content=\"en_GB\" \/>\n<meta property=\"og:type\" content=\"article\" \/>\n<meta property=\"og:title\" content=\"LEGO Tanzender Groot - Eazyshop\" \/>\n<meta property=\"og:description\" content=\"Altersempfehlung ab 10 Jahren, enthaltene Teile: 459 TeileDas Spielset beinhaltet einen baubaren Groot in einem Blumentopf, 3 verschiedene Namensschilder,\" \/>\n<meta property=\"og:url\" content=\"https:\/\/eazyshop.ch\/en\/product\/lego-tanzender-groot\/\" \/>\n<meta property=\"og:site_name\" content=\"Eazyshop\" \/>\n<meta property=\"article:modified_time\" content=\"2026-03-27T11:40:16+00:00\" \/>\n<meta property=\"og:image\" content=\"https:\/\/eazyshop.ch\/wp-content\/uploads\/2026\/03\/359606993_xxl3_92XoL-scaled.jpg\" \/>\n\t<meta property=\"og:image:width\" content=\"2560\" \/>\n\t<meta property=\"og:image:height\" content=\"1611\" \/>\n\t<meta property=\"og:image:type\" content=\"image\/jpeg\" \/>\n<meta name=\"twitter:card\" content=\"summary_large_image\" \/>\n<script type=\"application\/ld+json\" class=\"yoast-schema-graph\">{\"@context\":\"https:\/\/schema.org\",\"@graph\":[{\"@type\":\"WebPage\",\"@id\":\"https:\/\/eazyshop.ch\/produkt\/lego-tanzender-groot\/\",\"url\":\"https:\/\/eazyshop.ch\/produkt\/lego-tanzender-groot\/\",\"name\":\"LEGO Tanzender Groot - Eazyshop\",\"isPartOf\":{\"@id\":\"https:\/\/eazyshop.ch\/#website\"},\"primaryImageOfPage\":{\"@id\":\"https:\/\/eazyshop.ch\/produkt\/lego-tanzender-groot\/#primaryimage\"},\"image\":{\"@id\":\"https:\/\/eazyshop.ch\/produkt\/lego-tanzender-groot\/#primaryimage\"},\"thumbnailUrl\":\"https:\/\/eazyshop.ch\/wp-content\/uploads\/2026\/03\/359606993_xxl3_92XoL-scaled.jpg\",\"datePublished\":\"2026-03-18T10:07:17+00:00\",\"dateModified\":\"2026-03-27T11:40:16+00:00\",\"description\":\"Altersempfehlung ab 10 Jahren, enthaltene Teile: 459 TeileDas Spielset beinhaltet einen baubaren Groot in einem Blumentopf, 3 verschiedene Namensschilder,\",\"breadcrumb\":{\"@id\":\"https:\/\/eazyshop.ch\/produkt\/lego-tanzender-groot\/#breadcrumb\"},\"inLanguage\":\"en-GB\",\"potentialAction\":[{\"@type\":\"ReadAction\",\"target\":[\"https:\/\/eazyshop.ch\/produkt\/lego-tanzender-groot\/\"]}]},{\"@type\":\"ImageObject\",\"inLanguage\":\"en-GB\",\"@id\":\"https:\/\/eazyshop.ch\/produkt\/lego-tanzender-groot\/#primaryimage\",\"url\":\"https:\/\/eazyshop.ch\/wp-content\/uploads\/2026\/03\/359606993_xxl3_92XoL-scaled.jpg\",\"contentUrl\":\"https:\/\/eazyshop.ch\/wp-content\/uploads\/2026\/03\/359606993_xxl3_92XoL-scaled.jpg\",\"width\":2560,\"height\":1611},{\"@type\":\"BreadcrumbList\",\"@id\":\"https:\/\/eazyshop.ch\/produkt\/lego-tanzender-groot\/#breadcrumb\",\"itemListElement\":[{\"@type\":\"ListItem\",\"position\":1,\"name\":\"Startseite\",\"item\":\"https:\/\/eazyshop.ch\/\"},{\"@type\":\"ListItem\",\"position\":2,\"name\":\"Shop\",\"item\":\"https:\/\/eazyshop.ch\/shop\/\"},{\"@type\":\"ListItem\",\"position\":3,\"name\":\"LEGO Tanzender Groot\"}]},{\"@type\":\"WebSite\",\"@id\":\"https:\/\/eazyshop.ch\/#website\",\"url\":\"https:\/\/eazyshop.ch\/\",\"name\":\"Eazyshop\",\"description\":\"Where shopping feels easy\",\"publisher\":{\"@id\":\"https:\/\/eazyshop.ch\/#organization\"},\"potentialAction\":[{\"@type\":\"SearchAction\",\"target\":{\"@type\":\"EntryPoint\",\"urlTemplate\":\"https:\/\/eazyshop.ch\/?s={search_term_string}\"},\"query-input\":{\"@type\":\"PropertyValueSpecification\",\"valueRequired\":true,\"valueName\":\"search_term_string\"}}],\"inLanguage\":\"en-GB\"},{\"@type\":\"Organization\",\"@id\":\"https:\/\/eazyshop.ch\/#organization\",\"name\":\"Eazyshop\",\"url\":\"https:\/\/eazyshop.ch\/\",\"logo\":{\"@type\":\"ImageObject\",\"inLanguage\":\"en-GB\",\"@id\":\"https:\/\/eazyshop.ch\/#\/schema\/logo\/image\/\",\"url\":\"\",\"contentUrl\":\"\",\"caption\":\"Eazyshop\"},\"image\":{\"@id\":\"https:\/\/eazyshop.ch\/#\/schema\/logo\/image\/\"},\"sameAs\":[\"https:\/\/www.instagram.com\/eazyshop_ch\/\"]}]}<\/script>\n<!-- \/ Yoast SEO plugin. -->","yoast_head_json":{"title":"LEGO Tanzender Groot - Eazyshop","description":"Altersempfehlung ab 10 Jahren, enthaltene Teile: 459 TeileDas Spielset beinhaltet einen baubaren Groot in einem Blumentopf, 3 verschiedene Namensschilder,","robots":{"index":"index","follow":"follow","max-snippet":"max-snippet:-1","max-image-preview":"max-image-preview:large","max-video-preview":"max-video-preview:-1"},"canonical":"https:\/\/eazyshop.ch\/en\/product\/lego-tanzender-groot\/","og_locale":"en_GB","og_type":"article","og_title":"LEGO Tanzender Groot - Eazyshop","og_description":"Altersempfehlung ab 10 Jahren, enthaltene Teile: 459 TeileDas Spielset beinhaltet einen baubaren Groot in einem Blumentopf, 3 verschiedene Namensschilder,","og_url":"https:\/\/eazyshop.ch\/en\/product\/lego-tanzender-groot\/","og_site_name":"Eazyshop","article_modified_time":"2026-03-27T11:40:16+00:00","og_image":[{"width":2560,"height":1611,"url":"https:\/\/eazyshop.ch\/wp-content\/uploads\/2026\/03\/359606993_xxl3_92XoL-scaled.jpg","type":"image\/jpeg"}],"twitter_card":"summary_large_image","schema":{"@context":"https:\/\/schema.org","@graph":[{"@type":"WebPage","@id":"https:\/\/eazyshop.ch\/produkt\/lego-tanzender-groot\/","url":"https:\/\/eazyshop.ch\/produkt\/lego-tanzender-groot\/","name":"LEGO Tanzender Groot - Eazyshop","isPartOf":{"@id":"https:\/\/eazyshop.ch\/#website"},"primaryImageOfPage":{"@id":"https:\/\/eazyshop.ch\/produkt\/lego-tanzender-groot\/#primaryimage"},"image":{"@id":"https:\/\/eazyshop.ch\/produkt\/lego-tanzender-groot\/#primaryimage"},"thumbnailUrl":"https:\/\/eazyshop.ch\/wp-content\/uploads\/2026\/03\/359606993_xxl3_92XoL-scaled.jpg","datePublished":"2026-03-18T10:07:17+00:00","dateModified":"2026-03-27T11:40:16+00:00","description":"Altersempfehlung ab 10 Jahren, enthaltene Teile: 459 TeileDas Spielset beinhaltet einen baubaren Groot in einem Blumentopf, 3 verschiedene Namensschilder,","breadcrumb":{"@id":"https:\/\/eazyshop.ch\/produkt\/lego-tanzender-groot\/#breadcrumb"},"inLanguage":"en-GB","potentialAction":[{"@type":"ReadAction","target":["https:\/\/eazyshop.ch\/produkt\/lego-tanzender-groot\/"]}]},{"@type":"ImageObject","inLanguage":"en-GB","@id":"https:\/\/eazyshop.ch\/produkt\/lego-tanzender-groot\/#primaryimage","url":"https:\/\/eazyshop.ch\/wp-content\/uploads\/2026\/03\/359606993_xxl3_92XoL-scaled.jpg","contentUrl":"https:\/\/eazyshop.ch\/wp-content\/uploads\/2026\/03\/359606993_xxl3_92XoL-scaled.jpg","width":2560,"height":1611},{"@type":"BreadcrumbList","@id":"https:\/\/eazyshop.ch\/produkt\/lego-tanzender-groot\/#breadcrumb","itemListElement":[{"@type":"ListItem","position":1,"name":"Startseite","item":"https:\/\/eazyshop.ch\/"},{"@type":"ListItem","position":2,"name":"Shop","item":"https:\/\/eazyshop.ch\/shop\/"},{"@type":"ListItem","position":3,"name":"LEGO Tanzender Groot"}]},{"@type":"WebSite","@id":"https:\/\/eazyshop.ch\/#website","url":"https:\/\/eazyshop.ch\/","name":"Eazyshop","description":"Where shopping feels easy","publisher":{"@id":"https:\/\/eazyshop.ch\/#organization"},"potentialAction":[{"@type":"SearchAction","target":{"@type":"EntryPoint","urlTemplate":"https:\/\/eazyshop.ch\/?s={search_term_string}"},"query-input":{"@type":"PropertyValueSpecification","valueRequired":true,"valueName":"search_term_string"}}],"inLanguage":"en-GB"},{"@type":"Organization","@id":"https:\/\/eazyshop.ch\/#organization","name":"Eazyshop","url":"https:\/\/eazyshop.ch\/","logo":{"@type":"ImageObject","inLanguage":"en-GB","@id":"https:\/\/eazyshop.ch\/#\/schema\/logo\/image\/","url":"","contentUrl":"","caption":"Eazyshop"},"image":{"@id":"https:\/\/eazyshop.ch\/#\/schema\/logo\/image\/"},"sameAs":["https:\/\/www.instagram.com\/eazyshop_ch\/"]}]}},"jetpack_sharing_enabled":true,"_links":{"self":[{"href":"https:\/\/eazyshop.ch\/en\/wp-json\/wp\/v2\/product\/1078624","targetHints":{"allow":["GET"]}}],"collection":[{"href":"https:\/\/eazyshop.ch\/en\/wp-json\/wp\/v2\/product"}],"about":[{"href":"https:\/\/eazyshop.ch\/en\/wp-json\/wp\/v2\/types\/product"}],"replies":[{"embeddable":true,"href":"https:\/\/eazyshop.ch\/en\/wp-json\/wp\/v2\/comments?post=1078624"}],"version-history":[{"count":0,"href":"https:\/\/eazyshop.ch\/en\/wp-json\/wp\/v2\/product\/1078624\/revisions"}],"wp:featuredmedia":[{"embeddable":true,"href":"https:\/\/eazyshop.ch\/en\/wp-json\/wp\/v2\/media\/1078623"}],"wp:attachment":[{"href":"https:\/\/eazyshop.ch\/en\/wp-json\/wp\/v2\/media?parent=1078624"}],"wp:term":[{"taxonomy":"product_brand","embeddable":true,"href":"https:\/\/eazyshop.ch\/en\/wp-json\/wp\/v2\/product_brand?post=1078624"},{"taxonomy":"product_cat","embeddable":true,"href":"https:\/\/eazyshop.ch\/en\/wp-json\/wp\/v2\/product_cat?post=1078624"},{"taxonomy":"product_tag","embeddable":true,"href":"https:\/\/eazyshop.ch\/en\/wp-json\/wp\/v2\/product_tag?post=1078624"}],"curies":[{"name":"wp","href":"https:\/\/api.w.org\/{rel}","templated":true}]}}