{"id":1078622,"date":"2026-03-18T10:07:12","date_gmt":"2026-03-18T10:07:12","guid":{"rendered":"https:\/\/eazyshop.ch\/?post_type=product&#038;p=1078622"},"modified":"2026-03-25T08:05:35","modified_gmt":"2026-03-25T08:05:35","slug":"lego-dungeons-dragons","status":"publish","type":"product","link":"https:\/\/eazyshop.ch\/en\/product\/lego-dungeons-dragons\/","title":{"rendered":"LEGO Dungeons &amp; Dragons"},"content":{"rendered":"<p>Altersempfehlung ab 18 Jahren, enthaltene Teile: 3745 TeileBeinhaltet 6 Minifiguren und diverse Monster, darunter auch ein BetrachterDas Dach und das Obergeschoss der baubaren Taverne kann man abnehmen, um besser in dem Geb\u00e4ude spielen zu k\u00f6nnenJede Figur hat auch einen Kopf zum Auswechseln, um den Look ver\u00e4ndern zu k\u00f6nnenLaden Sie sich zum Spielen die zusammen mit Wizards of the Coast entwickelte Kampagne herunterDas Modell aus Turm, Taverne und Verlies ist 48 cm hoch, 37 cm breit und 30 cm tief<\/p>","protected":false},"excerpt":{"rendered":"<p>Altersempfehlung ab 18 Jahren, enthaltene Teile: 3745 TeileBeinhaltet 6 Minifiguren und diverse Monster, darunter auch ein BetrachterDas Dach und das<\/p>","protected":false},"featured_media":1078621,"comment_status":"open","ping_status":"closed","template":"","meta":[],"product_brand":[15421],"product_cat":[15437],"product_tag":[],"class_list":{"0":"post-1078622","1":"product","2":"type-product","3":"status-publish","4":"has-post-thumbnail","6":"product_brand-lego","7":"product_cat-lego","9":"first","10":"instock","11":"taxable","12":"shipping-taxable","13":"purchasable","14":"product-type-simple"},"yoast_head":"<!-- This site is optimized with the Yoast SEO plugin v26.9 - https:\/\/yoast.com\/product\/yoast-seo-wordpress\/ -->\n<title>LEGO Dungeons &amp; Dragons - Eazyshop<\/title>\n<meta name=\"robots\" content=\"index, follow, max-snippet:-1, max-image-preview:large, max-video-preview:-1\" \/>\n<link rel=\"canonical\" href=\"https:\/\/eazyshop.ch\/en\/product\/lego-dungeons-dragons\/\" \/>\n<meta property=\"og:locale\" content=\"en_GB\" \/>\n<meta property=\"og:type\" content=\"article\" \/>\n<meta property=\"og:title\" content=\"LEGO Dungeons &amp; Dragons - Eazyshop\" \/>\n<meta property=\"og:description\" content=\"Altersempfehlung ab 18 Jahren, enthaltene Teile: 3745 TeileBeinhaltet 6 Minifiguren und diverse Monster, darunter auch ein BetrachterDas Dach und das\" \/>\n<meta property=\"og:url\" content=\"https:\/\/eazyshop.ch\/en\/product\/lego-dungeons-dragons\/\" \/>\n<meta property=\"og:site_name\" content=\"Eazyshop\" \/>\n<meta property=\"article:modified_time\" content=\"2026-03-25T08:05:35+00:00\" \/>\n<meta property=\"og:image\" content=\"https:\/\/eazyshop.ch\/wp-content\/uploads\/2026\/03\/359505802_xxl3_amS5m-scaled.jpg\" \/>\n\t<meta property=\"og:image:width\" content=\"2560\" \/>\n\t<meta property=\"og:image:height\" content=\"1611\" \/>\n\t<meta property=\"og:image:type\" content=\"image\/jpeg\" \/>\n<meta name=\"twitter:card\" content=\"summary_large_image\" \/>\n<script type=\"application\/ld+json\" class=\"yoast-schema-graph\">{\"@context\":\"https:\/\/schema.org\",\"@graph\":[{\"@type\":\"WebPage\",\"@id\":\"https:\/\/eazyshop.ch\/produkt\/lego-dungeons-dragons\/\",\"url\":\"https:\/\/eazyshop.ch\/produkt\/lego-dungeons-dragons\/\",\"name\":\"LEGO Dungeons &amp; Dragons - Eazyshop\",\"isPartOf\":{\"@id\":\"https:\/\/eazyshop.ch\/#website\"},\"primaryImageOfPage\":{\"@id\":\"https:\/\/eazyshop.ch\/produkt\/lego-dungeons-dragons\/#primaryimage\"},\"image\":{\"@id\":\"https:\/\/eazyshop.ch\/produkt\/lego-dungeons-dragons\/#primaryimage\"},\"thumbnailUrl\":\"https:\/\/eazyshop.ch\/wp-content\/uploads\/2026\/03\/359505802_xxl3_amS5m-scaled.jpg\",\"datePublished\":\"2026-03-18T10:07:12+00:00\",\"dateModified\":\"2026-03-25T08:05:35+00:00\",\"breadcrumb\":{\"@id\":\"https:\/\/eazyshop.ch\/produkt\/lego-dungeons-dragons\/#breadcrumb\"},\"inLanguage\":\"en-GB\",\"potentialAction\":[{\"@type\":\"ReadAction\",\"target\":[\"https:\/\/eazyshop.ch\/produkt\/lego-dungeons-dragons\/\"]}]},{\"@type\":\"ImageObject\",\"inLanguage\":\"en-GB\",\"@id\":\"https:\/\/eazyshop.ch\/produkt\/lego-dungeons-dragons\/#primaryimage\",\"url\":\"https:\/\/eazyshop.ch\/wp-content\/uploads\/2026\/03\/359505802_xxl3_amS5m-scaled.jpg\",\"contentUrl\":\"https:\/\/eazyshop.ch\/wp-content\/uploads\/2026\/03\/359505802_xxl3_amS5m-scaled.jpg\",\"width\":2560,\"height\":1611},{\"@type\":\"BreadcrumbList\",\"@id\":\"https:\/\/eazyshop.ch\/produkt\/lego-dungeons-dragons\/#breadcrumb\",\"itemListElement\":[{\"@type\":\"ListItem\",\"position\":1,\"name\":\"Startseite\",\"item\":\"https:\/\/eazyshop.ch\/\"},{\"@type\":\"ListItem\",\"position\":2,\"name\":\"Shop\",\"item\":\"https:\/\/eazyshop.ch\/shop\/\"},{\"@type\":\"ListItem\",\"position\":3,\"name\":\"LEGO Dungeons &amp; Dragons\"}]},{\"@type\":\"WebSite\",\"@id\":\"https:\/\/eazyshop.ch\/#website\",\"url\":\"https:\/\/eazyshop.ch\/\",\"name\":\"Eazyshop\",\"description\":\"Where shopping feels easy\",\"publisher\":{\"@id\":\"https:\/\/eazyshop.ch\/#organization\"},\"potentialAction\":[{\"@type\":\"SearchAction\",\"target\":{\"@type\":\"EntryPoint\",\"urlTemplate\":\"https:\/\/eazyshop.ch\/?s={search_term_string}\"},\"query-input\":{\"@type\":\"PropertyValueSpecification\",\"valueRequired\":true,\"valueName\":\"search_term_string\"}}],\"inLanguage\":\"en-GB\"},{\"@type\":\"Organization\",\"@id\":\"https:\/\/eazyshop.ch\/#organization\",\"name\":\"Eazyshop\",\"url\":\"https:\/\/eazyshop.ch\/\",\"logo\":{\"@type\":\"ImageObject\",\"inLanguage\":\"en-GB\",\"@id\":\"https:\/\/eazyshop.ch\/#\/schema\/logo\/image\/\",\"url\":\"\",\"contentUrl\":\"\",\"caption\":\"Eazyshop\"},\"image\":{\"@id\":\"https:\/\/eazyshop.ch\/#\/schema\/logo\/image\/\"},\"sameAs\":[\"https:\/\/www.instagram.com\/eazyshop_ch\/\"]}]}<\/script>\n<!-- \/ Yoast SEO plugin. -->","yoast_head_json":{"title":"LEGO Dungeons &amp; Dragons - Eazyshop","robots":{"index":"index","follow":"follow","max-snippet":"max-snippet:-1","max-image-preview":"max-image-preview:large","max-video-preview":"max-video-preview:-1"},"canonical":"https:\/\/eazyshop.ch\/en\/product\/lego-dungeons-dragons\/","og_locale":"en_GB","og_type":"article","og_title":"LEGO Dungeons &amp; Dragons - Eazyshop","og_description":"Altersempfehlung ab 18 Jahren, enthaltene Teile: 3745 TeileBeinhaltet 6 Minifiguren und diverse Monster, darunter auch ein BetrachterDas Dach und das","og_url":"https:\/\/eazyshop.ch\/en\/product\/lego-dungeons-dragons\/","og_site_name":"Eazyshop","article_modified_time":"2026-03-25T08:05:35+00:00","og_image":[{"width":2560,"height":1611,"url":"https:\/\/eazyshop.ch\/wp-content\/uploads\/2026\/03\/359505802_xxl3_amS5m-scaled.jpg","type":"image\/jpeg"}],"twitter_card":"summary_large_image","schema":{"@context":"https:\/\/schema.org","@graph":[{"@type":"WebPage","@id":"https:\/\/eazyshop.ch\/produkt\/lego-dungeons-dragons\/","url":"https:\/\/eazyshop.ch\/produkt\/lego-dungeons-dragons\/","name":"LEGO Dungeons &amp; Dragons - Eazyshop","isPartOf":{"@id":"https:\/\/eazyshop.ch\/#website"},"primaryImageOfPage":{"@id":"https:\/\/eazyshop.ch\/produkt\/lego-dungeons-dragons\/#primaryimage"},"image":{"@id":"https:\/\/eazyshop.ch\/produkt\/lego-dungeons-dragons\/#primaryimage"},"thumbnailUrl":"https:\/\/eazyshop.ch\/wp-content\/uploads\/2026\/03\/359505802_xxl3_amS5m-scaled.jpg","datePublished":"2026-03-18T10:07:12+00:00","dateModified":"2026-03-25T08:05:35+00:00","breadcrumb":{"@id":"https:\/\/eazyshop.ch\/produkt\/lego-dungeons-dragons\/#breadcrumb"},"inLanguage":"en-GB","potentialAction":[{"@type":"ReadAction","target":["https:\/\/eazyshop.ch\/produkt\/lego-dungeons-dragons\/"]}]},{"@type":"ImageObject","inLanguage":"en-GB","@id":"https:\/\/eazyshop.ch\/produkt\/lego-dungeons-dragons\/#primaryimage","url":"https:\/\/eazyshop.ch\/wp-content\/uploads\/2026\/03\/359505802_xxl3_amS5m-scaled.jpg","contentUrl":"https:\/\/eazyshop.ch\/wp-content\/uploads\/2026\/03\/359505802_xxl3_amS5m-scaled.jpg","width":2560,"height":1611},{"@type":"BreadcrumbList","@id":"https:\/\/eazyshop.ch\/produkt\/lego-dungeons-dragons\/#breadcrumb","itemListElement":[{"@type":"ListItem","position":1,"name":"Startseite","item":"https:\/\/eazyshop.ch\/"},{"@type":"ListItem","position":2,"name":"Shop","item":"https:\/\/eazyshop.ch\/shop\/"},{"@type":"ListItem","position":3,"name":"LEGO Dungeons &amp; Dragons"}]},{"@type":"WebSite","@id":"https:\/\/eazyshop.ch\/#website","url":"https:\/\/eazyshop.ch\/","name":"Eazyshop","description":"Where shopping feels easy","publisher":{"@id":"https:\/\/eazyshop.ch\/#organization"},"potentialAction":[{"@type":"SearchAction","target":{"@type":"EntryPoint","urlTemplate":"https:\/\/eazyshop.ch\/?s={search_term_string}"},"query-input":{"@type":"PropertyValueSpecification","valueRequired":true,"valueName":"search_term_string"}}],"inLanguage":"en-GB"},{"@type":"Organization","@id":"https:\/\/eazyshop.ch\/#organization","name":"Eazyshop","url":"https:\/\/eazyshop.ch\/","logo":{"@type":"ImageObject","inLanguage":"en-GB","@id":"https:\/\/eazyshop.ch\/#\/schema\/logo\/image\/","url":"","contentUrl":"","caption":"Eazyshop"},"image":{"@id":"https:\/\/eazyshop.ch\/#\/schema\/logo\/image\/"},"sameAs":["https:\/\/www.instagram.com\/eazyshop_ch\/"]}]}},"jetpack_sharing_enabled":true,"_links":{"self":[{"href":"https:\/\/eazyshop.ch\/en\/wp-json\/wp\/v2\/product\/1078622","targetHints":{"allow":["GET"]}}],"collection":[{"href":"https:\/\/eazyshop.ch\/en\/wp-json\/wp\/v2\/product"}],"about":[{"href":"https:\/\/eazyshop.ch\/en\/wp-json\/wp\/v2\/types\/product"}],"replies":[{"embeddable":true,"href":"https:\/\/eazyshop.ch\/en\/wp-json\/wp\/v2\/comments?post=1078622"}],"version-history":[{"count":0,"href":"https:\/\/eazyshop.ch\/en\/wp-json\/wp\/v2\/product\/1078622\/revisions"}],"wp:featuredmedia":[{"embeddable":true,"href":"https:\/\/eazyshop.ch\/en\/wp-json\/wp\/v2\/media\/1078621"}],"wp:attachment":[{"href":"https:\/\/eazyshop.ch\/en\/wp-json\/wp\/v2\/media?parent=1078622"}],"wp:term":[{"taxonomy":"product_brand","embeddable":true,"href":"https:\/\/eazyshop.ch\/en\/wp-json\/wp\/v2\/product_brand?post=1078622"},{"taxonomy":"product_cat","embeddable":true,"href":"https:\/\/eazyshop.ch\/en\/wp-json\/wp\/v2\/product_cat?post=1078622"},{"taxonomy":"product_tag","embeddable":true,"href":"https:\/\/eazyshop.ch\/en\/wp-json\/wp\/v2\/product_tag?post=1078622"}],"curies":[{"name":"wp","href":"https:\/\/api.w.org\/{rel}","templated":true}]}}