{"id":1078618,"date":"2026-03-18T10:07:03","date_gmt":"2026-03-18T10:07:03","guid":{"rendered":"https:\/\/eazyshop.ch\/?post_type=product&#038;p=1078618"},"modified":"2026-03-27T11:40:16","modified_gmt":"2026-03-27T11:40:16","slug":"lego-red-bull-racing-rb20-f1-rennauto","status":"publish","type":"product","link":"https:\/\/eazyshop.ch\/en\/product\/lego-red-bull-racing-rb20-f1-rennauto\/","title":{"rendered":"LEGO Red Bull Racing RB20 F1 Rennauto"},"content":{"rendered":"<p>Altersempfehlung ab 18 Jahren, enthaltene Teile: 251 TeileZu den authentischen Red Bull F1 Designdetails z\u00e4hlen ein Halo-B\u00fcgel und breitere HinterreifenDer Red Bull F1 Rennfahrer passt ins Minifigur-CockpitTolles Ausstellungsst\u00fcck f\u00fcr jedes Zimmer oder B\u00fcroF1 Geschenkidee f\u00fcr Kinder und f\u00fcr Erwachsene, die Modellautos sammeln<\/p>","protected":false},"excerpt":{"rendered":"<p>Altersempfehlung ab 18 Jahren, enthaltene Teile: 251 TeileZu den authentischen Red Bull F1 Designdetails z\u00e4hlen ein Halo-B\u00fcgel und breitere HinterreifenDer<\/p>","protected":false},"featured_media":1078617,"comment_status":"open","ping_status":"closed","template":"","meta":[],"product_brand":[15421],"product_cat":[15437],"product_tag":[],"class_list":{"0":"post-1078618","1":"product","2":"type-product","3":"status-publish","4":"has-post-thumbnail","6":"product_brand-lego","7":"product_cat-lego","9":"first","10":"instock","11":"taxable","12":"shipping-taxable","13":"purchasable","14":"product-type-simple"},"yoast_head":"<!-- This site is optimized with the Yoast SEO plugin v26.9 - https:\/\/yoast.com\/product\/yoast-seo-wordpress\/ -->\n<title>LEGO Red Bull Racing RB20 F1 Rennauto - Eazyshop<\/title>\n<meta name=\"description\" content=\"Altersempfehlung ab 18 Jahren, enthaltene Teile: 251 TeileZu den authentischen Red Bull F1 Designdetails z\u00e4hlen ein Halo-B\u00fcgel und breitere\" \/>\n<meta name=\"robots\" content=\"index, follow, max-snippet:-1, max-image-preview:large, max-video-preview:-1\" \/>\n<link rel=\"canonical\" href=\"https:\/\/eazyshop.ch\/en\/product\/lego-red-bull-racing-rb20-f1-rennauto\/\" \/>\n<meta property=\"og:locale\" content=\"en_GB\" \/>\n<meta property=\"og:type\" content=\"article\" \/>\n<meta property=\"og:title\" content=\"LEGO Red Bull Racing RB20 F1 Rennauto - Eazyshop\" \/>\n<meta property=\"og:description\" content=\"Altersempfehlung ab 18 Jahren, enthaltene Teile: 251 TeileZu den authentischen Red Bull F1 Designdetails z\u00e4hlen ein Halo-B\u00fcgel und breitere\" \/>\n<meta property=\"og:url\" content=\"https:\/\/eazyshop.ch\/en\/product\/lego-red-bull-racing-rb20-f1-rennauto\/\" \/>\n<meta property=\"og:site_name\" content=\"Eazyshop\" \/>\n<meta property=\"article:modified_time\" content=\"2026-03-27T11:40:16+00:00\" \/>\n<meta property=\"og:image\" content=\"https:\/\/eazyshop.ch\/wp-content\/uploads\/2026\/03\/374720305_xxl3_QwIMg.jpg\" \/>\n\t<meta property=\"og:image:width\" content=\"2000\" \/>\n\t<meta property=\"og:image:height\" content=\"1258\" \/>\n\t<meta property=\"og:image:type\" content=\"image\/jpeg\" \/>\n<meta name=\"twitter:card\" content=\"summary_large_image\" \/>\n<script type=\"application\/ld+json\" class=\"yoast-schema-graph\">{\"@context\":\"https:\/\/schema.org\",\"@graph\":[{\"@type\":\"WebPage\",\"@id\":\"https:\/\/eazyshop.ch\/produkt\/lego-red-bull-racing-rb20-f1-rennauto\/\",\"url\":\"https:\/\/eazyshop.ch\/produkt\/lego-red-bull-racing-rb20-f1-rennauto\/\",\"name\":\"LEGO Red Bull Racing RB20 F1 Rennauto - Eazyshop\",\"isPartOf\":{\"@id\":\"https:\/\/eazyshop.ch\/#website\"},\"primaryImageOfPage\":{\"@id\":\"https:\/\/eazyshop.ch\/produkt\/lego-red-bull-racing-rb20-f1-rennauto\/#primaryimage\"},\"image\":{\"@id\":\"https:\/\/eazyshop.ch\/produkt\/lego-red-bull-racing-rb20-f1-rennauto\/#primaryimage\"},\"thumbnailUrl\":\"https:\/\/eazyshop.ch\/wp-content\/uploads\/2026\/03\/374720305_xxl3_QwIMg.jpg\",\"datePublished\":\"2026-03-18T10:07:03+00:00\",\"dateModified\":\"2026-03-27T11:40:16+00:00\",\"description\":\"Altersempfehlung ab 18 Jahren, enthaltene Teile: 251 TeileZu den authentischen Red Bull F1 Designdetails z\u00e4hlen ein Halo-B\u00fcgel und breitere\",\"breadcrumb\":{\"@id\":\"https:\/\/eazyshop.ch\/produkt\/lego-red-bull-racing-rb20-f1-rennauto\/#breadcrumb\"},\"inLanguage\":\"en-GB\",\"potentialAction\":[{\"@type\":\"ReadAction\",\"target\":[\"https:\/\/eazyshop.ch\/produkt\/lego-red-bull-racing-rb20-f1-rennauto\/\"]}]},{\"@type\":\"ImageObject\",\"inLanguage\":\"en-GB\",\"@id\":\"https:\/\/eazyshop.ch\/produkt\/lego-red-bull-racing-rb20-f1-rennauto\/#primaryimage\",\"url\":\"https:\/\/eazyshop.ch\/wp-content\/uploads\/2026\/03\/374720305_xxl3_QwIMg.jpg\",\"contentUrl\":\"https:\/\/eazyshop.ch\/wp-content\/uploads\/2026\/03\/374720305_xxl3_QwIMg.jpg\",\"width\":2000,\"height\":1258},{\"@type\":\"BreadcrumbList\",\"@id\":\"https:\/\/eazyshop.ch\/produkt\/lego-red-bull-racing-rb20-f1-rennauto\/#breadcrumb\",\"itemListElement\":[{\"@type\":\"ListItem\",\"position\":1,\"name\":\"Startseite\",\"item\":\"https:\/\/eazyshop.ch\/\"},{\"@type\":\"ListItem\",\"position\":2,\"name\":\"Shop\",\"item\":\"https:\/\/eazyshop.ch\/shop\/\"},{\"@type\":\"ListItem\",\"position\":3,\"name\":\"LEGO Red Bull Racing RB20 F1 Rennauto\"}]},{\"@type\":\"WebSite\",\"@id\":\"https:\/\/eazyshop.ch\/#website\",\"url\":\"https:\/\/eazyshop.ch\/\",\"name\":\"Eazyshop\",\"description\":\"Where shopping feels easy\",\"publisher\":{\"@id\":\"https:\/\/eazyshop.ch\/#organization\"},\"potentialAction\":[{\"@type\":\"SearchAction\",\"target\":{\"@type\":\"EntryPoint\",\"urlTemplate\":\"https:\/\/eazyshop.ch\/?s={search_term_string}\"},\"query-input\":{\"@type\":\"PropertyValueSpecification\",\"valueRequired\":true,\"valueName\":\"search_term_string\"}}],\"inLanguage\":\"en-GB\"},{\"@type\":\"Organization\",\"@id\":\"https:\/\/eazyshop.ch\/#organization\",\"name\":\"Eazyshop\",\"url\":\"https:\/\/eazyshop.ch\/\",\"logo\":{\"@type\":\"ImageObject\",\"inLanguage\":\"en-GB\",\"@id\":\"https:\/\/eazyshop.ch\/#\/schema\/logo\/image\/\",\"url\":\"\",\"contentUrl\":\"\",\"caption\":\"Eazyshop\"},\"image\":{\"@id\":\"https:\/\/eazyshop.ch\/#\/schema\/logo\/image\/\"},\"sameAs\":[\"https:\/\/www.instagram.com\/eazyshop_ch\/\"]}]}<\/script>\n<!-- \/ Yoast SEO plugin. -->","yoast_head_json":{"title":"LEGO Red Bull Racing RB20 F1 Rennauto - Eazyshop","description":"Altersempfehlung ab 18 Jahren, enthaltene Teile: 251 TeileZu den authentischen Red Bull F1 Designdetails z\u00e4hlen ein Halo-B\u00fcgel und breitere","robots":{"index":"index","follow":"follow","max-snippet":"max-snippet:-1","max-image-preview":"max-image-preview:large","max-video-preview":"max-video-preview:-1"},"canonical":"https:\/\/eazyshop.ch\/en\/product\/lego-red-bull-racing-rb20-f1-rennauto\/","og_locale":"en_GB","og_type":"article","og_title":"LEGO Red Bull Racing RB20 F1 Rennauto - Eazyshop","og_description":"Altersempfehlung ab 18 Jahren, enthaltene Teile: 251 TeileZu den authentischen Red Bull F1 Designdetails z\u00e4hlen ein Halo-B\u00fcgel und breitere","og_url":"https:\/\/eazyshop.ch\/en\/product\/lego-red-bull-racing-rb20-f1-rennauto\/","og_site_name":"Eazyshop","article_modified_time":"2026-03-27T11:40:16+00:00","og_image":[{"width":2000,"height":1258,"url":"https:\/\/eazyshop.ch\/wp-content\/uploads\/2026\/03\/374720305_xxl3_QwIMg.jpg","type":"image\/jpeg"}],"twitter_card":"summary_large_image","schema":{"@context":"https:\/\/schema.org","@graph":[{"@type":"WebPage","@id":"https:\/\/eazyshop.ch\/produkt\/lego-red-bull-racing-rb20-f1-rennauto\/","url":"https:\/\/eazyshop.ch\/produkt\/lego-red-bull-racing-rb20-f1-rennauto\/","name":"LEGO Red Bull Racing RB20 F1 Rennauto - Eazyshop","isPartOf":{"@id":"https:\/\/eazyshop.ch\/#website"},"primaryImageOfPage":{"@id":"https:\/\/eazyshop.ch\/produkt\/lego-red-bull-racing-rb20-f1-rennauto\/#primaryimage"},"image":{"@id":"https:\/\/eazyshop.ch\/produkt\/lego-red-bull-racing-rb20-f1-rennauto\/#primaryimage"},"thumbnailUrl":"https:\/\/eazyshop.ch\/wp-content\/uploads\/2026\/03\/374720305_xxl3_QwIMg.jpg","datePublished":"2026-03-18T10:07:03+00:00","dateModified":"2026-03-27T11:40:16+00:00","description":"Altersempfehlung ab 18 Jahren, enthaltene Teile: 251 TeileZu den authentischen Red Bull F1 Designdetails z\u00e4hlen ein Halo-B\u00fcgel und breitere","breadcrumb":{"@id":"https:\/\/eazyshop.ch\/produkt\/lego-red-bull-racing-rb20-f1-rennauto\/#breadcrumb"},"inLanguage":"en-GB","potentialAction":[{"@type":"ReadAction","target":["https:\/\/eazyshop.ch\/produkt\/lego-red-bull-racing-rb20-f1-rennauto\/"]}]},{"@type":"ImageObject","inLanguage":"en-GB","@id":"https:\/\/eazyshop.ch\/produkt\/lego-red-bull-racing-rb20-f1-rennauto\/#primaryimage","url":"https:\/\/eazyshop.ch\/wp-content\/uploads\/2026\/03\/374720305_xxl3_QwIMg.jpg","contentUrl":"https:\/\/eazyshop.ch\/wp-content\/uploads\/2026\/03\/374720305_xxl3_QwIMg.jpg","width":2000,"height":1258},{"@type":"BreadcrumbList","@id":"https:\/\/eazyshop.ch\/produkt\/lego-red-bull-racing-rb20-f1-rennauto\/#breadcrumb","itemListElement":[{"@type":"ListItem","position":1,"name":"Startseite","item":"https:\/\/eazyshop.ch\/"},{"@type":"ListItem","position":2,"name":"Shop","item":"https:\/\/eazyshop.ch\/shop\/"},{"@type":"ListItem","position":3,"name":"LEGO Red Bull Racing RB20 F1 Rennauto"}]},{"@type":"WebSite","@id":"https:\/\/eazyshop.ch\/#website","url":"https:\/\/eazyshop.ch\/","name":"Eazyshop","description":"Where shopping feels easy","publisher":{"@id":"https:\/\/eazyshop.ch\/#organization"},"potentialAction":[{"@type":"SearchAction","target":{"@type":"EntryPoint","urlTemplate":"https:\/\/eazyshop.ch\/?s={search_term_string}"},"query-input":{"@type":"PropertyValueSpecification","valueRequired":true,"valueName":"search_term_string"}}],"inLanguage":"en-GB"},{"@type":"Organization","@id":"https:\/\/eazyshop.ch\/#organization","name":"Eazyshop","url":"https:\/\/eazyshop.ch\/","logo":{"@type":"ImageObject","inLanguage":"en-GB","@id":"https:\/\/eazyshop.ch\/#\/schema\/logo\/image\/","url":"","contentUrl":"","caption":"Eazyshop"},"image":{"@id":"https:\/\/eazyshop.ch\/#\/schema\/logo\/image\/"},"sameAs":["https:\/\/www.instagram.com\/eazyshop_ch\/"]}]}},"jetpack_sharing_enabled":true,"_links":{"self":[{"href":"https:\/\/eazyshop.ch\/en\/wp-json\/wp\/v2\/product\/1078618","targetHints":{"allow":["GET"]}}],"collection":[{"href":"https:\/\/eazyshop.ch\/en\/wp-json\/wp\/v2\/product"}],"about":[{"href":"https:\/\/eazyshop.ch\/en\/wp-json\/wp\/v2\/types\/product"}],"replies":[{"embeddable":true,"href":"https:\/\/eazyshop.ch\/en\/wp-json\/wp\/v2\/comments?post=1078618"}],"version-history":[{"count":0,"href":"https:\/\/eazyshop.ch\/en\/wp-json\/wp\/v2\/product\/1078618\/revisions"}],"wp:featuredmedia":[{"embeddable":true,"href":"https:\/\/eazyshop.ch\/en\/wp-json\/wp\/v2\/media\/1078617"}],"wp:attachment":[{"href":"https:\/\/eazyshop.ch\/en\/wp-json\/wp\/v2\/media?parent=1078618"}],"wp:term":[{"taxonomy":"product_brand","embeddable":true,"href":"https:\/\/eazyshop.ch\/en\/wp-json\/wp\/v2\/product_brand?post=1078618"},{"taxonomy":"product_cat","embeddable":true,"href":"https:\/\/eazyshop.ch\/en\/wp-json\/wp\/v2\/product_cat?post=1078618"},{"taxonomy":"product_tag","embeddable":true,"href":"https:\/\/eazyshop.ch\/en\/wp-json\/wp\/v2\/product_tag?post=1078618"}],"curies":[{"name":"wp","href":"https:\/\/api.w.org\/{rel}","templated":true}]}}