{"id":1078612,"date":"2026-03-18T10:06:53","date_gmt":"2026-03-18T10:06:53","guid":{"rendered":"https:\/\/eazyshop.ch\/?post_type=product&#038;p=1078612"},"modified":"2026-03-27T11:40:16","modified_gmt":"2026-03-27T11:40:16","slug":"lego-izzie-und-bunchurro-der-gaming-hase","status":"publish","type":"product","link":"https:\/\/eazyshop.ch\/en\/product\/lego-izzie-und-bunchurro-der-gaming-hase\/","title":{"rendered":"LEGO Izzie und Bunchurro der Gaming-Hase"},"content":{"rendered":"<p>Altersempfehlung ab 7 Jahren, enthaltene Teile: 252 TeileR\u00fcsten Sie Bunchurro entweder mit einem Skateboard und Boostern oder mit einem Raketenrucksack ausF\u00fcr kreative Rollenspiele beinhaltet das Set eine Lego DreamZzz Minifigur die Heldin IzzieEin Cyberling und eine Tr\u00e4umlingm\u00f6hre sind ebenfalls enthaltenDie Booster-Module passen auch an andere separat erh\u00e4ltliche Lego DreamZzz Modelle von 20253D-Anleitung in der Lego-Builder-App verf\u00fcgbar<\/p>","protected":false},"excerpt":{"rendered":"<p>Altersempfehlung ab 7 Jahren, enthaltene Teile: 252 TeileR\u00fcsten Sie Bunchurro entweder mit einem Skateboard und Boostern oder mit einem Raketenrucksack<\/p>","protected":false},"featured_media":1078611,"comment_status":"open","ping_status":"closed","template":"","meta":[],"product_brand":[15421],"product_cat":[15437],"product_tag":[],"class_list":{"0":"post-1078612","1":"product","2":"type-product","3":"status-publish","4":"has-post-thumbnail","6":"product_brand-lego","7":"product_cat-lego","9":"first","10":"instock","11":"taxable","12":"shipping-taxable","13":"purchasable","14":"product-type-simple"},"yoast_head":"<!-- This site is optimized with the Yoast SEO plugin v26.9 - https:\/\/yoast.com\/product\/yoast-seo-wordpress\/ -->\n<title>LEGO Izzie und Bunchurro der Gaming-Hase - Eazyshop<\/title>\n<meta name=\"description\" content=\"Altersempfehlung ab 7 Jahren, enthaltene Teile: 252 TeileR\u00fcsten Sie Bunchurro entweder mit einem Skateboard und Boostern oder mit einem Raketenrucksack\" \/>\n<meta name=\"robots\" content=\"index, follow, max-snippet:-1, max-image-preview:large, max-video-preview:-1\" \/>\n<link rel=\"canonical\" href=\"https:\/\/eazyshop.ch\/en\/product\/lego-izzie-und-bunchurro-der-gaming-hase\/\" \/>\n<meta property=\"og:locale\" content=\"en_GB\" \/>\n<meta property=\"og:type\" content=\"article\" \/>\n<meta property=\"og:title\" content=\"LEGO Izzie und Bunchurro der Gaming-Hase - Eazyshop\" \/>\n<meta property=\"og:description\" content=\"Altersempfehlung ab 7 Jahren, enthaltene Teile: 252 TeileR\u00fcsten Sie Bunchurro entweder mit einem Skateboard und Boostern oder mit einem Raketenrucksack\" \/>\n<meta property=\"og:url\" content=\"https:\/\/eazyshop.ch\/en\/product\/lego-izzie-und-bunchurro-der-gaming-hase\/\" \/>\n<meta property=\"og:site_name\" content=\"Eazyshop\" \/>\n<meta property=\"article:modified_time\" content=\"2026-03-27T11:40:16+00:00\" \/>\n<meta property=\"og:image\" content=\"https:\/\/eazyshop.ch\/wp-content\/uploads\/2026\/03\/374577131_xxl3_yu5lz.jpg\" \/>\n\t<meta property=\"og:image:width\" content=\"2483\" \/>\n\t<meta property=\"og:image:height\" content=\"1563\" \/>\n\t<meta property=\"og:image:type\" content=\"image\/jpeg\" \/>\n<meta name=\"twitter:card\" content=\"summary_large_image\" \/>\n<script type=\"application\/ld+json\" class=\"yoast-schema-graph\">{\"@context\":\"https:\/\/schema.org\",\"@graph\":[{\"@type\":\"WebPage\",\"@id\":\"https:\/\/eazyshop.ch\/produkt\/lego-izzie-und-bunchurro-der-gaming-hase\/\",\"url\":\"https:\/\/eazyshop.ch\/produkt\/lego-izzie-und-bunchurro-der-gaming-hase\/\",\"name\":\"LEGO Izzie und Bunchurro der Gaming-Hase - Eazyshop\",\"isPartOf\":{\"@id\":\"https:\/\/eazyshop.ch\/#website\"},\"primaryImageOfPage\":{\"@id\":\"https:\/\/eazyshop.ch\/produkt\/lego-izzie-und-bunchurro-der-gaming-hase\/#primaryimage\"},\"image\":{\"@id\":\"https:\/\/eazyshop.ch\/produkt\/lego-izzie-und-bunchurro-der-gaming-hase\/#primaryimage\"},\"thumbnailUrl\":\"https:\/\/eazyshop.ch\/wp-content\/uploads\/2026\/03\/374577131_xxl3_yu5lz.jpg\",\"datePublished\":\"2026-03-18T10:06:53+00:00\",\"dateModified\":\"2026-03-27T11:40:16+00:00\",\"description\":\"Altersempfehlung ab 7 Jahren, enthaltene Teile: 252 TeileR\u00fcsten Sie Bunchurro entweder mit einem Skateboard und Boostern oder mit einem Raketenrucksack\",\"breadcrumb\":{\"@id\":\"https:\/\/eazyshop.ch\/produkt\/lego-izzie-und-bunchurro-der-gaming-hase\/#breadcrumb\"},\"inLanguage\":\"en-GB\",\"potentialAction\":[{\"@type\":\"ReadAction\",\"target\":[\"https:\/\/eazyshop.ch\/produkt\/lego-izzie-und-bunchurro-der-gaming-hase\/\"]}]},{\"@type\":\"ImageObject\",\"inLanguage\":\"en-GB\",\"@id\":\"https:\/\/eazyshop.ch\/produkt\/lego-izzie-und-bunchurro-der-gaming-hase\/#primaryimage\",\"url\":\"https:\/\/eazyshop.ch\/wp-content\/uploads\/2026\/03\/374577131_xxl3_yu5lz.jpg\",\"contentUrl\":\"https:\/\/eazyshop.ch\/wp-content\/uploads\/2026\/03\/374577131_xxl3_yu5lz.jpg\",\"width\":2483,\"height\":1563},{\"@type\":\"BreadcrumbList\",\"@id\":\"https:\/\/eazyshop.ch\/produkt\/lego-izzie-und-bunchurro-der-gaming-hase\/#breadcrumb\",\"itemListElement\":[{\"@type\":\"ListItem\",\"position\":1,\"name\":\"Startseite\",\"item\":\"https:\/\/eazyshop.ch\/\"},{\"@type\":\"ListItem\",\"position\":2,\"name\":\"Shop\",\"item\":\"https:\/\/eazyshop.ch\/shop\/\"},{\"@type\":\"ListItem\",\"position\":3,\"name\":\"LEGO Izzie und Bunchurro der Gaming-Hase\"}]},{\"@type\":\"WebSite\",\"@id\":\"https:\/\/eazyshop.ch\/#website\",\"url\":\"https:\/\/eazyshop.ch\/\",\"name\":\"Eazyshop\",\"description\":\"Where shopping feels easy\",\"publisher\":{\"@id\":\"https:\/\/eazyshop.ch\/#organization\"},\"potentialAction\":[{\"@type\":\"SearchAction\",\"target\":{\"@type\":\"EntryPoint\",\"urlTemplate\":\"https:\/\/eazyshop.ch\/?s={search_term_string}\"},\"query-input\":{\"@type\":\"PropertyValueSpecification\",\"valueRequired\":true,\"valueName\":\"search_term_string\"}}],\"inLanguage\":\"en-GB\"},{\"@type\":\"Organization\",\"@id\":\"https:\/\/eazyshop.ch\/#organization\",\"name\":\"Eazyshop\",\"url\":\"https:\/\/eazyshop.ch\/\",\"logo\":{\"@type\":\"ImageObject\",\"inLanguage\":\"en-GB\",\"@id\":\"https:\/\/eazyshop.ch\/#\/schema\/logo\/image\/\",\"url\":\"\",\"contentUrl\":\"\",\"caption\":\"Eazyshop\"},\"image\":{\"@id\":\"https:\/\/eazyshop.ch\/#\/schema\/logo\/image\/\"},\"sameAs\":[\"https:\/\/www.instagram.com\/eazyshop_ch\/\"]}]}<\/script>\n<!-- \/ Yoast SEO plugin. -->","yoast_head_json":{"title":"LEGO Izzie und Bunchurro der Gaming-Hase - Eazyshop","description":"Altersempfehlung ab 7 Jahren, enthaltene Teile: 252 TeileR\u00fcsten Sie Bunchurro entweder mit einem Skateboard und Boostern oder mit einem Raketenrucksack","robots":{"index":"index","follow":"follow","max-snippet":"max-snippet:-1","max-image-preview":"max-image-preview:large","max-video-preview":"max-video-preview:-1"},"canonical":"https:\/\/eazyshop.ch\/en\/product\/lego-izzie-und-bunchurro-der-gaming-hase\/","og_locale":"en_GB","og_type":"article","og_title":"LEGO Izzie und Bunchurro der Gaming-Hase - Eazyshop","og_description":"Altersempfehlung ab 7 Jahren, enthaltene Teile: 252 TeileR\u00fcsten Sie Bunchurro entweder mit einem Skateboard und Boostern oder mit einem Raketenrucksack","og_url":"https:\/\/eazyshop.ch\/en\/product\/lego-izzie-und-bunchurro-der-gaming-hase\/","og_site_name":"Eazyshop","article_modified_time":"2026-03-27T11:40:16+00:00","og_image":[{"width":2483,"height":1563,"url":"https:\/\/eazyshop.ch\/wp-content\/uploads\/2026\/03\/374577131_xxl3_yu5lz.jpg","type":"image\/jpeg"}],"twitter_card":"summary_large_image","schema":{"@context":"https:\/\/schema.org","@graph":[{"@type":"WebPage","@id":"https:\/\/eazyshop.ch\/produkt\/lego-izzie-und-bunchurro-der-gaming-hase\/","url":"https:\/\/eazyshop.ch\/produkt\/lego-izzie-und-bunchurro-der-gaming-hase\/","name":"LEGO Izzie und Bunchurro der Gaming-Hase - Eazyshop","isPartOf":{"@id":"https:\/\/eazyshop.ch\/#website"},"primaryImageOfPage":{"@id":"https:\/\/eazyshop.ch\/produkt\/lego-izzie-und-bunchurro-der-gaming-hase\/#primaryimage"},"image":{"@id":"https:\/\/eazyshop.ch\/produkt\/lego-izzie-und-bunchurro-der-gaming-hase\/#primaryimage"},"thumbnailUrl":"https:\/\/eazyshop.ch\/wp-content\/uploads\/2026\/03\/374577131_xxl3_yu5lz.jpg","datePublished":"2026-03-18T10:06:53+00:00","dateModified":"2026-03-27T11:40:16+00:00","description":"Altersempfehlung ab 7 Jahren, enthaltene Teile: 252 TeileR\u00fcsten Sie Bunchurro entweder mit einem Skateboard und Boostern oder mit einem Raketenrucksack","breadcrumb":{"@id":"https:\/\/eazyshop.ch\/produkt\/lego-izzie-und-bunchurro-der-gaming-hase\/#breadcrumb"},"inLanguage":"en-GB","potentialAction":[{"@type":"ReadAction","target":["https:\/\/eazyshop.ch\/produkt\/lego-izzie-und-bunchurro-der-gaming-hase\/"]}]},{"@type":"ImageObject","inLanguage":"en-GB","@id":"https:\/\/eazyshop.ch\/produkt\/lego-izzie-und-bunchurro-der-gaming-hase\/#primaryimage","url":"https:\/\/eazyshop.ch\/wp-content\/uploads\/2026\/03\/374577131_xxl3_yu5lz.jpg","contentUrl":"https:\/\/eazyshop.ch\/wp-content\/uploads\/2026\/03\/374577131_xxl3_yu5lz.jpg","width":2483,"height":1563},{"@type":"BreadcrumbList","@id":"https:\/\/eazyshop.ch\/produkt\/lego-izzie-und-bunchurro-der-gaming-hase\/#breadcrumb","itemListElement":[{"@type":"ListItem","position":1,"name":"Startseite","item":"https:\/\/eazyshop.ch\/"},{"@type":"ListItem","position":2,"name":"Shop","item":"https:\/\/eazyshop.ch\/shop\/"},{"@type":"ListItem","position":3,"name":"LEGO Izzie und Bunchurro der Gaming-Hase"}]},{"@type":"WebSite","@id":"https:\/\/eazyshop.ch\/#website","url":"https:\/\/eazyshop.ch\/","name":"Eazyshop","description":"Where shopping feels easy","publisher":{"@id":"https:\/\/eazyshop.ch\/#organization"},"potentialAction":[{"@type":"SearchAction","target":{"@type":"EntryPoint","urlTemplate":"https:\/\/eazyshop.ch\/?s={search_term_string}"},"query-input":{"@type":"PropertyValueSpecification","valueRequired":true,"valueName":"search_term_string"}}],"inLanguage":"en-GB"},{"@type":"Organization","@id":"https:\/\/eazyshop.ch\/#organization","name":"Eazyshop","url":"https:\/\/eazyshop.ch\/","logo":{"@type":"ImageObject","inLanguage":"en-GB","@id":"https:\/\/eazyshop.ch\/#\/schema\/logo\/image\/","url":"","contentUrl":"","caption":"Eazyshop"},"image":{"@id":"https:\/\/eazyshop.ch\/#\/schema\/logo\/image\/"},"sameAs":["https:\/\/www.instagram.com\/eazyshop_ch\/"]}]}},"jetpack_sharing_enabled":true,"_links":{"self":[{"href":"https:\/\/eazyshop.ch\/en\/wp-json\/wp\/v2\/product\/1078612","targetHints":{"allow":["GET"]}}],"collection":[{"href":"https:\/\/eazyshop.ch\/en\/wp-json\/wp\/v2\/product"}],"about":[{"href":"https:\/\/eazyshop.ch\/en\/wp-json\/wp\/v2\/types\/product"}],"replies":[{"embeddable":true,"href":"https:\/\/eazyshop.ch\/en\/wp-json\/wp\/v2\/comments?post=1078612"}],"version-history":[{"count":0,"href":"https:\/\/eazyshop.ch\/en\/wp-json\/wp\/v2\/product\/1078612\/revisions"}],"wp:featuredmedia":[{"embeddable":true,"href":"https:\/\/eazyshop.ch\/en\/wp-json\/wp\/v2\/media\/1078611"}],"wp:attachment":[{"href":"https:\/\/eazyshop.ch\/en\/wp-json\/wp\/v2\/media?parent=1078612"}],"wp:term":[{"taxonomy":"product_brand","embeddable":true,"href":"https:\/\/eazyshop.ch\/en\/wp-json\/wp\/v2\/product_brand?post=1078612"},{"taxonomy":"product_cat","embeddable":true,"href":"https:\/\/eazyshop.ch\/en\/wp-json\/wp\/v2\/product_cat?post=1078612"},{"taxonomy":"product_tag","embeddable":true,"href":"https:\/\/eazyshop.ch\/en\/wp-json\/wp\/v2\/product_tag?post=1078612"}],"curies":[{"name":"wp","href":"https:\/\/api.w.org\/{rel}","templated":true}]}}