{"id":1078610,"date":"2026-03-18T10:06:49","date_gmt":"2026-03-18T10:06:49","guid":{"rendered":"https:\/\/eazyshop.ch\/?post_type=product&#038;p=1078610"},"modified":"2026-03-27T11:40:16","modified_gmt":"2026-03-27T11:40:16","slug":"lego-kirschblueten","status":"publish","type":"product","link":"https:\/\/eazyshop.ch\/en\/product\/lego-kirschblueten\/","title":{"rendered":"LEGO Kirschbl\u00fcten"},"content":{"rendered":"<p>Altersempfehlung ab 8 Jahren, enthaltene Teile: 430 TeileBeinhaltet 2 bl\u00fchende Kirschbl\u00fctenzweige, die mit zarten pinken und weissen Knospen verziert werden k\u00f6nnenDas fertige Set stellt einen wundersch\u00f6nen Blumenschmuck dar, der jedem Zimmer einen Hauch von Fr\u00fchling verleihtMan kann die Kirschbl\u00fcten auch mit anderen separat erh\u00e4ltlichen LEGO Blumen zu einem farbenfrohen Blumenstrauss kombinierenJeder der beiden Kirschbl\u00fctenzweige ist 35 cm lang<\/p>","protected":false},"excerpt":{"rendered":"<p>Altersempfehlung ab 8 Jahren, enthaltene Teile: 430 TeileBeinhaltet 2 bl\u00fchende Kirschbl\u00fctenzweige, die mit zarten pinken und weissen Knospen verziert werden<\/p>","protected":false},"featured_media":1078609,"comment_status":"open","ping_status":"closed","template":"","meta":[],"product_brand":[15421],"product_cat":[15437],"product_tag":[],"class_list":{"0":"post-1078610","1":"product","2":"type-product","3":"status-publish","4":"has-post-thumbnail","6":"product_brand-lego","7":"product_cat-lego","9":"first","10":"instock","11":"taxable","12":"shipping-taxable","13":"purchasable","14":"product-type-simple"},"yoast_head":"<!-- This site is optimized with the Yoast SEO plugin v26.9 - https:\/\/yoast.com\/product\/yoast-seo-wordpress\/ -->\n<title>LEGO Kirschbl\u00fcten - Eazyshop<\/title>\n<meta name=\"description\" content=\"Altersempfehlung ab 8 Jahren, enthaltene Teile: 430 TeileBeinhaltet 2 bl\u00fchende Kirschbl\u00fctenzweige, die mit zarten pinken und weissen Knospen verziert\" \/>\n<meta name=\"robots\" content=\"index, follow, max-snippet:-1, max-image-preview:large, max-video-preview:-1\" \/>\n<link rel=\"canonical\" href=\"https:\/\/eazyshop.ch\/en\/product\/lego-kirschblueten\/\" \/>\n<meta property=\"og:locale\" content=\"en_GB\" \/>\n<meta property=\"og:type\" content=\"article\" \/>\n<meta property=\"og:title\" content=\"LEGO Kirschbl\u00fcten - Eazyshop\" \/>\n<meta property=\"og:description\" content=\"Altersempfehlung ab 8 Jahren, enthaltene Teile: 430 TeileBeinhaltet 2 bl\u00fchende Kirschbl\u00fctenzweige, die mit zarten pinken und weissen Knospen verziert\" \/>\n<meta property=\"og:url\" content=\"https:\/\/eazyshop.ch\/en\/product\/lego-kirschblueten\/\" \/>\n<meta property=\"og:site_name\" content=\"Eazyshop\" \/>\n<meta property=\"article:modified_time\" content=\"2026-03-27T11:40:16+00:00\" \/>\n<meta property=\"og:image\" content=\"https:\/\/eazyshop.ch\/wp-content\/uploads\/2026\/03\/324103202_xxl3_0uXzH-scaled.jpg\" \/>\n\t<meta property=\"og:image:width\" content=\"2560\" \/>\n\t<meta property=\"og:image:height\" content=\"1611\" \/>\n\t<meta property=\"og:image:type\" content=\"image\/jpeg\" \/>\n<meta name=\"twitter:card\" content=\"summary_large_image\" \/>\n<script type=\"application\/ld+json\" class=\"yoast-schema-graph\">{\"@context\":\"https:\/\/schema.org\",\"@graph\":[{\"@type\":\"WebPage\",\"@id\":\"https:\/\/eazyshop.ch\/produkt\/lego-kirschblueten\/\",\"url\":\"https:\/\/eazyshop.ch\/produkt\/lego-kirschblueten\/\",\"name\":\"LEGO Kirschbl\u00fcten - Eazyshop\",\"isPartOf\":{\"@id\":\"https:\/\/eazyshop.ch\/#website\"},\"primaryImageOfPage\":{\"@id\":\"https:\/\/eazyshop.ch\/produkt\/lego-kirschblueten\/#primaryimage\"},\"image\":{\"@id\":\"https:\/\/eazyshop.ch\/produkt\/lego-kirschblueten\/#primaryimage\"},\"thumbnailUrl\":\"https:\/\/eazyshop.ch\/wp-content\/uploads\/2026\/03\/324103202_xxl3_0uXzH-scaled.jpg\",\"datePublished\":\"2026-03-18T10:06:49+00:00\",\"dateModified\":\"2026-03-27T11:40:16+00:00\",\"description\":\"Altersempfehlung ab 8 Jahren, enthaltene Teile: 430 TeileBeinhaltet 2 bl\u00fchende Kirschbl\u00fctenzweige, die mit zarten pinken und weissen Knospen verziert\",\"breadcrumb\":{\"@id\":\"https:\/\/eazyshop.ch\/produkt\/lego-kirschblueten\/#breadcrumb\"},\"inLanguage\":\"en-GB\",\"potentialAction\":[{\"@type\":\"ReadAction\",\"target\":[\"https:\/\/eazyshop.ch\/produkt\/lego-kirschblueten\/\"]}]},{\"@type\":\"ImageObject\",\"inLanguage\":\"en-GB\",\"@id\":\"https:\/\/eazyshop.ch\/produkt\/lego-kirschblueten\/#primaryimage\",\"url\":\"https:\/\/eazyshop.ch\/wp-content\/uploads\/2026\/03\/324103202_xxl3_0uXzH-scaled.jpg\",\"contentUrl\":\"https:\/\/eazyshop.ch\/wp-content\/uploads\/2026\/03\/324103202_xxl3_0uXzH-scaled.jpg\",\"width\":2560,\"height\":1611},{\"@type\":\"BreadcrumbList\",\"@id\":\"https:\/\/eazyshop.ch\/produkt\/lego-kirschblueten\/#breadcrumb\",\"itemListElement\":[{\"@type\":\"ListItem\",\"position\":1,\"name\":\"Startseite\",\"item\":\"https:\/\/eazyshop.ch\/\"},{\"@type\":\"ListItem\",\"position\":2,\"name\":\"Shop\",\"item\":\"https:\/\/eazyshop.ch\/shop\/\"},{\"@type\":\"ListItem\",\"position\":3,\"name\":\"LEGO Kirschbl\u00fcten\"}]},{\"@type\":\"WebSite\",\"@id\":\"https:\/\/eazyshop.ch\/#website\",\"url\":\"https:\/\/eazyshop.ch\/\",\"name\":\"Eazyshop\",\"description\":\"Where shopping feels easy\",\"publisher\":{\"@id\":\"https:\/\/eazyshop.ch\/#organization\"},\"potentialAction\":[{\"@type\":\"SearchAction\",\"target\":{\"@type\":\"EntryPoint\",\"urlTemplate\":\"https:\/\/eazyshop.ch\/?s={search_term_string}\"},\"query-input\":{\"@type\":\"PropertyValueSpecification\",\"valueRequired\":true,\"valueName\":\"search_term_string\"}}],\"inLanguage\":\"en-GB\"},{\"@type\":\"Organization\",\"@id\":\"https:\/\/eazyshop.ch\/#organization\",\"name\":\"Eazyshop\",\"url\":\"https:\/\/eazyshop.ch\/\",\"logo\":{\"@type\":\"ImageObject\",\"inLanguage\":\"en-GB\",\"@id\":\"https:\/\/eazyshop.ch\/#\/schema\/logo\/image\/\",\"url\":\"\",\"contentUrl\":\"\",\"caption\":\"Eazyshop\"},\"image\":{\"@id\":\"https:\/\/eazyshop.ch\/#\/schema\/logo\/image\/\"},\"sameAs\":[\"https:\/\/www.instagram.com\/eazyshop_ch\/\"]}]}<\/script>\n<!-- \/ Yoast SEO plugin. -->","yoast_head_json":{"title":"LEGO Kirschbl\u00fcten - Eazyshop","description":"Altersempfehlung ab 8 Jahren, enthaltene Teile: 430 TeileBeinhaltet 2 bl\u00fchende Kirschbl\u00fctenzweige, die mit zarten pinken und weissen Knospen verziert","robots":{"index":"index","follow":"follow","max-snippet":"max-snippet:-1","max-image-preview":"max-image-preview:large","max-video-preview":"max-video-preview:-1"},"canonical":"https:\/\/eazyshop.ch\/en\/product\/lego-kirschblueten\/","og_locale":"en_GB","og_type":"article","og_title":"LEGO Kirschbl\u00fcten - Eazyshop","og_description":"Altersempfehlung ab 8 Jahren, enthaltene Teile: 430 TeileBeinhaltet 2 bl\u00fchende Kirschbl\u00fctenzweige, die mit zarten pinken und weissen Knospen verziert","og_url":"https:\/\/eazyshop.ch\/en\/product\/lego-kirschblueten\/","og_site_name":"Eazyshop","article_modified_time":"2026-03-27T11:40:16+00:00","og_image":[{"width":2560,"height":1611,"url":"https:\/\/eazyshop.ch\/wp-content\/uploads\/2026\/03\/324103202_xxl3_0uXzH-scaled.jpg","type":"image\/jpeg"}],"twitter_card":"summary_large_image","schema":{"@context":"https:\/\/schema.org","@graph":[{"@type":"WebPage","@id":"https:\/\/eazyshop.ch\/produkt\/lego-kirschblueten\/","url":"https:\/\/eazyshop.ch\/produkt\/lego-kirschblueten\/","name":"LEGO Kirschbl\u00fcten - Eazyshop","isPartOf":{"@id":"https:\/\/eazyshop.ch\/#website"},"primaryImageOfPage":{"@id":"https:\/\/eazyshop.ch\/produkt\/lego-kirschblueten\/#primaryimage"},"image":{"@id":"https:\/\/eazyshop.ch\/produkt\/lego-kirschblueten\/#primaryimage"},"thumbnailUrl":"https:\/\/eazyshop.ch\/wp-content\/uploads\/2026\/03\/324103202_xxl3_0uXzH-scaled.jpg","datePublished":"2026-03-18T10:06:49+00:00","dateModified":"2026-03-27T11:40:16+00:00","description":"Altersempfehlung ab 8 Jahren, enthaltene Teile: 430 TeileBeinhaltet 2 bl\u00fchende Kirschbl\u00fctenzweige, die mit zarten pinken und weissen Knospen verziert","breadcrumb":{"@id":"https:\/\/eazyshop.ch\/produkt\/lego-kirschblueten\/#breadcrumb"},"inLanguage":"en-GB","potentialAction":[{"@type":"ReadAction","target":["https:\/\/eazyshop.ch\/produkt\/lego-kirschblueten\/"]}]},{"@type":"ImageObject","inLanguage":"en-GB","@id":"https:\/\/eazyshop.ch\/produkt\/lego-kirschblueten\/#primaryimage","url":"https:\/\/eazyshop.ch\/wp-content\/uploads\/2026\/03\/324103202_xxl3_0uXzH-scaled.jpg","contentUrl":"https:\/\/eazyshop.ch\/wp-content\/uploads\/2026\/03\/324103202_xxl3_0uXzH-scaled.jpg","width":2560,"height":1611},{"@type":"BreadcrumbList","@id":"https:\/\/eazyshop.ch\/produkt\/lego-kirschblueten\/#breadcrumb","itemListElement":[{"@type":"ListItem","position":1,"name":"Startseite","item":"https:\/\/eazyshop.ch\/"},{"@type":"ListItem","position":2,"name":"Shop","item":"https:\/\/eazyshop.ch\/shop\/"},{"@type":"ListItem","position":3,"name":"LEGO Kirschbl\u00fcten"}]},{"@type":"WebSite","@id":"https:\/\/eazyshop.ch\/#website","url":"https:\/\/eazyshop.ch\/","name":"Eazyshop","description":"Where shopping feels easy","publisher":{"@id":"https:\/\/eazyshop.ch\/#organization"},"potentialAction":[{"@type":"SearchAction","target":{"@type":"EntryPoint","urlTemplate":"https:\/\/eazyshop.ch\/?s={search_term_string}"},"query-input":{"@type":"PropertyValueSpecification","valueRequired":true,"valueName":"search_term_string"}}],"inLanguage":"en-GB"},{"@type":"Organization","@id":"https:\/\/eazyshop.ch\/#organization","name":"Eazyshop","url":"https:\/\/eazyshop.ch\/","logo":{"@type":"ImageObject","inLanguage":"en-GB","@id":"https:\/\/eazyshop.ch\/#\/schema\/logo\/image\/","url":"","contentUrl":"","caption":"Eazyshop"},"image":{"@id":"https:\/\/eazyshop.ch\/#\/schema\/logo\/image\/"},"sameAs":["https:\/\/www.instagram.com\/eazyshop_ch\/"]}]}},"jetpack_sharing_enabled":true,"_links":{"self":[{"href":"https:\/\/eazyshop.ch\/en\/wp-json\/wp\/v2\/product\/1078610","targetHints":{"allow":["GET"]}}],"collection":[{"href":"https:\/\/eazyshop.ch\/en\/wp-json\/wp\/v2\/product"}],"about":[{"href":"https:\/\/eazyshop.ch\/en\/wp-json\/wp\/v2\/types\/product"}],"replies":[{"embeddable":true,"href":"https:\/\/eazyshop.ch\/en\/wp-json\/wp\/v2\/comments?post=1078610"}],"version-history":[{"count":0,"href":"https:\/\/eazyshop.ch\/en\/wp-json\/wp\/v2\/product\/1078610\/revisions"}],"wp:featuredmedia":[{"embeddable":true,"href":"https:\/\/eazyshop.ch\/en\/wp-json\/wp\/v2\/media\/1078609"}],"wp:attachment":[{"href":"https:\/\/eazyshop.ch\/en\/wp-json\/wp\/v2\/media?parent=1078610"}],"wp:term":[{"taxonomy":"product_brand","embeddable":true,"href":"https:\/\/eazyshop.ch\/en\/wp-json\/wp\/v2\/product_brand?post=1078610"},{"taxonomy":"product_cat","embeddable":true,"href":"https:\/\/eazyshop.ch\/en\/wp-json\/wp\/v2\/product_cat?post=1078610"},{"taxonomy":"product_tag","embeddable":true,"href":"https:\/\/eazyshop.ch\/en\/wp-json\/wp\/v2\/product_tag?post=1078610"}],"curies":[{"name":"wp","href":"https:\/\/api.w.org\/{rel}","templated":true}]}}