{"id":1078602,"date":"2026-03-18T10:06:30","date_gmt":"2026-03-18T10:06:30","guid":{"rendered":"https:\/\/eazyshop.ch\/?post_type=product&#038;p=1078602"},"modified":"2026-03-27T11:40:15","modified_gmt":"2026-03-27T11:40:15","slug":"lego-heihei-figur-zum-ausstellen","status":"publish","type":"product","link":"https:\/\/eazyshop.ch\/en\/product\/lego-heihei-figur-zum-ausstellen\/","title":{"rendered":"LEGO Heihei Figur zum Ausstellen"},"content":{"rendered":"<p>Altersempfehlung ab 5 Jahren, enthaltene Teile: 566 TeileDas baubare LEGO Disney Modell stellt Vaianas Hahn Heihei auf einem St\u00e4nder darDer Hahn aus diesem Bauset ist beweglich, um in fantasievollen Posen ausgestellt werden zu k\u00f6nnenDetailgetreuer Charakter zum Sammeln aus dem Universum der Disney Heldin VaianaTolles Bauset f\u00fcr Kinder, die Filme lieben und gerne neue Trends setzenDie LEGO-Builder-App bietet j\u00fcngeren Baumeistern ein noch faszinierenderes Erlebnis<\/p>","protected":false},"excerpt":{"rendered":"<p>Altersempfehlung ab 5 Jahren, enthaltene Teile: 566 TeileDas baubare LEGO Disney Modell stellt Vaianas Hahn Heihei auf einem St\u00e4nder darDer<\/p>","protected":false},"featured_media":1078601,"comment_status":"open","ping_status":"closed","template":"","meta":[],"product_brand":[15421],"product_cat":[15437],"product_tag":[],"class_list":{"0":"post-1078602","1":"product","2":"type-product","3":"status-publish","4":"has-post-thumbnail","6":"product_brand-lego","7":"product_cat-lego","9":"first","10":"instock","11":"taxable","12":"shipping-taxable","13":"purchasable","14":"product-type-simple"},"yoast_head":"<!-- This site is optimized with the Yoast SEO plugin v26.9 - https:\/\/yoast.com\/product\/yoast-seo-wordpress\/ -->\n<title>LEGO Heihei Figur zum Ausstellen - Eazyshop<\/title>\n<meta name=\"description\" content=\"Altersempfehlung ab 5 Jahren, enthaltene Teile: 566 TeileDas baubare LEGO Disney Modell stellt Vaianas Hahn Heihei auf einem St\u00e4nder darDer Hahn aus\" \/>\n<meta name=\"robots\" content=\"index, follow, max-snippet:-1, max-image-preview:large, max-video-preview:-1\" \/>\n<link rel=\"canonical\" href=\"https:\/\/eazyshop.ch\/en\/product\/lego-heihei-figur-zum-ausstellen\/\" \/>\n<meta property=\"og:locale\" content=\"en_GB\" \/>\n<meta property=\"og:type\" content=\"article\" \/>\n<meta property=\"og:title\" content=\"LEGO Heihei Figur zum Ausstellen - Eazyshop\" \/>\n<meta property=\"og:description\" content=\"Altersempfehlung ab 5 Jahren, enthaltene Teile: 566 TeileDas baubare LEGO Disney Modell stellt Vaianas Hahn Heihei auf einem St\u00e4nder darDer Hahn aus\" \/>\n<meta property=\"og:url\" content=\"https:\/\/eazyshop.ch\/en\/product\/lego-heihei-figur-zum-ausstellen\/\" \/>\n<meta property=\"og:site_name\" content=\"Eazyshop\" \/>\n<meta property=\"article:modified_time\" content=\"2026-03-27T11:40:15+00:00\" \/>\n<meta property=\"og:image\" content=\"https:\/\/eazyshop.ch\/wp-content\/uploads\/2026\/03\/381203626_xxl3_afvLX-scaled.jpg\" \/>\n\t<meta property=\"og:image:width\" content=\"2560\" \/>\n\t<meta property=\"og:image:height\" content=\"1611\" \/>\n\t<meta property=\"og:image:type\" content=\"image\/jpeg\" \/>\n<meta name=\"twitter:card\" content=\"summary_large_image\" \/>\n<script type=\"application\/ld+json\" class=\"yoast-schema-graph\">{\"@context\":\"https:\/\/schema.org\",\"@graph\":[{\"@type\":\"WebPage\",\"@id\":\"https:\/\/eazyshop.ch\/produkt\/lego-heihei-figur-zum-ausstellen\/\",\"url\":\"https:\/\/eazyshop.ch\/produkt\/lego-heihei-figur-zum-ausstellen\/\",\"name\":\"LEGO Heihei Figur zum Ausstellen - Eazyshop\",\"isPartOf\":{\"@id\":\"https:\/\/eazyshop.ch\/#website\"},\"primaryImageOfPage\":{\"@id\":\"https:\/\/eazyshop.ch\/produkt\/lego-heihei-figur-zum-ausstellen\/#primaryimage\"},\"image\":{\"@id\":\"https:\/\/eazyshop.ch\/produkt\/lego-heihei-figur-zum-ausstellen\/#primaryimage\"},\"thumbnailUrl\":\"https:\/\/eazyshop.ch\/wp-content\/uploads\/2026\/03\/381203626_xxl3_afvLX-scaled.jpg\",\"datePublished\":\"2026-03-18T10:06:30+00:00\",\"dateModified\":\"2026-03-27T11:40:15+00:00\",\"description\":\"Altersempfehlung ab 5 Jahren, enthaltene Teile: 566 TeileDas baubare LEGO Disney Modell stellt Vaianas Hahn Heihei auf einem St\u00e4nder darDer Hahn aus\",\"breadcrumb\":{\"@id\":\"https:\/\/eazyshop.ch\/produkt\/lego-heihei-figur-zum-ausstellen\/#breadcrumb\"},\"inLanguage\":\"en-GB\",\"potentialAction\":[{\"@type\":\"ReadAction\",\"target\":[\"https:\/\/eazyshop.ch\/produkt\/lego-heihei-figur-zum-ausstellen\/\"]}]},{\"@type\":\"ImageObject\",\"inLanguage\":\"en-GB\",\"@id\":\"https:\/\/eazyshop.ch\/produkt\/lego-heihei-figur-zum-ausstellen\/#primaryimage\",\"url\":\"https:\/\/eazyshop.ch\/wp-content\/uploads\/2026\/03\/381203626_xxl3_afvLX-scaled.jpg\",\"contentUrl\":\"https:\/\/eazyshop.ch\/wp-content\/uploads\/2026\/03\/381203626_xxl3_afvLX-scaled.jpg\",\"width\":2560,\"height\":1611},{\"@type\":\"BreadcrumbList\",\"@id\":\"https:\/\/eazyshop.ch\/produkt\/lego-heihei-figur-zum-ausstellen\/#breadcrumb\",\"itemListElement\":[{\"@type\":\"ListItem\",\"position\":1,\"name\":\"Startseite\",\"item\":\"https:\/\/eazyshop.ch\/\"},{\"@type\":\"ListItem\",\"position\":2,\"name\":\"Shop\",\"item\":\"https:\/\/eazyshop.ch\/shop\/\"},{\"@type\":\"ListItem\",\"position\":3,\"name\":\"LEGO Heihei Figur zum Ausstellen\"}]},{\"@type\":\"WebSite\",\"@id\":\"https:\/\/eazyshop.ch\/#website\",\"url\":\"https:\/\/eazyshop.ch\/\",\"name\":\"Eazyshop\",\"description\":\"Where shopping feels easy\",\"publisher\":{\"@id\":\"https:\/\/eazyshop.ch\/#organization\"},\"potentialAction\":[{\"@type\":\"SearchAction\",\"target\":{\"@type\":\"EntryPoint\",\"urlTemplate\":\"https:\/\/eazyshop.ch\/?s={search_term_string}\"},\"query-input\":{\"@type\":\"PropertyValueSpecification\",\"valueRequired\":true,\"valueName\":\"search_term_string\"}}],\"inLanguage\":\"en-GB\"},{\"@type\":\"Organization\",\"@id\":\"https:\/\/eazyshop.ch\/#organization\",\"name\":\"Eazyshop\",\"url\":\"https:\/\/eazyshop.ch\/\",\"logo\":{\"@type\":\"ImageObject\",\"inLanguage\":\"en-GB\",\"@id\":\"https:\/\/eazyshop.ch\/#\/schema\/logo\/image\/\",\"url\":\"\",\"contentUrl\":\"\",\"caption\":\"Eazyshop\"},\"image\":{\"@id\":\"https:\/\/eazyshop.ch\/#\/schema\/logo\/image\/\"},\"sameAs\":[\"https:\/\/www.instagram.com\/eazyshop_ch\/\"]}]}<\/script>\n<!-- \/ Yoast SEO plugin. -->","yoast_head_json":{"title":"LEGO Heihei Figur zum Ausstellen - Eazyshop","description":"Altersempfehlung ab 5 Jahren, enthaltene Teile: 566 TeileDas baubare LEGO Disney Modell stellt Vaianas Hahn Heihei auf einem St\u00e4nder darDer Hahn aus","robots":{"index":"index","follow":"follow","max-snippet":"max-snippet:-1","max-image-preview":"max-image-preview:large","max-video-preview":"max-video-preview:-1"},"canonical":"https:\/\/eazyshop.ch\/en\/product\/lego-heihei-figur-zum-ausstellen\/","og_locale":"en_GB","og_type":"article","og_title":"LEGO Heihei Figur zum Ausstellen - Eazyshop","og_description":"Altersempfehlung ab 5 Jahren, enthaltene Teile: 566 TeileDas baubare LEGO Disney Modell stellt Vaianas Hahn Heihei auf einem St\u00e4nder darDer Hahn aus","og_url":"https:\/\/eazyshop.ch\/en\/product\/lego-heihei-figur-zum-ausstellen\/","og_site_name":"Eazyshop","article_modified_time":"2026-03-27T11:40:15+00:00","og_image":[{"width":2560,"height":1611,"url":"https:\/\/eazyshop.ch\/wp-content\/uploads\/2026\/03\/381203626_xxl3_afvLX-scaled.jpg","type":"image\/jpeg"}],"twitter_card":"summary_large_image","schema":{"@context":"https:\/\/schema.org","@graph":[{"@type":"WebPage","@id":"https:\/\/eazyshop.ch\/produkt\/lego-heihei-figur-zum-ausstellen\/","url":"https:\/\/eazyshop.ch\/produkt\/lego-heihei-figur-zum-ausstellen\/","name":"LEGO Heihei Figur zum Ausstellen - Eazyshop","isPartOf":{"@id":"https:\/\/eazyshop.ch\/#website"},"primaryImageOfPage":{"@id":"https:\/\/eazyshop.ch\/produkt\/lego-heihei-figur-zum-ausstellen\/#primaryimage"},"image":{"@id":"https:\/\/eazyshop.ch\/produkt\/lego-heihei-figur-zum-ausstellen\/#primaryimage"},"thumbnailUrl":"https:\/\/eazyshop.ch\/wp-content\/uploads\/2026\/03\/381203626_xxl3_afvLX-scaled.jpg","datePublished":"2026-03-18T10:06:30+00:00","dateModified":"2026-03-27T11:40:15+00:00","description":"Altersempfehlung ab 5 Jahren, enthaltene Teile: 566 TeileDas baubare LEGO Disney Modell stellt Vaianas Hahn Heihei auf einem St\u00e4nder darDer Hahn aus","breadcrumb":{"@id":"https:\/\/eazyshop.ch\/produkt\/lego-heihei-figur-zum-ausstellen\/#breadcrumb"},"inLanguage":"en-GB","potentialAction":[{"@type":"ReadAction","target":["https:\/\/eazyshop.ch\/produkt\/lego-heihei-figur-zum-ausstellen\/"]}]},{"@type":"ImageObject","inLanguage":"en-GB","@id":"https:\/\/eazyshop.ch\/produkt\/lego-heihei-figur-zum-ausstellen\/#primaryimage","url":"https:\/\/eazyshop.ch\/wp-content\/uploads\/2026\/03\/381203626_xxl3_afvLX-scaled.jpg","contentUrl":"https:\/\/eazyshop.ch\/wp-content\/uploads\/2026\/03\/381203626_xxl3_afvLX-scaled.jpg","width":2560,"height":1611},{"@type":"BreadcrumbList","@id":"https:\/\/eazyshop.ch\/produkt\/lego-heihei-figur-zum-ausstellen\/#breadcrumb","itemListElement":[{"@type":"ListItem","position":1,"name":"Startseite","item":"https:\/\/eazyshop.ch\/"},{"@type":"ListItem","position":2,"name":"Shop","item":"https:\/\/eazyshop.ch\/shop\/"},{"@type":"ListItem","position":3,"name":"LEGO Heihei Figur zum Ausstellen"}]},{"@type":"WebSite","@id":"https:\/\/eazyshop.ch\/#website","url":"https:\/\/eazyshop.ch\/","name":"Eazyshop","description":"Where shopping feels easy","publisher":{"@id":"https:\/\/eazyshop.ch\/#organization"},"potentialAction":[{"@type":"SearchAction","target":{"@type":"EntryPoint","urlTemplate":"https:\/\/eazyshop.ch\/?s={search_term_string}"},"query-input":{"@type":"PropertyValueSpecification","valueRequired":true,"valueName":"search_term_string"}}],"inLanguage":"en-GB"},{"@type":"Organization","@id":"https:\/\/eazyshop.ch\/#organization","name":"Eazyshop","url":"https:\/\/eazyshop.ch\/","logo":{"@type":"ImageObject","inLanguage":"en-GB","@id":"https:\/\/eazyshop.ch\/#\/schema\/logo\/image\/","url":"","contentUrl":"","caption":"Eazyshop"},"image":{"@id":"https:\/\/eazyshop.ch\/#\/schema\/logo\/image\/"},"sameAs":["https:\/\/www.instagram.com\/eazyshop_ch\/"]}]}},"jetpack_sharing_enabled":true,"_links":{"self":[{"href":"https:\/\/eazyshop.ch\/en\/wp-json\/wp\/v2\/product\/1078602","targetHints":{"allow":["GET"]}}],"collection":[{"href":"https:\/\/eazyshop.ch\/en\/wp-json\/wp\/v2\/product"}],"about":[{"href":"https:\/\/eazyshop.ch\/en\/wp-json\/wp\/v2\/types\/product"}],"replies":[{"embeddable":true,"href":"https:\/\/eazyshop.ch\/en\/wp-json\/wp\/v2\/comments?post=1078602"}],"version-history":[{"count":0,"href":"https:\/\/eazyshop.ch\/en\/wp-json\/wp\/v2\/product\/1078602\/revisions"}],"wp:featuredmedia":[{"embeddable":true,"href":"https:\/\/eazyshop.ch\/en\/wp-json\/wp\/v2\/media\/1078601"}],"wp:attachment":[{"href":"https:\/\/eazyshop.ch\/en\/wp-json\/wp\/v2\/media?parent=1078602"}],"wp:term":[{"taxonomy":"product_brand","embeddable":true,"href":"https:\/\/eazyshop.ch\/en\/wp-json\/wp\/v2\/product_brand?post=1078602"},{"taxonomy":"product_cat","embeddable":true,"href":"https:\/\/eazyshop.ch\/en\/wp-json\/wp\/v2\/product_cat?post=1078602"},{"taxonomy":"product_tag","embeddable":true,"href":"https:\/\/eazyshop.ch\/en\/wp-json\/wp\/v2\/product_tag?post=1078602"}],"curies":[{"name":"wp","href":"https:\/\/api.w.org\/{rel}","templated":true}]}}