{"id":1078538,"date":"2026-03-18T09:58:44","date_gmt":"2026-03-18T09:58:44","guid":{"rendered":"https:\/\/eazyshop.ch\/?post_type=product&#038;p=1078538"},"modified":"2026-03-27T11:40:15","modified_gmt":"2026-03-27T11:40:15","slug":"waschhandschuhe-set-muslin-little-farm-olive","status":"publish","type":"product","link":"https:\/\/eazyshop.ch\/en\/product\/waschhandschuhe-set-muslin-little-farm-olive\/","title":{"rendered":"Little Dutch Waschhandschuhe Set muslin Little Farm \/ Olive"},"content":{"rendered":"<p>Die hydrophilen Waschlappen von Little Dutch sind beim Baden unverzichtbar! Sie f\u00fchlen sich herrlich weich an, da sie aus 100 % Bio-Baumwolle hergestellt sind. Dadurch sind sie sehr saugf\u00e4hig und trocknen schnell. Ideal, um Ihr Kind damit zu waschen. Dieses Set enth\u00e4lt einen Waschlappen mit dem niedlichen Bauernhofmotiv aus der Little Farm Kollektion und einen olivgr\u00fcnen Waschlappen. Die Waschlappen sind 21 x 14 cm gro\u00df. Unsere Waschlappen sind auch als Set mit 2 hydrophilen T\u00fcchern 70 x 70 cm, hydrophilem Tuch 120 x 120 cm und Mundt\u00fcchern erh\u00e4ltlich.<\/p>","protected":false},"excerpt":{"rendered":"<p>Die hydrophilen Waschlappen von Little Dutch sind beim Baden unverzichtbar! Sie f\u00fchlen sich herrlich weich an, da sie aus 100<\/p>","protected":false},"featured_media":1078535,"comment_status":"open","ping_status":"closed","template":"","meta":[],"product_brand":[15418],"product_cat":[7652],"product_tag":[],"class_list":{"0":"post-1078538","1":"product","2":"type-product","3":"status-publish","4":"has-post-thumbnail","6":"product_brand-little-dutch","7":"product_cat-baby-kleinkind","9":"first","10":"instock","11":"taxable","12":"shipping-taxable","13":"purchasable","14":"product-type-simple"},"yoast_head":"<!-- This site is optimized with the Yoast SEO plugin v26.9 - https:\/\/yoast.com\/product\/yoast-seo-wordpress\/ -->\n<title>Little Dutch Waschhandschuhe Set muslin Little Farm \/ Olive - Eazyshop<\/title>\n<meta name=\"description\" content=\"Die hydrophilen Waschlappen von Little Dutch sind beim Baden unverzichtbar! Sie f\u00fchlen sich herrlich weich an, da sie aus 100 % Bio-Baumwolle hergestellt\" \/>\n<meta name=\"robots\" content=\"index, follow, max-snippet:-1, max-image-preview:large, max-video-preview:-1\" \/>\n<link rel=\"canonical\" href=\"https:\/\/eazyshop.ch\/en\/product\/waschhandschuhe-set-muslin-little-farm-olive\/\" \/>\n<meta property=\"og:locale\" content=\"en_GB\" \/>\n<meta property=\"og:type\" content=\"article\" \/>\n<meta property=\"og:title\" content=\"Little Dutch Waschhandschuhe Set muslin Little Farm \/ Olive - Eazyshop\" \/>\n<meta property=\"og:description\" content=\"Die hydrophilen Waschlappen von Little Dutch sind beim Baden unverzichtbar! Sie f\u00fchlen sich herrlich weich an, da sie aus 100 % Bio-Baumwolle hergestellt\" \/>\n<meta property=\"og:url\" content=\"https:\/\/eazyshop.ch\/en\/product\/waschhandschuhe-set-muslin-little-farm-olive\/\" \/>\n<meta property=\"og:site_name\" content=\"Eazyshop\" \/>\n<meta property=\"article:modified_time\" content=\"2026-03-27T11:40:15+00:00\" \/>\n<meta property=\"og:image\" content=\"https:\/\/eazyshop.ch\/wp-content\/uploads\/2026\/03\/0000819_sK2bW.webp\" \/>\n\t<meta property=\"og:image:width\" content=\"500\" \/>\n\t<meta property=\"og:image:height\" content=\"500\" \/>\n\t<meta property=\"og:image:type\" content=\"image\/webp\" \/>\n<meta name=\"twitter:card\" content=\"summary_large_image\" \/>\n<script type=\"application\/ld+json\" class=\"yoast-schema-graph\">{\"@context\":\"https:\/\/schema.org\",\"@graph\":[{\"@type\":\"WebPage\",\"@id\":\"https:\/\/eazyshop.ch\/produkt\/waschhandschuhe-set-muslin-little-farm-olive\/\",\"url\":\"https:\/\/eazyshop.ch\/produkt\/waschhandschuhe-set-muslin-little-farm-olive\/\",\"name\":\"Little Dutch Waschhandschuhe Set muslin Little Farm \/ Olive - Eazyshop\",\"isPartOf\":{\"@id\":\"https:\/\/eazyshop.ch\/#website\"},\"primaryImageOfPage\":{\"@id\":\"https:\/\/eazyshop.ch\/produkt\/waschhandschuhe-set-muslin-little-farm-olive\/#primaryimage\"},\"image\":{\"@id\":\"https:\/\/eazyshop.ch\/produkt\/waschhandschuhe-set-muslin-little-farm-olive\/#primaryimage\"},\"thumbnailUrl\":\"https:\/\/eazyshop.ch\/wp-content\/uploads\/2026\/03\/0000819_sK2bW.webp\",\"datePublished\":\"2026-03-18T09:58:44+00:00\",\"dateModified\":\"2026-03-27T11:40:15+00:00\",\"description\":\"Die hydrophilen Waschlappen von Little Dutch sind beim Baden unverzichtbar! Sie f\u00fchlen sich herrlich weich an, da sie aus 100 % Bio-Baumwolle hergestellt\",\"breadcrumb\":{\"@id\":\"https:\/\/eazyshop.ch\/produkt\/waschhandschuhe-set-muslin-little-farm-olive\/#breadcrumb\"},\"inLanguage\":\"en-GB\",\"potentialAction\":[{\"@type\":\"ReadAction\",\"target\":[\"https:\/\/eazyshop.ch\/produkt\/waschhandschuhe-set-muslin-little-farm-olive\/\"]}]},{\"@type\":\"ImageObject\",\"inLanguage\":\"en-GB\",\"@id\":\"https:\/\/eazyshop.ch\/produkt\/waschhandschuhe-set-muslin-little-farm-olive\/#primaryimage\",\"url\":\"https:\/\/eazyshop.ch\/wp-content\/uploads\/2026\/03\/0000819_sK2bW.webp\",\"contentUrl\":\"https:\/\/eazyshop.ch\/wp-content\/uploads\/2026\/03\/0000819_sK2bW.webp\",\"width\":500,\"height\":500},{\"@type\":\"BreadcrumbList\",\"@id\":\"https:\/\/eazyshop.ch\/produkt\/waschhandschuhe-set-muslin-little-farm-olive\/#breadcrumb\",\"itemListElement\":[{\"@type\":\"ListItem\",\"position\":1,\"name\":\"Startseite\",\"item\":\"https:\/\/eazyshop.ch\/\"},{\"@type\":\"ListItem\",\"position\":2,\"name\":\"Shop\",\"item\":\"https:\/\/eazyshop.ch\/shop\/\"},{\"@type\":\"ListItem\",\"position\":3,\"name\":\"Little Dutch Waschhandschuhe Set muslin Little Farm \/ Olive\"}]},{\"@type\":\"WebSite\",\"@id\":\"https:\/\/eazyshop.ch\/#website\",\"url\":\"https:\/\/eazyshop.ch\/\",\"name\":\"Eazyshop\",\"description\":\"Where shopping feels easy\",\"publisher\":{\"@id\":\"https:\/\/eazyshop.ch\/#organization\"},\"potentialAction\":[{\"@type\":\"SearchAction\",\"target\":{\"@type\":\"EntryPoint\",\"urlTemplate\":\"https:\/\/eazyshop.ch\/?s={search_term_string}\"},\"query-input\":{\"@type\":\"PropertyValueSpecification\",\"valueRequired\":true,\"valueName\":\"search_term_string\"}}],\"inLanguage\":\"en-GB\"},{\"@type\":\"Organization\",\"@id\":\"https:\/\/eazyshop.ch\/#organization\",\"name\":\"Eazyshop\",\"url\":\"https:\/\/eazyshop.ch\/\",\"logo\":{\"@type\":\"ImageObject\",\"inLanguage\":\"en-GB\",\"@id\":\"https:\/\/eazyshop.ch\/#\/schema\/logo\/image\/\",\"url\":\"\",\"contentUrl\":\"\",\"caption\":\"Eazyshop\"},\"image\":{\"@id\":\"https:\/\/eazyshop.ch\/#\/schema\/logo\/image\/\"},\"sameAs\":[\"https:\/\/www.instagram.com\/eazyshop_ch\/\"]}]}<\/script>\n<!-- \/ Yoast SEO plugin. -->","yoast_head_json":{"title":"Little Dutch Waschhandschuhe Set muslin Little Farm \/ Olive - Eazyshop","description":"Die hydrophilen Waschlappen von Little Dutch sind beim Baden unverzichtbar! Sie f\u00fchlen sich herrlich weich an, da sie aus 100 % Bio-Baumwolle hergestellt","robots":{"index":"index","follow":"follow","max-snippet":"max-snippet:-1","max-image-preview":"max-image-preview:large","max-video-preview":"max-video-preview:-1"},"canonical":"https:\/\/eazyshop.ch\/en\/product\/waschhandschuhe-set-muslin-little-farm-olive\/","og_locale":"en_GB","og_type":"article","og_title":"Little Dutch Waschhandschuhe Set muslin Little Farm \/ Olive - Eazyshop","og_description":"Die hydrophilen Waschlappen von Little Dutch sind beim Baden unverzichtbar! Sie f\u00fchlen sich herrlich weich an, da sie aus 100 % Bio-Baumwolle hergestellt","og_url":"https:\/\/eazyshop.ch\/en\/product\/waschhandschuhe-set-muslin-little-farm-olive\/","og_site_name":"Eazyshop","article_modified_time":"2026-03-27T11:40:15+00:00","og_image":[{"width":500,"height":500,"url":"https:\/\/eazyshop.ch\/wp-content\/uploads\/2026\/03\/0000819_sK2bW.webp","type":"image\/webp"}],"twitter_card":"summary_large_image","schema":{"@context":"https:\/\/schema.org","@graph":[{"@type":"WebPage","@id":"https:\/\/eazyshop.ch\/produkt\/waschhandschuhe-set-muslin-little-farm-olive\/","url":"https:\/\/eazyshop.ch\/produkt\/waschhandschuhe-set-muslin-little-farm-olive\/","name":"Little Dutch Waschhandschuhe Set muslin Little Farm \/ Olive - Eazyshop","isPartOf":{"@id":"https:\/\/eazyshop.ch\/#website"},"primaryImageOfPage":{"@id":"https:\/\/eazyshop.ch\/produkt\/waschhandschuhe-set-muslin-little-farm-olive\/#primaryimage"},"image":{"@id":"https:\/\/eazyshop.ch\/produkt\/waschhandschuhe-set-muslin-little-farm-olive\/#primaryimage"},"thumbnailUrl":"https:\/\/eazyshop.ch\/wp-content\/uploads\/2026\/03\/0000819_sK2bW.webp","datePublished":"2026-03-18T09:58:44+00:00","dateModified":"2026-03-27T11:40:15+00:00","description":"Die hydrophilen Waschlappen von Little Dutch sind beim Baden unverzichtbar! Sie f\u00fchlen sich herrlich weich an, da sie aus 100 % Bio-Baumwolle hergestellt","breadcrumb":{"@id":"https:\/\/eazyshop.ch\/produkt\/waschhandschuhe-set-muslin-little-farm-olive\/#breadcrumb"},"inLanguage":"en-GB","potentialAction":[{"@type":"ReadAction","target":["https:\/\/eazyshop.ch\/produkt\/waschhandschuhe-set-muslin-little-farm-olive\/"]}]},{"@type":"ImageObject","inLanguage":"en-GB","@id":"https:\/\/eazyshop.ch\/produkt\/waschhandschuhe-set-muslin-little-farm-olive\/#primaryimage","url":"https:\/\/eazyshop.ch\/wp-content\/uploads\/2026\/03\/0000819_sK2bW.webp","contentUrl":"https:\/\/eazyshop.ch\/wp-content\/uploads\/2026\/03\/0000819_sK2bW.webp","width":500,"height":500},{"@type":"BreadcrumbList","@id":"https:\/\/eazyshop.ch\/produkt\/waschhandschuhe-set-muslin-little-farm-olive\/#breadcrumb","itemListElement":[{"@type":"ListItem","position":1,"name":"Startseite","item":"https:\/\/eazyshop.ch\/"},{"@type":"ListItem","position":2,"name":"Shop","item":"https:\/\/eazyshop.ch\/shop\/"},{"@type":"ListItem","position":3,"name":"Little Dutch Waschhandschuhe Set muslin Little Farm \/ Olive"}]},{"@type":"WebSite","@id":"https:\/\/eazyshop.ch\/#website","url":"https:\/\/eazyshop.ch\/","name":"Eazyshop","description":"Where shopping feels easy","publisher":{"@id":"https:\/\/eazyshop.ch\/#organization"},"potentialAction":[{"@type":"SearchAction","target":{"@type":"EntryPoint","urlTemplate":"https:\/\/eazyshop.ch\/?s={search_term_string}"},"query-input":{"@type":"PropertyValueSpecification","valueRequired":true,"valueName":"search_term_string"}}],"inLanguage":"en-GB"},{"@type":"Organization","@id":"https:\/\/eazyshop.ch\/#organization","name":"Eazyshop","url":"https:\/\/eazyshop.ch\/","logo":{"@type":"ImageObject","inLanguage":"en-GB","@id":"https:\/\/eazyshop.ch\/#\/schema\/logo\/image\/","url":"","contentUrl":"","caption":"Eazyshop"},"image":{"@id":"https:\/\/eazyshop.ch\/#\/schema\/logo\/image\/"},"sameAs":["https:\/\/www.instagram.com\/eazyshop_ch\/"]}]}},"jetpack_sharing_enabled":true,"_links":{"self":[{"href":"https:\/\/eazyshop.ch\/en\/wp-json\/wp\/v2\/product\/1078538","targetHints":{"allow":["GET"]}}],"collection":[{"href":"https:\/\/eazyshop.ch\/en\/wp-json\/wp\/v2\/product"}],"about":[{"href":"https:\/\/eazyshop.ch\/en\/wp-json\/wp\/v2\/types\/product"}],"replies":[{"embeddable":true,"href":"https:\/\/eazyshop.ch\/en\/wp-json\/wp\/v2\/comments?post=1078538"}],"version-history":[{"count":0,"href":"https:\/\/eazyshop.ch\/en\/wp-json\/wp\/v2\/product\/1078538\/revisions"}],"wp:featuredmedia":[{"embeddable":true,"href":"https:\/\/eazyshop.ch\/en\/wp-json\/wp\/v2\/media\/1078535"}],"wp:attachment":[{"href":"https:\/\/eazyshop.ch\/en\/wp-json\/wp\/v2\/media?parent=1078538"}],"wp:term":[{"taxonomy":"product_brand","embeddable":true,"href":"https:\/\/eazyshop.ch\/en\/wp-json\/wp\/v2\/product_brand?post=1078538"},{"taxonomy":"product_cat","embeddable":true,"href":"https:\/\/eazyshop.ch\/en\/wp-json\/wp\/v2\/product_cat?post=1078538"},{"taxonomy":"product_tag","embeddable":true,"href":"https:\/\/eazyshop.ch\/en\/wp-json\/wp\/v2\/product_tag?post=1078538"}],"curies":[{"name":"wp","href":"https:\/\/api.w.org\/{rel}","templated":true}]}}