{"id":1078522,"date":"2026-03-18T09:58:45","date_gmt":"2026-03-18T09:58:45","guid":{"rendered":"https:\/\/eazyshop.ch\/?post_type=product&#038;p=1078522"},"modified":"2026-03-27T11:40:14","modified_gmt":"2026-03-27T11:40:14","slug":"teppich-flower-110-cm-anti-slip","status":"publish","type":"product","link":"https:\/\/eazyshop.ch\/en\/product\/teppich-flower-110-cm-anti-slip\/","title":{"rendered":"Little Dutch Teppich Flower &#8211; 110 cm Anti Slip"},"content":{"rendered":"<p>Bl\u00fchendes Kinderzimmer. Dieser fantasievolle Teppich in Form einer eleganten Blume sorgt f\u00fcr W\u00e4rme und Komfort im Zimmer Ihres Kindes. Das farbenfrohe Design ist ein echter Eyecatcher. Mit einer Gr\u00f6sse von 110&#215;110 cm passt der Teppich auch in kleinere R\u00c4ume. Kombinieren Sie die fr\u00f6hliche Atmosph\u00e4re mit dazu passenden Artikeln aus der Flowers &amp; Butterflies-Kollektion.<\/p>","protected":false},"excerpt":{"rendered":"<p>Bl\u00fchendes Kinderzimmer. Dieser fantasievolle Teppich in Form einer eleganten Blume sorgt f\u00fcr W\u00e4rme und Komfort im Zimmer Ihres Kindes. Das<\/p>","protected":false},"featured_media":1078519,"comment_status":"open","ping_status":"closed","template":"","meta":[],"product_brand":[15418],"product_cat":[15426],"product_tag":[],"class_list":{"0":"post-1078522","1":"product","2":"type-product","3":"status-publish","4":"has-post-thumbnail","6":"product_brand-little-dutch","7":"product_cat-kinderteppich","9":"first","10":"instock","11":"taxable","12":"shipping-taxable","13":"purchasable","14":"product-type-simple"},"yoast_head":"<!-- This site is optimized with the Yoast SEO plugin v26.9 - https:\/\/yoast.com\/product\/yoast-seo-wordpress\/ -->\n<title>Little Dutch Teppich Flower - 110 cm Anti Slip - Eazyshop<\/title>\n<meta name=\"description\" content=\"Bl\u00fchendes Kinderzimmer. Dieser fantasievolle Teppich in Form einer eleganten Blume sorgt f\u00fcr W\u00e4rme und Komfort im Zimmer Ihres Kindes. Das farbenfrohe\" \/>\n<meta name=\"robots\" content=\"index, follow, max-snippet:-1, max-image-preview:large, max-video-preview:-1\" \/>\n<link rel=\"canonical\" href=\"https:\/\/eazyshop.ch\/en\/product\/teppich-flower-110-cm-anti-slip\/\" \/>\n<meta property=\"og:locale\" content=\"en_GB\" \/>\n<meta property=\"og:type\" content=\"article\" \/>\n<meta property=\"og:title\" content=\"Little Dutch Teppich Flower - 110 cm Anti Slip - Eazyshop\" \/>\n<meta property=\"og:description\" content=\"Bl\u00fchendes Kinderzimmer. Dieser fantasievolle Teppich in Form einer eleganten Blume sorgt f\u00fcr W\u00e4rme und Komfort im Zimmer Ihres Kindes. Das farbenfrohe\" \/>\n<meta property=\"og:url\" content=\"https:\/\/eazyshop.ch\/en\/product\/teppich-flower-110-cm-anti-slip\/\" \/>\n<meta property=\"og:site_name\" content=\"Eazyshop\" \/>\n<meta property=\"article:modified_time\" content=\"2026-03-27T11:40:14+00:00\" \/>\n<meta property=\"og:image\" content=\"https:\/\/eazyshop.ch\/wp-content\/uploads\/2026\/03\/0023709_vloerkleed-bloem-110x110-cm_mHzua.webp\" \/>\n\t<meta property=\"og:image:width\" content=\"480\" \/>\n\t<meta property=\"og:image:height\" content=\"480\" \/>\n\t<meta property=\"og:image:type\" content=\"image\/webp\" \/>\n<meta name=\"twitter:card\" content=\"summary_large_image\" \/>\n<script type=\"application\/ld+json\" class=\"yoast-schema-graph\">{\"@context\":\"https:\/\/schema.org\",\"@graph\":[{\"@type\":\"WebPage\",\"@id\":\"https:\/\/eazyshop.ch\/produkt\/teppich-flower-110-cm-anti-slip\/\",\"url\":\"https:\/\/eazyshop.ch\/produkt\/teppich-flower-110-cm-anti-slip\/\",\"name\":\"Little Dutch Teppich Flower - 110 cm Anti Slip - Eazyshop\",\"isPartOf\":{\"@id\":\"https:\/\/eazyshop.ch\/#website\"},\"primaryImageOfPage\":{\"@id\":\"https:\/\/eazyshop.ch\/produkt\/teppich-flower-110-cm-anti-slip\/#primaryimage\"},\"image\":{\"@id\":\"https:\/\/eazyshop.ch\/produkt\/teppich-flower-110-cm-anti-slip\/#primaryimage\"},\"thumbnailUrl\":\"https:\/\/eazyshop.ch\/wp-content\/uploads\/2026\/03\/0023709_vloerkleed-bloem-110x110-cm_mHzua.webp\",\"datePublished\":\"2026-03-18T09:58:45+00:00\",\"dateModified\":\"2026-03-27T11:40:14+00:00\",\"description\":\"Bl\u00fchendes Kinderzimmer. Dieser fantasievolle Teppich in Form einer eleganten Blume sorgt f\u00fcr W\u00e4rme und Komfort im Zimmer Ihres Kindes. Das farbenfrohe\",\"breadcrumb\":{\"@id\":\"https:\/\/eazyshop.ch\/produkt\/teppich-flower-110-cm-anti-slip\/#breadcrumb\"},\"inLanguage\":\"en-GB\",\"potentialAction\":[{\"@type\":\"ReadAction\",\"target\":[\"https:\/\/eazyshop.ch\/produkt\/teppich-flower-110-cm-anti-slip\/\"]}]},{\"@type\":\"ImageObject\",\"inLanguage\":\"en-GB\",\"@id\":\"https:\/\/eazyshop.ch\/produkt\/teppich-flower-110-cm-anti-slip\/#primaryimage\",\"url\":\"https:\/\/eazyshop.ch\/wp-content\/uploads\/2026\/03\/0023709_vloerkleed-bloem-110x110-cm_mHzua.webp\",\"contentUrl\":\"https:\/\/eazyshop.ch\/wp-content\/uploads\/2026\/03\/0023709_vloerkleed-bloem-110x110-cm_mHzua.webp\",\"width\":480,\"height\":480},{\"@type\":\"BreadcrumbList\",\"@id\":\"https:\/\/eazyshop.ch\/produkt\/teppich-flower-110-cm-anti-slip\/#breadcrumb\",\"itemListElement\":[{\"@type\":\"ListItem\",\"position\":1,\"name\":\"Startseite\",\"item\":\"https:\/\/eazyshop.ch\/\"},{\"@type\":\"ListItem\",\"position\":2,\"name\":\"Shop\",\"item\":\"https:\/\/eazyshop.ch\/shop\/\"},{\"@type\":\"ListItem\",\"position\":3,\"name\":\"Little Dutch Teppich Flower &#8211; 110 cm Anti Slip\"}]},{\"@type\":\"WebSite\",\"@id\":\"https:\/\/eazyshop.ch\/#website\",\"url\":\"https:\/\/eazyshop.ch\/\",\"name\":\"Eazyshop\",\"description\":\"Where shopping feels easy\",\"publisher\":{\"@id\":\"https:\/\/eazyshop.ch\/#organization\"},\"potentialAction\":[{\"@type\":\"SearchAction\",\"target\":{\"@type\":\"EntryPoint\",\"urlTemplate\":\"https:\/\/eazyshop.ch\/?s={search_term_string}\"},\"query-input\":{\"@type\":\"PropertyValueSpecification\",\"valueRequired\":true,\"valueName\":\"search_term_string\"}}],\"inLanguage\":\"en-GB\"},{\"@type\":\"Organization\",\"@id\":\"https:\/\/eazyshop.ch\/#organization\",\"name\":\"Eazyshop\",\"url\":\"https:\/\/eazyshop.ch\/\",\"logo\":{\"@type\":\"ImageObject\",\"inLanguage\":\"en-GB\",\"@id\":\"https:\/\/eazyshop.ch\/#\/schema\/logo\/image\/\",\"url\":\"\",\"contentUrl\":\"\",\"caption\":\"Eazyshop\"},\"image\":{\"@id\":\"https:\/\/eazyshop.ch\/#\/schema\/logo\/image\/\"},\"sameAs\":[\"https:\/\/www.instagram.com\/eazyshop_ch\/\"]}]}<\/script>\n<!-- \/ Yoast SEO plugin. -->","yoast_head_json":{"title":"Little Dutch Teppich Flower - 110 cm Anti Slip - Eazyshop","description":"Bl\u00fchendes Kinderzimmer. Dieser fantasievolle Teppich in Form einer eleganten Blume sorgt f\u00fcr W\u00e4rme und Komfort im Zimmer Ihres Kindes. Das farbenfrohe","robots":{"index":"index","follow":"follow","max-snippet":"max-snippet:-1","max-image-preview":"max-image-preview:large","max-video-preview":"max-video-preview:-1"},"canonical":"https:\/\/eazyshop.ch\/en\/product\/teppich-flower-110-cm-anti-slip\/","og_locale":"en_GB","og_type":"article","og_title":"Little Dutch Teppich Flower - 110 cm Anti Slip - Eazyshop","og_description":"Bl\u00fchendes Kinderzimmer. Dieser fantasievolle Teppich in Form einer eleganten Blume sorgt f\u00fcr W\u00e4rme und Komfort im Zimmer Ihres Kindes. Das farbenfrohe","og_url":"https:\/\/eazyshop.ch\/en\/product\/teppich-flower-110-cm-anti-slip\/","og_site_name":"Eazyshop","article_modified_time":"2026-03-27T11:40:14+00:00","og_image":[{"width":480,"height":480,"url":"https:\/\/eazyshop.ch\/wp-content\/uploads\/2026\/03\/0023709_vloerkleed-bloem-110x110-cm_mHzua.webp","type":"image\/webp"}],"twitter_card":"summary_large_image","schema":{"@context":"https:\/\/schema.org","@graph":[{"@type":"WebPage","@id":"https:\/\/eazyshop.ch\/produkt\/teppich-flower-110-cm-anti-slip\/","url":"https:\/\/eazyshop.ch\/produkt\/teppich-flower-110-cm-anti-slip\/","name":"Little Dutch Teppich Flower - 110 cm Anti Slip - Eazyshop","isPartOf":{"@id":"https:\/\/eazyshop.ch\/#website"},"primaryImageOfPage":{"@id":"https:\/\/eazyshop.ch\/produkt\/teppich-flower-110-cm-anti-slip\/#primaryimage"},"image":{"@id":"https:\/\/eazyshop.ch\/produkt\/teppich-flower-110-cm-anti-slip\/#primaryimage"},"thumbnailUrl":"https:\/\/eazyshop.ch\/wp-content\/uploads\/2026\/03\/0023709_vloerkleed-bloem-110x110-cm_mHzua.webp","datePublished":"2026-03-18T09:58:45+00:00","dateModified":"2026-03-27T11:40:14+00:00","description":"Bl\u00fchendes Kinderzimmer. Dieser fantasievolle Teppich in Form einer eleganten Blume sorgt f\u00fcr W\u00e4rme und Komfort im Zimmer Ihres Kindes. Das farbenfrohe","breadcrumb":{"@id":"https:\/\/eazyshop.ch\/produkt\/teppich-flower-110-cm-anti-slip\/#breadcrumb"},"inLanguage":"en-GB","potentialAction":[{"@type":"ReadAction","target":["https:\/\/eazyshop.ch\/produkt\/teppich-flower-110-cm-anti-slip\/"]}]},{"@type":"ImageObject","inLanguage":"en-GB","@id":"https:\/\/eazyshop.ch\/produkt\/teppich-flower-110-cm-anti-slip\/#primaryimage","url":"https:\/\/eazyshop.ch\/wp-content\/uploads\/2026\/03\/0023709_vloerkleed-bloem-110x110-cm_mHzua.webp","contentUrl":"https:\/\/eazyshop.ch\/wp-content\/uploads\/2026\/03\/0023709_vloerkleed-bloem-110x110-cm_mHzua.webp","width":480,"height":480},{"@type":"BreadcrumbList","@id":"https:\/\/eazyshop.ch\/produkt\/teppich-flower-110-cm-anti-slip\/#breadcrumb","itemListElement":[{"@type":"ListItem","position":1,"name":"Startseite","item":"https:\/\/eazyshop.ch\/"},{"@type":"ListItem","position":2,"name":"Shop","item":"https:\/\/eazyshop.ch\/shop\/"},{"@type":"ListItem","position":3,"name":"Little Dutch Teppich Flower &#8211; 110 cm Anti Slip"}]},{"@type":"WebSite","@id":"https:\/\/eazyshop.ch\/#website","url":"https:\/\/eazyshop.ch\/","name":"Eazyshop","description":"Where shopping feels easy","publisher":{"@id":"https:\/\/eazyshop.ch\/#organization"},"potentialAction":[{"@type":"SearchAction","target":{"@type":"EntryPoint","urlTemplate":"https:\/\/eazyshop.ch\/?s={search_term_string}"},"query-input":{"@type":"PropertyValueSpecification","valueRequired":true,"valueName":"search_term_string"}}],"inLanguage":"en-GB"},{"@type":"Organization","@id":"https:\/\/eazyshop.ch\/#organization","name":"Eazyshop","url":"https:\/\/eazyshop.ch\/","logo":{"@type":"ImageObject","inLanguage":"en-GB","@id":"https:\/\/eazyshop.ch\/#\/schema\/logo\/image\/","url":"","contentUrl":"","caption":"Eazyshop"},"image":{"@id":"https:\/\/eazyshop.ch\/#\/schema\/logo\/image\/"},"sameAs":["https:\/\/www.instagram.com\/eazyshop_ch\/"]}]}},"jetpack_sharing_enabled":true,"_links":{"self":[{"href":"https:\/\/eazyshop.ch\/en\/wp-json\/wp\/v2\/product\/1078522","targetHints":{"allow":["GET"]}}],"collection":[{"href":"https:\/\/eazyshop.ch\/en\/wp-json\/wp\/v2\/product"}],"about":[{"href":"https:\/\/eazyshop.ch\/en\/wp-json\/wp\/v2\/types\/product"}],"replies":[{"embeddable":true,"href":"https:\/\/eazyshop.ch\/en\/wp-json\/wp\/v2\/comments?post=1078522"}],"version-history":[{"count":0,"href":"https:\/\/eazyshop.ch\/en\/wp-json\/wp\/v2\/product\/1078522\/revisions"}],"wp:featuredmedia":[{"embeddable":true,"href":"https:\/\/eazyshop.ch\/en\/wp-json\/wp\/v2\/media\/1078519"}],"wp:attachment":[{"href":"https:\/\/eazyshop.ch\/en\/wp-json\/wp\/v2\/media?parent=1078522"}],"wp:term":[{"taxonomy":"product_brand","embeddable":true,"href":"https:\/\/eazyshop.ch\/en\/wp-json\/wp\/v2\/product_brand?post=1078522"},{"taxonomy":"product_cat","embeddable":true,"href":"https:\/\/eazyshop.ch\/en\/wp-json\/wp\/v2\/product_cat?post=1078522"},{"taxonomy":"product_tag","embeddable":true,"href":"https:\/\/eazyshop.ch\/en\/wp-json\/wp\/v2\/product_tag?post=1078522"}],"curies":[{"name":"wp","href":"https:\/\/api.w.org\/{rel}","templated":true}]}}