{"id":1078502,"date":"2026-03-18T09:58:45","date_gmt":"2026-03-18T09:58:45","guid":{"rendered":"https:\/\/eazyshop.ch\/?post_type=product&#038;p=1078502"},"modified":"2026-03-27T11:40:13","modified_gmt":"2026-03-27T11:40:13","slug":"little-dutch-giesskanne-fairy-garden","status":"publish","type":"product","link":"https:\/\/eazyshop.ch\/en\/product\/little-dutch-giesskanne-fairy-garden\/","title":{"rendered":"Little Dutch Giesskanne &#8211; Fairy Garden"},"content":{"rendered":"<p>F\u00fcgen Sie dem G\u00e4rtnern Spa\u00df hinzu mit der Little Dutch Fairy Garden Gie\u00dfkanne! Diese Metallgie\u00dfkanne, verziert mit bunten Illustrationen aus dem Fairy Garden Thema, hat eine verspielte Form. Der klappbare obere Griff und der Seitengriff machen sie einfach zu benutzen. Die gro\u00dfe \u00d6ffnung sorgt f\u00fcr einfaches Bef\u00fcllen, und der breite Sprinkler verteilt das Wasser gleichm\u00e4\u00dfig. Ideal f\u00fcr jeden jungen G\u00e4rtner!<\/p>","protected":false},"excerpt":{"rendered":"<p>F\u00fcgen Sie dem G\u00e4rtnern Spa\u00df hinzu mit der Little Dutch Fairy Garden Gie\u00dfkanne! Diese Metallgie\u00dfkanne, verziert mit bunten Illustrationen aus<\/p>","protected":false},"featured_media":1078499,"comment_status":"open","ping_status":"closed","template":"","meta":[],"product_brand":[15418],"product_cat":[15442],"product_tag":[],"class_list":{"0":"post-1078502","1":"product","2":"type-product","3":"status-publish","4":"has-post-thumbnail","6":"product_brand-little-dutch","7":"product_cat-outdoor-spielzeug","9":"first","10":"instock","11":"taxable","12":"shipping-taxable","13":"purchasable","14":"product-type-simple"},"yoast_head":"<!-- This site is optimized with the Yoast SEO plugin v26.9 - https:\/\/yoast.com\/product\/yoast-seo-wordpress\/ -->\n<title>Little Dutch Giesskanne - Fairy Garden - Eazyshop<\/title>\n<meta name=\"description\" content=\"F\u00fcgen Sie dem G\u00e4rtnern Spa\u00df hinzu mit der Little Dutch Fairy Garden Gie\u00dfkanne! Diese Metallgie\u00dfkanne, verziert mit bunten Illustrationen aus dem Fairy\" \/>\n<meta name=\"robots\" content=\"index, follow, max-snippet:-1, max-image-preview:large, max-video-preview:-1\" \/>\n<link rel=\"canonical\" href=\"https:\/\/eazyshop.ch\/en\/product\/little-dutch-giesskanne-fairy-garden\/\" \/>\n<meta property=\"og:locale\" content=\"en_GB\" \/>\n<meta property=\"og:type\" content=\"article\" \/>\n<meta property=\"og:title\" content=\"Little Dutch Giesskanne - Fairy Garden - Eazyshop\" \/>\n<meta property=\"og:description\" content=\"F\u00fcgen Sie dem G\u00e4rtnern Spa\u00df hinzu mit der Little Dutch Fairy Garden Gie\u00dfkanne! Diese Metallgie\u00dfkanne, verziert mit bunten Illustrationen aus dem Fairy\" \/>\n<meta property=\"og:url\" content=\"https:\/\/eazyshop.ch\/en\/product\/little-dutch-giesskanne-fairy-garden\/\" \/>\n<meta property=\"og:site_name\" content=\"Eazyshop\" \/>\n<meta property=\"article:modified_time\" content=\"2026-03-27T11:40:13+00:00\" \/>\n<meta property=\"og:image\" content=\"https:\/\/eazyshop.ch\/wp-content\/uploads\/2026\/03\/0025005_gieter-fairy-garden_rphZc.webp\" \/>\n\t<meta property=\"og:image:width\" content=\"500\" \/>\n\t<meta property=\"og:image:height\" content=\"500\" \/>\n\t<meta property=\"og:image:type\" content=\"image\/webp\" \/>\n<meta name=\"twitter:card\" content=\"summary_large_image\" \/>\n<script type=\"application\/ld+json\" class=\"yoast-schema-graph\">{\"@context\":\"https:\/\/schema.org\",\"@graph\":[{\"@type\":\"WebPage\",\"@id\":\"https:\/\/eazyshop.ch\/produkt\/little-dutch-giesskanne-fairy-garden\/\",\"url\":\"https:\/\/eazyshop.ch\/produkt\/little-dutch-giesskanne-fairy-garden\/\",\"name\":\"Little Dutch Giesskanne - Fairy Garden - Eazyshop\",\"isPartOf\":{\"@id\":\"https:\/\/eazyshop.ch\/#website\"},\"primaryImageOfPage\":{\"@id\":\"https:\/\/eazyshop.ch\/produkt\/little-dutch-giesskanne-fairy-garden\/#primaryimage\"},\"image\":{\"@id\":\"https:\/\/eazyshop.ch\/produkt\/little-dutch-giesskanne-fairy-garden\/#primaryimage\"},\"thumbnailUrl\":\"https:\/\/eazyshop.ch\/wp-content\/uploads\/2026\/03\/0025005_gieter-fairy-garden_rphZc.webp\",\"datePublished\":\"2026-03-18T09:58:45+00:00\",\"dateModified\":\"2026-03-27T11:40:13+00:00\",\"description\":\"F\u00fcgen Sie dem G\u00e4rtnern Spa\u00df hinzu mit der Little Dutch Fairy Garden Gie\u00dfkanne! Diese Metallgie\u00dfkanne, verziert mit bunten Illustrationen aus dem Fairy\",\"breadcrumb\":{\"@id\":\"https:\/\/eazyshop.ch\/produkt\/little-dutch-giesskanne-fairy-garden\/#breadcrumb\"},\"inLanguage\":\"en-GB\",\"potentialAction\":[{\"@type\":\"ReadAction\",\"target\":[\"https:\/\/eazyshop.ch\/produkt\/little-dutch-giesskanne-fairy-garden\/\"]}]},{\"@type\":\"ImageObject\",\"inLanguage\":\"en-GB\",\"@id\":\"https:\/\/eazyshop.ch\/produkt\/little-dutch-giesskanne-fairy-garden\/#primaryimage\",\"url\":\"https:\/\/eazyshop.ch\/wp-content\/uploads\/2026\/03\/0025005_gieter-fairy-garden_rphZc.webp\",\"contentUrl\":\"https:\/\/eazyshop.ch\/wp-content\/uploads\/2026\/03\/0025005_gieter-fairy-garden_rphZc.webp\",\"width\":500,\"height\":500},{\"@type\":\"BreadcrumbList\",\"@id\":\"https:\/\/eazyshop.ch\/produkt\/little-dutch-giesskanne-fairy-garden\/#breadcrumb\",\"itemListElement\":[{\"@type\":\"ListItem\",\"position\":1,\"name\":\"Startseite\",\"item\":\"https:\/\/eazyshop.ch\/\"},{\"@type\":\"ListItem\",\"position\":2,\"name\":\"Shop\",\"item\":\"https:\/\/eazyshop.ch\/shop\/\"},{\"@type\":\"ListItem\",\"position\":3,\"name\":\"Little Dutch Giesskanne &#8211; Fairy Garden\"}]},{\"@type\":\"WebSite\",\"@id\":\"https:\/\/eazyshop.ch\/#website\",\"url\":\"https:\/\/eazyshop.ch\/\",\"name\":\"Eazyshop\",\"description\":\"Where shopping feels easy\",\"publisher\":{\"@id\":\"https:\/\/eazyshop.ch\/#organization\"},\"potentialAction\":[{\"@type\":\"SearchAction\",\"target\":{\"@type\":\"EntryPoint\",\"urlTemplate\":\"https:\/\/eazyshop.ch\/?s={search_term_string}\"},\"query-input\":{\"@type\":\"PropertyValueSpecification\",\"valueRequired\":true,\"valueName\":\"search_term_string\"}}],\"inLanguage\":\"en-GB\"},{\"@type\":\"Organization\",\"@id\":\"https:\/\/eazyshop.ch\/#organization\",\"name\":\"Eazyshop\",\"url\":\"https:\/\/eazyshop.ch\/\",\"logo\":{\"@type\":\"ImageObject\",\"inLanguage\":\"en-GB\",\"@id\":\"https:\/\/eazyshop.ch\/#\/schema\/logo\/image\/\",\"url\":\"\",\"contentUrl\":\"\",\"caption\":\"Eazyshop\"},\"image\":{\"@id\":\"https:\/\/eazyshop.ch\/#\/schema\/logo\/image\/\"},\"sameAs\":[\"https:\/\/www.instagram.com\/eazyshop_ch\/\"]}]}<\/script>\n<!-- \/ Yoast SEO plugin. -->","yoast_head_json":{"title":"Little Dutch Giesskanne - Fairy Garden - Eazyshop","description":"F\u00fcgen Sie dem G\u00e4rtnern Spa\u00df hinzu mit der Little Dutch Fairy Garden Gie\u00dfkanne! Diese Metallgie\u00dfkanne, verziert mit bunten Illustrationen aus dem Fairy","robots":{"index":"index","follow":"follow","max-snippet":"max-snippet:-1","max-image-preview":"max-image-preview:large","max-video-preview":"max-video-preview:-1"},"canonical":"https:\/\/eazyshop.ch\/en\/product\/little-dutch-giesskanne-fairy-garden\/","og_locale":"en_GB","og_type":"article","og_title":"Little Dutch Giesskanne - Fairy Garden - Eazyshop","og_description":"F\u00fcgen Sie dem G\u00e4rtnern Spa\u00df hinzu mit der Little Dutch Fairy Garden Gie\u00dfkanne! Diese Metallgie\u00dfkanne, verziert mit bunten Illustrationen aus dem Fairy","og_url":"https:\/\/eazyshop.ch\/en\/product\/little-dutch-giesskanne-fairy-garden\/","og_site_name":"Eazyshop","article_modified_time":"2026-03-27T11:40:13+00:00","og_image":[{"width":500,"height":500,"url":"https:\/\/eazyshop.ch\/wp-content\/uploads\/2026\/03\/0025005_gieter-fairy-garden_rphZc.webp","type":"image\/webp"}],"twitter_card":"summary_large_image","schema":{"@context":"https:\/\/schema.org","@graph":[{"@type":"WebPage","@id":"https:\/\/eazyshop.ch\/produkt\/little-dutch-giesskanne-fairy-garden\/","url":"https:\/\/eazyshop.ch\/produkt\/little-dutch-giesskanne-fairy-garden\/","name":"Little Dutch Giesskanne - Fairy Garden - Eazyshop","isPartOf":{"@id":"https:\/\/eazyshop.ch\/#website"},"primaryImageOfPage":{"@id":"https:\/\/eazyshop.ch\/produkt\/little-dutch-giesskanne-fairy-garden\/#primaryimage"},"image":{"@id":"https:\/\/eazyshop.ch\/produkt\/little-dutch-giesskanne-fairy-garden\/#primaryimage"},"thumbnailUrl":"https:\/\/eazyshop.ch\/wp-content\/uploads\/2026\/03\/0025005_gieter-fairy-garden_rphZc.webp","datePublished":"2026-03-18T09:58:45+00:00","dateModified":"2026-03-27T11:40:13+00:00","description":"F\u00fcgen Sie dem G\u00e4rtnern Spa\u00df hinzu mit der Little Dutch Fairy Garden Gie\u00dfkanne! Diese Metallgie\u00dfkanne, verziert mit bunten Illustrationen aus dem Fairy","breadcrumb":{"@id":"https:\/\/eazyshop.ch\/produkt\/little-dutch-giesskanne-fairy-garden\/#breadcrumb"},"inLanguage":"en-GB","potentialAction":[{"@type":"ReadAction","target":["https:\/\/eazyshop.ch\/produkt\/little-dutch-giesskanne-fairy-garden\/"]}]},{"@type":"ImageObject","inLanguage":"en-GB","@id":"https:\/\/eazyshop.ch\/produkt\/little-dutch-giesskanne-fairy-garden\/#primaryimage","url":"https:\/\/eazyshop.ch\/wp-content\/uploads\/2026\/03\/0025005_gieter-fairy-garden_rphZc.webp","contentUrl":"https:\/\/eazyshop.ch\/wp-content\/uploads\/2026\/03\/0025005_gieter-fairy-garden_rphZc.webp","width":500,"height":500},{"@type":"BreadcrumbList","@id":"https:\/\/eazyshop.ch\/produkt\/little-dutch-giesskanne-fairy-garden\/#breadcrumb","itemListElement":[{"@type":"ListItem","position":1,"name":"Startseite","item":"https:\/\/eazyshop.ch\/"},{"@type":"ListItem","position":2,"name":"Shop","item":"https:\/\/eazyshop.ch\/shop\/"},{"@type":"ListItem","position":3,"name":"Little Dutch Giesskanne &#8211; Fairy Garden"}]},{"@type":"WebSite","@id":"https:\/\/eazyshop.ch\/#website","url":"https:\/\/eazyshop.ch\/","name":"Eazyshop","description":"Where shopping feels easy","publisher":{"@id":"https:\/\/eazyshop.ch\/#organization"},"potentialAction":[{"@type":"SearchAction","target":{"@type":"EntryPoint","urlTemplate":"https:\/\/eazyshop.ch\/?s={search_term_string}"},"query-input":{"@type":"PropertyValueSpecification","valueRequired":true,"valueName":"search_term_string"}}],"inLanguage":"en-GB"},{"@type":"Organization","@id":"https:\/\/eazyshop.ch\/#organization","name":"Eazyshop","url":"https:\/\/eazyshop.ch\/","logo":{"@type":"ImageObject","inLanguage":"en-GB","@id":"https:\/\/eazyshop.ch\/#\/schema\/logo\/image\/","url":"","contentUrl":"","caption":"Eazyshop"},"image":{"@id":"https:\/\/eazyshop.ch\/#\/schema\/logo\/image\/"},"sameAs":["https:\/\/www.instagram.com\/eazyshop_ch\/"]}]}},"jetpack_sharing_enabled":true,"_links":{"self":[{"href":"https:\/\/eazyshop.ch\/en\/wp-json\/wp\/v2\/product\/1078502","targetHints":{"allow":["GET"]}}],"collection":[{"href":"https:\/\/eazyshop.ch\/en\/wp-json\/wp\/v2\/product"}],"about":[{"href":"https:\/\/eazyshop.ch\/en\/wp-json\/wp\/v2\/types\/product"}],"replies":[{"embeddable":true,"href":"https:\/\/eazyshop.ch\/en\/wp-json\/wp\/v2\/comments?post=1078502"}],"version-history":[{"count":0,"href":"https:\/\/eazyshop.ch\/en\/wp-json\/wp\/v2\/product\/1078502\/revisions"}],"wp:featuredmedia":[{"embeddable":true,"href":"https:\/\/eazyshop.ch\/en\/wp-json\/wp\/v2\/media\/1078499"}],"wp:attachment":[{"href":"https:\/\/eazyshop.ch\/en\/wp-json\/wp\/v2\/media?parent=1078502"}],"wp:term":[{"taxonomy":"product_brand","embeddable":true,"href":"https:\/\/eazyshop.ch\/en\/wp-json\/wp\/v2\/product_brand?post=1078502"},{"taxonomy":"product_cat","embeddable":true,"href":"https:\/\/eazyshop.ch\/en\/wp-json\/wp\/v2\/product_cat?post=1078502"},{"taxonomy":"product_tag","embeddable":true,"href":"https:\/\/eazyshop.ch\/en\/wp-json\/wp\/v2\/product_tag?post=1078502"}],"curies":[{"name":"wp","href":"https:\/\/api.w.org\/{rel}","templated":true}]}}