{"id":1078498,"date":"2026-03-18T09:58:45","date_gmt":"2026-03-18T09:58:45","guid":{"rendered":"https:\/\/eazyshop.ch\/?post_type=product&#038;p=1078498"},"modified":"2026-03-27T11:40:13","modified_gmt":"2026-03-27T11:40:13","slug":"little-dutch-insektengefaess-forest-friends-fsc","status":"publish","type":"product","link":"https:\/\/eazyshop.ch\/en\/product\/little-dutch-insektengefaess-forest-friends-fsc\/","title":{"rendered":"Little Dutch Insektengef\u00e4ss &#8211; Forest Friends FSC"},"content":{"rendered":"<p>Entdecke die Welt der Insekten mit diesem praktischen Insektenglas! Der Holzdeckel, ausgestattet mit einer Lupe, l\u00e4sst dich die kleinsten Details gut sehen. Der Deckel kann leicht entfernt werden, und das Glas ist mit fr\u00f6hlichen Forest Friends Illustrationen verziert. Eine Insektenkarte ist beigef\u00fcgt, um alle Insekten abzuhaken. Das durchsichtige Plastik l\u00e4sst dich die Insekten von allen Seiten betrachten, w\u00e4hrend die Luftl\u00f6cher f\u00fcr Bel\u00fcftung sorgen. Perfekt f\u00fcr neugierige Kinder, die die Natur erkunden m\u00f6chten!<\/p>","protected":false},"excerpt":{"rendered":"<p>Entdecke die Welt der Insekten mit diesem praktischen Insektenglas! Der Holzdeckel, ausgestattet mit einer Lupe, l\u00e4sst dich die kleinsten Details<\/p>","protected":false},"featured_media":1078495,"comment_status":"open","ping_status":"closed","template":"","meta":[],"product_brand":[15418],"product_cat":[15442],"product_tag":[],"class_list":{"0":"post-1078498","1":"product","2":"type-product","3":"status-publish","4":"has-post-thumbnail","6":"product_brand-little-dutch","7":"product_cat-outdoor-spielzeug","9":"first","10":"instock","11":"taxable","12":"shipping-taxable","13":"purchasable","14":"product-type-simple"},"yoast_head":"<!-- This site is optimized with the Yoast SEO plugin v26.9 - https:\/\/yoast.com\/product\/yoast-seo-wordpress\/ -->\n<title>Little Dutch Insektengef\u00e4ss - Forest Friends FSC - Eazyshop<\/title>\n<meta name=\"description\" content=\"Entdecke die Welt der Insekten mit diesem praktischen Insektenglas! Der Holzdeckel, ausgestattet mit einer Lupe, l\u00e4sst dich die kleinsten Details gut\" \/>\n<meta name=\"robots\" content=\"index, follow, max-snippet:-1, max-image-preview:large, max-video-preview:-1\" \/>\n<link rel=\"canonical\" href=\"https:\/\/eazyshop.ch\/en\/product\/little-dutch-insektengefaess-forest-friends-fsc\/\" \/>\n<meta property=\"og:locale\" content=\"en_GB\" \/>\n<meta property=\"og:type\" content=\"article\" \/>\n<meta property=\"og:title\" content=\"Little Dutch Insektengef\u00e4ss - Forest Friends FSC - Eazyshop\" \/>\n<meta property=\"og:description\" content=\"Entdecke die Welt der Insekten mit diesem praktischen Insektenglas! Der Holzdeckel, ausgestattet mit einer Lupe, l\u00e4sst dich die kleinsten Details gut\" \/>\n<meta property=\"og:url\" content=\"https:\/\/eazyshop.ch\/en\/product\/little-dutch-insektengefaess-forest-friends-fsc\/\" \/>\n<meta property=\"og:site_name\" content=\"Eazyshop\" \/>\n<meta property=\"article:modified_time\" content=\"2026-03-27T11:40:13+00:00\" \/>\n<meta property=\"og:image\" content=\"https:\/\/eazyshop.ch\/wp-content\/uploads\/2026\/03\/0024997_insectenpotje-forest-friends_r-PTY.webp\" \/>\n\t<meta property=\"og:image:width\" content=\"500\" \/>\n\t<meta property=\"og:image:height\" content=\"500\" \/>\n\t<meta property=\"og:image:type\" content=\"image\/webp\" \/>\n<meta name=\"twitter:card\" content=\"summary_large_image\" \/>\n<script type=\"application\/ld+json\" class=\"yoast-schema-graph\">{\"@context\":\"https:\/\/schema.org\",\"@graph\":[{\"@type\":\"WebPage\",\"@id\":\"https:\/\/eazyshop.ch\/produkt\/little-dutch-insektengefaess-forest-friends-fsc\/\",\"url\":\"https:\/\/eazyshop.ch\/produkt\/little-dutch-insektengefaess-forest-friends-fsc\/\",\"name\":\"Little Dutch Insektengef\u00e4ss - Forest Friends FSC - Eazyshop\",\"isPartOf\":{\"@id\":\"https:\/\/eazyshop.ch\/#website\"},\"primaryImageOfPage\":{\"@id\":\"https:\/\/eazyshop.ch\/produkt\/little-dutch-insektengefaess-forest-friends-fsc\/#primaryimage\"},\"image\":{\"@id\":\"https:\/\/eazyshop.ch\/produkt\/little-dutch-insektengefaess-forest-friends-fsc\/#primaryimage\"},\"thumbnailUrl\":\"https:\/\/eazyshop.ch\/wp-content\/uploads\/2026\/03\/0024997_insectenpotje-forest-friends_r-PTY.webp\",\"datePublished\":\"2026-03-18T09:58:45+00:00\",\"dateModified\":\"2026-03-27T11:40:13+00:00\",\"description\":\"Entdecke die Welt der Insekten mit diesem praktischen Insektenglas! Der Holzdeckel, ausgestattet mit einer Lupe, l\u00e4sst dich die kleinsten Details gut\",\"breadcrumb\":{\"@id\":\"https:\/\/eazyshop.ch\/produkt\/little-dutch-insektengefaess-forest-friends-fsc\/#breadcrumb\"},\"inLanguage\":\"en-GB\",\"potentialAction\":[{\"@type\":\"ReadAction\",\"target\":[\"https:\/\/eazyshop.ch\/produkt\/little-dutch-insektengefaess-forest-friends-fsc\/\"]}]},{\"@type\":\"ImageObject\",\"inLanguage\":\"en-GB\",\"@id\":\"https:\/\/eazyshop.ch\/produkt\/little-dutch-insektengefaess-forest-friends-fsc\/#primaryimage\",\"url\":\"https:\/\/eazyshop.ch\/wp-content\/uploads\/2026\/03\/0024997_insectenpotje-forest-friends_r-PTY.webp\",\"contentUrl\":\"https:\/\/eazyshop.ch\/wp-content\/uploads\/2026\/03\/0024997_insectenpotje-forest-friends_r-PTY.webp\",\"width\":500,\"height\":500},{\"@type\":\"BreadcrumbList\",\"@id\":\"https:\/\/eazyshop.ch\/produkt\/little-dutch-insektengefaess-forest-friends-fsc\/#breadcrumb\",\"itemListElement\":[{\"@type\":\"ListItem\",\"position\":1,\"name\":\"Startseite\",\"item\":\"https:\/\/eazyshop.ch\/\"},{\"@type\":\"ListItem\",\"position\":2,\"name\":\"Shop\",\"item\":\"https:\/\/eazyshop.ch\/shop\/\"},{\"@type\":\"ListItem\",\"position\":3,\"name\":\"Little Dutch Insektengef\u00e4ss &#8211; Forest Friends FSC\"}]},{\"@type\":\"WebSite\",\"@id\":\"https:\/\/eazyshop.ch\/#website\",\"url\":\"https:\/\/eazyshop.ch\/\",\"name\":\"Eazyshop\",\"description\":\"Where shopping feels easy\",\"publisher\":{\"@id\":\"https:\/\/eazyshop.ch\/#organization\"},\"potentialAction\":[{\"@type\":\"SearchAction\",\"target\":{\"@type\":\"EntryPoint\",\"urlTemplate\":\"https:\/\/eazyshop.ch\/?s={search_term_string}\"},\"query-input\":{\"@type\":\"PropertyValueSpecification\",\"valueRequired\":true,\"valueName\":\"search_term_string\"}}],\"inLanguage\":\"en-GB\"},{\"@type\":\"Organization\",\"@id\":\"https:\/\/eazyshop.ch\/#organization\",\"name\":\"Eazyshop\",\"url\":\"https:\/\/eazyshop.ch\/\",\"logo\":{\"@type\":\"ImageObject\",\"inLanguage\":\"en-GB\",\"@id\":\"https:\/\/eazyshop.ch\/#\/schema\/logo\/image\/\",\"url\":\"\",\"contentUrl\":\"\",\"caption\":\"Eazyshop\"},\"image\":{\"@id\":\"https:\/\/eazyshop.ch\/#\/schema\/logo\/image\/\"},\"sameAs\":[\"https:\/\/www.instagram.com\/eazyshop_ch\/\"]}]}<\/script>\n<!-- \/ Yoast SEO plugin. -->","yoast_head_json":{"title":"Little Dutch Insektengef\u00e4ss - Forest Friends FSC - Eazyshop","description":"Entdecke die Welt der Insekten mit diesem praktischen Insektenglas! Der Holzdeckel, ausgestattet mit einer Lupe, l\u00e4sst dich die kleinsten Details gut","robots":{"index":"index","follow":"follow","max-snippet":"max-snippet:-1","max-image-preview":"max-image-preview:large","max-video-preview":"max-video-preview:-1"},"canonical":"https:\/\/eazyshop.ch\/en\/product\/little-dutch-insektengefaess-forest-friends-fsc\/","og_locale":"en_GB","og_type":"article","og_title":"Little Dutch Insektengef\u00e4ss - Forest Friends FSC - Eazyshop","og_description":"Entdecke die Welt der Insekten mit diesem praktischen Insektenglas! Der Holzdeckel, ausgestattet mit einer Lupe, l\u00e4sst dich die kleinsten Details gut","og_url":"https:\/\/eazyshop.ch\/en\/product\/little-dutch-insektengefaess-forest-friends-fsc\/","og_site_name":"Eazyshop","article_modified_time":"2026-03-27T11:40:13+00:00","og_image":[{"width":500,"height":500,"url":"https:\/\/eazyshop.ch\/wp-content\/uploads\/2026\/03\/0024997_insectenpotje-forest-friends_r-PTY.webp","type":"image\/webp"}],"twitter_card":"summary_large_image","schema":{"@context":"https:\/\/schema.org","@graph":[{"@type":"WebPage","@id":"https:\/\/eazyshop.ch\/produkt\/little-dutch-insektengefaess-forest-friends-fsc\/","url":"https:\/\/eazyshop.ch\/produkt\/little-dutch-insektengefaess-forest-friends-fsc\/","name":"Little Dutch Insektengef\u00e4ss - Forest Friends FSC - Eazyshop","isPartOf":{"@id":"https:\/\/eazyshop.ch\/#website"},"primaryImageOfPage":{"@id":"https:\/\/eazyshop.ch\/produkt\/little-dutch-insektengefaess-forest-friends-fsc\/#primaryimage"},"image":{"@id":"https:\/\/eazyshop.ch\/produkt\/little-dutch-insektengefaess-forest-friends-fsc\/#primaryimage"},"thumbnailUrl":"https:\/\/eazyshop.ch\/wp-content\/uploads\/2026\/03\/0024997_insectenpotje-forest-friends_r-PTY.webp","datePublished":"2026-03-18T09:58:45+00:00","dateModified":"2026-03-27T11:40:13+00:00","description":"Entdecke die Welt der Insekten mit diesem praktischen Insektenglas! Der Holzdeckel, ausgestattet mit einer Lupe, l\u00e4sst dich die kleinsten Details gut","breadcrumb":{"@id":"https:\/\/eazyshop.ch\/produkt\/little-dutch-insektengefaess-forest-friends-fsc\/#breadcrumb"},"inLanguage":"en-GB","potentialAction":[{"@type":"ReadAction","target":["https:\/\/eazyshop.ch\/produkt\/little-dutch-insektengefaess-forest-friends-fsc\/"]}]},{"@type":"ImageObject","inLanguage":"en-GB","@id":"https:\/\/eazyshop.ch\/produkt\/little-dutch-insektengefaess-forest-friends-fsc\/#primaryimage","url":"https:\/\/eazyshop.ch\/wp-content\/uploads\/2026\/03\/0024997_insectenpotje-forest-friends_r-PTY.webp","contentUrl":"https:\/\/eazyshop.ch\/wp-content\/uploads\/2026\/03\/0024997_insectenpotje-forest-friends_r-PTY.webp","width":500,"height":500},{"@type":"BreadcrumbList","@id":"https:\/\/eazyshop.ch\/produkt\/little-dutch-insektengefaess-forest-friends-fsc\/#breadcrumb","itemListElement":[{"@type":"ListItem","position":1,"name":"Startseite","item":"https:\/\/eazyshop.ch\/"},{"@type":"ListItem","position":2,"name":"Shop","item":"https:\/\/eazyshop.ch\/shop\/"},{"@type":"ListItem","position":3,"name":"Little Dutch Insektengef\u00e4ss &#8211; Forest Friends FSC"}]},{"@type":"WebSite","@id":"https:\/\/eazyshop.ch\/#website","url":"https:\/\/eazyshop.ch\/","name":"Eazyshop","description":"Where shopping feels easy","publisher":{"@id":"https:\/\/eazyshop.ch\/#organization"},"potentialAction":[{"@type":"SearchAction","target":{"@type":"EntryPoint","urlTemplate":"https:\/\/eazyshop.ch\/?s={search_term_string}"},"query-input":{"@type":"PropertyValueSpecification","valueRequired":true,"valueName":"search_term_string"}}],"inLanguage":"en-GB"},{"@type":"Organization","@id":"https:\/\/eazyshop.ch\/#organization","name":"Eazyshop","url":"https:\/\/eazyshop.ch\/","logo":{"@type":"ImageObject","inLanguage":"en-GB","@id":"https:\/\/eazyshop.ch\/#\/schema\/logo\/image\/","url":"","contentUrl":"","caption":"Eazyshop"},"image":{"@id":"https:\/\/eazyshop.ch\/#\/schema\/logo\/image\/"},"sameAs":["https:\/\/www.instagram.com\/eazyshop_ch\/"]}]}},"jetpack_sharing_enabled":true,"_links":{"self":[{"href":"https:\/\/eazyshop.ch\/en\/wp-json\/wp\/v2\/product\/1078498","targetHints":{"allow":["GET"]}}],"collection":[{"href":"https:\/\/eazyshop.ch\/en\/wp-json\/wp\/v2\/product"}],"about":[{"href":"https:\/\/eazyshop.ch\/en\/wp-json\/wp\/v2\/types\/product"}],"replies":[{"embeddable":true,"href":"https:\/\/eazyshop.ch\/en\/wp-json\/wp\/v2\/comments?post=1078498"}],"version-history":[{"count":0,"href":"https:\/\/eazyshop.ch\/en\/wp-json\/wp\/v2\/product\/1078498\/revisions"}],"wp:featuredmedia":[{"embeddable":true,"href":"https:\/\/eazyshop.ch\/en\/wp-json\/wp\/v2\/media\/1078495"}],"wp:attachment":[{"href":"https:\/\/eazyshop.ch\/en\/wp-json\/wp\/v2\/media?parent=1078498"}],"wp:term":[{"taxonomy":"product_brand","embeddable":true,"href":"https:\/\/eazyshop.ch\/en\/wp-json\/wp\/v2\/product_brand?post=1078498"},{"taxonomy":"product_cat","embeddable":true,"href":"https:\/\/eazyshop.ch\/en\/wp-json\/wp\/v2\/product_cat?post=1078498"},{"taxonomy":"product_tag","embeddable":true,"href":"https:\/\/eazyshop.ch\/en\/wp-json\/wp\/v2\/product_tag?post=1078498"}],"curies":[{"name":"wp","href":"https:\/\/api.w.org\/{rel}","templated":true}]}}