{"id":1078478,"date":"2026-03-18T09:58:46","date_gmt":"2026-03-18T09:58:46","guid":{"rendered":"https:\/\/eazyshop.ch\/?post_type=product&#038;p=1078478"},"modified":"2026-03-27T11:40:13","modified_gmt":"2026-03-27T11:40:13","slug":"stapelturm-mit-ringen-fairy-garden-fsc","status":"publish","type":"product","link":"https:\/\/eazyshop.ch\/en\/product\/stapelturm-mit-ringen-fairy-garden-fsc\/","title":{"rendered":"Little Dutch Stapelturm mit Ringen &#8211; Fairy Garden FSC"},"content":{"rendered":"<p>Nimm die Herausforderung an, Ringe auf dem Schaukelsockel zu stapeln. Es ist ein fesselndes Spiel, das deine volle Aufmerksamkeit erfordert. Stapeln Sie die Ringe in der richtigen Reihenfolge, mit dem Ziel, dass die Blume den Turm kr\u00f6nt. Dieser h\u00fcbsche h\u00f6lzerne Schaukelringstapler aus der Fairy Garden-Kollektion wurde entwickelt, um die Hand-Augen-Koordination der Kinder spielerisch zu f\u00f6rdern.<\/p>","protected":false},"excerpt":{"rendered":"<p>Nimm die Herausforderung an, Ringe auf dem Schaukelsockel zu stapeln. Es ist ein fesselndes Spiel, das deine volle Aufmerksamkeit erfordert.<\/p>","protected":false},"featured_media":1078475,"comment_status":"open","ping_status":"closed","template":"","meta":[],"product_brand":[15418],"product_cat":[15434],"product_tag":[],"class_list":{"0":"post-1078478","1":"product","2":"type-product","3":"status-publish","4":"has-post-thumbnail","6":"product_brand-little-dutch","7":"product_cat-aktivitaetsspielzeug","9":"first","10":"instock","11":"taxable","12":"shipping-taxable","13":"purchasable","14":"product-type-simple"},"yoast_head":"<!-- This site is optimized with the Yoast SEO plugin v26.9 - https:\/\/yoast.com\/product\/yoast-seo-wordpress\/ -->\n<title>Little Dutch Stapelturm mit Ringen - Fairy Garden FSC - Eazyshop<\/title>\n<meta name=\"description\" content=\"Nimm die Herausforderung an, Ringe auf dem Schaukelsockel zu stapeln. Es ist ein fesselndes Spiel, das deine volle Aufmerksamkeit erfordert. Stapeln Sie\" \/>\n<meta name=\"robots\" content=\"index, follow, max-snippet:-1, max-image-preview:large, max-video-preview:-1\" \/>\n<link rel=\"canonical\" href=\"https:\/\/eazyshop.ch\/en\/product\/stapelturm-mit-ringen-fairy-garden-fsc\/\" \/>\n<meta property=\"og:locale\" content=\"en_GB\" \/>\n<meta property=\"og:type\" content=\"article\" \/>\n<meta property=\"og:title\" content=\"Little Dutch Stapelturm mit Ringen - Fairy Garden FSC - Eazyshop\" \/>\n<meta property=\"og:description\" content=\"Nimm die Herausforderung an, Ringe auf dem Schaukelsockel zu stapeln. Es ist ein fesselndes Spiel, das deine volle Aufmerksamkeit erfordert. Stapeln Sie\" \/>\n<meta property=\"og:url\" content=\"https:\/\/eazyshop.ch\/en\/product\/stapelturm-mit-ringen-fairy-garden-fsc\/\" \/>\n<meta property=\"og:site_name\" content=\"Eazyshop\" \/>\n<meta property=\"article:modified_time\" content=\"2026-03-27T11:40:13+00:00\" \/>\n<meta property=\"og:image\" content=\"https:\/\/eazyshop.ch\/wp-content\/uploads\/2026\/03\/0021549_7Y5sr.webp\" \/>\n\t<meta property=\"og:image:width\" content=\"500\" \/>\n\t<meta property=\"og:image:height\" content=\"500\" \/>\n\t<meta property=\"og:image:type\" content=\"image\/webp\" \/>\n<meta name=\"twitter:card\" content=\"summary_large_image\" \/>\n<script type=\"application\/ld+json\" class=\"yoast-schema-graph\">{\"@context\":\"https:\/\/schema.org\",\"@graph\":[{\"@type\":\"WebPage\",\"@id\":\"https:\/\/eazyshop.ch\/produkt\/stapelturm-mit-ringen-fairy-garden-fsc\/\",\"url\":\"https:\/\/eazyshop.ch\/produkt\/stapelturm-mit-ringen-fairy-garden-fsc\/\",\"name\":\"Little Dutch Stapelturm mit Ringen - Fairy Garden FSC - Eazyshop\",\"isPartOf\":{\"@id\":\"https:\/\/eazyshop.ch\/#website\"},\"primaryImageOfPage\":{\"@id\":\"https:\/\/eazyshop.ch\/produkt\/stapelturm-mit-ringen-fairy-garden-fsc\/#primaryimage\"},\"image\":{\"@id\":\"https:\/\/eazyshop.ch\/produkt\/stapelturm-mit-ringen-fairy-garden-fsc\/#primaryimage\"},\"thumbnailUrl\":\"https:\/\/eazyshop.ch\/wp-content\/uploads\/2026\/03\/0021549_7Y5sr.webp\",\"datePublished\":\"2026-03-18T09:58:46+00:00\",\"dateModified\":\"2026-03-27T11:40:13+00:00\",\"description\":\"Nimm die Herausforderung an, Ringe auf dem Schaukelsockel zu stapeln. Es ist ein fesselndes Spiel, das deine volle Aufmerksamkeit erfordert. Stapeln Sie\",\"breadcrumb\":{\"@id\":\"https:\/\/eazyshop.ch\/produkt\/stapelturm-mit-ringen-fairy-garden-fsc\/#breadcrumb\"},\"inLanguage\":\"en-GB\",\"potentialAction\":[{\"@type\":\"ReadAction\",\"target\":[\"https:\/\/eazyshop.ch\/produkt\/stapelturm-mit-ringen-fairy-garden-fsc\/\"]}]},{\"@type\":\"ImageObject\",\"inLanguage\":\"en-GB\",\"@id\":\"https:\/\/eazyshop.ch\/produkt\/stapelturm-mit-ringen-fairy-garden-fsc\/#primaryimage\",\"url\":\"https:\/\/eazyshop.ch\/wp-content\/uploads\/2026\/03\/0021549_7Y5sr.webp\",\"contentUrl\":\"https:\/\/eazyshop.ch\/wp-content\/uploads\/2026\/03\/0021549_7Y5sr.webp\",\"width\":500,\"height\":500},{\"@type\":\"BreadcrumbList\",\"@id\":\"https:\/\/eazyshop.ch\/produkt\/stapelturm-mit-ringen-fairy-garden-fsc\/#breadcrumb\",\"itemListElement\":[{\"@type\":\"ListItem\",\"position\":1,\"name\":\"Startseite\",\"item\":\"https:\/\/eazyshop.ch\/\"},{\"@type\":\"ListItem\",\"position\":2,\"name\":\"Shop\",\"item\":\"https:\/\/eazyshop.ch\/shop\/\"},{\"@type\":\"ListItem\",\"position\":3,\"name\":\"Little Dutch Stapelturm mit Ringen &#8211; Fairy Garden FSC\"}]},{\"@type\":\"WebSite\",\"@id\":\"https:\/\/eazyshop.ch\/#website\",\"url\":\"https:\/\/eazyshop.ch\/\",\"name\":\"Eazyshop\",\"description\":\"Where shopping feels easy\",\"publisher\":{\"@id\":\"https:\/\/eazyshop.ch\/#organization\"},\"potentialAction\":[{\"@type\":\"SearchAction\",\"target\":{\"@type\":\"EntryPoint\",\"urlTemplate\":\"https:\/\/eazyshop.ch\/?s={search_term_string}\"},\"query-input\":{\"@type\":\"PropertyValueSpecification\",\"valueRequired\":true,\"valueName\":\"search_term_string\"}}],\"inLanguage\":\"en-GB\"},{\"@type\":\"Organization\",\"@id\":\"https:\/\/eazyshop.ch\/#organization\",\"name\":\"Eazyshop\",\"url\":\"https:\/\/eazyshop.ch\/\",\"logo\":{\"@type\":\"ImageObject\",\"inLanguage\":\"en-GB\",\"@id\":\"https:\/\/eazyshop.ch\/#\/schema\/logo\/image\/\",\"url\":\"\",\"contentUrl\":\"\",\"caption\":\"Eazyshop\"},\"image\":{\"@id\":\"https:\/\/eazyshop.ch\/#\/schema\/logo\/image\/\"},\"sameAs\":[\"https:\/\/www.instagram.com\/eazyshop_ch\/\"]}]}<\/script>\n<!-- \/ Yoast SEO plugin. -->","yoast_head_json":{"title":"Little Dutch Stapelturm mit Ringen - Fairy Garden FSC - Eazyshop","description":"Nimm die Herausforderung an, Ringe auf dem Schaukelsockel zu stapeln. Es ist ein fesselndes Spiel, das deine volle Aufmerksamkeit erfordert. Stapeln Sie","robots":{"index":"index","follow":"follow","max-snippet":"max-snippet:-1","max-image-preview":"max-image-preview:large","max-video-preview":"max-video-preview:-1"},"canonical":"https:\/\/eazyshop.ch\/en\/product\/stapelturm-mit-ringen-fairy-garden-fsc\/","og_locale":"en_GB","og_type":"article","og_title":"Little Dutch Stapelturm mit Ringen - Fairy Garden FSC - Eazyshop","og_description":"Nimm die Herausforderung an, Ringe auf dem Schaukelsockel zu stapeln. Es ist ein fesselndes Spiel, das deine volle Aufmerksamkeit erfordert. Stapeln Sie","og_url":"https:\/\/eazyshop.ch\/en\/product\/stapelturm-mit-ringen-fairy-garden-fsc\/","og_site_name":"Eazyshop","article_modified_time":"2026-03-27T11:40:13+00:00","og_image":[{"width":500,"height":500,"url":"https:\/\/eazyshop.ch\/wp-content\/uploads\/2026\/03\/0021549_7Y5sr.webp","type":"image\/webp"}],"twitter_card":"summary_large_image","schema":{"@context":"https:\/\/schema.org","@graph":[{"@type":"WebPage","@id":"https:\/\/eazyshop.ch\/produkt\/stapelturm-mit-ringen-fairy-garden-fsc\/","url":"https:\/\/eazyshop.ch\/produkt\/stapelturm-mit-ringen-fairy-garden-fsc\/","name":"Little Dutch Stapelturm mit Ringen - Fairy Garden FSC - Eazyshop","isPartOf":{"@id":"https:\/\/eazyshop.ch\/#website"},"primaryImageOfPage":{"@id":"https:\/\/eazyshop.ch\/produkt\/stapelturm-mit-ringen-fairy-garden-fsc\/#primaryimage"},"image":{"@id":"https:\/\/eazyshop.ch\/produkt\/stapelturm-mit-ringen-fairy-garden-fsc\/#primaryimage"},"thumbnailUrl":"https:\/\/eazyshop.ch\/wp-content\/uploads\/2026\/03\/0021549_7Y5sr.webp","datePublished":"2026-03-18T09:58:46+00:00","dateModified":"2026-03-27T11:40:13+00:00","description":"Nimm die Herausforderung an, Ringe auf dem Schaukelsockel zu stapeln. Es ist ein fesselndes Spiel, das deine volle Aufmerksamkeit erfordert. Stapeln Sie","breadcrumb":{"@id":"https:\/\/eazyshop.ch\/produkt\/stapelturm-mit-ringen-fairy-garden-fsc\/#breadcrumb"},"inLanguage":"en-GB","potentialAction":[{"@type":"ReadAction","target":["https:\/\/eazyshop.ch\/produkt\/stapelturm-mit-ringen-fairy-garden-fsc\/"]}]},{"@type":"ImageObject","inLanguage":"en-GB","@id":"https:\/\/eazyshop.ch\/produkt\/stapelturm-mit-ringen-fairy-garden-fsc\/#primaryimage","url":"https:\/\/eazyshop.ch\/wp-content\/uploads\/2026\/03\/0021549_7Y5sr.webp","contentUrl":"https:\/\/eazyshop.ch\/wp-content\/uploads\/2026\/03\/0021549_7Y5sr.webp","width":500,"height":500},{"@type":"BreadcrumbList","@id":"https:\/\/eazyshop.ch\/produkt\/stapelturm-mit-ringen-fairy-garden-fsc\/#breadcrumb","itemListElement":[{"@type":"ListItem","position":1,"name":"Startseite","item":"https:\/\/eazyshop.ch\/"},{"@type":"ListItem","position":2,"name":"Shop","item":"https:\/\/eazyshop.ch\/shop\/"},{"@type":"ListItem","position":3,"name":"Little Dutch Stapelturm mit Ringen &#8211; Fairy Garden FSC"}]},{"@type":"WebSite","@id":"https:\/\/eazyshop.ch\/#website","url":"https:\/\/eazyshop.ch\/","name":"Eazyshop","description":"Where shopping feels easy","publisher":{"@id":"https:\/\/eazyshop.ch\/#organization"},"potentialAction":[{"@type":"SearchAction","target":{"@type":"EntryPoint","urlTemplate":"https:\/\/eazyshop.ch\/?s={search_term_string}"},"query-input":{"@type":"PropertyValueSpecification","valueRequired":true,"valueName":"search_term_string"}}],"inLanguage":"en-GB"},{"@type":"Organization","@id":"https:\/\/eazyshop.ch\/#organization","name":"Eazyshop","url":"https:\/\/eazyshop.ch\/","logo":{"@type":"ImageObject","inLanguage":"en-GB","@id":"https:\/\/eazyshop.ch\/#\/schema\/logo\/image\/","url":"","contentUrl":"","caption":"Eazyshop"},"image":{"@id":"https:\/\/eazyshop.ch\/#\/schema\/logo\/image\/"},"sameAs":["https:\/\/www.instagram.com\/eazyshop_ch\/"]}]}},"jetpack_sharing_enabled":true,"_links":{"self":[{"href":"https:\/\/eazyshop.ch\/en\/wp-json\/wp\/v2\/product\/1078478","targetHints":{"allow":["GET"]}}],"collection":[{"href":"https:\/\/eazyshop.ch\/en\/wp-json\/wp\/v2\/product"}],"about":[{"href":"https:\/\/eazyshop.ch\/en\/wp-json\/wp\/v2\/types\/product"}],"replies":[{"embeddable":true,"href":"https:\/\/eazyshop.ch\/en\/wp-json\/wp\/v2\/comments?post=1078478"}],"version-history":[{"count":0,"href":"https:\/\/eazyshop.ch\/en\/wp-json\/wp\/v2\/product\/1078478\/revisions"}],"wp:featuredmedia":[{"embeddable":true,"href":"https:\/\/eazyshop.ch\/en\/wp-json\/wp\/v2\/media\/1078475"}],"wp:attachment":[{"href":"https:\/\/eazyshop.ch\/en\/wp-json\/wp\/v2\/media?parent=1078478"}],"wp:term":[{"taxonomy":"product_brand","embeddable":true,"href":"https:\/\/eazyshop.ch\/en\/wp-json\/wp\/v2\/product_brand?post=1078478"},{"taxonomy":"product_cat","embeddable":true,"href":"https:\/\/eazyshop.ch\/en\/wp-json\/wp\/v2\/product_cat?post=1078478"},{"taxonomy":"product_tag","embeddable":true,"href":"https:\/\/eazyshop.ch\/en\/wp-json\/wp\/v2\/product_tag?post=1078478"}],"curies":[{"name":"wp","href":"https:\/\/api.w.org\/{rel}","templated":true}]}}