{"id":1078474,"date":"2026-03-18T09:58:46","date_gmt":"2026-03-18T09:58:46","guid":{"rendered":"https:\/\/eazyshop.ch\/?post_type=product&#038;p=1078474"},"modified":"2026-03-27T11:40:13","modified_gmt":"2026-03-27T11:40:13","slug":"aktivitaetsspirale-little-farm","status":"publish","type":"product","link":"https:\/\/eazyshop.ch\/en\/product\/aktivitaetsspirale-little-farm\/","title":{"rendered":"Little Dutch Aktivit\u00e4tsspirale Little Farm"},"content":{"rendered":"<p>Schauen, f\u00fchlen und entdecken! Diese lustige und unterhaltsame Aktivit\u00e4tsspirale wird Babys sowohl zu Hause als auch unterwegs besch\u00e4ftigen. Dieses praktische Spielzeug l\u00e4sst sich leicht an allem befestigen, vom Kinderbett bis zum Laufstall oder Autositz. Es st\u00e4rkt die Sinne und f\u00f6rdert die Hand-Augen-Koordination. Die Aktivit\u00e4tsspirale ist aus Kord mit Baumwolle gefertigt und dreht sich um ein kleines Schaf, ein fr\u00f6hliches Huhn und eine h\u00fcbsche Sonnenblume.<\/p>","protected":false},"excerpt":{"rendered":"<p>Schauen, f\u00fchlen und entdecken! Diese lustige und unterhaltsame Aktivit\u00e4tsspirale wird Babys sowohl zu Hause als auch unterwegs besch\u00e4ftigen. Dieses praktische<\/p>","protected":false},"featured_media":1078471,"comment_status":"open","ping_status":"closed","template":"","meta":[],"product_brand":[15418],"product_cat":[15434],"product_tag":[],"class_list":{"0":"post-1078474","1":"product","2":"type-product","3":"status-publish","4":"has-post-thumbnail","6":"product_brand-little-dutch","7":"product_cat-aktivitaetsspielzeug","9":"first","10":"instock","11":"taxable","12":"shipping-taxable","13":"purchasable","14":"product-type-simple"},"yoast_head":"<!-- This site is optimized with the Yoast SEO plugin v26.9 - https:\/\/yoast.com\/product\/yoast-seo-wordpress\/ -->\n<title>Little Dutch Aktivit\u00e4tsspirale Little Farm - Eazyshop<\/title>\n<meta name=\"description\" content=\"Schauen, f\u00fchlen und entdecken! Diese lustige und unterhaltsame Aktivit\u00e4tsspirale wird Babys sowohl zu Hause als auch unterwegs besch\u00e4ftigen. Dieses\" \/>\n<meta name=\"robots\" content=\"index, follow, max-snippet:-1, max-image-preview:large, max-video-preview:-1\" \/>\n<link rel=\"canonical\" href=\"https:\/\/eazyshop.ch\/en\/product\/aktivitaetsspirale-little-farm\/\" \/>\n<meta property=\"og:locale\" content=\"en_GB\" \/>\n<meta property=\"og:type\" content=\"article\" \/>\n<meta property=\"og:title\" content=\"Little Dutch Aktivit\u00e4tsspirale Little Farm - Eazyshop\" \/>\n<meta property=\"og:description\" content=\"Schauen, f\u00fchlen und entdecken! Diese lustige und unterhaltsame Aktivit\u00e4tsspirale wird Babys sowohl zu Hause als auch unterwegs besch\u00e4ftigen. Dieses\" \/>\n<meta property=\"og:url\" content=\"https:\/\/eazyshop.ch\/en\/product\/aktivitaetsspirale-little-farm\/\" \/>\n<meta property=\"og:site_name\" content=\"Eazyshop\" \/>\n<meta property=\"article:modified_time\" content=\"2026-03-27T11:40:13+00:00\" \/>\n<meta property=\"og:image\" content=\"https:\/\/eazyshop.ch\/wp-content\/uploads\/2026\/03\/0005648_M5ahI.webp\" \/>\n\t<meta property=\"og:image:width\" content=\"800\" \/>\n\t<meta property=\"og:image:height\" content=\"800\" \/>\n\t<meta property=\"og:image:type\" content=\"image\/webp\" \/>\n<meta name=\"twitter:card\" content=\"summary_large_image\" \/>\n<script type=\"application\/ld+json\" class=\"yoast-schema-graph\">{\"@context\":\"https:\/\/schema.org\",\"@graph\":[{\"@type\":\"WebPage\",\"@id\":\"https:\/\/eazyshop.ch\/produkt\/aktivitaetsspirale-little-farm\/\",\"url\":\"https:\/\/eazyshop.ch\/produkt\/aktivitaetsspirale-little-farm\/\",\"name\":\"Little Dutch Aktivit\u00e4tsspirale Little Farm - Eazyshop\",\"isPartOf\":{\"@id\":\"https:\/\/eazyshop.ch\/#website\"},\"primaryImageOfPage\":{\"@id\":\"https:\/\/eazyshop.ch\/produkt\/aktivitaetsspirale-little-farm\/#primaryimage\"},\"image\":{\"@id\":\"https:\/\/eazyshop.ch\/produkt\/aktivitaetsspirale-little-farm\/#primaryimage\"},\"thumbnailUrl\":\"https:\/\/eazyshop.ch\/wp-content\/uploads\/2026\/03\/0005648_M5ahI.webp\",\"datePublished\":\"2026-03-18T09:58:46+00:00\",\"dateModified\":\"2026-03-27T11:40:13+00:00\",\"description\":\"Schauen, f\u00fchlen und entdecken! Diese lustige und unterhaltsame Aktivit\u00e4tsspirale wird Babys sowohl zu Hause als auch unterwegs besch\u00e4ftigen. Dieses\",\"breadcrumb\":{\"@id\":\"https:\/\/eazyshop.ch\/produkt\/aktivitaetsspirale-little-farm\/#breadcrumb\"},\"inLanguage\":\"en-GB\",\"potentialAction\":[{\"@type\":\"ReadAction\",\"target\":[\"https:\/\/eazyshop.ch\/produkt\/aktivitaetsspirale-little-farm\/\"]}]},{\"@type\":\"ImageObject\",\"inLanguage\":\"en-GB\",\"@id\":\"https:\/\/eazyshop.ch\/produkt\/aktivitaetsspirale-little-farm\/#primaryimage\",\"url\":\"https:\/\/eazyshop.ch\/wp-content\/uploads\/2026\/03\/0005648_M5ahI.webp\",\"contentUrl\":\"https:\/\/eazyshop.ch\/wp-content\/uploads\/2026\/03\/0005648_M5ahI.webp\",\"width\":800,\"height\":800},{\"@type\":\"BreadcrumbList\",\"@id\":\"https:\/\/eazyshop.ch\/produkt\/aktivitaetsspirale-little-farm\/#breadcrumb\",\"itemListElement\":[{\"@type\":\"ListItem\",\"position\":1,\"name\":\"Startseite\",\"item\":\"https:\/\/eazyshop.ch\/\"},{\"@type\":\"ListItem\",\"position\":2,\"name\":\"Shop\",\"item\":\"https:\/\/eazyshop.ch\/shop\/\"},{\"@type\":\"ListItem\",\"position\":3,\"name\":\"Little Dutch Aktivit\u00e4tsspirale Little Farm\"}]},{\"@type\":\"WebSite\",\"@id\":\"https:\/\/eazyshop.ch\/#website\",\"url\":\"https:\/\/eazyshop.ch\/\",\"name\":\"Eazyshop\",\"description\":\"Where shopping feels easy\",\"publisher\":{\"@id\":\"https:\/\/eazyshop.ch\/#organization\"},\"potentialAction\":[{\"@type\":\"SearchAction\",\"target\":{\"@type\":\"EntryPoint\",\"urlTemplate\":\"https:\/\/eazyshop.ch\/?s={search_term_string}\"},\"query-input\":{\"@type\":\"PropertyValueSpecification\",\"valueRequired\":true,\"valueName\":\"search_term_string\"}}],\"inLanguage\":\"en-GB\"},{\"@type\":\"Organization\",\"@id\":\"https:\/\/eazyshop.ch\/#organization\",\"name\":\"Eazyshop\",\"url\":\"https:\/\/eazyshop.ch\/\",\"logo\":{\"@type\":\"ImageObject\",\"inLanguage\":\"en-GB\",\"@id\":\"https:\/\/eazyshop.ch\/#\/schema\/logo\/image\/\",\"url\":\"\",\"contentUrl\":\"\",\"caption\":\"Eazyshop\"},\"image\":{\"@id\":\"https:\/\/eazyshop.ch\/#\/schema\/logo\/image\/\"},\"sameAs\":[\"https:\/\/www.instagram.com\/eazyshop_ch\/\"]}]}<\/script>\n<!-- \/ Yoast SEO plugin. -->","yoast_head_json":{"title":"Little Dutch Aktivit\u00e4tsspirale Little Farm - Eazyshop","description":"Schauen, f\u00fchlen und entdecken! Diese lustige und unterhaltsame Aktivit\u00e4tsspirale wird Babys sowohl zu Hause als auch unterwegs besch\u00e4ftigen. Dieses","robots":{"index":"index","follow":"follow","max-snippet":"max-snippet:-1","max-image-preview":"max-image-preview:large","max-video-preview":"max-video-preview:-1"},"canonical":"https:\/\/eazyshop.ch\/en\/product\/aktivitaetsspirale-little-farm\/","og_locale":"en_GB","og_type":"article","og_title":"Little Dutch Aktivit\u00e4tsspirale Little Farm - Eazyshop","og_description":"Schauen, f\u00fchlen und entdecken! Diese lustige und unterhaltsame Aktivit\u00e4tsspirale wird Babys sowohl zu Hause als auch unterwegs besch\u00e4ftigen. Dieses","og_url":"https:\/\/eazyshop.ch\/en\/product\/aktivitaetsspirale-little-farm\/","og_site_name":"Eazyshop","article_modified_time":"2026-03-27T11:40:13+00:00","og_image":[{"width":800,"height":800,"url":"https:\/\/eazyshop.ch\/wp-content\/uploads\/2026\/03\/0005648_M5ahI.webp","type":"image\/webp"}],"twitter_card":"summary_large_image","schema":{"@context":"https:\/\/schema.org","@graph":[{"@type":"WebPage","@id":"https:\/\/eazyshop.ch\/produkt\/aktivitaetsspirale-little-farm\/","url":"https:\/\/eazyshop.ch\/produkt\/aktivitaetsspirale-little-farm\/","name":"Little Dutch Aktivit\u00e4tsspirale Little Farm - Eazyshop","isPartOf":{"@id":"https:\/\/eazyshop.ch\/#website"},"primaryImageOfPage":{"@id":"https:\/\/eazyshop.ch\/produkt\/aktivitaetsspirale-little-farm\/#primaryimage"},"image":{"@id":"https:\/\/eazyshop.ch\/produkt\/aktivitaetsspirale-little-farm\/#primaryimage"},"thumbnailUrl":"https:\/\/eazyshop.ch\/wp-content\/uploads\/2026\/03\/0005648_M5ahI.webp","datePublished":"2026-03-18T09:58:46+00:00","dateModified":"2026-03-27T11:40:13+00:00","description":"Schauen, f\u00fchlen und entdecken! Diese lustige und unterhaltsame Aktivit\u00e4tsspirale wird Babys sowohl zu Hause als auch unterwegs besch\u00e4ftigen. Dieses","breadcrumb":{"@id":"https:\/\/eazyshop.ch\/produkt\/aktivitaetsspirale-little-farm\/#breadcrumb"},"inLanguage":"en-GB","potentialAction":[{"@type":"ReadAction","target":["https:\/\/eazyshop.ch\/produkt\/aktivitaetsspirale-little-farm\/"]}]},{"@type":"ImageObject","inLanguage":"en-GB","@id":"https:\/\/eazyshop.ch\/produkt\/aktivitaetsspirale-little-farm\/#primaryimage","url":"https:\/\/eazyshop.ch\/wp-content\/uploads\/2026\/03\/0005648_M5ahI.webp","contentUrl":"https:\/\/eazyshop.ch\/wp-content\/uploads\/2026\/03\/0005648_M5ahI.webp","width":800,"height":800},{"@type":"BreadcrumbList","@id":"https:\/\/eazyshop.ch\/produkt\/aktivitaetsspirale-little-farm\/#breadcrumb","itemListElement":[{"@type":"ListItem","position":1,"name":"Startseite","item":"https:\/\/eazyshop.ch\/"},{"@type":"ListItem","position":2,"name":"Shop","item":"https:\/\/eazyshop.ch\/shop\/"},{"@type":"ListItem","position":3,"name":"Little Dutch Aktivit\u00e4tsspirale Little Farm"}]},{"@type":"WebSite","@id":"https:\/\/eazyshop.ch\/#website","url":"https:\/\/eazyshop.ch\/","name":"Eazyshop","description":"Where shopping feels easy","publisher":{"@id":"https:\/\/eazyshop.ch\/#organization"},"potentialAction":[{"@type":"SearchAction","target":{"@type":"EntryPoint","urlTemplate":"https:\/\/eazyshop.ch\/?s={search_term_string}"},"query-input":{"@type":"PropertyValueSpecification","valueRequired":true,"valueName":"search_term_string"}}],"inLanguage":"en-GB"},{"@type":"Organization","@id":"https:\/\/eazyshop.ch\/#organization","name":"Eazyshop","url":"https:\/\/eazyshop.ch\/","logo":{"@type":"ImageObject","inLanguage":"en-GB","@id":"https:\/\/eazyshop.ch\/#\/schema\/logo\/image\/","url":"","contentUrl":"","caption":"Eazyshop"},"image":{"@id":"https:\/\/eazyshop.ch\/#\/schema\/logo\/image\/"},"sameAs":["https:\/\/www.instagram.com\/eazyshop_ch\/"]}]}},"jetpack_sharing_enabled":true,"_links":{"self":[{"href":"https:\/\/eazyshop.ch\/en\/wp-json\/wp\/v2\/product\/1078474","targetHints":{"allow":["GET"]}}],"collection":[{"href":"https:\/\/eazyshop.ch\/en\/wp-json\/wp\/v2\/product"}],"about":[{"href":"https:\/\/eazyshop.ch\/en\/wp-json\/wp\/v2\/types\/product"}],"replies":[{"embeddable":true,"href":"https:\/\/eazyshop.ch\/en\/wp-json\/wp\/v2\/comments?post=1078474"}],"version-history":[{"count":0,"href":"https:\/\/eazyshop.ch\/en\/wp-json\/wp\/v2\/product\/1078474\/revisions"}],"wp:featuredmedia":[{"embeddable":true,"href":"https:\/\/eazyshop.ch\/en\/wp-json\/wp\/v2\/media\/1078471"}],"wp:attachment":[{"href":"https:\/\/eazyshop.ch\/en\/wp-json\/wp\/v2\/media?parent=1078474"}],"wp:term":[{"taxonomy":"product_brand","embeddable":true,"href":"https:\/\/eazyshop.ch\/en\/wp-json\/wp\/v2\/product_brand?post=1078474"},{"taxonomy":"product_cat","embeddable":true,"href":"https:\/\/eazyshop.ch\/en\/wp-json\/wp\/v2\/product_cat?post=1078474"},{"taxonomy":"product_tag","embeddable":true,"href":"https:\/\/eazyshop.ch\/en\/wp-json\/wp\/v2\/product_tag?post=1078474"}],"curies":[{"name":"wp","href":"https:\/\/api.w.org\/{rel}","templated":true}]}}