{"id":1078470,"date":"2026-03-18T09:58:46","date_gmt":"2026-03-18T09:58:46","guid":{"rendered":"https:\/\/eazyshop.ch\/?post_type=product&#038;p=1078470"},"modified":"2026-03-27T11:40:12","modified_gmt":"2026-03-27T11:40:12","slug":"sailors-bay-geschenkset","status":"publish","type":"product","link":"https:\/\/eazyshop.ch\/en\/product\/sailors-bay-geschenkset\/","title":{"rendered":"Little Dutch Sailors Bay Geschenkset"},"content":{"rendered":"<p>Die Favoriten aus der Sailors Bay-Kollektion zusammen verpackt als perfektes Geschenk zur Geburt oder zur Babyparty. Diese sch\u00f6ne Box enth\u00e4lt drei weiche Produkte zum Schlafen, Kuscheln und Spielen. Das Kuscheltuch mit einer weichen M\u00f6we ist wunderbar zum Kuscheln, macht aber auch Spa\u00df beim Kuck-kuck-Spiel. Kuschelm\u00f6we Jack ist immer f\u00fcr eine dicke Umarmung zu haben und geht gerne \u00fcberall mit hin. Dieses Set enth\u00e4lt auch ein Beissspielzeug mit einem rasselnden, weichen Segelboot zum Spielen. Es stimuliert die Hand-Auge-Koordination und die Neugier der Kinder. Der Beissring bietet dem Baby auch Komfort, wenn die ersten Z\u00e4hne kommen. Alle 3 Produkte sind in einer sch\u00f6nen Geschenkbox verpackt.<\/p>","protected":false},"excerpt":{"rendered":"<p>Die Favoriten aus der Sailors Bay-Kollektion zusammen verpackt als perfektes Geschenk zur Geburt oder zur Babyparty. Diese sch\u00f6ne Box enth\u00e4lt<\/p>","protected":false},"featured_media":1078467,"comment_status":"open","ping_status":"closed","template":"","meta":[],"product_brand":[15418],"product_cat":[7652],"product_tag":[],"class_list":{"0":"post-1078470","1":"product","2":"type-product","3":"status-publish","4":"has-post-thumbnail","6":"product_brand-little-dutch","7":"product_cat-baby-kleinkind","9":"first","10":"instock","11":"taxable","12":"shipping-taxable","13":"purchasable","14":"product-type-simple"},"yoast_head":"<!-- This site is optimized with the Yoast SEO plugin v26.9 - https:\/\/yoast.com\/product\/yoast-seo-wordpress\/ -->\n<title>Little Dutch Sailors Bay Geschenkset - Eazyshop<\/title>\n<meta name=\"description\" content=\"Die Favoriten aus der Sailors Bay-Kollektion zusammen verpackt als perfektes Geschenk zur Geburt oder zur Babyparty. Diese sch\u00f6ne Box enth\u00e4lt drei weiche\" \/>\n<meta name=\"robots\" content=\"index, follow, max-snippet:-1, max-image-preview:large, max-video-preview:-1\" \/>\n<link rel=\"canonical\" href=\"https:\/\/eazyshop.ch\/en\/product\/sailors-bay-geschenkset\/\" \/>\n<meta property=\"og:locale\" content=\"en_GB\" \/>\n<meta property=\"og:type\" content=\"article\" \/>\n<meta property=\"og:title\" content=\"Little Dutch Sailors Bay Geschenkset - Eazyshop\" \/>\n<meta property=\"og:description\" content=\"Die Favoriten aus der Sailors Bay-Kollektion zusammen verpackt als perfektes Geschenk zur Geburt oder zur Babyparty. Diese sch\u00f6ne Box enth\u00e4lt drei weiche\" \/>\n<meta property=\"og:url\" content=\"https:\/\/eazyshop.ch\/en\/product\/sailors-bay-geschenkset\/\" \/>\n<meta property=\"og:site_name\" content=\"Eazyshop\" \/>\n<meta property=\"article:modified_time\" content=\"2026-03-27T11:40:12+00:00\" \/>\n<meta property=\"og:image\" content=\"https:\/\/eazyshop.ch\/wp-content\/uploads\/2026\/03\/0005026_sailors-bay-geschenkset_550_xLtgI.jpeg\" \/>\n\t<meta property=\"og:image:width\" content=\"550\" \/>\n\t<meta property=\"og:image:height\" content=\"550\" \/>\n\t<meta property=\"og:image:type\" content=\"image\/jpeg\" \/>\n<meta name=\"twitter:card\" content=\"summary_large_image\" \/>\n<meta name=\"twitter:label1\" content=\"Estimated reading time\" \/>\n\t<meta name=\"twitter:data1\" content=\"1 minute\" \/>\n<script type=\"application\/ld+json\" class=\"yoast-schema-graph\">{\"@context\":\"https:\/\/schema.org\",\"@graph\":[{\"@type\":\"WebPage\",\"@id\":\"https:\/\/eazyshop.ch\/produkt\/sailors-bay-geschenkset\/\",\"url\":\"https:\/\/eazyshop.ch\/produkt\/sailors-bay-geschenkset\/\",\"name\":\"Little Dutch Sailors Bay Geschenkset - Eazyshop\",\"isPartOf\":{\"@id\":\"https:\/\/eazyshop.ch\/#website\"},\"primaryImageOfPage\":{\"@id\":\"https:\/\/eazyshop.ch\/produkt\/sailors-bay-geschenkset\/#primaryimage\"},\"image\":{\"@id\":\"https:\/\/eazyshop.ch\/produkt\/sailors-bay-geschenkset\/#primaryimage\"},\"thumbnailUrl\":\"https:\/\/eazyshop.ch\/wp-content\/uploads\/2026\/03\/0005026_sailors-bay-geschenkset_550_xLtgI.jpeg\",\"datePublished\":\"2026-03-18T09:58:46+00:00\",\"dateModified\":\"2026-03-27T11:40:12+00:00\",\"description\":\"Die Favoriten aus der Sailors Bay-Kollektion zusammen verpackt als perfektes Geschenk zur Geburt oder zur Babyparty. Diese sch\u00f6ne Box enth\u00e4lt drei weiche\",\"breadcrumb\":{\"@id\":\"https:\/\/eazyshop.ch\/produkt\/sailors-bay-geschenkset\/#breadcrumb\"},\"inLanguage\":\"en-GB\",\"potentialAction\":[{\"@type\":\"ReadAction\",\"target\":[\"https:\/\/eazyshop.ch\/produkt\/sailors-bay-geschenkset\/\"]}]},{\"@type\":\"ImageObject\",\"inLanguage\":\"en-GB\",\"@id\":\"https:\/\/eazyshop.ch\/produkt\/sailors-bay-geschenkset\/#primaryimage\",\"url\":\"https:\/\/eazyshop.ch\/wp-content\/uploads\/2026\/03\/0005026_sailors-bay-geschenkset_550_xLtgI.jpeg\",\"contentUrl\":\"https:\/\/eazyshop.ch\/wp-content\/uploads\/2026\/03\/0005026_sailors-bay-geschenkset_550_xLtgI.jpeg\",\"width\":550,\"height\":550},{\"@type\":\"BreadcrumbList\",\"@id\":\"https:\/\/eazyshop.ch\/produkt\/sailors-bay-geschenkset\/#breadcrumb\",\"itemListElement\":[{\"@type\":\"ListItem\",\"position\":1,\"name\":\"Startseite\",\"item\":\"https:\/\/eazyshop.ch\/\"},{\"@type\":\"ListItem\",\"position\":2,\"name\":\"Shop\",\"item\":\"https:\/\/eazyshop.ch\/shop\/\"},{\"@type\":\"ListItem\",\"position\":3,\"name\":\"Little Dutch Sailors Bay Geschenkset\"}]},{\"@type\":\"WebSite\",\"@id\":\"https:\/\/eazyshop.ch\/#website\",\"url\":\"https:\/\/eazyshop.ch\/\",\"name\":\"Eazyshop\",\"description\":\"Where shopping feels easy\",\"publisher\":{\"@id\":\"https:\/\/eazyshop.ch\/#organization\"},\"potentialAction\":[{\"@type\":\"SearchAction\",\"target\":{\"@type\":\"EntryPoint\",\"urlTemplate\":\"https:\/\/eazyshop.ch\/?s={search_term_string}\"},\"query-input\":{\"@type\":\"PropertyValueSpecification\",\"valueRequired\":true,\"valueName\":\"search_term_string\"}}],\"inLanguage\":\"en-GB\"},{\"@type\":\"Organization\",\"@id\":\"https:\/\/eazyshop.ch\/#organization\",\"name\":\"Eazyshop\",\"url\":\"https:\/\/eazyshop.ch\/\",\"logo\":{\"@type\":\"ImageObject\",\"inLanguage\":\"en-GB\",\"@id\":\"https:\/\/eazyshop.ch\/#\/schema\/logo\/image\/\",\"url\":\"\",\"contentUrl\":\"\",\"caption\":\"Eazyshop\"},\"image\":{\"@id\":\"https:\/\/eazyshop.ch\/#\/schema\/logo\/image\/\"},\"sameAs\":[\"https:\/\/www.instagram.com\/eazyshop_ch\/\"]}]}<\/script>\n<!-- \/ Yoast SEO plugin. -->","yoast_head_json":{"title":"Little Dutch Sailors Bay Geschenkset - Eazyshop","description":"Die Favoriten aus der Sailors Bay-Kollektion zusammen verpackt als perfektes Geschenk zur Geburt oder zur Babyparty. Diese sch\u00f6ne Box enth\u00e4lt drei weiche","robots":{"index":"index","follow":"follow","max-snippet":"max-snippet:-1","max-image-preview":"max-image-preview:large","max-video-preview":"max-video-preview:-1"},"canonical":"https:\/\/eazyshop.ch\/en\/product\/sailors-bay-geschenkset\/","og_locale":"en_GB","og_type":"article","og_title":"Little Dutch Sailors Bay Geschenkset - Eazyshop","og_description":"Die Favoriten aus der Sailors Bay-Kollektion zusammen verpackt als perfektes Geschenk zur Geburt oder zur Babyparty. Diese sch\u00f6ne Box enth\u00e4lt drei weiche","og_url":"https:\/\/eazyshop.ch\/en\/product\/sailors-bay-geschenkset\/","og_site_name":"Eazyshop","article_modified_time":"2026-03-27T11:40:12+00:00","og_image":[{"width":550,"height":550,"url":"https:\/\/eazyshop.ch\/wp-content\/uploads\/2026\/03\/0005026_sailors-bay-geschenkset_550_xLtgI.jpeg","type":"image\/jpeg"}],"twitter_card":"summary_large_image","twitter_misc":{"Estimated reading time":"1 minute"},"schema":{"@context":"https:\/\/schema.org","@graph":[{"@type":"WebPage","@id":"https:\/\/eazyshop.ch\/produkt\/sailors-bay-geschenkset\/","url":"https:\/\/eazyshop.ch\/produkt\/sailors-bay-geschenkset\/","name":"Little Dutch Sailors Bay Geschenkset - Eazyshop","isPartOf":{"@id":"https:\/\/eazyshop.ch\/#website"},"primaryImageOfPage":{"@id":"https:\/\/eazyshop.ch\/produkt\/sailors-bay-geschenkset\/#primaryimage"},"image":{"@id":"https:\/\/eazyshop.ch\/produkt\/sailors-bay-geschenkset\/#primaryimage"},"thumbnailUrl":"https:\/\/eazyshop.ch\/wp-content\/uploads\/2026\/03\/0005026_sailors-bay-geschenkset_550_xLtgI.jpeg","datePublished":"2026-03-18T09:58:46+00:00","dateModified":"2026-03-27T11:40:12+00:00","description":"Die Favoriten aus der Sailors Bay-Kollektion zusammen verpackt als perfektes Geschenk zur Geburt oder zur Babyparty. Diese sch\u00f6ne Box enth\u00e4lt drei weiche","breadcrumb":{"@id":"https:\/\/eazyshop.ch\/produkt\/sailors-bay-geschenkset\/#breadcrumb"},"inLanguage":"en-GB","potentialAction":[{"@type":"ReadAction","target":["https:\/\/eazyshop.ch\/produkt\/sailors-bay-geschenkset\/"]}]},{"@type":"ImageObject","inLanguage":"en-GB","@id":"https:\/\/eazyshop.ch\/produkt\/sailors-bay-geschenkset\/#primaryimage","url":"https:\/\/eazyshop.ch\/wp-content\/uploads\/2026\/03\/0005026_sailors-bay-geschenkset_550_xLtgI.jpeg","contentUrl":"https:\/\/eazyshop.ch\/wp-content\/uploads\/2026\/03\/0005026_sailors-bay-geschenkset_550_xLtgI.jpeg","width":550,"height":550},{"@type":"BreadcrumbList","@id":"https:\/\/eazyshop.ch\/produkt\/sailors-bay-geschenkset\/#breadcrumb","itemListElement":[{"@type":"ListItem","position":1,"name":"Startseite","item":"https:\/\/eazyshop.ch\/"},{"@type":"ListItem","position":2,"name":"Shop","item":"https:\/\/eazyshop.ch\/shop\/"},{"@type":"ListItem","position":3,"name":"Little Dutch Sailors Bay Geschenkset"}]},{"@type":"WebSite","@id":"https:\/\/eazyshop.ch\/#website","url":"https:\/\/eazyshop.ch\/","name":"Eazyshop","description":"Where shopping feels easy","publisher":{"@id":"https:\/\/eazyshop.ch\/#organization"},"potentialAction":[{"@type":"SearchAction","target":{"@type":"EntryPoint","urlTemplate":"https:\/\/eazyshop.ch\/?s={search_term_string}"},"query-input":{"@type":"PropertyValueSpecification","valueRequired":true,"valueName":"search_term_string"}}],"inLanguage":"en-GB"},{"@type":"Organization","@id":"https:\/\/eazyshop.ch\/#organization","name":"Eazyshop","url":"https:\/\/eazyshop.ch\/","logo":{"@type":"ImageObject","inLanguage":"en-GB","@id":"https:\/\/eazyshop.ch\/#\/schema\/logo\/image\/","url":"","contentUrl":"","caption":"Eazyshop"},"image":{"@id":"https:\/\/eazyshop.ch\/#\/schema\/logo\/image\/"},"sameAs":["https:\/\/www.instagram.com\/eazyshop_ch\/"]}]}},"jetpack_sharing_enabled":true,"_links":{"self":[{"href":"https:\/\/eazyshop.ch\/en\/wp-json\/wp\/v2\/product\/1078470","targetHints":{"allow":["GET"]}}],"collection":[{"href":"https:\/\/eazyshop.ch\/en\/wp-json\/wp\/v2\/product"}],"about":[{"href":"https:\/\/eazyshop.ch\/en\/wp-json\/wp\/v2\/types\/product"}],"replies":[{"embeddable":true,"href":"https:\/\/eazyshop.ch\/en\/wp-json\/wp\/v2\/comments?post=1078470"}],"version-history":[{"count":0,"href":"https:\/\/eazyshop.ch\/en\/wp-json\/wp\/v2\/product\/1078470\/revisions"}],"wp:featuredmedia":[{"embeddable":true,"href":"https:\/\/eazyshop.ch\/en\/wp-json\/wp\/v2\/media\/1078467"}],"wp:attachment":[{"href":"https:\/\/eazyshop.ch\/en\/wp-json\/wp\/v2\/media?parent=1078470"}],"wp:term":[{"taxonomy":"product_brand","embeddable":true,"href":"https:\/\/eazyshop.ch\/en\/wp-json\/wp\/v2\/product_brand?post=1078470"},{"taxonomy":"product_cat","embeddable":true,"href":"https:\/\/eazyshop.ch\/en\/wp-json\/wp\/v2\/product_cat?post=1078470"},{"taxonomy":"product_tag","embeddable":true,"href":"https:\/\/eazyshop.ch\/en\/wp-json\/wp\/v2\/product_tag?post=1078470"}],"curies":[{"name":"wp","href":"https:\/\/api.w.org\/{rel}","templated":true}]}}