{"id":1078466,"date":"2026-03-18T09:58:46","date_gmt":"2026-03-18T09:58:46","guid":{"rendered":"https:\/\/eazyshop.ch\/?post_type=product&#038;p=1078466"},"modified":"2026-04-08T08:40:25","modified_gmt":"2026-04-08T08:40:25","slug":"bbq-set-aus-holz-fsc","status":"publish","type":"product","link":"https:\/\/eazyshop.ch\/en\/product\/bbq-set-aus-holz-fsc\/","title":{"rendered":"Little Dutch BBQ Set aus Holz FSC"},"content":{"rendered":"<p>Was steht auf der Speisekarte, kleiner Chef? Mit diesem Barbecue-Spielset hast du alle Werkzeuge zur Hand, um die Gem\u00fctlichkeit eines echten Grillfests nachzuahmen. Es gibt eine Zange und einen Spatel sowie zwei Spie\u00dfe. Hebe den Grillrost an und f\u00fclle ihn mit Holzkohlest\u00fccken, um den Grill aufzuheizen. Triff deine eigene Auswahl an Gem\u00fcse und Fleisch, um einen leckeren Spie\u00df f\u00fcr deine Lieblingskuscheltiere, deinen Vater und deine Mutter oder deinen Bruder und deine Schwester zu machen. Oder werde kreativ und baue einen k\u00f6stlichen Holzburger mit dem stapelbaren Br\u00f6tchen und verschiedenen Bel\u00e4gen. Dieses 34-teilige Holz-Barbecue-Spielset enth\u00e4lt BBQ-Werkzeuge, ein Burgerbr\u00f6tchen und einen abnehmbaren Grill, sodass es wirklich echt aussieht und dein Kleines den Grillprozess vollst\u00e4ndig nachspielen kann. Unter dem Grill befindet sich ein cleveres Aufbewahrungsfach, in dem du nach dem Spielen die verschiedenen Holz-Zutaten wie Ketchup, Senf, Zwiebeln, Zucchini, Mais, W\u00fcrstchen, Pilze, Speck, Fisch und Holzkohle leicht verstauen kannst.<\/p>","protected":false},"excerpt":{"rendered":"<p>Was steht auf der Speisekarte, kleiner Chef? Mit diesem Barbecue-Spielset hast du alle Werkzeuge zur Hand, um die Gem\u00fctlichkeit eines<\/p>","protected":false},"featured_media":1078463,"comment_status":"open","ping_status":"closed","template":"","meta":[],"product_brand":[15418],"product_cat":[15430],"product_tag":[],"class_list":{"0":"post-1078466","1":"product","2":"type-product","3":"status-publish","4":"has-post-thumbnail","6":"product_brand-little-dutch","7":"product_cat-rollenspielzeug","9":"first","10":"instock","11":"taxable","12":"shipping-taxable","13":"purchasable","14":"product-type-simple"},"yoast_head":"<!-- This site is optimized with the Yoast SEO plugin v26.9 - https:\/\/yoast.com\/product\/yoast-seo-wordpress\/ -->\n<title>Little Dutch BBQ Set aus Holz FSC - Eazyshop<\/title>\n<meta name=\"description\" content=\"Was steht auf der Speisekarte, kleiner Chef? Mit diesem Barbecue-Spielset hast du alle Werkzeuge zur Hand, um die Gem\u00fctlichkeit eines echten Grillfests\" \/>\n<meta name=\"robots\" content=\"index, follow, max-snippet:-1, max-image-preview:large, max-video-preview:-1\" \/>\n<link rel=\"canonical\" href=\"https:\/\/eazyshop.ch\/en\/product\/bbq-set-aus-holz-fsc\/\" \/>\n<meta property=\"og:locale\" content=\"en_GB\" \/>\n<meta property=\"og:type\" content=\"article\" \/>\n<meta property=\"og:title\" content=\"Little Dutch BBQ Set aus Holz FSC - Eazyshop\" \/>\n<meta property=\"og:description\" content=\"Was steht auf der Speisekarte, kleiner Chef? Mit diesem Barbecue-Spielset hast du alle Werkzeuge zur Hand, um die Gem\u00fctlichkeit eines echten Grillfests\" \/>\n<meta property=\"og:url\" content=\"https:\/\/eazyshop.ch\/en\/product\/bbq-set-aus-holz-fsc\/\" \/>\n<meta property=\"og:site_name\" content=\"Eazyshop\" \/>\n<meta property=\"article:modified_time\" content=\"2026-04-08T08:40:25+00:00\" \/>\n<meta property=\"og:image\" content=\"https:\/\/eazyshop.ch\/wp-content\/uploads\/2026\/03\/0021049_pB5h3.webp\" \/>\n\t<meta property=\"og:image:width\" content=\"500\" \/>\n\t<meta property=\"og:image:height\" content=\"500\" \/>\n\t<meta property=\"og:image:type\" content=\"image\/webp\" \/>\n<meta name=\"twitter:card\" content=\"summary_large_image\" \/>\n<meta name=\"twitter:label1\" content=\"Estimated reading time\" \/>\n\t<meta name=\"twitter:data1\" content=\"1 minute\" \/>\n<script type=\"application\/ld+json\" class=\"yoast-schema-graph\">{\"@context\":\"https:\/\/schema.org\",\"@graph\":[{\"@type\":\"WebPage\",\"@id\":\"https:\/\/eazyshop.ch\/produkt\/bbq-set-aus-holz-fsc\/\",\"url\":\"https:\/\/eazyshop.ch\/produkt\/bbq-set-aus-holz-fsc\/\",\"name\":\"Little Dutch BBQ Set aus Holz FSC - Eazyshop\",\"isPartOf\":{\"@id\":\"https:\/\/eazyshop.ch\/#website\"},\"primaryImageOfPage\":{\"@id\":\"https:\/\/eazyshop.ch\/produkt\/bbq-set-aus-holz-fsc\/#primaryimage\"},\"image\":{\"@id\":\"https:\/\/eazyshop.ch\/produkt\/bbq-set-aus-holz-fsc\/#primaryimage\"},\"thumbnailUrl\":\"https:\/\/eazyshop.ch\/wp-content\/uploads\/2026\/03\/0021049_pB5h3.webp\",\"datePublished\":\"2026-03-18T09:58:46+00:00\",\"dateModified\":\"2026-04-08T08:40:25+00:00\",\"description\":\"Was steht auf der Speisekarte, kleiner Chef? Mit diesem Barbecue-Spielset hast du alle Werkzeuge zur Hand, um die Gem\u00fctlichkeit eines echten Grillfests\",\"breadcrumb\":{\"@id\":\"https:\/\/eazyshop.ch\/produkt\/bbq-set-aus-holz-fsc\/#breadcrumb\"},\"inLanguage\":\"en-GB\",\"potentialAction\":[{\"@type\":\"ReadAction\",\"target\":[\"https:\/\/eazyshop.ch\/produkt\/bbq-set-aus-holz-fsc\/\"]}]},{\"@type\":\"ImageObject\",\"inLanguage\":\"en-GB\",\"@id\":\"https:\/\/eazyshop.ch\/produkt\/bbq-set-aus-holz-fsc\/#primaryimage\",\"url\":\"https:\/\/eazyshop.ch\/wp-content\/uploads\/2026\/03\/0021049_pB5h3.webp\",\"contentUrl\":\"https:\/\/eazyshop.ch\/wp-content\/uploads\/2026\/03\/0021049_pB5h3.webp\",\"width\":500,\"height\":500},{\"@type\":\"BreadcrumbList\",\"@id\":\"https:\/\/eazyshop.ch\/produkt\/bbq-set-aus-holz-fsc\/#breadcrumb\",\"itemListElement\":[{\"@type\":\"ListItem\",\"position\":1,\"name\":\"Startseite\",\"item\":\"https:\/\/eazyshop.ch\/\"},{\"@type\":\"ListItem\",\"position\":2,\"name\":\"Shop\",\"item\":\"https:\/\/eazyshop.ch\/shop\/\"},{\"@type\":\"ListItem\",\"position\":3,\"name\":\"Little Dutch BBQ Set aus Holz FSC\"}]},{\"@type\":\"WebSite\",\"@id\":\"https:\/\/eazyshop.ch\/#website\",\"url\":\"https:\/\/eazyshop.ch\/\",\"name\":\"Eazyshop\",\"description\":\"Where shopping feels easy\",\"publisher\":{\"@id\":\"https:\/\/eazyshop.ch\/#organization\"},\"potentialAction\":[{\"@type\":\"SearchAction\",\"target\":{\"@type\":\"EntryPoint\",\"urlTemplate\":\"https:\/\/eazyshop.ch\/?s={search_term_string}\"},\"query-input\":{\"@type\":\"PropertyValueSpecification\",\"valueRequired\":true,\"valueName\":\"search_term_string\"}}],\"inLanguage\":\"en-GB\"},{\"@type\":\"Organization\",\"@id\":\"https:\/\/eazyshop.ch\/#organization\",\"name\":\"Eazyshop\",\"url\":\"https:\/\/eazyshop.ch\/\",\"logo\":{\"@type\":\"ImageObject\",\"inLanguage\":\"en-GB\",\"@id\":\"https:\/\/eazyshop.ch\/#\/schema\/logo\/image\/\",\"url\":\"\",\"contentUrl\":\"\",\"caption\":\"Eazyshop\"},\"image\":{\"@id\":\"https:\/\/eazyshop.ch\/#\/schema\/logo\/image\/\"},\"sameAs\":[\"https:\/\/www.instagram.com\/eazyshop_ch\/\"]}]}<\/script>\n<!-- \/ Yoast SEO plugin. -->","yoast_head_json":{"title":"Little Dutch BBQ Set aus Holz FSC - Eazyshop","description":"Was steht auf der Speisekarte, kleiner Chef? Mit diesem Barbecue-Spielset hast du alle Werkzeuge zur Hand, um die Gem\u00fctlichkeit eines echten Grillfests","robots":{"index":"index","follow":"follow","max-snippet":"max-snippet:-1","max-image-preview":"max-image-preview:large","max-video-preview":"max-video-preview:-1"},"canonical":"https:\/\/eazyshop.ch\/en\/product\/bbq-set-aus-holz-fsc\/","og_locale":"en_GB","og_type":"article","og_title":"Little Dutch BBQ Set aus Holz FSC - Eazyshop","og_description":"Was steht auf der Speisekarte, kleiner Chef? Mit diesem Barbecue-Spielset hast du alle Werkzeuge zur Hand, um die Gem\u00fctlichkeit eines echten Grillfests","og_url":"https:\/\/eazyshop.ch\/en\/product\/bbq-set-aus-holz-fsc\/","og_site_name":"Eazyshop","article_modified_time":"2026-04-08T08:40:25+00:00","og_image":[{"width":500,"height":500,"url":"https:\/\/eazyshop.ch\/wp-content\/uploads\/2026\/03\/0021049_pB5h3.webp","type":"image\/webp"}],"twitter_card":"summary_large_image","twitter_misc":{"Estimated reading time":"1 minute"},"schema":{"@context":"https:\/\/schema.org","@graph":[{"@type":"WebPage","@id":"https:\/\/eazyshop.ch\/produkt\/bbq-set-aus-holz-fsc\/","url":"https:\/\/eazyshop.ch\/produkt\/bbq-set-aus-holz-fsc\/","name":"Little Dutch BBQ Set aus Holz FSC - Eazyshop","isPartOf":{"@id":"https:\/\/eazyshop.ch\/#website"},"primaryImageOfPage":{"@id":"https:\/\/eazyshop.ch\/produkt\/bbq-set-aus-holz-fsc\/#primaryimage"},"image":{"@id":"https:\/\/eazyshop.ch\/produkt\/bbq-set-aus-holz-fsc\/#primaryimage"},"thumbnailUrl":"https:\/\/eazyshop.ch\/wp-content\/uploads\/2026\/03\/0021049_pB5h3.webp","datePublished":"2026-03-18T09:58:46+00:00","dateModified":"2026-04-08T08:40:25+00:00","description":"Was steht auf der Speisekarte, kleiner Chef? Mit diesem Barbecue-Spielset hast du alle Werkzeuge zur Hand, um die Gem\u00fctlichkeit eines echten Grillfests","breadcrumb":{"@id":"https:\/\/eazyshop.ch\/produkt\/bbq-set-aus-holz-fsc\/#breadcrumb"},"inLanguage":"en-GB","potentialAction":[{"@type":"ReadAction","target":["https:\/\/eazyshop.ch\/produkt\/bbq-set-aus-holz-fsc\/"]}]},{"@type":"ImageObject","inLanguage":"en-GB","@id":"https:\/\/eazyshop.ch\/produkt\/bbq-set-aus-holz-fsc\/#primaryimage","url":"https:\/\/eazyshop.ch\/wp-content\/uploads\/2026\/03\/0021049_pB5h3.webp","contentUrl":"https:\/\/eazyshop.ch\/wp-content\/uploads\/2026\/03\/0021049_pB5h3.webp","width":500,"height":500},{"@type":"BreadcrumbList","@id":"https:\/\/eazyshop.ch\/produkt\/bbq-set-aus-holz-fsc\/#breadcrumb","itemListElement":[{"@type":"ListItem","position":1,"name":"Startseite","item":"https:\/\/eazyshop.ch\/"},{"@type":"ListItem","position":2,"name":"Shop","item":"https:\/\/eazyshop.ch\/shop\/"},{"@type":"ListItem","position":3,"name":"Little Dutch BBQ Set aus Holz FSC"}]},{"@type":"WebSite","@id":"https:\/\/eazyshop.ch\/#website","url":"https:\/\/eazyshop.ch\/","name":"Eazyshop","description":"Where shopping feels easy","publisher":{"@id":"https:\/\/eazyshop.ch\/#organization"},"potentialAction":[{"@type":"SearchAction","target":{"@type":"EntryPoint","urlTemplate":"https:\/\/eazyshop.ch\/?s={search_term_string}"},"query-input":{"@type":"PropertyValueSpecification","valueRequired":true,"valueName":"search_term_string"}}],"inLanguage":"en-GB"},{"@type":"Organization","@id":"https:\/\/eazyshop.ch\/#organization","name":"Eazyshop","url":"https:\/\/eazyshop.ch\/","logo":{"@type":"ImageObject","inLanguage":"en-GB","@id":"https:\/\/eazyshop.ch\/#\/schema\/logo\/image\/","url":"","contentUrl":"","caption":"Eazyshop"},"image":{"@id":"https:\/\/eazyshop.ch\/#\/schema\/logo\/image\/"},"sameAs":["https:\/\/www.instagram.com\/eazyshop_ch\/"]}]}},"jetpack_sharing_enabled":true,"_links":{"self":[{"href":"https:\/\/eazyshop.ch\/en\/wp-json\/wp\/v2\/product\/1078466","targetHints":{"allow":["GET"]}}],"collection":[{"href":"https:\/\/eazyshop.ch\/en\/wp-json\/wp\/v2\/product"}],"about":[{"href":"https:\/\/eazyshop.ch\/en\/wp-json\/wp\/v2\/types\/product"}],"replies":[{"embeddable":true,"href":"https:\/\/eazyshop.ch\/en\/wp-json\/wp\/v2\/comments?post=1078466"}],"version-history":[{"count":0,"href":"https:\/\/eazyshop.ch\/en\/wp-json\/wp\/v2\/product\/1078466\/revisions"}],"wp:featuredmedia":[{"embeddable":true,"href":"https:\/\/eazyshop.ch\/en\/wp-json\/wp\/v2\/media\/1078463"}],"wp:attachment":[{"href":"https:\/\/eazyshop.ch\/en\/wp-json\/wp\/v2\/media?parent=1078466"}],"wp:term":[{"taxonomy":"product_brand","embeddable":true,"href":"https:\/\/eazyshop.ch\/en\/wp-json\/wp\/v2\/product_brand?post=1078466"},{"taxonomy":"product_cat","embeddable":true,"href":"https:\/\/eazyshop.ch\/en\/wp-json\/wp\/v2\/product_cat?post=1078466"},{"taxonomy":"product_tag","embeddable":true,"href":"https:\/\/eazyshop.ch\/en\/wp-json\/wp\/v2\/product_tag?post=1078466"}],"curies":[{"name":"wp","href":"https:\/\/api.w.org\/{rel}","templated":true}]}}