{"id":1078446,"date":"2026-03-18T09:58:46","date_gmt":"2026-03-18T09:58:46","guid":{"rendered":"https:\/\/eazyshop.ch\/?post_type=product&#038;p=1078446"},"modified":"2026-03-27T11:40:12","modified_gmt":"2026-03-27T11:40:12","slug":"baby-puppe-noa","status":"publish","type":"product","link":"https:\/\/eazyshop.ch\/en\/product\/baby-puppe-noa\/","title":{"rendered":"Little Dutch Baby Puppe Noa"},"content":{"rendered":"<p>Das ist Baby Noa. Umarme es und k\u00fcmmere dich um es. Die liebe Noa ist eine bezaubernde und lebensechte Puppe mit einem weichen und kuscheligen K\u00f6rper, die dein Herz sofort erobern wird. Du kannst sie umziehen, ihr beim Einschlafen helfen und sie mit dem Schnuller beruhigen. Wenn sie hungrig ist, gibst du ihr das Milchfl\u00e4schchen. Kinder machen gern alles nach, was ihre Eltern tun. Und diese Babypuppe wird Ihr Kind dazu inspirieren, die Rolle des Ern\u00e4hrers zu \u00fcbernehmen. Noa tr\u00e4gt ein Haarband, ein Kleidchen, eine Hose mit dem White Meadows-Muster und eine zartrosa Strickjacke. Der Wechsel der Kleidung f\u00f6rdert die Feinmotorik, und der Schnuller und das Milchfl\u00e4schchen bringen ein interaktives Element ins Spiel.<\/p>","protected":false},"excerpt":{"rendered":"<p>Das ist Baby Noa. Umarme es und k\u00fcmmere dich um es. Die liebe Noa ist eine bezaubernde und lebensechte Puppe<\/p>","protected":false},"featured_media":1078443,"comment_status":"open","ping_status":"closed","template":"","meta":[],"product_brand":[15418],"product_cat":[15429],"product_tag":[],"class_list":{"0":"post-1078446","1":"product","2":"type-product","3":"status-publish","4":"has-post-thumbnail","6":"product_brand-little-dutch","7":"product_cat-puppe","9":"first","10":"instock","11":"taxable","12":"shipping-taxable","13":"purchasable","14":"product-type-simple"},"yoast_head":"<!-- This site is optimized with the Yoast SEO plugin v26.9 - https:\/\/yoast.com\/product\/yoast-seo-wordpress\/ -->\n<title>Little Dutch Baby Puppe Noa - Eazyshop<\/title>\n<meta name=\"description\" content=\"Das ist Baby Noa. Umarme es und k\u00fcmmere dich um es. Die liebe Noa ist eine bezaubernde und lebensechte Puppe mit einem weichen und kuscheligen K\u00f6rper, die\" \/>\n<meta name=\"robots\" content=\"index, follow, max-snippet:-1, max-image-preview:large, max-video-preview:-1\" \/>\n<link rel=\"canonical\" href=\"https:\/\/eazyshop.ch\/en\/product\/baby-puppe-noa\/\" \/>\n<meta property=\"og:locale\" content=\"en_GB\" \/>\n<meta property=\"og:type\" content=\"article\" \/>\n<meta property=\"og:title\" content=\"Little Dutch Baby Puppe Noa - Eazyshop\" \/>\n<meta property=\"og:description\" content=\"Das ist Baby Noa. Umarme es und k\u00fcmmere dich um es. Die liebe Noa ist eine bezaubernde und lebensechte Puppe mit einem weichen und kuscheligen K\u00f6rper, die\" \/>\n<meta property=\"og:url\" content=\"https:\/\/eazyshop.ch\/en\/product\/baby-puppe-noa\/\" \/>\n<meta property=\"og:site_name\" content=\"Eazyshop\" \/>\n<meta property=\"article:modified_time\" content=\"2026-03-27T11:40:12+00:00\" \/>\n<meta property=\"og:image\" content=\"https:\/\/eazyshop.ch\/wp-content\/uploads\/2026\/03\/0022604_5Mlp6.webp\" \/>\n\t<meta property=\"og:image:width\" content=\"500\" \/>\n\t<meta property=\"og:image:height\" content=\"500\" \/>\n\t<meta property=\"og:image:type\" content=\"image\/webp\" \/>\n<meta name=\"twitter:card\" content=\"summary_large_image\" \/>\n<meta name=\"twitter:label1\" content=\"Estimated reading time\" \/>\n\t<meta name=\"twitter:data1\" content=\"1 minute\" \/>\n<script type=\"application\/ld+json\" class=\"yoast-schema-graph\">{\"@context\":\"https:\/\/schema.org\",\"@graph\":[{\"@type\":\"WebPage\",\"@id\":\"https:\/\/eazyshop.ch\/produkt\/baby-puppe-noa\/\",\"url\":\"https:\/\/eazyshop.ch\/produkt\/baby-puppe-noa\/\",\"name\":\"Little Dutch Baby Puppe Noa - Eazyshop\",\"isPartOf\":{\"@id\":\"https:\/\/eazyshop.ch\/#website\"},\"primaryImageOfPage\":{\"@id\":\"https:\/\/eazyshop.ch\/produkt\/baby-puppe-noa\/#primaryimage\"},\"image\":{\"@id\":\"https:\/\/eazyshop.ch\/produkt\/baby-puppe-noa\/#primaryimage\"},\"thumbnailUrl\":\"https:\/\/eazyshop.ch\/wp-content\/uploads\/2026\/03\/0022604_5Mlp6.webp\",\"datePublished\":\"2026-03-18T09:58:46+00:00\",\"dateModified\":\"2026-03-27T11:40:12+00:00\",\"description\":\"Das ist Baby Noa. Umarme es und k\u00fcmmere dich um es. Die liebe Noa ist eine bezaubernde und lebensechte Puppe mit einem weichen und kuscheligen K\u00f6rper, die\",\"breadcrumb\":{\"@id\":\"https:\/\/eazyshop.ch\/produkt\/baby-puppe-noa\/#breadcrumb\"},\"inLanguage\":\"en-GB\",\"potentialAction\":[{\"@type\":\"ReadAction\",\"target\":[\"https:\/\/eazyshop.ch\/produkt\/baby-puppe-noa\/\"]}]},{\"@type\":\"ImageObject\",\"inLanguage\":\"en-GB\",\"@id\":\"https:\/\/eazyshop.ch\/produkt\/baby-puppe-noa\/#primaryimage\",\"url\":\"https:\/\/eazyshop.ch\/wp-content\/uploads\/2026\/03\/0022604_5Mlp6.webp\",\"contentUrl\":\"https:\/\/eazyshop.ch\/wp-content\/uploads\/2026\/03\/0022604_5Mlp6.webp\",\"width\":500,\"height\":500},{\"@type\":\"BreadcrumbList\",\"@id\":\"https:\/\/eazyshop.ch\/produkt\/baby-puppe-noa\/#breadcrumb\",\"itemListElement\":[{\"@type\":\"ListItem\",\"position\":1,\"name\":\"Startseite\",\"item\":\"https:\/\/eazyshop.ch\/\"},{\"@type\":\"ListItem\",\"position\":2,\"name\":\"Shop\",\"item\":\"https:\/\/eazyshop.ch\/shop\/\"},{\"@type\":\"ListItem\",\"position\":3,\"name\":\"Little Dutch Baby Puppe Noa\"}]},{\"@type\":\"WebSite\",\"@id\":\"https:\/\/eazyshop.ch\/#website\",\"url\":\"https:\/\/eazyshop.ch\/\",\"name\":\"Eazyshop\",\"description\":\"Where shopping feels easy\",\"publisher\":{\"@id\":\"https:\/\/eazyshop.ch\/#organization\"},\"potentialAction\":[{\"@type\":\"SearchAction\",\"target\":{\"@type\":\"EntryPoint\",\"urlTemplate\":\"https:\/\/eazyshop.ch\/?s={search_term_string}\"},\"query-input\":{\"@type\":\"PropertyValueSpecification\",\"valueRequired\":true,\"valueName\":\"search_term_string\"}}],\"inLanguage\":\"en-GB\"},{\"@type\":\"Organization\",\"@id\":\"https:\/\/eazyshop.ch\/#organization\",\"name\":\"Eazyshop\",\"url\":\"https:\/\/eazyshop.ch\/\",\"logo\":{\"@type\":\"ImageObject\",\"inLanguage\":\"en-GB\",\"@id\":\"https:\/\/eazyshop.ch\/#\/schema\/logo\/image\/\",\"url\":\"\",\"contentUrl\":\"\",\"caption\":\"Eazyshop\"},\"image\":{\"@id\":\"https:\/\/eazyshop.ch\/#\/schema\/logo\/image\/\"},\"sameAs\":[\"https:\/\/www.instagram.com\/eazyshop_ch\/\"]}]}<\/script>\n<!-- \/ Yoast SEO plugin. -->","yoast_head_json":{"title":"Little Dutch Baby Puppe Noa - Eazyshop","description":"Das ist Baby Noa. Umarme es und k\u00fcmmere dich um es. Die liebe Noa ist eine bezaubernde und lebensechte Puppe mit einem weichen und kuscheligen K\u00f6rper, die","robots":{"index":"index","follow":"follow","max-snippet":"max-snippet:-1","max-image-preview":"max-image-preview:large","max-video-preview":"max-video-preview:-1"},"canonical":"https:\/\/eazyshop.ch\/en\/product\/baby-puppe-noa\/","og_locale":"en_GB","og_type":"article","og_title":"Little Dutch Baby Puppe Noa - Eazyshop","og_description":"Das ist Baby Noa. Umarme es und k\u00fcmmere dich um es. Die liebe Noa ist eine bezaubernde und lebensechte Puppe mit einem weichen und kuscheligen K\u00f6rper, die","og_url":"https:\/\/eazyshop.ch\/en\/product\/baby-puppe-noa\/","og_site_name":"Eazyshop","article_modified_time":"2026-03-27T11:40:12+00:00","og_image":[{"width":500,"height":500,"url":"https:\/\/eazyshop.ch\/wp-content\/uploads\/2026\/03\/0022604_5Mlp6.webp","type":"image\/webp"}],"twitter_card":"summary_large_image","twitter_misc":{"Estimated reading time":"1 minute"},"schema":{"@context":"https:\/\/schema.org","@graph":[{"@type":"WebPage","@id":"https:\/\/eazyshop.ch\/produkt\/baby-puppe-noa\/","url":"https:\/\/eazyshop.ch\/produkt\/baby-puppe-noa\/","name":"Little Dutch Baby Puppe Noa - Eazyshop","isPartOf":{"@id":"https:\/\/eazyshop.ch\/#website"},"primaryImageOfPage":{"@id":"https:\/\/eazyshop.ch\/produkt\/baby-puppe-noa\/#primaryimage"},"image":{"@id":"https:\/\/eazyshop.ch\/produkt\/baby-puppe-noa\/#primaryimage"},"thumbnailUrl":"https:\/\/eazyshop.ch\/wp-content\/uploads\/2026\/03\/0022604_5Mlp6.webp","datePublished":"2026-03-18T09:58:46+00:00","dateModified":"2026-03-27T11:40:12+00:00","description":"Das ist Baby Noa. Umarme es und k\u00fcmmere dich um es. Die liebe Noa ist eine bezaubernde und lebensechte Puppe mit einem weichen und kuscheligen K\u00f6rper, die","breadcrumb":{"@id":"https:\/\/eazyshop.ch\/produkt\/baby-puppe-noa\/#breadcrumb"},"inLanguage":"en-GB","potentialAction":[{"@type":"ReadAction","target":["https:\/\/eazyshop.ch\/produkt\/baby-puppe-noa\/"]}]},{"@type":"ImageObject","inLanguage":"en-GB","@id":"https:\/\/eazyshop.ch\/produkt\/baby-puppe-noa\/#primaryimage","url":"https:\/\/eazyshop.ch\/wp-content\/uploads\/2026\/03\/0022604_5Mlp6.webp","contentUrl":"https:\/\/eazyshop.ch\/wp-content\/uploads\/2026\/03\/0022604_5Mlp6.webp","width":500,"height":500},{"@type":"BreadcrumbList","@id":"https:\/\/eazyshop.ch\/produkt\/baby-puppe-noa\/#breadcrumb","itemListElement":[{"@type":"ListItem","position":1,"name":"Startseite","item":"https:\/\/eazyshop.ch\/"},{"@type":"ListItem","position":2,"name":"Shop","item":"https:\/\/eazyshop.ch\/shop\/"},{"@type":"ListItem","position":3,"name":"Little Dutch Baby Puppe Noa"}]},{"@type":"WebSite","@id":"https:\/\/eazyshop.ch\/#website","url":"https:\/\/eazyshop.ch\/","name":"Eazyshop","description":"Where shopping feels easy","publisher":{"@id":"https:\/\/eazyshop.ch\/#organization"},"potentialAction":[{"@type":"SearchAction","target":{"@type":"EntryPoint","urlTemplate":"https:\/\/eazyshop.ch\/?s={search_term_string}"},"query-input":{"@type":"PropertyValueSpecification","valueRequired":true,"valueName":"search_term_string"}}],"inLanguage":"en-GB"},{"@type":"Organization","@id":"https:\/\/eazyshop.ch\/#organization","name":"Eazyshop","url":"https:\/\/eazyshop.ch\/","logo":{"@type":"ImageObject","inLanguage":"en-GB","@id":"https:\/\/eazyshop.ch\/#\/schema\/logo\/image\/","url":"","contentUrl":"","caption":"Eazyshop"},"image":{"@id":"https:\/\/eazyshop.ch\/#\/schema\/logo\/image\/"},"sameAs":["https:\/\/www.instagram.com\/eazyshop_ch\/"]}]}},"jetpack_sharing_enabled":true,"_links":{"self":[{"href":"https:\/\/eazyshop.ch\/en\/wp-json\/wp\/v2\/product\/1078446","targetHints":{"allow":["GET"]}}],"collection":[{"href":"https:\/\/eazyshop.ch\/en\/wp-json\/wp\/v2\/product"}],"about":[{"href":"https:\/\/eazyshop.ch\/en\/wp-json\/wp\/v2\/types\/product"}],"replies":[{"embeddable":true,"href":"https:\/\/eazyshop.ch\/en\/wp-json\/wp\/v2\/comments?post=1078446"}],"version-history":[{"count":0,"href":"https:\/\/eazyshop.ch\/en\/wp-json\/wp\/v2\/product\/1078446\/revisions"}],"wp:featuredmedia":[{"embeddable":true,"href":"https:\/\/eazyshop.ch\/en\/wp-json\/wp\/v2\/media\/1078443"}],"wp:attachment":[{"href":"https:\/\/eazyshop.ch\/en\/wp-json\/wp\/v2\/media?parent=1078446"}],"wp:term":[{"taxonomy":"product_brand","embeddable":true,"href":"https:\/\/eazyshop.ch\/en\/wp-json\/wp\/v2\/product_brand?post=1078446"},{"taxonomy":"product_cat","embeddable":true,"href":"https:\/\/eazyshop.ch\/en\/wp-json\/wp\/v2\/product_cat?post=1078446"},{"taxonomy":"product_tag","embeddable":true,"href":"https:\/\/eazyshop.ch\/en\/wp-json\/wp\/v2\/product_tag?post=1078446"}],"curies":[{"name":"wp","href":"https:\/\/api.w.org\/{rel}","templated":true}]}}