{"id":1078434,"date":"2026-03-18T09:58:47","date_gmt":"2026-03-18T09:58:47","guid":{"rendered":"https:\/\/eazyshop.ch\/?post_type=product&#038;p=1078434"},"modified":"2026-03-27T11:40:11","modified_gmt":"2026-03-27T11:40:11","slug":"kuschelpuppe-hollaendischer-bauer-jim-35cm","status":"publish","type":"product","link":"https:\/\/eazyshop.ch\/en\/product\/kuschelpuppe-hollaendischer-bauer-jim-35cm\/","title":{"rendered":"Little Dutch Kuschelpuppe Holl\u00e4ndischer Bauer Jim 35cm"},"content":{"rendered":"<p>Das ist der s\u00fcsse Jim. Jim liebt es, dir seinen Bauernhof zu zeigen! Jim isst gerne K\u00e4se und er erlebt viele Abenteuer auf dem Bauernhof. Diese Pl\u00fcschpuppe wird in einer sch\u00f6nen Schachtel geliefert.<\/p>","protected":false},"excerpt":{"rendered":"<p>Das ist der s\u00fcsse Jim. Jim liebt es, dir seinen Bauernhof zu zeigen! Jim isst gerne K\u00e4se und er erlebt<\/p>","protected":false},"featured_media":1078431,"comment_status":"open","ping_status":"closed","template":"","meta":[],"product_brand":[15418],"product_cat":[15429],"product_tag":[],"class_list":{"0":"post-1078434","1":"product","2":"type-product","3":"status-publish","4":"has-post-thumbnail","6":"product_brand-little-dutch","7":"product_cat-puppe","9":"first","10":"instock","11":"taxable","12":"shipping-taxable","13":"purchasable","14":"product-type-simple"},"yoast_head":"<!-- This site is optimized with the Yoast SEO plugin v26.9 - https:\/\/yoast.com\/product\/yoast-seo-wordpress\/ -->\n<title>Little Dutch Kuschelpuppe Holl\u00e4ndischer Bauer Jim 35cm - Eazyshop<\/title>\n<meta name=\"description\" content=\"Das ist der s\u00fcsse Jim. Jim liebt es, dir seinen Bauernhof zu zeigen! Jim isst gerne K\u00e4se und er erlebt viele Abenteuer auf dem Bauernhof. Diese\" \/>\n<meta name=\"robots\" content=\"index, follow, max-snippet:-1, max-image-preview:large, max-video-preview:-1\" \/>\n<link rel=\"canonical\" href=\"https:\/\/eazyshop.ch\/en\/product\/kuschelpuppe-hollaendischer-bauer-jim-35cm\/\" \/>\n<meta property=\"og:locale\" content=\"en_GB\" \/>\n<meta property=\"og:type\" content=\"article\" \/>\n<meta property=\"og:title\" content=\"Little Dutch Kuschelpuppe Holl\u00e4ndischer Bauer Jim 35cm - Eazyshop\" \/>\n<meta property=\"og:description\" content=\"Das ist der s\u00fcsse Jim. Jim liebt es, dir seinen Bauernhof zu zeigen! Jim isst gerne K\u00e4se und er erlebt viele Abenteuer auf dem Bauernhof. Diese\" \/>\n<meta property=\"og:url\" content=\"https:\/\/eazyshop.ch\/en\/product\/kuschelpuppe-hollaendischer-bauer-jim-35cm\/\" \/>\n<meta property=\"og:site_name\" content=\"Eazyshop\" \/>\n<meta property=\"article:modified_time\" content=\"2026-03-27T11:40:11+00:00\" \/>\n<meta property=\"og:image\" content=\"https:\/\/eazyshop.ch\/wp-content\/uploads\/2026\/03\/0004307_gG2AI.webp\" \/>\n\t<meta property=\"og:image:width\" content=\"800\" \/>\n\t<meta property=\"og:image:height\" content=\"800\" \/>\n\t<meta property=\"og:image:type\" content=\"image\/webp\" \/>\n<meta name=\"twitter:card\" content=\"summary_large_image\" \/>\n<script type=\"application\/ld+json\" class=\"yoast-schema-graph\">{\"@context\":\"https:\/\/schema.org\",\"@graph\":[{\"@type\":\"WebPage\",\"@id\":\"https:\/\/eazyshop.ch\/produkt\/kuschelpuppe-hollaendischer-bauer-jim-35cm\/\",\"url\":\"https:\/\/eazyshop.ch\/produkt\/kuschelpuppe-hollaendischer-bauer-jim-35cm\/\",\"name\":\"Little Dutch Kuschelpuppe Holl\u00e4ndischer Bauer Jim 35cm - Eazyshop\",\"isPartOf\":{\"@id\":\"https:\/\/eazyshop.ch\/#website\"},\"primaryImageOfPage\":{\"@id\":\"https:\/\/eazyshop.ch\/produkt\/kuschelpuppe-hollaendischer-bauer-jim-35cm\/#primaryimage\"},\"image\":{\"@id\":\"https:\/\/eazyshop.ch\/produkt\/kuschelpuppe-hollaendischer-bauer-jim-35cm\/#primaryimage\"},\"thumbnailUrl\":\"https:\/\/eazyshop.ch\/wp-content\/uploads\/2026\/03\/0004307_gG2AI.webp\",\"datePublished\":\"2026-03-18T09:58:47+00:00\",\"dateModified\":\"2026-03-27T11:40:11+00:00\",\"description\":\"Das ist der s\u00fcsse Jim. Jim liebt es, dir seinen Bauernhof zu zeigen! Jim isst gerne K\u00e4se und er erlebt viele Abenteuer auf dem Bauernhof. Diese\",\"breadcrumb\":{\"@id\":\"https:\/\/eazyshop.ch\/produkt\/kuschelpuppe-hollaendischer-bauer-jim-35cm\/#breadcrumb\"},\"inLanguage\":\"en-GB\",\"potentialAction\":[{\"@type\":\"ReadAction\",\"target\":[\"https:\/\/eazyshop.ch\/produkt\/kuschelpuppe-hollaendischer-bauer-jim-35cm\/\"]}]},{\"@type\":\"ImageObject\",\"inLanguage\":\"en-GB\",\"@id\":\"https:\/\/eazyshop.ch\/produkt\/kuschelpuppe-hollaendischer-bauer-jim-35cm\/#primaryimage\",\"url\":\"https:\/\/eazyshop.ch\/wp-content\/uploads\/2026\/03\/0004307_gG2AI.webp\",\"contentUrl\":\"https:\/\/eazyshop.ch\/wp-content\/uploads\/2026\/03\/0004307_gG2AI.webp\",\"width\":800,\"height\":800},{\"@type\":\"BreadcrumbList\",\"@id\":\"https:\/\/eazyshop.ch\/produkt\/kuschelpuppe-hollaendischer-bauer-jim-35cm\/#breadcrumb\",\"itemListElement\":[{\"@type\":\"ListItem\",\"position\":1,\"name\":\"Startseite\",\"item\":\"https:\/\/eazyshop.ch\/\"},{\"@type\":\"ListItem\",\"position\":2,\"name\":\"Shop\",\"item\":\"https:\/\/eazyshop.ch\/shop\/\"},{\"@type\":\"ListItem\",\"position\":3,\"name\":\"Little Dutch Kuschelpuppe Holl\u00e4ndischer Bauer Jim 35cm\"}]},{\"@type\":\"WebSite\",\"@id\":\"https:\/\/eazyshop.ch\/#website\",\"url\":\"https:\/\/eazyshop.ch\/\",\"name\":\"Eazyshop\",\"description\":\"Where shopping feels easy\",\"publisher\":{\"@id\":\"https:\/\/eazyshop.ch\/#organization\"},\"potentialAction\":[{\"@type\":\"SearchAction\",\"target\":{\"@type\":\"EntryPoint\",\"urlTemplate\":\"https:\/\/eazyshop.ch\/?s={search_term_string}\"},\"query-input\":{\"@type\":\"PropertyValueSpecification\",\"valueRequired\":true,\"valueName\":\"search_term_string\"}}],\"inLanguage\":\"en-GB\"},{\"@type\":\"Organization\",\"@id\":\"https:\/\/eazyshop.ch\/#organization\",\"name\":\"Eazyshop\",\"url\":\"https:\/\/eazyshop.ch\/\",\"logo\":{\"@type\":\"ImageObject\",\"inLanguage\":\"en-GB\",\"@id\":\"https:\/\/eazyshop.ch\/#\/schema\/logo\/image\/\",\"url\":\"\",\"contentUrl\":\"\",\"caption\":\"Eazyshop\"},\"image\":{\"@id\":\"https:\/\/eazyshop.ch\/#\/schema\/logo\/image\/\"},\"sameAs\":[\"https:\/\/www.instagram.com\/eazyshop_ch\/\"]}]}<\/script>\n<!-- \/ Yoast SEO plugin. -->","yoast_head_json":{"title":"Little Dutch Kuschelpuppe Holl\u00e4ndischer Bauer Jim 35cm - Eazyshop","description":"Das ist der s\u00fcsse Jim. Jim liebt es, dir seinen Bauernhof zu zeigen! Jim isst gerne K\u00e4se und er erlebt viele Abenteuer auf dem Bauernhof. Diese","robots":{"index":"index","follow":"follow","max-snippet":"max-snippet:-1","max-image-preview":"max-image-preview:large","max-video-preview":"max-video-preview:-1"},"canonical":"https:\/\/eazyshop.ch\/en\/product\/kuschelpuppe-hollaendischer-bauer-jim-35cm\/","og_locale":"en_GB","og_type":"article","og_title":"Little Dutch Kuschelpuppe Holl\u00e4ndischer Bauer Jim 35cm - Eazyshop","og_description":"Das ist der s\u00fcsse Jim. Jim liebt es, dir seinen Bauernhof zu zeigen! Jim isst gerne K\u00e4se und er erlebt viele Abenteuer auf dem Bauernhof. Diese","og_url":"https:\/\/eazyshop.ch\/en\/product\/kuschelpuppe-hollaendischer-bauer-jim-35cm\/","og_site_name":"Eazyshop","article_modified_time":"2026-03-27T11:40:11+00:00","og_image":[{"width":800,"height":800,"url":"https:\/\/eazyshop.ch\/wp-content\/uploads\/2026\/03\/0004307_gG2AI.webp","type":"image\/webp"}],"twitter_card":"summary_large_image","schema":{"@context":"https:\/\/schema.org","@graph":[{"@type":"WebPage","@id":"https:\/\/eazyshop.ch\/produkt\/kuschelpuppe-hollaendischer-bauer-jim-35cm\/","url":"https:\/\/eazyshop.ch\/produkt\/kuschelpuppe-hollaendischer-bauer-jim-35cm\/","name":"Little Dutch Kuschelpuppe Holl\u00e4ndischer Bauer Jim 35cm - Eazyshop","isPartOf":{"@id":"https:\/\/eazyshop.ch\/#website"},"primaryImageOfPage":{"@id":"https:\/\/eazyshop.ch\/produkt\/kuschelpuppe-hollaendischer-bauer-jim-35cm\/#primaryimage"},"image":{"@id":"https:\/\/eazyshop.ch\/produkt\/kuschelpuppe-hollaendischer-bauer-jim-35cm\/#primaryimage"},"thumbnailUrl":"https:\/\/eazyshop.ch\/wp-content\/uploads\/2026\/03\/0004307_gG2AI.webp","datePublished":"2026-03-18T09:58:47+00:00","dateModified":"2026-03-27T11:40:11+00:00","description":"Das ist der s\u00fcsse Jim. Jim liebt es, dir seinen Bauernhof zu zeigen! Jim isst gerne K\u00e4se und er erlebt viele Abenteuer auf dem Bauernhof. Diese","breadcrumb":{"@id":"https:\/\/eazyshop.ch\/produkt\/kuschelpuppe-hollaendischer-bauer-jim-35cm\/#breadcrumb"},"inLanguage":"en-GB","potentialAction":[{"@type":"ReadAction","target":["https:\/\/eazyshop.ch\/produkt\/kuschelpuppe-hollaendischer-bauer-jim-35cm\/"]}]},{"@type":"ImageObject","inLanguage":"en-GB","@id":"https:\/\/eazyshop.ch\/produkt\/kuschelpuppe-hollaendischer-bauer-jim-35cm\/#primaryimage","url":"https:\/\/eazyshop.ch\/wp-content\/uploads\/2026\/03\/0004307_gG2AI.webp","contentUrl":"https:\/\/eazyshop.ch\/wp-content\/uploads\/2026\/03\/0004307_gG2AI.webp","width":800,"height":800},{"@type":"BreadcrumbList","@id":"https:\/\/eazyshop.ch\/produkt\/kuschelpuppe-hollaendischer-bauer-jim-35cm\/#breadcrumb","itemListElement":[{"@type":"ListItem","position":1,"name":"Startseite","item":"https:\/\/eazyshop.ch\/"},{"@type":"ListItem","position":2,"name":"Shop","item":"https:\/\/eazyshop.ch\/shop\/"},{"@type":"ListItem","position":3,"name":"Little Dutch Kuschelpuppe Holl\u00e4ndischer Bauer Jim 35cm"}]},{"@type":"WebSite","@id":"https:\/\/eazyshop.ch\/#website","url":"https:\/\/eazyshop.ch\/","name":"Eazyshop","description":"Where shopping feels easy","publisher":{"@id":"https:\/\/eazyshop.ch\/#organization"},"potentialAction":[{"@type":"SearchAction","target":{"@type":"EntryPoint","urlTemplate":"https:\/\/eazyshop.ch\/?s={search_term_string}"},"query-input":{"@type":"PropertyValueSpecification","valueRequired":true,"valueName":"search_term_string"}}],"inLanguage":"en-GB"},{"@type":"Organization","@id":"https:\/\/eazyshop.ch\/#organization","name":"Eazyshop","url":"https:\/\/eazyshop.ch\/","logo":{"@type":"ImageObject","inLanguage":"en-GB","@id":"https:\/\/eazyshop.ch\/#\/schema\/logo\/image\/","url":"","contentUrl":"","caption":"Eazyshop"},"image":{"@id":"https:\/\/eazyshop.ch\/#\/schema\/logo\/image\/"},"sameAs":["https:\/\/www.instagram.com\/eazyshop_ch\/"]}]}},"jetpack_sharing_enabled":true,"_links":{"self":[{"href":"https:\/\/eazyshop.ch\/en\/wp-json\/wp\/v2\/product\/1078434","targetHints":{"allow":["GET"]}}],"collection":[{"href":"https:\/\/eazyshop.ch\/en\/wp-json\/wp\/v2\/product"}],"about":[{"href":"https:\/\/eazyshop.ch\/en\/wp-json\/wp\/v2\/types\/product"}],"replies":[{"embeddable":true,"href":"https:\/\/eazyshop.ch\/en\/wp-json\/wp\/v2\/comments?post=1078434"}],"version-history":[{"count":0,"href":"https:\/\/eazyshop.ch\/en\/wp-json\/wp\/v2\/product\/1078434\/revisions"}],"wp:featuredmedia":[{"embeddable":true,"href":"https:\/\/eazyshop.ch\/en\/wp-json\/wp\/v2\/media\/1078431"}],"wp:attachment":[{"href":"https:\/\/eazyshop.ch\/en\/wp-json\/wp\/v2\/media?parent=1078434"}],"wp:term":[{"taxonomy":"product_brand","embeddable":true,"href":"https:\/\/eazyshop.ch\/en\/wp-json\/wp\/v2\/product_brand?post=1078434"},{"taxonomy":"product_cat","embeddable":true,"href":"https:\/\/eazyshop.ch\/en\/wp-json\/wp\/v2\/product_cat?post=1078434"},{"taxonomy":"product_tag","embeddable":true,"href":"https:\/\/eazyshop.ch\/en\/wp-json\/wp\/v2\/product_tag?post=1078434"}],"curies":[{"name":"wp","href":"https:\/\/api.w.org\/{rel}","templated":true}]}}