{"id":1078426,"date":"2026-03-18T09:58:47","date_gmt":"2026-03-18T09:58:47","guid":{"rendered":"https:\/\/eazyshop.ch\/?post_type=product&#038;p=1078426"},"modified":"2026-03-27T11:40:11","modified_gmt":"2026-03-27T11:40:11","slug":"one-piece-suit-baby-bunny-56","status":"publish","type":"product","link":"https:\/\/eazyshop.ch\/en\/product\/one-piece-suit-baby-bunny-56\/","title":{"rendered":"Little Dutch One-piece suit Baby Bunny &#8211; 56"},"content":{"rendered":"<p>F\u00fcr Neugeborene ist dieser Spieler aus wunderbar weicher Bio-Baumwolle ideal. Sie m\u00fcssen ihn Ihrem Baby nicht \u00fcber den Kopf ziehen. Sie k\u00f6nnen Ihr Kind in den Anzug stecken und ihn mit den Druckkn\u00f6pfen anziehen. Auf dem cremefarbenen Spieler sind niedliche kleine Kaninchen abgebildet. Der Spieler hat Etiketten mit dem Little Dutch-Logo und dem Karottensymbol. Erh\u00e4ltlich in den Gr\u00f6\u00dfen 44, 50, 56, 62, 68 und 74.<\/p>","protected":false},"excerpt":{"rendered":"<p>F\u00fcr Neugeborene ist dieser Spieler aus wunderbar weicher Bio-Baumwolle ideal. Sie m\u00fcssen ihn Ihrem Baby nicht \u00fcber den Kopf ziehen.<\/p>","protected":false},"featured_media":1078423,"comment_status":"open","ping_status":"closed","template":"","meta":[],"product_brand":[15418],"product_cat":[15431],"product_tag":[],"class_list":{"0":"post-1078426","1":"product","2":"type-product","3":"status-publish","4":"has-post-thumbnail","6":"product_brand-little-dutch","7":"product_cat-strampler","9":"first","10":"instock","11":"taxable","12":"shipping-taxable","13":"purchasable","14":"product-type-simple"},"yoast_head":"<!-- This site is optimized with the Yoast SEO plugin v26.9 - https:\/\/yoast.com\/product\/yoast-seo-wordpress\/ -->\n<title>Little Dutch One-piece suit Baby Bunny - 56 - Eazyshop<\/title>\n<meta name=\"description\" content=\"F\u00fcr Neugeborene ist dieser Spieler aus wunderbar weicher Bio-Baumwolle ideal. Sie m\u00fcssen ihn Ihrem Baby nicht \u00fcber den Kopf ziehen. Sie k\u00f6nnen Ihr Kind in\" \/>\n<meta name=\"robots\" content=\"index, follow, max-snippet:-1, max-image-preview:large, max-video-preview:-1\" \/>\n<link rel=\"canonical\" href=\"https:\/\/eazyshop.ch\/en\/product\/one-piece-suit-baby-bunny-56\/\" \/>\n<meta property=\"og:locale\" content=\"en_GB\" \/>\n<meta property=\"og:type\" content=\"article\" \/>\n<meta property=\"og:title\" content=\"Little Dutch One-piece suit Baby Bunny - 56 - Eazyshop\" \/>\n<meta property=\"og:description\" content=\"F\u00fcr Neugeborene ist dieser Spieler aus wunderbar weicher Bio-Baumwolle ideal. Sie m\u00fcssen ihn Ihrem Baby nicht \u00fcber den Kopf ziehen. Sie k\u00f6nnen Ihr Kind in\" \/>\n<meta property=\"og:url\" content=\"https:\/\/eazyshop.ch\/en\/product\/one-piece-suit-baby-bunny-56\/\" \/>\n<meta property=\"og:site_name\" content=\"Eazyshop\" \/>\n<meta property=\"article:modified_time\" content=\"2026-03-27T11:40:11+00:00\" \/>\n<meta property=\"og:image\" content=\"https:\/\/eazyshop.ch\/wp-content\/uploads\/2026\/03\/0009520_one-piece-suit-baby-bunny-56_415_rLGIQ.png\" \/>\n\t<meta property=\"og:image:width\" content=\"415\" \/>\n\t<meta property=\"og:image:height\" content=\"415\" \/>\n\t<meta property=\"og:image:type\" content=\"image\/png\" \/>\n<meta name=\"twitter:card\" content=\"summary_large_image\" \/>\n<script type=\"application\/ld+json\" class=\"yoast-schema-graph\">{\"@context\":\"https:\/\/schema.org\",\"@graph\":[{\"@type\":\"WebPage\",\"@id\":\"https:\/\/eazyshop.ch\/produkt\/one-piece-suit-baby-bunny-56\/\",\"url\":\"https:\/\/eazyshop.ch\/produkt\/one-piece-suit-baby-bunny-56\/\",\"name\":\"Little Dutch One-piece suit Baby Bunny - 56 - Eazyshop\",\"isPartOf\":{\"@id\":\"https:\/\/eazyshop.ch\/#website\"},\"primaryImageOfPage\":{\"@id\":\"https:\/\/eazyshop.ch\/produkt\/one-piece-suit-baby-bunny-56\/#primaryimage\"},\"image\":{\"@id\":\"https:\/\/eazyshop.ch\/produkt\/one-piece-suit-baby-bunny-56\/#primaryimage\"},\"thumbnailUrl\":\"https:\/\/eazyshop.ch\/wp-content\/uploads\/2026\/03\/0009520_one-piece-suit-baby-bunny-56_415_rLGIQ.png\",\"datePublished\":\"2026-03-18T09:58:47+00:00\",\"dateModified\":\"2026-03-27T11:40:11+00:00\",\"description\":\"F\u00fcr Neugeborene ist dieser Spieler aus wunderbar weicher Bio-Baumwolle ideal. Sie m\u00fcssen ihn Ihrem Baby nicht \u00fcber den Kopf ziehen. Sie k\u00f6nnen Ihr Kind in\",\"breadcrumb\":{\"@id\":\"https:\/\/eazyshop.ch\/produkt\/one-piece-suit-baby-bunny-56\/#breadcrumb\"},\"inLanguage\":\"en-GB\",\"potentialAction\":[{\"@type\":\"ReadAction\",\"target\":[\"https:\/\/eazyshop.ch\/produkt\/one-piece-suit-baby-bunny-56\/\"]}]},{\"@type\":\"ImageObject\",\"inLanguage\":\"en-GB\",\"@id\":\"https:\/\/eazyshop.ch\/produkt\/one-piece-suit-baby-bunny-56\/#primaryimage\",\"url\":\"https:\/\/eazyshop.ch\/wp-content\/uploads\/2026\/03\/0009520_one-piece-suit-baby-bunny-56_415_rLGIQ.png\",\"contentUrl\":\"https:\/\/eazyshop.ch\/wp-content\/uploads\/2026\/03\/0009520_one-piece-suit-baby-bunny-56_415_rLGIQ.png\",\"width\":415,\"height\":415},{\"@type\":\"BreadcrumbList\",\"@id\":\"https:\/\/eazyshop.ch\/produkt\/one-piece-suit-baby-bunny-56\/#breadcrumb\",\"itemListElement\":[{\"@type\":\"ListItem\",\"position\":1,\"name\":\"Startseite\",\"item\":\"https:\/\/eazyshop.ch\/\"},{\"@type\":\"ListItem\",\"position\":2,\"name\":\"Shop\",\"item\":\"https:\/\/eazyshop.ch\/shop\/\"},{\"@type\":\"ListItem\",\"position\":3,\"name\":\"Little Dutch One-piece suit Baby Bunny &#8211; 56\"}]},{\"@type\":\"WebSite\",\"@id\":\"https:\/\/eazyshop.ch\/#website\",\"url\":\"https:\/\/eazyshop.ch\/\",\"name\":\"Eazyshop\",\"description\":\"Where shopping feels easy\",\"publisher\":{\"@id\":\"https:\/\/eazyshop.ch\/#organization\"},\"potentialAction\":[{\"@type\":\"SearchAction\",\"target\":{\"@type\":\"EntryPoint\",\"urlTemplate\":\"https:\/\/eazyshop.ch\/?s={search_term_string}\"},\"query-input\":{\"@type\":\"PropertyValueSpecification\",\"valueRequired\":true,\"valueName\":\"search_term_string\"}}],\"inLanguage\":\"en-GB\"},{\"@type\":\"Organization\",\"@id\":\"https:\/\/eazyshop.ch\/#organization\",\"name\":\"Eazyshop\",\"url\":\"https:\/\/eazyshop.ch\/\",\"logo\":{\"@type\":\"ImageObject\",\"inLanguage\":\"en-GB\",\"@id\":\"https:\/\/eazyshop.ch\/#\/schema\/logo\/image\/\",\"url\":\"\",\"contentUrl\":\"\",\"caption\":\"Eazyshop\"},\"image\":{\"@id\":\"https:\/\/eazyshop.ch\/#\/schema\/logo\/image\/\"},\"sameAs\":[\"https:\/\/www.instagram.com\/eazyshop_ch\/\"]}]}<\/script>\n<!-- \/ Yoast SEO plugin. -->","yoast_head_json":{"title":"Little Dutch One-piece suit Baby Bunny - 56 - Eazyshop","description":"F\u00fcr Neugeborene ist dieser Spieler aus wunderbar weicher Bio-Baumwolle ideal. Sie m\u00fcssen ihn Ihrem Baby nicht \u00fcber den Kopf ziehen. Sie k\u00f6nnen Ihr Kind in","robots":{"index":"index","follow":"follow","max-snippet":"max-snippet:-1","max-image-preview":"max-image-preview:large","max-video-preview":"max-video-preview:-1"},"canonical":"https:\/\/eazyshop.ch\/en\/product\/one-piece-suit-baby-bunny-56\/","og_locale":"en_GB","og_type":"article","og_title":"Little Dutch One-piece suit Baby Bunny - 56 - Eazyshop","og_description":"F\u00fcr Neugeborene ist dieser Spieler aus wunderbar weicher Bio-Baumwolle ideal. Sie m\u00fcssen ihn Ihrem Baby nicht \u00fcber den Kopf ziehen. Sie k\u00f6nnen Ihr Kind in","og_url":"https:\/\/eazyshop.ch\/en\/product\/one-piece-suit-baby-bunny-56\/","og_site_name":"Eazyshop","article_modified_time":"2026-03-27T11:40:11+00:00","og_image":[{"width":415,"height":415,"url":"https:\/\/eazyshop.ch\/wp-content\/uploads\/2026\/03\/0009520_one-piece-suit-baby-bunny-56_415_rLGIQ.png","type":"image\/png"}],"twitter_card":"summary_large_image","schema":{"@context":"https:\/\/schema.org","@graph":[{"@type":"WebPage","@id":"https:\/\/eazyshop.ch\/produkt\/one-piece-suit-baby-bunny-56\/","url":"https:\/\/eazyshop.ch\/produkt\/one-piece-suit-baby-bunny-56\/","name":"Little Dutch One-piece suit Baby Bunny - 56 - Eazyshop","isPartOf":{"@id":"https:\/\/eazyshop.ch\/#website"},"primaryImageOfPage":{"@id":"https:\/\/eazyshop.ch\/produkt\/one-piece-suit-baby-bunny-56\/#primaryimage"},"image":{"@id":"https:\/\/eazyshop.ch\/produkt\/one-piece-suit-baby-bunny-56\/#primaryimage"},"thumbnailUrl":"https:\/\/eazyshop.ch\/wp-content\/uploads\/2026\/03\/0009520_one-piece-suit-baby-bunny-56_415_rLGIQ.png","datePublished":"2026-03-18T09:58:47+00:00","dateModified":"2026-03-27T11:40:11+00:00","description":"F\u00fcr Neugeborene ist dieser Spieler aus wunderbar weicher Bio-Baumwolle ideal. Sie m\u00fcssen ihn Ihrem Baby nicht \u00fcber den Kopf ziehen. Sie k\u00f6nnen Ihr Kind in","breadcrumb":{"@id":"https:\/\/eazyshop.ch\/produkt\/one-piece-suit-baby-bunny-56\/#breadcrumb"},"inLanguage":"en-GB","potentialAction":[{"@type":"ReadAction","target":["https:\/\/eazyshop.ch\/produkt\/one-piece-suit-baby-bunny-56\/"]}]},{"@type":"ImageObject","inLanguage":"en-GB","@id":"https:\/\/eazyshop.ch\/produkt\/one-piece-suit-baby-bunny-56\/#primaryimage","url":"https:\/\/eazyshop.ch\/wp-content\/uploads\/2026\/03\/0009520_one-piece-suit-baby-bunny-56_415_rLGIQ.png","contentUrl":"https:\/\/eazyshop.ch\/wp-content\/uploads\/2026\/03\/0009520_one-piece-suit-baby-bunny-56_415_rLGIQ.png","width":415,"height":415},{"@type":"BreadcrumbList","@id":"https:\/\/eazyshop.ch\/produkt\/one-piece-suit-baby-bunny-56\/#breadcrumb","itemListElement":[{"@type":"ListItem","position":1,"name":"Startseite","item":"https:\/\/eazyshop.ch\/"},{"@type":"ListItem","position":2,"name":"Shop","item":"https:\/\/eazyshop.ch\/shop\/"},{"@type":"ListItem","position":3,"name":"Little Dutch One-piece suit Baby Bunny &#8211; 56"}]},{"@type":"WebSite","@id":"https:\/\/eazyshop.ch\/#website","url":"https:\/\/eazyshop.ch\/","name":"Eazyshop","description":"Where shopping feels easy","publisher":{"@id":"https:\/\/eazyshop.ch\/#organization"},"potentialAction":[{"@type":"SearchAction","target":{"@type":"EntryPoint","urlTemplate":"https:\/\/eazyshop.ch\/?s={search_term_string}"},"query-input":{"@type":"PropertyValueSpecification","valueRequired":true,"valueName":"search_term_string"}}],"inLanguage":"en-GB"},{"@type":"Organization","@id":"https:\/\/eazyshop.ch\/#organization","name":"Eazyshop","url":"https:\/\/eazyshop.ch\/","logo":{"@type":"ImageObject","inLanguage":"en-GB","@id":"https:\/\/eazyshop.ch\/#\/schema\/logo\/image\/","url":"","contentUrl":"","caption":"Eazyshop"},"image":{"@id":"https:\/\/eazyshop.ch\/#\/schema\/logo\/image\/"},"sameAs":["https:\/\/www.instagram.com\/eazyshop_ch\/"]}]}},"jetpack_sharing_enabled":true,"_links":{"self":[{"href":"https:\/\/eazyshop.ch\/en\/wp-json\/wp\/v2\/product\/1078426","targetHints":{"allow":["GET"]}}],"collection":[{"href":"https:\/\/eazyshop.ch\/en\/wp-json\/wp\/v2\/product"}],"about":[{"href":"https:\/\/eazyshop.ch\/en\/wp-json\/wp\/v2\/types\/product"}],"replies":[{"embeddable":true,"href":"https:\/\/eazyshop.ch\/en\/wp-json\/wp\/v2\/comments?post=1078426"}],"version-history":[{"count":0,"href":"https:\/\/eazyshop.ch\/en\/wp-json\/wp\/v2\/product\/1078426\/revisions"}],"wp:featuredmedia":[{"embeddable":true,"href":"https:\/\/eazyshop.ch\/en\/wp-json\/wp\/v2\/media\/1078423"}],"wp:attachment":[{"href":"https:\/\/eazyshop.ch\/en\/wp-json\/wp\/v2\/media?parent=1078426"}],"wp:term":[{"taxonomy":"product_brand","embeddable":true,"href":"https:\/\/eazyshop.ch\/en\/wp-json\/wp\/v2\/product_brand?post=1078426"},{"taxonomy":"product_cat","embeddable":true,"href":"https:\/\/eazyshop.ch\/en\/wp-json\/wp\/v2\/product_cat?post=1078426"},{"taxonomy":"product_tag","embeddable":true,"href":"https:\/\/eazyshop.ch\/en\/wp-json\/wp\/v2\/product_tag?post=1078426"}],"curies":[{"name":"wp","href":"https:\/\/api.w.org\/{rel}","templated":true}]}}