{"id":1078402,"date":"2026-03-18T09:58:47","date_gmt":"2026-03-18T09:58:47","guid":{"rendered":"https:\/\/eazyshop.ch\/?post_type=product&#038;p=1078402"},"modified":"2026-03-27T11:40:10","modified_gmt":"2026-03-27T11:40:10","slug":"little-dutch-boot-ocean-dreams-pink-100-x-67-cm","status":"publish","type":"product","link":"https:\/\/eazyshop.ch\/en\/product\/little-dutch-boot-ocean-dreams-pink-100-x-67-cm\/","title":{"rendered":"Little Dutch Boot Ocean Dreams Pink 100 x 67 cm"},"content":{"rendered":"<p>K\u00fchl dich im Ocean Dreams Pink-Boot ab. Ein kompaktes und bequemes Badeboot, in dem Ihr Kind an hei\u00dfen Sommertagen wunderbar sitzen kann. Das blaue Boot l\u00e4sst sich leicht aufblasen und ist mit Ocean Dreams Blue Abbildungen verziert. Mit etwas Wasser darin ist gro\u00dfer Wasserspa\u00df garantiert! Fertig mit Planschen? Einfach die Luft ablassen, und das Boot kann wieder leicht verstaut werden.<\/p>","protected":false},"excerpt":{"rendered":"<p>K\u00fchl dich im Ocean Dreams Pink-Boot ab. Ein kompaktes und bequemes Badeboot, in dem Ihr Kind an hei\u00dfen Sommertagen wunderbar<\/p>","protected":false},"featured_media":1078399,"comment_status":"open","ping_status":"closed","template":"","meta":[],"product_brand":[15418],"product_cat":[15441],"product_tag":[],"class_list":{"0":"post-1078402","1":"product","2":"type-product","3":"status-publish","4":"has-post-thumbnail","6":"product_brand-little-dutch","7":"product_cat-wasserspielzeug","9":"first","10":"instock","11":"taxable","12":"shipping-taxable","13":"purchasable","14":"product-type-simple"},"yoast_head":"<!-- This site is optimized with the Yoast SEO plugin v26.9 - https:\/\/yoast.com\/product\/yoast-seo-wordpress\/ -->\n<title>Little Dutch Boot Ocean Dreams Pink 100 x 67 cm - Eazyshop<\/title>\n<meta name=\"description\" content=\"K\u00fchl dich im Ocean Dreams Pink-Boot ab. Ein kompaktes und bequemes Badeboot, in dem Ihr Kind an hei\u00dfen Sommertagen wunderbar sitzen kann. Das blaue Boot\" \/>\n<meta name=\"robots\" content=\"index, follow, max-snippet:-1, max-image-preview:large, max-video-preview:-1\" \/>\n<link rel=\"canonical\" href=\"https:\/\/eazyshop.ch\/en\/product\/little-dutch-boot-ocean-dreams-pink-100-x-67-cm\/\" \/>\n<meta property=\"og:locale\" content=\"en_GB\" \/>\n<meta property=\"og:type\" content=\"article\" \/>\n<meta property=\"og:title\" content=\"Little Dutch Boot Ocean Dreams Pink 100 x 67 cm - Eazyshop\" \/>\n<meta property=\"og:description\" content=\"K\u00fchl dich im Ocean Dreams Pink-Boot ab. Ein kompaktes und bequemes Badeboot, in dem Ihr Kind an hei\u00dfen Sommertagen wunderbar sitzen kann. Das blaue Boot\" \/>\n<meta property=\"og:url\" content=\"https:\/\/eazyshop.ch\/en\/product\/little-dutch-boot-ocean-dreams-pink-100-x-67-cm\/\" \/>\n<meta property=\"og:site_name\" content=\"Eazyshop\" \/>\n<meta property=\"article:modified_time\" content=\"2026-03-27T11:40:10+00:00\" \/>\n<meta property=\"og:image\" content=\"https:\/\/eazyshop.ch\/wp-content\/uploads\/2026\/03\/2012387_010_ilOP5.jpg\" \/>\n\t<meta property=\"og:image:width\" content=\"1024\" \/>\n\t<meta property=\"og:image:height\" content=\"1024\" \/>\n\t<meta property=\"og:image:type\" content=\"image\/jpeg\" \/>\n<meta name=\"twitter:card\" content=\"summary_large_image\" \/>\n<script type=\"application\/ld+json\" class=\"yoast-schema-graph\">{\"@context\":\"https:\/\/schema.org\",\"@graph\":[{\"@type\":\"WebPage\",\"@id\":\"https:\/\/eazyshop.ch\/produkt\/little-dutch-boot-ocean-dreams-pink-100-x-67-cm\/\",\"url\":\"https:\/\/eazyshop.ch\/produkt\/little-dutch-boot-ocean-dreams-pink-100-x-67-cm\/\",\"name\":\"Little Dutch Boot Ocean Dreams Pink 100 x 67 cm - Eazyshop\",\"isPartOf\":{\"@id\":\"https:\/\/eazyshop.ch\/#website\"},\"primaryImageOfPage\":{\"@id\":\"https:\/\/eazyshop.ch\/produkt\/little-dutch-boot-ocean-dreams-pink-100-x-67-cm\/#primaryimage\"},\"image\":{\"@id\":\"https:\/\/eazyshop.ch\/produkt\/little-dutch-boot-ocean-dreams-pink-100-x-67-cm\/#primaryimage\"},\"thumbnailUrl\":\"https:\/\/eazyshop.ch\/wp-content\/uploads\/2026\/03\/2012387_010_ilOP5.jpg\",\"datePublished\":\"2026-03-18T09:58:47+00:00\",\"dateModified\":\"2026-03-27T11:40:10+00:00\",\"description\":\"K\u00fchl dich im Ocean Dreams Pink-Boot ab. Ein kompaktes und bequemes Badeboot, in dem Ihr Kind an hei\u00dfen Sommertagen wunderbar sitzen kann. Das blaue Boot\",\"breadcrumb\":{\"@id\":\"https:\/\/eazyshop.ch\/produkt\/little-dutch-boot-ocean-dreams-pink-100-x-67-cm\/#breadcrumb\"},\"inLanguage\":\"en-GB\",\"potentialAction\":[{\"@type\":\"ReadAction\",\"target\":[\"https:\/\/eazyshop.ch\/produkt\/little-dutch-boot-ocean-dreams-pink-100-x-67-cm\/\"]}]},{\"@type\":\"ImageObject\",\"inLanguage\":\"en-GB\",\"@id\":\"https:\/\/eazyshop.ch\/produkt\/little-dutch-boot-ocean-dreams-pink-100-x-67-cm\/#primaryimage\",\"url\":\"https:\/\/eazyshop.ch\/wp-content\/uploads\/2026\/03\/2012387_010_ilOP5.jpg\",\"contentUrl\":\"https:\/\/eazyshop.ch\/wp-content\/uploads\/2026\/03\/2012387_010_ilOP5.jpg\",\"width\":1024,\"height\":1024},{\"@type\":\"BreadcrumbList\",\"@id\":\"https:\/\/eazyshop.ch\/produkt\/little-dutch-boot-ocean-dreams-pink-100-x-67-cm\/#breadcrumb\",\"itemListElement\":[{\"@type\":\"ListItem\",\"position\":1,\"name\":\"Startseite\",\"item\":\"https:\/\/eazyshop.ch\/\"},{\"@type\":\"ListItem\",\"position\":2,\"name\":\"Shop\",\"item\":\"https:\/\/eazyshop.ch\/shop\/\"},{\"@type\":\"ListItem\",\"position\":3,\"name\":\"Little Dutch Boot Ocean Dreams Pink 100 x 67 cm\"}]},{\"@type\":\"WebSite\",\"@id\":\"https:\/\/eazyshop.ch\/#website\",\"url\":\"https:\/\/eazyshop.ch\/\",\"name\":\"Eazyshop\",\"description\":\"Where shopping feels easy\",\"publisher\":{\"@id\":\"https:\/\/eazyshop.ch\/#organization\"},\"potentialAction\":[{\"@type\":\"SearchAction\",\"target\":{\"@type\":\"EntryPoint\",\"urlTemplate\":\"https:\/\/eazyshop.ch\/?s={search_term_string}\"},\"query-input\":{\"@type\":\"PropertyValueSpecification\",\"valueRequired\":true,\"valueName\":\"search_term_string\"}}],\"inLanguage\":\"en-GB\"},{\"@type\":\"Organization\",\"@id\":\"https:\/\/eazyshop.ch\/#organization\",\"name\":\"Eazyshop\",\"url\":\"https:\/\/eazyshop.ch\/\",\"logo\":{\"@type\":\"ImageObject\",\"inLanguage\":\"en-GB\",\"@id\":\"https:\/\/eazyshop.ch\/#\/schema\/logo\/image\/\",\"url\":\"\",\"contentUrl\":\"\",\"caption\":\"Eazyshop\"},\"image\":{\"@id\":\"https:\/\/eazyshop.ch\/#\/schema\/logo\/image\/\"},\"sameAs\":[\"https:\/\/www.instagram.com\/eazyshop_ch\/\"]}]}<\/script>\n<!-- \/ Yoast SEO plugin. -->","yoast_head_json":{"title":"Little Dutch Boot Ocean Dreams Pink 100 x 67 cm - Eazyshop","description":"K\u00fchl dich im Ocean Dreams Pink-Boot ab. Ein kompaktes und bequemes Badeboot, in dem Ihr Kind an hei\u00dfen Sommertagen wunderbar sitzen kann. Das blaue Boot","robots":{"index":"index","follow":"follow","max-snippet":"max-snippet:-1","max-image-preview":"max-image-preview:large","max-video-preview":"max-video-preview:-1"},"canonical":"https:\/\/eazyshop.ch\/en\/product\/little-dutch-boot-ocean-dreams-pink-100-x-67-cm\/","og_locale":"en_GB","og_type":"article","og_title":"Little Dutch Boot Ocean Dreams Pink 100 x 67 cm - Eazyshop","og_description":"K\u00fchl dich im Ocean Dreams Pink-Boot ab. Ein kompaktes und bequemes Badeboot, in dem Ihr Kind an hei\u00dfen Sommertagen wunderbar sitzen kann. Das blaue Boot","og_url":"https:\/\/eazyshop.ch\/en\/product\/little-dutch-boot-ocean-dreams-pink-100-x-67-cm\/","og_site_name":"Eazyshop","article_modified_time":"2026-03-27T11:40:10+00:00","og_image":[{"width":1024,"height":1024,"url":"https:\/\/eazyshop.ch\/wp-content\/uploads\/2026\/03\/2012387_010_ilOP5.jpg","type":"image\/jpeg"}],"twitter_card":"summary_large_image","schema":{"@context":"https:\/\/schema.org","@graph":[{"@type":"WebPage","@id":"https:\/\/eazyshop.ch\/produkt\/little-dutch-boot-ocean-dreams-pink-100-x-67-cm\/","url":"https:\/\/eazyshop.ch\/produkt\/little-dutch-boot-ocean-dreams-pink-100-x-67-cm\/","name":"Little Dutch Boot Ocean Dreams Pink 100 x 67 cm - Eazyshop","isPartOf":{"@id":"https:\/\/eazyshop.ch\/#website"},"primaryImageOfPage":{"@id":"https:\/\/eazyshop.ch\/produkt\/little-dutch-boot-ocean-dreams-pink-100-x-67-cm\/#primaryimage"},"image":{"@id":"https:\/\/eazyshop.ch\/produkt\/little-dutch-boot-ocean-dreams-pink-100-x-67-cm\/#primaryimage"},"thumbnailUrl":"https:\/\/eazyshop.ch\/wp-content\/uploads\/2026\/03\/2012387_010_ilOP5.jpg","datePublished":"2026-03-18T09:58:47+00:00","dateModified":"2026-03-27T11:40:10+00:00","description":"K\u00fchl dich im Ocean Dreams Pink-Boot ab. Ein kompaktes und bequemes Badeboot, in dem Ihr Kind an hei\u00dfen Sommertagen wunderbar sitzen kann. Das blaue Boot","breadcrumb":{"@id":"https:\/\/eazyshop.ch\/produkt\/little-dutch-boot-ocean-dreams-pink-100-x-67-cm\/#breadcrumb"},"inLanguage":"en-GB","potentialAction":[{"@type":"ReadAction","target":["https:\/\/eazyshop.ch\/produkt\/little-dutch-boot-ocean-dreams-pink-100-x-67-cm\/"]}]},{"@type":"ImageObject","inLanguage":"en-GB","@id":"https:\/\/eazyshop.ch\/produkt\/little-dutch-boot-ocean-dreams-pink-100-x-67-cm\/#primaryimage","url":"https:\/\/eazyshop.ch\/wp-content\/uploads\/2026\/03\/2012387_010_ilOP5.jpg","contentUrl":"https:\/\/eazyshop.ch\/wp-content\/uploads\/2026\/03\/2012387_010_ilOP5.jpg","width":1024,"height":1024},{"@type":"BreadcrumbList","@id":"https:\/\/eazyshop.ch\/produkt\/little-dutch-boot-ocean-dreams-pink-100-x-67-cm\/#breadcrumb","itemListElement":[{"@type":"ListItem","position":1,"name":"Startseite","item":"https:\/\/eazyshop.ch\/"},{"@type":"ListItem","position":2,"name":"Shop","item":"https:\/\/eazyshop.ch\/shop\/"},{"@type":"ListItem","position":3,"name":"Little Dutch Boot Ocean Dreams Pink 100 x 67 cm"}]},{"@type":"WebSite","@id":"https:\/\/eazyshop.ch\/#website","url":"https:\/\/eazyshop.ch\/","name":"Eazyshop","description":"Where shopping feels easy","publisher":{"@id":"https:\/\/eazyshop.ch\/#organization"},"potentialAction":[{"@type":"SearchAction","target":{"@type":"EntryPoint","urlTemplate":"https:\/\/eazyshop.ch\/?s={search_term_string}"},"query-input":{"@type":"PropertyValueSpecification","valueRequired":true,"valueName":"search_term_string"}}],"inLanguage":"en-GB"},{"@type":"Organization","@id":"https:\/\/eazyshop.ch\/#organization","name":"Eazyshop","url":"https:\/\/eazyshop.ch\/","logo":{"@type":"ImageObject","inLanguage":"en-GB","@id":"https:\/\/eazyshop.ch\/#\/schema\/logo\/image\/","url":"","contentUrl":"","caption":"Eazyshop"},"image":{"@id":"https:\/\/eazyshop.ch\/#\/schema\/logo\/image\/"},"sameAs":["https:\/\/www.instagram.com\/eazyshop_ch\/"]}]}},"jetpack_sharing_enabled":true,"_links":{"self":[{"href":"https:\/\/eazyshop.ch\/en\/wp-json\/wp\/v2\/product\/1078402","targetHints":{"allow":["GET"]}}],"collection":[{"href":"https:\/\/eazyshop.ch\/en\/wp-json\/wp\/v2\/product"}],"about":[{"href":"https:\/\/eazyshop.ch\/en\/wp-json\/wp\/v2\/types\/product"}],"replies":[{"embeddable":true,"href":"https:\/\/eazyshop.ch\/en\/wp-json\/wp\/v2\/comments?post=1078402"}],"version-history":[{"count":0,"href":"https:\/\/eazyshop.ch\/en\/wp-json\/wp\/v2\/product\/1078402\/revisions"}],"wp:featuredmedia":[{"embeddable":true,"href":"https:\/\/eazyshop.ch\/en\/wp-json\/wp\/v2\/media\/1078399"}],"wp:attachment":[{"href":"https:\/\/eazyshop.ch\/en\/wp-json\/wp\/v2\/media?parent=1078402"}],"wp:term":[{"taxonomy":"product_brand","embeddable":true,"href":"https:\/\/eazyshop.ch\/en\/wp-json\/wp\/v2\/product_brand?post=1078402"},{"taxonomy":"product_cat","embeddable":true,"href":"https:\/\/eazyshop.ch\/en\/wp-json\/wp\/v2\/product_cat?post=1078402"},{"taxonomy":"product_tag","embeddable":true,"href":"https:\/\/eazyshop.ch\/en\/wp-json\/wp\/v2\/product_tag?post=1078402"}],"curies":[{"name":"wp","href":"https:\/\/api.w.org\/{rel}","templated":true}]}}