{"id":1078390,"date":"2026-03-18T09:58:47","date_gmt":"2026-03-18T09:58:47","guid":{"rendered":"https:\/\/eazyshop.ch\/?post_type=product&#038;p=1078390"},"modified":"2026-03-27T11:40:08","modified_gmt":"2026-03-27T11:40:08","slug":"little-dutch-beach-set-3-teilig-sailors-bay","status":"publish","type":"product","link":"https:\/\/eazyshop.ch\/en\/product\/little-dutch-beach-set-3-teilig-sailors-bay\/","title":{"rendered":"Little Dutch Beach Set 3 teilig Sailors Bay"},"content":{"rendered":"<p>Lasst uns Kunst mit Sand machen! Mit dieser Schaufel und zwei Formen kannst du deiner Fantasie freien Lauf lassen, um am Strand oder im Sandkasten sch\u00f6ne Sandkunst zu schaffen! Das Mitbringen von Strandspielzeug ist eine gute M\u00f6glichkeit, Ihre Kleinen einen Nachmittag lang zu besch\u00e4ftigen. Dieses Set enth\u00e4lt eine Schaufel und zwei Sandformen: eine gr\u00fcne Schildkr\u00f6te und ein blaues Segelboot. Alle sind so konzipiert, dass kleine H\u00e4nde einen guten Halt haben und viel Spa\u00df mit Sand haben.<\/p>","protected":false},"excerpt":{"rendered":"<p>Lasst uns Kunst mit Sand machen! Mit dieser Schaufel und zwei Formen kannst du deiner Fantasie freien Lauf lassen, um<\/p>","protected":false},"featured_media":1078387,"comment_status":"open","ping_status":"closed","template":"","meta":[],"product_brand":[15418],"product_cat":[15438],"product_tag":[],"class_list":{"0":"post-1078390","1":"product","2":"type-product","3":"status-publish","4":"has-post-thumbnail","6":"product_brand-little-dutch","7":"product_cat-strandspielzeug","9":"first","10":"instock","11":"taxable","12":"shipping-taxable","13":"purchasable","14":"product-type-simple"},"yoast_head":"<!-- This site is optimized with the Yoast SEO plugin v26.9 - https:\/\/yoast.com\/product\/yoast-seo-wordpress\/ -->\n<title>Little Dutch Beach Set 3 teilig Sailors Bay - Eazyshop<\/title>\n<meta name=\"description\" content=\"Lasst uns Kunst mit Sand machen! Mit dieser Schaufel und zwei Formen kannst du deiner Fantasie freien Lauf lassen, um am Strand oder im Sandkasten sch\u00f6ne\" \/>\n<meta name=\"robots\" content=\"index, follow, max-snippet:-1, max-image-preview:large, max-video-preview:-1\" \/>\n<link rel=\"canonical\" href=\"https:\/\/eazyshop.ch\/en\/product\/little-dutch-beach-set-3-teilig-sailors-bay\/\" \/>\n<meta property=\"og:locale\" content=\"en_GB\" \/>\n<meta property=\"og:type\" content=\"article\" \/>\n<meta property=\"og:title\" content=\"Little Dutch Beach Set 3 teilig Sailors Bay - Eazyshop\" \/>\n<meta property=\"og:description\" content=\"Lasst uns Kunst mit Sand machen! Mit dieser Schaufel und zwei Formen kannst du deiner Fantasie freien Lauf lassen, um am Strand oder im Sandkasten sch\u00f6ne\" \/>\n<meta property=\"og:url\" content=\"https:\/\/eazyshop.ch\/en\/product\/little-dutch-beach-set-3-teilig-sailors-bay\/\" \/>\n<meta property=\"og:site_name\" content=\"Eazyshop\" \/>\n<meta property=\"article:modified_time\" content=\"2026-03-27T11:40:08+00:00\" \/>\n<meta property=\"og:image\" content=\"https:\/\/eazyshop.ch\/wp-content\/uploads\/2026\/03\/0002300_AffYu.webp\" \/>\n\t<meta property=\"og:image:width\" content=\"500\" \/>\n\t<meta property=\"og:image:height\" content=\"500\" \/>\n\t<meta property=\"og:image:type\" content=\"image\/webp\" \/>\n<meta name=\"twitter:card\" content=\"summary_large_image\" \/>\n<script type=\"application\/ld+json\" class=\"yoast-schema-graph\">{\"@context\":\"https:\/\/schema.org\",\"@graph\":[{\"@type\":\"WebPage\",\"@id\":\"https:\/\/eazyshop.ch\/produkt\/little-dutch-beach-set-3-teilig-sailors-bay\/\",\"url\":\"https:\/\/eazyshop.ch\/produkt\/little-dutch-beach-set-3-teilig-sailors-bay\/\",\"name\":\"Little Dutch Beach Set 3 teilig Sailors Bay - Eazyshop\",\"isPartOf\":{\"@id\":\"https:\/\/eazyshop.ch\/#website\"},\"primaryImageOfPage\":{\"@id\":\"https:\/\/eazyshop.ch\/produkt\/little-dutch-beach-set-3-teilig-sailors-bay\/#primaryimage\"},\"image\":{\"@id\":\"https:\/\/eazyshop.ch\/produkt\/little-dutch-beach-set-3-teilig-sailors-bay\/#primaryimage\"},\"thumbnailUrl\":\"https:\/\/eazyshop.ch\/wp-content\/uploads\/2026\/03\/0002300_AffYu.webp\",\"datePublished\":\"2026-03-18T09:58:47+00:00\",\"dateModified\":\"2026-03-27T11:40:08+00:00\",\"description\":\"Lasst uns Kunst mit Sand machen! Mit dieser Schaufel und zwei Formen kannst du deiner Fantasie freien Lauf lassen, um am Strand oder im Sandkasten sch\u00f6ne\",\"breadcrumb\":{\"@id\":\"https:\/\/eazyshop.ch\/produkt\/little-dutch-beach-set-3-teilig-sailors-bay\/#breadcrumb\"},\"inLanguage\":\"en-GB\",\"potentialAction\":[{\"@type\":\"ReadAction\",\"target\":[\"https:\/\/eazyshop.ch\/produkt\/little-dutch-beach-set-3-teilig-sailors-bay\/\"]}]},{\"@type\":\"ImageObject\",\"inLanguage\":\"en-GB\",\"@id\":\"https:\/\/eazyshop.ch\/produkt\/little-dutch-beach-set-3-teilig-sailors-bay\/#primaryimage\",\"url\":\"https:\/\/eazyshop.ch\/wp-content\/uploads\/2026\/03\/0002300_AffYu.webp\",\"contentUrl\":\"https:\/\/eazyshop.ch\/wp-content\/uploads\/2026\/03\/0002300_AffYu.webp\",\"width\":500,\"height\":500},{\"@type\":\"BreadcrumbList\",\"@id\":\"https:\/\/eazyshop.ch\/produkt\/little-dutch-beach-set-3-teilig-sailors-bay\/#breadcrumb\",\"itemListElement\":[{\"@type\":\"ListItem\",\"position\":1,\"name\":\"Startseite\",\"item\":\"https:\/\/eazyshop.ch\/\"},{\"@type\":\"ListItem\",\"position\":2,\"name\":\"Shop\",\"item\":\"https:\/\/eazyshop.ch\/shop\/\"},{\"@type\":\"ListItem\",\"position\":3,\"name\":\"Little Dutch Beach Set 3 teilig Sailors Bay\"}]},{\"@type\":\"WebSite\",\"@id\":\"https:\/\/eazyshop.ch\/#website\",\"url\":\"https:\/\/eazyshop.ch\/\",\"name\":\"Eazyshop\",\"description\":\"Where shopping feels easy\",\"publisher\":{\"@id\":\"https:\/\/eazyshop.ch\/#organization\"},\"potentialAction\":[{\"@type\":\"SearchAction\",\"target\":{\"@type\":\"EntryPoint\",\"urlTemplate\":\"https:\/\/eazyshop.ch\/?s={search_term_string}\"},\"query-input\":{\"@type\":\"PropertyValueSpecification\",\"valueRequired\":true,\"valueName\":\"search_term_string\"}}],\"inLanguage\":\"en-GB\"},{\"@type\":\"Organization\",\"@id\":\"https:\/\/eazyshop.ch\/#organization\",\"name\":\"Eazyshop\",\"url\":\"https:\/\/eazyshop.ch\/\",\"logo\":{\"@type\":\"ImageObject\",\"inLanguage\":\"en-GB\",\"@id\":\"https:\/\/eazyshop.ch\/#\/schema\/logo\/image\/\",\"url\":\"\",\"contentUrl\":\"\",\"caption\":\"Eazyshop\"},\"image\":{\"@id\":\"https:\/\/eazyshop.ch\/#\/schema\/logo\/image\/\"},\"sameAs\":[\"https:\/\/www.instagram.com\/eazyshop_ch\/\"]}]}<\/script>\n<!-- \/ Yoast SEO plugin. -->","yoast_head_json":{"title":"Little Dutch Beach Set 3 teilig Sailors Bay - Eazyshop","description":"Lasst uns Kunst mit Sand machen! Mit dieser Schaufel und zwei Formen kannst du deiner Fantasie freien Lauf lassen, um am Strand oder im Sandkasten sch\u00f6ne","robots":{"index":"index","follow":"follow","max-snippet":"max-snippet:-1","max-image-preview":"max-image-preview:large","max-video-preview":"max-video-preview:-1"},"canonical":"https:\/\/eazyshop.ch\/en\/product\/little-dutch-beach-set-3-teilig-sailors-bay\/","og_locale":"en_GB","og_type":"article","og_title":"Little Dutch Beach Set 3 teilig Sailors Bay - Eazyshop","og_description":"Lasst uns Kunst mit Sand machen! Mit dieser Schaufel und zwei Formen kannst du deiner Fantasie freien Lauf lassen, um am Strand oder im Sandkasten sch\u00f6ne","og_url":"https:\/\/eazyshop.ch\/en\/product\/little-dutch-beach-set-3-teilig-sailors-bay\/","og_site_name":"Eazyshop","article_modified_time":"2026-03-27T11:40:08+00:00","og_image":[{"width":500,"height":500,"url":"https:\/\/eazyshop.ch\/wp-content\/uploads\/2026\/03\/0002300_AffYu.webp","type":"image\/webp"}],"twitter_card":"summary_large_image","schema":{"@context":"https:\/\/schema.org","@graph":[{"@type":"WebPage","@id":"https:\/\/eazyshop.ch\/produkt\/little-dutch-beach-set-3-teilig-sailors-bay\/","url":"https:\/\/eazyshop.ch\/produkt\/little-dutch-beach-set-3-teilig-sailors-bay\/","name":"Little Dutch Beach Set 3 teilig Sailors Bay - Eazyshop","isPartOf":{"@id":"https:\/\/eazyshop.ch\/#website"},"primaryImageOfPage":{"@id":"https:\/\/eazyshop.ch\/produkt\/little-dutch-beach-set-3-teilig-sailors-bay\/#primaryimage"},"image":{"@id":"https:\/\/eazyshop.ch\/produkt\/little-dutch-beach-set-3-teilig-sailors-bay\/#primaryimage"},"thumbnailUrl":"https:\/\/eazyshop.ch\/wp-content\/uploads\/2026\/03\/0002300_AffYu.webp","datePublished":"2026-03-18T09:58:47+00:00","dateModified":"2026-03-27T11:40:08+00:00","description":"Lasst uns Kunst mit Sand machen! Mit dieser Schaufel und zwei Formen kannst du deiner Fantasie freien Lauf lassen, um am Strand oder im Sandkasten sch\u00f6ne","breadcrumb":{"@id":"https:\/\/eazyshop.ch\/produkt\/little-dutch-beach-set-3-teilig-sailors-bay\/#breadcrumb"},"inLanguage":"en-GB","potentialAction":[{"@type":"ReadAction","target":["https:\/\/eazyshop.ch\/produkt\/little-dutch-beach-set-3-teilig-sailors-bay\/"]}]},{"@type":"ImageObject","inLanguage":"en-GB","@id":"https:\/\/eazyshop.ch\/produkt\/little-dutch-beach-set-3-teilig-sailors-bay\/#primaryimage","url":"https:\/\/eazyshop.ch\/wp-content\/uploads\/2026\/03\/0002300_AffYu.webp","contentUrl":"https:\/\/eazyshop.ch\/wp-content\/uploads\/2026\/03\/0002300_AffYu.webp","width":500,"height":500},{"@type":"BreadcrumbList","@id":"https:\/\/eazyshop.ch\/produkt\/little-dutch-beach-set-3-teilig-sailors-bay\/#breadcrumb","itemListElement":[{"@type":"ListItem","position":1,"name":"Startseite","item":"https:\/\/eazyshop.ch\/"},{"@type":"ListItem","position":2,"name":"Shop","item":"https:\/\/eazyshop.ch\/shop\/"},{"@type":"ListItem","position":3,"name":"Little Dutch Beach Set 3 teilig Sailors Bay"}]},{"@type":"WebSite","@id":"https:\/\/eazyshop.ch\/#website","url":"https:\/\/eazyshop.ch\/","name":"Eazyshop","description":"Where shopping feels easy","publisher":{"@id":"https:\/\/eazyshop.ch\/#organization"},"potentialAction":[{"@type":"SearchAction","target":{"@type":"EntryPoint","urlTemplate":"https:\/\/eazyshop.ch\/?s={search_term_string}"},"query-input":{"@type":"PropertyValueSpecification","valueRequired":true,"valueName":"search_term_string"}}],"inLanguage":"en-GB"},{"@type":"Organization","@id":"https:\/\/eazyshop.ch\/#organization","name":"Eazyshop","url":"https:\/\/eazyshop.ch\/","logo":{"@type":"ImageObject","inLanguage":"en-GB","@id":"https:\/\/eazyshop.ch\/#\/schema\/logo\/image\/","url":"","contentUrl":"","caption":"Eazyshop"},"image":{"@id":"https:\/\/eazyshop.ch\/#\/schema\/logo\/image\/"},"sameAs":["https:\/\/www.instagram.com\/eazyshop_ch\/"]}]}},"jetpack_sharing_enabled":true,"_links":{"self":[{"href":"https:\/\/eazyshop.ch\/en\/wp-json\/wp\/v2\/product\/1078390","targetHints":{"allow":["GET"]}}],"collection":[{"href":"https:\/\/eazyshop.ch\/en\/wp-json\/wp\/v2\/product"}],"about":[{"href":"https:\/\/eazyshop.ch\/en\/wp-json\/wp\/v2\/types\/product"}],"replies":[{"embeddable":true,"href":"https:\/\/eazyshop.ch\/en\/wp-json\/wp\/v2\/comments?post=1078390"}],"version-history":[{"count":0,"href":"https:\/\/eazyshop.ch\/en\/wp-json\/wp\/v2\/product\/1078390\/revisions"}],"wp:featuredmedia":[{"embeddable":true,"href":"https:\/\/eazyshop.ch\/en\/wp-json\/wp\/v2\/media\/1078387"}],"wp:attachment":[{"href":"https:\/\/eazyshop.ch\/en\/wp-json\/wp\/v2\/media?parent=1078390"}],"wp:term":[{"taxonomy":"product_brand","embeddable":true,"href":"https:\/\/eazyshop.ch\/en\/wp-json\/wp\/v2\/product_brand?post=1078390"},{"taxonomy":"product_cat","embeddable":true,"href":"https:\/\/eazyshop.ch\/en\/wp-json\/wp\/v2\/product_cat?post=1078390"},{"taxonomy":"product_tag","embeddable":true,"href":"https:\/\/eazyshop.ch\/en\/wp-json\/wp\/v2\/product_tag?post=1078390"}],"curies":[{"name":"wp","href":"https:\/\/api.w.org\/{rel}","templated":true}]}}