{"id":1078386,"date":"2026-03-18T09:58:47","date_gmt":"2026-03-18T09:58:47","guid":{"rendered":"https:\/\/eazyshop.ch\/?post_type=product&#038;p=1078386"},"modified":"2026-04-02T21:40:26","modified_gmt":"2026-04-02T21:40:26","slug":"little-dutch-beach-set-3-teilig-flowers-butterflies","status":"publish","type":"product","link":"https:\/\/eazyshop.ch\/en\/product\/little-dutch-beach-set-3-teilig-flowers-butterflies\/","title":{"rendered":"Little Dutch Beach Set 3 teilig Flowers &amp; Butterflies"},"content":{"rendered":"<p>Lassen Sie uns Kunst mit Sand machen! Mit dieser Schaufel und zwei Formen k\u00f6nnen Sie Ihrer Fantasie freien Lauf lassen, um wundersch\u00f6ne Sandkunst am Strand oder im Sandkasten zu schaffen! Strandspielzeug mitzunehmen ist eine gro\u00dfartige M\u00f6glichkeit, Ihr Kleines einen Nachmittag lang interessiert und besch\u00e4ftigt zu halten. Dieses Set enth\u00e4lt eine Schaufel und zwei Sandformen: eine rosa Blume und einen gr\u00fcnen Schmetterling. Alle sind f\u00fcr kleine H\u00e4nde entworfen, um einen guten Griff und viel Spa\u00df mit Sand zu haben.<\/p>","protected":false},"excerpt":{"rendered":"<p>Lassen Sie uns Kunst mit Sand machen! Mit dieser Schaufel und zwei Formen k\u00f6nnen Sie Ihrer Fantasie freien Lauf lassen,<\/p>","protected":false},"featured_media":1078383,"comment_status":"open","ping_status":"closed","template":"","meta":[],"product_brand":[15418],"product_cat":[15438],"product_tag":[],"class_list":{"0":"post-1078386","1":"product","2":"type-product","3":"status-publish","4":"has-post-thumbnail","6":"product_brand-little-dutch","7":"product_cat-strandspielzeug","9":"first","10":"instock","11":"taxable","12":"shipping-taxable","13":"purchasable","14":"product-type-simple"},"yoast_head":"<!-- This site is optimized with the Yoast SEO plugin v26.9 - https:\/\/yoast.com\/product\/yoast-seo-wordpress\/ -->\n<title>Little Dutch Beach Set 3 teilig Flowers &amp; Butterflies - Eazyshop<\/title>\n<meta name=\"robots\" content=\"index, follow, max-snippet:-1, max-image-preview:large, max-video-preview:-1\" \/>\n<link rel=\"canonical\" href=\"https:\/\/eazyshop.ch\/en\/product\/little-dutch-beach-set-3-teilig-flowers-butterflies\/\" \/>\n<meta property=\"og:locale\" content=\"en_GB\" \/>\n<meta property=\"og:type\" content=\"article\" \/>\n<meta property=\"og:title\" content=\"Little Dutch Beach Set 3 teilig Flowers &amp; Butterflies - Eazyshop\" \/>\n<meta property=\"og:description\" content=\"Lassen Sie uns Kunst mit Sand machen! Mit dieser Schaufel und zwei Formen k\u00f6nnen Sie Ihrer Fantasie freien Lauf lassen,\" \/>\n<meta property=\"og:url\" content=\"https:\/\/eazyshop.ch\/en\/product\/little-dutch-beach-set-3-teilig-flowers-butterflies\/\" \/>\n<meta property=\"og:site_name\" content=\"Eazyshop\" \/>\n<meta property=\"article:modified_time\" content=\"2026-04-02T21:40:26+00:00\" \/>\n<meta property=\"og:image\" content=\"https:\/\/eazyshop.ch\/wp-content\/uploads\/2026\/03\/0007708_little-dutch-beach-set-3-teilig-flowers-butterflies_550_3mt0M.jpeg\" \/>\n\t<meta property=\"og:image:width\" content=\"550\" \/>\n\t<meta property=\"og:image:height\" content=\"550\" \/>\n\t<meta property=\"og:image:type\" content=\"image\/jpeg\" \/>\n<meta name=\"twitter:card\" content=\"summary_large_image\" \/>\n<script type=\"application\/ld+json\" class=\"yoast-schema-graph\">{\"@context\":\"https:\/\/schema.org\",\"@graph\":[{\"@type\":\"WebPage\",\"@id\":\"https:\/\/eazyshop.ch\/produkt\/little-dutch-beach-set-3-teilig-flowers-butterflies\/\",\"url\":\"https:\/\/eazyshop.ch\/produkt\/little-dutch-beach-set-3-teilig-flowers-butterflies\/\",\"name\":\"Little Dutch Beach Set 3 teilig Flowers &amp; Butterflies - Eazyshop\",\"isPartOf\":{\"@id\":\"https:\/\/eazyshop.ch\/#website\"},\"primaryImageOfPage\":{\"@id\":\"https:\/\/eazyshop.ch\/produkt\/little-dutch-beach-set-3-teilig-flowers-butterflies\/#primaryimage\"},\"image\":{\"@id\":\"https:\/\/eazyshop.ch\/produkt\/little-dutch-beach-set-3-teilig-flowers-butterflies\/#primaryimage\"},\"thumbnailUrl\":\"https:\/\/eazyshop.ch\/wp-content\/uploads\/2026\/03\/0007708_little-dutch-beach-set-3-teilig-flowers-butterflies_550_3mt0M.jpeg\",\"datePublished\":\"2026-03-18T09:58:47+00:00\",\"dateModified\":\"2026-04-02T21:40:26+00:00\",\"breadcrumb\":{\"@id\":\"https:\/\/eazyshop.ch\/produkt\/little-dutch-beach-set-3-teilig-flowers-butterflies\/#breadcrumb\"},\"inLanguage\":\"en-GB\",\"potentialAction\":[{\"@type\":\"ReadAction\",\"target\":[\"https:\/\/eazyshop.ch\/produkt\/little-dutch-beach-set-3-teilig-flowers-butterflies\/\"]}]},{\"@type\":\"ImageObject\",\"inLanguage\":\"en-GB\",\"@id\":\"https:\/\/eazyshop.ch\/produkt\/little-dutch-beach-set-3-teilig-flowers-butterflies\/#primaryimage\",\"url\":\"https:\/\/eazyshop.ch\/wp-content\/uploads\/2026\/03\/0007708_little-dutch-beach-set-3-teilig-flowers-butterflies_550_3mt0M.jpeg\",\"contentUrl\":\"https:\/\/eazyshop.ch\/wp-content\/uploads\/2026\/03\/0007708_little-dutch-beach-set-3-teilig-flowers-butterflies_550_3mt0M.jpeg\",\"width\":550,\"height\":550},{\"@type\":\"BreadcrumbList\",\"@id\":\"https:\/\/eazyshop.ch\/produkt\/little-dutch-beach-set-3-teilig-flowers-butterflies\/#breadcrumb\",\"itemListElement\":[{\"@type\":\"ListItem\",\"position\":1,\"name\":\"Startseite\",\"item\":\"https:\/\/eazyshop.ch\/\"},{\"@type\":\"ListItem\",\"position\":2,\"name\":\"Shop\",\"item\":\"https:\/\/eazyshop.ch\/shop\/\"},{\"@type\":\"ListItem\",\"position\":3,\"name\":\"Little Dutch Beach Set 3 teilig Flowers &amp; Butterflies\"}]},{\"@type\":\"WebSite\",\"@id\":\"https:\/\/eazyshop.ch\/#website\",\"url\":\"https:\/\/eazyshop.ch\/\",\"name\":\"Eazyshop\",\"description\":\"Where shopping feels easy\",\"publisher\":{\"@id\":\"https:\/\/eazyshop.ch\/#organization\"},\"potentialAction\":[{\"@type\":\"SearchAction\",\"target\":{\"@type\":\"EntryPoint\",\"urlTemplate\":\"https:\/\/eazyshop.ch\/?s={search_term_string}\"},\"query-input\":{\"@type\":\"PropertyValueSpecification\",\"valueRequired\":true,\"valueName\":\"search_term_string\"}}],\"inLanguage\":\"en-GB\"},{\"@type\":\"Organization\",\"@id\":\"https:\/\/eazyshop.ch\/#organization\",\"name\":\"Eazyshop\",\"url\":\"https:\/\/eazyshop.ch\/\",\"logo\":{\"@type\":\"ImageObject\",\"inLanguage\":\"en-GB\",\"@id\":\"https:\/\/eazyshop.ch\/#\/schema\/logo\/image\/\",\"url\":\"\",\"contentUrl\":\"\",\"caption\":\"Eazyshop\"},\"image\":{\"@id\":\"https:\/\/eazyshop.ch\/#\/schema\/logo\/image\/\"},\"sameAs\":[\"https:\/\/www.instagram.com\/eazyshop_ch\/\"]}]}<\/script>\n<!-- \/ Yoast SEO plugin. -->","yoast_head_json":{"title":"Little Dutch Beach Set 3 teilig Flowers &amp; Butterflies - Eazyshop","robots":{"index":"index","follow":"follow","max-snippet":"max-snippet:-1","max-image-preview":"max-image-preview:large","max-video-preview":"max-video-preview:-1"},"canonical":"https:\/\/eazyshop.ch\/en\/product\/little-dutch-beach-set-3-teilig-flowers-butterflies\/","og_locale":"en_GB","og_type":"article","og_title":"Little Dutch Beach Set 3 teilig Flowers &amp; Butterflies - Eazyshop","og_description":"Lassen Sie uns Kunst mit Sand machen! Mit dieser Schaufel und zwei Formen k\u00f6nnen Sie Ihrer Fantasie freien Lauf lassen,","og_url":"https:\/\/eazyshop.ch\/en\/product\/little-dutch-beach-set-3-teilig-flowers-butterflies\/","og_site_name":"Eazyshop","article_modified_time":"2026-04-02T21:40:26+00:00","og_image":[{"width":550,"height":550,"url":"https:\/\/eazyshop.ch\/wp-content\/uploads\/2026\/03\/0007708_little-dutch-beach-set-3-teilig-flowers-butterflies_550_3mt0M.jpeg","type":"image\/jpeg"}],"twitter_card":"summary_large_image","schema":{"@context":"https:\/\/schema.org","@graph":[{"@type":"WebPage","@id":"https:\/\/eazyshop.ch\/produkt\/little-dutch-beach-set-3-teilig-flowers-butterflies\/","url":"https:\/\/eazyshop.ch\/produkt\/little-dutch-beach-set-3-teilig-flowers-butterflies\/","name":"Little Dutch Beach Set 3 teilig Flowers &amp; Butterflies - Eazyshop","isPartOf":{"@id":"https:\/\/eazyshop.ch\/#website"},"primaryImageOfPage":{"@id":"https:\/\/eazyshop.ch\/produkt\/little-dutch-beach-set-3-teilig-flowers-butterflies\/#primaryimage"},"image":{"@id":"https:\/\/eazyshop.ch\/produkt\/little-dutch-beach-set-3-teilig-flowers-butterflies\/#primaryimage"},"thumbnailUrl":"https:\/\/eazyshop.ch\/wp-content\/uploads\/2026\/03\/0007708_little-dutch-beach-set-3-teilig-flowers-butterflies_550_3mt0M.jpeg","datePublished":"2026-03-18T09:58:47+00:00","dateModified":"2026-04-02T21:40:26+00:00","breadcrumb":{"@id":"https:\/\/eazyshop.ch\/produkt\/little-dutch-beach-set-3-teilig-flowers-butterflies\/#breadcrumb"},"inLanguage":"en-GB","potentialAction":[{"@type":"ReadAction","target":["https:\/\/eazyshop.ch\/produkt\/little-dutch-beach-set-3-teilig-flowers-butterflies\/"]}]},{"@type":"ImageObject","inLanguage":"en-GB","@id":"https:\/\/eazyshop.ch\/produkt\/little-dutch-beach-set-3-teilig-flowers-butterflies\/#primaryimage","url":"https:\/\/eazyshop.ch\/wp-content\/uploads\/2026\/03\/0007708_little-dutch-beach-set-3-teilig-flowers-butterflies_550_3mt0M.jpeg","contentUrl":"https:\/\/eazyshop.ch\/wp-content\/uploads\/2026\/03\/0007708_little-dutch-beach-set-3-teilig-flowers-butterflies_550_3mt0M.jpeg","width":550,"height":550},{"@type":"BreadcrumbList","@id":"https:\/\/eazyshop.ch\/produkt\/little-dutch-beach-set-3-teilig-flowers-butterflies\/#breadcrumb","itemListElement":[{"@type":"ListItem","position":1,"name":"Startseite","item":"https:\/\/eazyshop.ch\/"},{"@type":"ListItem","position":2,"name":"Shop","item":"https:\/\/eazyshop.ch\/shop\/"},{"@type":"ListItem","position":3,"name":"Little Dutch Beach Set 3 teilig Flowers &amp; Butterflies"}]},{"@type":"WebSite","@id":"https:\/\/eazyshop.ch\/#website","url":"https:\/\/eazyshop.ch\/","name":"Eazyshop","description":"Where shopping feels easy","publisher":{"@id":"https:\/\/eazyshop.ch\/#organization"},"potentialAction":[{"@type":"SearchAction","target":{"@type":"EntryPoint","urlTemplate":"https:\/\/eazyshop.ch\/?s={search_term_string}"},"query-input":{"@type":"PropertyValueSpecification","valueRequired":true,"valueName":"search_term_string"}}],"inLanguage":"en-GB"},{"@type":"Organization","@id":"https:\/\/eazyshop.ch\/#organization","name":"Eazyshop","url":"https:\/\/eazyshop.ch\/","logo":{"@type":"ImageObject","inLanguage":"en-GB","@id":"https:\/\/eazyshop.ch\/#\/schema\/logo\/image\/","url":"","contentUrl":"","caption":"Eazyshop"},"image":{"@id":"https:\/\/eazyshop.ch\/#\/schema\/logo\/image\/"},"sameAs":["https:\/\/www.instagram.com\/eazyshop_ch\/"]}]}},"jetpack_sharing_enabled":true,"_links":{"self":[{"href":"https:\/\/eazyshop.ch\/en\/wp-json\/wp\/v2\/product\/1078386","targetHints":{"allow":["GET"]}}],"collection":[{"href":"https:\/\/eazyshop.ch\/en\/wp-json\/wp\/v2\/product"}],"about":[{"href":"https:\/\/eazyshop.ch\/en\/wp-json\/wp\/v2\/types\/product"}],"replies":[{"embeddable":true,"href":"https:\/\/eazyshop.ch\/en\/wp-json\/wp\/v2\/comments?post=1078386"}],"version-history":[{"count":0,"href":"https:\/\/eazyshop.ch\/en\/wp-json\/wp\/v2\/product\/1078386\/revisions"}],"wp:featuredmedia":[{"embeddable":true,"href":"https:\/\/eazyshop.ch\/en\/wp-json\/wp\/v2\/media\/1078383"}],"wp:attachment":[{"href":"https:\/\/eazyshop.ch\/en\/wp-json\/wp\/v2\/media?parent=1078386"}],"wp:term":[{"taxonomy":"product_brand","embeddable":true,"href":"https:\/\/eazyshop.ch\/en\/wp-json\/wp\/v2\/product_brand?post=1078386"},{"taxonomy":"product_cat","embeddable":true,"href":"https:\/\/eazyshop.ch\/en\/wp-json\/wp\/v2\/product_cat?post=1078386"},{"taxonomy":"product_tag","embeddable":true,"href":"https:\/\/eazyshop.ch\/en\/wp-json\/wp\/v2\/product_tag?post=1078386"}],"curies":[{"name":"wp","href":"https:\/\/api.w.org\/{rel}","templated":true}]}}