{"id":1078359,"date":"2026-03-18T09:58:48","date_gmt":"2026-03-18T09:58:48","guid":{"rendered":"https:\/\/eazyshop.ch\/?post_type=product&#038;p=1078359"},"modified":"2026-03-27T11:40:06","modified_gmt":"2026-03-27T11:40:06","slug":"anziehbuch-fairy-garden","status":"publish","type":"product","link":"https:\/\/eazyshop.ch\/en\/product\/anziehbuch-fairy-garden\/","title":{"rendered":"Little Dutch Anziehbuch Fairy Garden"},"content":{"rendered":"<p>In diesem s\u00fc\u00dfen Anziehbuch warten auf 24 farbenfrohen Seiten eindrucksvolle Illustrationen darauf, mit 12 Seiten voll wundersch\u00f6ner Kleidung und Accessoires aus Stickerbogen kombiniert zu werden. Ob schillerndes Feenkleid oder l\u00e4ssiger Freizeitlook \u2013 die Entscheidung liegt ganz bei einem selbst. Das Buch aus robustem Karton, verziert mit den charakteristischen Designs und Farben von Little Dutch, bietet durch seinen praktischen Ringbinder Komfort und Flexibilit\u00e4t. Perfekt f\u00fcr kreative Stunden zuhause oder unterwegs!<\/p>","protected":false},"excerpt":{"rendered":"<p>In diesem s\u00fc\u00dfen Anziehbuch warten auf 24 farbenfrohen Seiten eindrucksvolle Illustrationen darauf, mit 12 Seiten voll wundersch\u00f6ner Kleidung und Accessoires<\/p>","protected":false},"featured_media":1078356,"comment_status":"open","ping_status":"closed","template":"","meta":[],"product_brand":[15418],"product_cat":[15348],"product_tag":[],"class_list":{"0":"post-1078359","1":"product","2":"type-product","3":"status-publish","4":"has-post-thumbnail","6":"product_brand-little-dutch","7":"product_cat-buecher","9":"first","10":"instock","11":"taxable","12":"shipping-taxable","13":"purchasable","14":"product-type-simple"},"yoast_head":"<!-- This site is optimized with the Yoast SEO plugin v26.9 - https:\/\/yoast.com\/product\/yoast-seo-wordpress\/ -->\n<title>Little Dutch Anziehbuch Fairy Garden - Eazyshop<\/title>\n<meta name=\"description\" content=\"In diesem s\u00fc\u00dfen Anziehbuch warten auf 24 farbenfrohen Seiten eindrucksvolle Illustrationen darauf, mit 12 Seiten voll wundersch\u00f6ner Kleidung und\" \/>\n<meta name=\"robots\" content=\"index, follow, max-snippet:-1, max-image-preview:large, max-video-preview:-1\" \/>\n<link rel=\"canonical\" href=\"https:\/\/eazyshop.ch\/en\/product\/anziehbuch-fairy-garden\/\" \/>\n<meta property=\"og:locale\" content=\"en_GB\" \/>\n<meta property=\"og:type\" content=\"article\" \/>\n<meta property=\"og:title\" content=\"Little Dutch Anziehbuch Fairy Garden - Eazyshop\" \/>\n<meta property=\"og:description\" content=\"In diesem s\u00fc\u00dfen Anziehbuch warten auf 24 farbenfrohen Seiten eindrucksvolle Illustrationen darauf, mit 12 Seiten voll wundersch\u00f6ner Kleidung und\" \/>\n<meta property=\"og:url\" content=\"https:\/\/eazyshop.ch\/en\/product\/anziehbuch-fairy-garden\/\" \/>\n<meta property=\"og:site_name\" content=\"Eazyshop\" \/>\n<meta property=\"article:modified_time\" content=\"2026-03-27T11:40:06+00:00\" \/>\n<meta property=\"og:image\" content=\"https:\/\/eazyshop.ch\/wp-content\/uploads\/2026\/03\/0023404_VRpHz.jpg\" \/>\n\t<meta property=\"og:image:width\" content=\"500\" \/>\n\t<meta property=\"og:image:height\" content=\"500\" \/>\n\t<meta property=\"og:image:type\" content=\"image\/jpeg\" \/>\n<meta name=\"twitter:card\" content=\"summary_large_image\" \/>\n<script type=\"application\/ld+json\" class=\"yoast-schema-graph\">{\"@context\":\"https:\/\/schema.org\",\"@graph\":[{\"@type\":\"WebPage\",\"@id\":\"https:\/\/eazyshop.ch\/produkt\/anziehbuch-fairy-garden\/\",\"url\":\"https:\/\/eazyshop.ch\/produkt\/anziehbuch-fairy-garden\/\",\"name\":\"Little Dutch Anziehbuch Fairy Garden - Eazyshop\",\"isPartOf\":{\"@id\":\"https:\/\/eazyshop.ch\/#website\"},\"primaryImageOfPage\":{\"@id\":\"https:\/\/eazyshop.ch\/produkt\/anziehbuch-fairy-garden\/#primaryimage\"},\"image\":{\"@id\":\"https:\/\/eazyshop.ch\/produkt\/anziehbuch-fairy-garden\/#primaryimage\"},\"thumbnailUrl\":\"https:\/\/eazyshop.ch\/wp-content\/uploads\/2026\/03\/0023404_VRpHz.jpg\",\"datePublished\":\"2026-03-18T09:58:48+00:00\",\"dateModified\":\"2026-03-27T11:40:06+00:00\",\"description\":\"In diesem s\u00fc\u00dfen Anziehbuch warten auf 24 farbenfrohen Seiten eindrucksvolle Illustrationen darauf, mit 12 Seiten voll wundersch\u00f6ner Kleidung und\",\"breadcrumb\":{\"@id\":\"https:\/\/eazyshop.ch\/produkt\/anziehbuch-fairy-garden\/#breadcrumb\"},\"inLanguage\":\"en-GB\",\"potentialAction\":[{\"@type\":\"ReadAction\",\"target\":[\"https:\/\/eazyshop.ch\/produkt\/anziehbuch-fairy-garden\/\"]}]},{\"@type\":\"ImageObject\",\"inLanguage\":\"en-GB\",\"@id\":\"https:\/\/eazyshop.ch\/produkt\/anziehbuch-fairy-garden\/#primaryimage\",\"url\":\"https:\/\/eazyshop.ch\/wp-content\/uploads\/2026\/03\/0023404_VRpHz.jpg\",\"contentUrl\":\"https:\/\/eazyshop.ch\/wp-content\/uploads\/2026\/03\/0023404_VRpHz.jpg\",\"width\":500,\"height\":500},{\"@type\":\"BreadcrumbList\",\"@id\":\"https:\/\/eazyshop.ch\/produkt\/anziehbuch-fairy-garden\/#breadcrumb\",\"itemListElement\":[{\"@type\":\"ListItem\",\"position\":1,\"name\":\"Startseite\",\"item\":\"https:\/\/eazyshop.ch\/\"},{\"@type\":\"ListItem\",\"position\":2,\"name\":\"Shop\",\"item\":\"https:\/\/eazyshop.ch\/shop\/\"},{\"@type\":\"ListItem\",\"position\":3,\"name\":\"Little Dutch Anziehbuch Fairy Garden\"}]},{\"@type\":\"WebSite\",\"@id\":\"https:\/\/eazyshop.ch\/#website\",\"url\":\"https:\/\/eazyshop.ch\/\",\"name\":\"Eazyshop\",\"description\":\"Where shopping feels easy\",\"publisher\":{\"@id\":\"https:\/\/eazyshop.ch\/#organization\"},\"potentialAction\":[{\"@type\":\"SearchAction\",\"target\":{\"@type\":\"EntryPoint\",\"urlTemplate\":\"https:\/\/eazyshop.ch\/?s={search_term_string}\"},\"query-input\":{\"@type\":\"PropertyValueSpecification\",\"valueRequired\":true,\"valueName\":\"search_term_string\"}}],\"inLanguage\":\"en-GB\"},{\"@type\":\"Organization\",\"@id\":\"https:\/\/eazyshop.ch\/#organization\",\"name\":\"Eazyshop\",\"url\":\"https:\/\/eazyshop.ch\/\",\"logo\":{\"@type\":\"ImageObject\",\"inLanguage\":\"en-GB\",\"@id\":\"https:\/\/eazyshop.ch\/#\/schema\/logo\/image\/\",\"url\":\"\",\"contentUrl\":\"\",\"caption\":\"Eazyshop\"},\"image\":{\"@id\":\"https:\/\/eazyshop.ch\/#\/schema\/logo\/image\/\"},\"sameAs\":[\"https:\/\/www.instagram.com\/eazyshop_ch\/\"]}]}<\/script>\n<!-- \/ Yoast SEO plugin. -->","yoast_head_json":{"title":"Little Dutch Anziehbuch Fairy Garden - Eazyshop","description":"In diesem s\u00fc\u00dfen Anziehbuch warten auf 24 farbenfrohen Seiten eindrucksvolle Illustrationen darauf, mit 12 Seiten voll wundersch\u00f6ner Kleidung und","robots":{"index":"index","follow":"follow","max-snippet":"max-snippet:-1","max-image-preview":"max-image-preview:large","max-video-preview":"max-video-preview:-1"},"canonical":"https:\/\/eazyshop.ch\/en\/product\/anziehbuch-fairy-garden\/","og_locale":"en_GB","og_type":"article","og_title":"Little Dutch Anziehbuch Fairy Garden - Eazyshop","og_description":"In diesem s\u00fc\u00dfen Anziehbuch warten auf 24 farbenfrohen Seiten eindrucksvolle Illustrationen darauf, mit 12 Seiten voll wundersch\u00f6ner Kleidung und","og_url":"https:\/\/eazyshop.ch\/en\/product\/anziehbuch-fairy-garden\/","og_site_name":"Eazyshop","article_modified_time":"2026-03-27T11:40:06+00:00","og_image":[{"width":500,"height":500,"url":"https:\/\/eazyshop.ch\/wp-content\/uploads\/2026\/03\/0023404_VRpHz.jpg","type":"image\/jpeg"}],"twitter_card":"summary_large_image","schema":{"@context":"https:\/\/schema.org","@graph":[{"@type":"WebPage","@id":"https:\/\/eazyshop.ch\/produkt\/anziehbuch-fairy-garden\/","url":"https:\/\/eazyshop.ch\/produkt\/anziehbuch-fairy-garden\/","name":"Little Dutch Anziehbuch Fairy Garden - Eazyshop","isPartOf":{"@id":"https:\/\/eazyshop.ch\/#website"},"primaryImageOfPage":{"@id":"https:\/\/eazyshop.ch\/produkt\/anziehbuch-fairy-garden\/#primaryimage"},"image":{"@id":"https:\/\/eazyshop.ch\/produkt\/anziehbuch-fairy-garden\/#primaryimage"},"thumbnailUrl":"https:\/\/eazyshop.ch\/wp-content\/uploads\/2026\/03\/0023404_VRpHz.jpg","datePublished":"2026-03-18T09:58:48+00:00","dateModified":"2026-03-27T11:40:06+00:00","description":"In diesem s\u00fc\u00dfen Anziehbuch warten auf 24 farbenfrohen Seiten eindrucksvolle Illustrationen darauf, mit 12 Seiten voll wundersch\u00f6ner Kleidung und","breadcrumb":{"@id":"https:\/\/eazyshop.ch\/produkt\/anziehbuch-fairy-garden\/#breadcrumb"},"inLanguage":"en-GB","potentialAction":[{"@type":"ReadAction","target":["https:\/\/eazyshop.ch\/produkt\/anziehbuch-fairy-garden\/"]}]},{"@type":"ImageObject","inLanguage":"en-GB","@id":"https:\/\/eazyshop.ch\/produkt\/anziehbuch-fairy-garden\/#primaryimage","url":"https:\/\/eazyshop.ch\/wp-content\/uploads\/2026\/03\/0023404_VRpHz.jpg","contentUrl":"https:\/\/eazyshop.ch\/wp-content\/uploads\/2026\/03\/0023404_VRpHz.jpg","width":500,"height":500},{"@type":"BreadcrumbList","@id":"https:\/\/eazyshop.ch\/produkt\/anziehbuch-fairy-garden\/#breadcrumb","itemListElement":[{"@type":"ListItem","position":1,"name":"Startseite","item":"https:\/\/eazyshop.ch\/"},{"@type":"ListItem","position":2,"name":"Shop","item":"https:\/\/eazyshop.ch\/shop\/"},{"@type":"ListItem","position":3,"name":"Little Dutch Anziehbuch Fairy Garden"}]},{"@type":"WebSite","@id":"https:\/\/eazyshop.ch\/#website","url":"https:\/\/eazyshop.ch\/","name":"Eazyshop","description":"Where shopping feels easy","publisher":{"@id":"https:\/\/eazyshop.ch\/#organization"},"potentialAction":[{"@type":"SearchAction","target":{"@type":"EntryPoint","urlTemplate":"https:\/\/eazyshop.ch\/?s={search_term_string}"},"query-input":{"@type":"PropertyValueSpecification","valueRequired":true,"valueName":"search_term_string"}}],"inLanguage":"en-GB"},{"@type":"Organization","@id":"https:\/\/eazyshop.ch\/#organization","name":"Eazyshop","url":"https:\/\/eazyshop.ch\/","logo":{"@type":"ImageObject","inLanguage":"en-GB","@id":"https:\/\/eazyshop.ch\/#\/schema\/logo\/image\/","url":"","contentUrl":"","caption":"Eazyshop"},"image":{"@id":"https:\/\/eazyshop.ch\/#\/schema\/logo\/image\/"},"sameAs":["https:\/\/www.instagram.com\/eazyshop_ch\/"]}]}},"jetpack_sharing_enabled":true,"_links":{"self":[{"href":"https:\/\/eazyshop.ch\/en\/wp-json\/wp\/v2\/product\/1078359","targetHints":{"allow":["GET"]}}],"collection":[{"href":"https:\/\/eazyshop.ch\/en\/wp-json\/wp\/v2\/product"}],"about":[{"href":"https:\/\/eazyshop.ch\/en\/wp-json\/wp\/v2\/types\/product"}],"replies":[{"embeddable":true,"href":"https:\/\/eazyshop.ch\/en\/wp-json\/wp\/v2\/comments?post=1078359"}],"version-history":[{"count":0,"href":"https:\/\/eazyshop.ch\/en\/wp-json\/wp\/v2\/product\/1078359\/revisions"}],"wp:featuredmedia":[{"embeddable":true,"href":"https:\/\/eazyshop.ch\/en\/wp-json\/wp\/v2\/media\/1078356"}],"wp:attachment":[{"href":"https:\/\/eazyshop.ch\/en\/wp-json\/wp\/v2\/media?parent=1078359"}],"wp:term":[{"taxonomy":"product_brand","embeddable":true,"href":"https:\/\/eazyshop.ch\/en\/wp-json\/wp\/v2\/product_brand?post=1078359"},{"taxonomy":"product_cat","embeddable":true,"href":"https:\/\/eazyshop.ch\/en\/wp-json\/wp\/v2\/product_cat?post=1078359"},{"taxonomy":"product_tag","embeddable":true,"href":"https:\/\/eazyshop.ch\/en\/wp-json\/wp\/v2\/product_tag?post=1078359"}],"curies":[{"name":"wp","href":"https:\/\/api.w.org\/{rel}","templated":true}]}}