{"id":1059212,"date":"2025-09-14T18:46:29","date_gmt":"2025-09-14T18:46:29","guid":{"rendered":"https:\/\/eazyshop.ch\/shop\/wassermalbuch-rosa-friends\/"},"modified":"2026-03-25T07:57:07","modified_gmt":"2026-03-25T07:57:07","slug":"wassermalbuch-rosa-friends","status":"publish","type":"product","link":"https:\/\/eazyshop.ch\/en\/product\/wassermalbuch-rosa-friends\/","title":{"rendered":"Wassermalbuch Rosa &amp; Friends"},"content":{"rendered":"<p>Diese magischen Malvorlagen im Wasserfarbenbuch &#8222;Rosa &amp; Friends&#8220; Little Dutch sind eine besondere Farbaktivit\u00e4t f\u00fcr den Start von K\u00fcnstlern. Mit dem magischen Marker k\u00f6nnen Kinder mit Wasser f\u00e4rben, indem sie die Zeichnungen durchgehen. Die Farben zaubern! Machen Sie ein Abenteuer mit Rosa im Garten. Das Farbsatz besteht aus f\u00fcnf stabilen Farbkarten und einem Marker, der zaubern, wenn es mit Wasser gef\u00fcllt ist.<\/p>\n<p>Tipp: Stellen Sie sicher, dass der Stift sehr nass ist, bevor er unterschrieben ist. Sie tun dies, indem Sie den Stift mit Wasser f\u00fcllen und 2 bis 3 Minuten vor dem Gebrauch warten.<\/p>","protected":false},"excerpt":{"rendered":"<p>Diese magischen Malvorlagen im Wasserfarbenbuch &#8222;Rosa &amp; Friends&#8220; Little Dutch sind eine besondere Farbaktivit\u00e4t f\u00fcr den Start von K\u00fcnstlern. Mit<\/p>","protected":false},"featured_media":1076897,"comment_status":"open","ping_status":"closed","template":"","meta":[],"product_brand":[15418],"product_cat":[15348],"product_tag":[],"class_list":{"0":"post-1059212","1":"product","2":"type-product","3":"status-publish","4":"has-post-thumbnail","6":"product_brand-little-dutch","7":"product_cat-buecher","9":"first","10":"instock","11":"taxable","12":"shipping-taxable","13":"purchasable","14":"product-type-simple"},"yoast_head":"<!-- This site is optimized with the Yoast SEO plugin v26.9 - https:\/\/yoast.com\/product\/yoast-seo-wordpress\/ -->\n<title>Wassermalbuch Rosa &amp; Friends - Eazyshop<\/title>\n<meta name=\"robots\" content=\"index, follow, max-snippet:-1, max-image-preview:large, max-video-preview:-1\" \/>\n<link rel=\"canonical\" href=\"https:\/\/eazyshop.ch\/en\/product\/wassermalbuch-rosa-friends\/\" \/>\n<meta property=\"og:locale\" content=\"en_GB\" \/>\n<meta property=\"og:type\" content=\"article\" \/>\n<meta property=\"og:title\" content=\"Wassermalbuch Rosa &amp; Friends - Eazyshop\" \/>\n<meta property=\"og:description\" content=\"Diese magischen Malvorlagen im Wasserfarbenbuch &#8222;Rosa &amp; Friends&#8220; Little Dutch sind eine besondere Farbaktivit\u00e4t f\u00fcr den Start von K\u00fcnstlern. Mit\" \/>\n<meta property=\"og:url\" content=\"https:\/\/eazyshop.ch\/en\/product\/wassermalbuch-rosa-friends\/\" \/>\n<meta property=\"og:site_name\" content=\"Eazyshop\" \/>\n<meta property=\"article:modified_time\" content=\"2026-03-25T07:57:07+00:00\" \/>\n<meta property=\"og:image\" content=\"https:\/\/eazyshop.ch\/wp-content\/uploads\/2026\/03\/0002228-1_llJmP-1.jpg\" \/>\n\t<meta property=\"og:image:width\" content=\"480\" \/>\n\t<meta property=\"og:image:height\" content=\"468\" \/>\n\t<meta property=\"og:image:type\" content=\"image\/jpeg\" \/>\n<meta name=\"twitter:card\" content=\"summary_large_image\" \/>\n<meta name=\"twitter:label1\" content=\"Estimated reading time\" \/>\n\t<meta name=\"twitter:data1\" content=\"1 minute\" \/>\n<script type=\"application\/ld+json\" class=\"yoast-schema-graph\">{\"@context\":\"https:\/\/schema.org\",\"@graph\":[{\"@type\":\"WebPage\",\"@id\":\"https:\/\/eazyshop.ch\/produkt\/wassermalbuch-rosa-friends\/\",\"url\":\"https:\/\/eazyshop.ch\/produkt\/wassermalbuch-rosa-friends\/\",\"name\":\"Wassermalbuch Rosa &amp; Friends - Eazyshop\",\"isPartOf\":{\"@id\":\"https:\/\/eazyshop.ch\/#website\"},\"primaryImageOfPage\":{\"@id\":\"https:\/\/eazyshop.ch\/produkt\/wassermalbuch-rosa-friends\/#primaryimage\"},\"image\":{\"@id\":\"https:\/\/eazyshop.ch\/produkt\/wassermalbuch-rosa-friends\/#primaryimage\"},\"thumbnailUrl\":\"https:\/\/eazyshop.ch\/wp-content\/uploads\/2026\/03\/0002228-1_llJmP-1.jpg\",\"datePublished\":\"2025-09-14T18:46:29+00:00\",\"dateModified\":\"2026-03-25T07:57:07+00:00\",\"breadcrumb\":{\"@id\":\"https:\/\/eazyshop.ch\/produkt\/wassermalbuch-rosa-friends\/#breadcrumb\"},\"inLanguage\":\"en-GB\",\"potentialAction\":[{\"@type\":\"ReadAction\",\"target\":[\"https:\/\/eazyshop.ch\/produkt\/wassermalbuch-rosa-friends\/\"]}]},{\"@type\":\"ImageObject\",\"inLanguage\":\"en-GB\",\"@id\":\"https:\/\/eazyshop.ch\/produkt\/wassermalbuch-rosa-friends\/#primaryimage\",\"url\":\"https:\/\/eazyshop.ch\/wp-content\/uploads\/2026\/03\/0002228-1_llJmP-1.jpg\",\"contentUrl\":\"https:\/\/eazyshop.ch\/wp-content\/uploads\/2026\/03\/0002228-1_llJmP-1.jpg\",\"width\":480,\"height\":468,\"caption\":\"Wassermalbuch Rosa & Friends\"},{\"@type\":\"BreadcrumbList\",\"@id\":\"https:\/\/eazyshop.ch\/produkt\/wassermalbuch-rosa-friends\/#breadcrumb\",\"itemListElement\":[{\"@type\":\"ListItem\",\"position\":1,\"name\":\"Startseite\",\"item\":\"https:\/\/eazyshop.ch\/\"},{\"@type\":\"ListItem\",\"position\":2,\"name\":\"Shop\",\"item\":\"https:\/\/eazyshop.ch\/shop\/\"},{\"@type\":\"ListItem\",\"position\":3,\"name\":\"Wassermalbuch Rosa &amp; Friends\"}]},{\"@type\":\"WebSite\",\"@id\":\"https:\/\/eazyshop.ch\/#website\",\"url\":\"https:\/\/eazyshop.ch\/\",\"name\":\"Eazyshop\",\"description\":\"Where shopping feels easy\",\"publisher\":{\"@id\":\"https:\/\/eazyshop.ch\/#organization\"},\"potentialAction\":[{\"@type\":\"SearchAction\",\"target\":{\"@type\":\"EntryPoint\",\"urlTemplate\":\"https:\/\/eazyshop.ch\/?s={search_term_string}\"},\"query-input\":{\"@type\":\"PropertyValueSpecification\",\"valueRequired\":true,\"valueName\":\"search_term_string\"}}],\"inLanguage\":\"en-GB\"},{\"@type\":\"Organization\",\"@id\":\"https:\/\/eazyshop.ch\/#organization\",\"name\":\"Eazyshop\",\"url\":\"https:\/\/eazyshop.ch\/\",\"logo\":{\"@type\":\"ImageObject\",\"inLanguage\":\"en-GB\",\"@id\":\"https:\/\/eazyshop.ch\/#\/schema\/logo\/image\/\",\"url\":\"\",\"contentUrl\":\"\",\"caption\":\"Eazyshop\"},\"image\":{\"@id\":\"https:\/\/eazyshop.ch\/#\/schema\/logo\/image\/\"},\"sameAs\":[\"https:\/\/www.instagram.com\/eazyshop_ch\/\"]}]}<\/script>\n<!-- \/ Yoast SEO plugin. -->","yoast_head_json":{"title":"Wassermalbuch Rosa &amp; Friends - Eazyshop","robots":{"index":"index","follow":"follow","max-snippet":"max-snippet:-1","max-image-preview":"max-image-preview:large","max-video-preview":"max-video-preview:-1"},"canonical":"https:\/\/eazyshop.ch\/en\/product\/wassermalbuch-rosa-friends\/","og_locale":"en_GB","og_type":"article","og_title":"Wassermalbuch Rosa &amp; Friends - Eazyshop","og_description":"Diese magischen Malvorlagen im Wasserfarbenbuch &#8222;Rosa &amp; Friends&#8220; Little Dutch sind eine besondere Farbaktivit\u00e4t f\u00fcr den Start von K\u00fcnstlern. Mit","og_url":"https:\/\/eazyshop.ch\/en\/product\/wassermalbuch-rosa-friends\/","og_site_name":"Eazyshop","article_modified_time":"2026-03-25T07:57:07+00:00","og_image":[{"width":480,"height":468,"url":"https:\/\/eazyshop.ch\/wp-content\/uploads\/2026\/03\/0002228-1_llJmP-1.jpg","type":"image\/jpeg"}],"twitter_card":"summary_large_image","twitter_misc":{"Estimated reading time":"1 minute"},"schema":{"@context":"https:\/\/schema.org","@graph":[{"@type":"WebPage","@id":"https:\/\/eazyshop.ch\/produkt\/wassermalbuch-rosa-friends\/","url":"https:\/\/eazyshop.ch\/produkt\/wassermalbuch-rosa-friends\/","name":"Wassermalbuch Rosa &amp; Friends - Eazyshop","isPartOf":{"@id":"https:\/\/eazyshop.ch\/#website"},"primaryImageOfPage":{"@id":"https:\/\/eazyshop.ch\/produkt\/wassermalbuch-rosa-friends\/#primaryimage"},"image":{"@id":"https:\/\/eazyshop.ch\/produkt\/wassermalbuch-rosa-friends\/#primaryimage"},"thumbnailUrl":"https:\/\/eazyshop.ch\/wp-content\/uploads\/2026\/03\/0002228-1_llJmP-1.jpg","datePublished":"2025-09-14T18:46:29+00:00","dateModified":"2026-03-25T07:57:07+00:00","breadcrumb":{"@id":"https:\/\/eazyshop.ch\/produkt\/wassermalbuch-rosa-friends\/#breadcrumb"},"inLanguage":"en-GB","potentialAction":[{"@type":"ReadAction","target":["https:\/\/eazyshop.ch\/produkt\/wassermalbuch-rosa-friends\/"]}]},{"@type":"ImageObject","inLanguage":"en-GB","@id":"https:\/\/eazyshop.ch\/produkt\/wassermalbuch-rosa-friends\/#primaryimage","url":"https:\/\/eazyshop.ch\/wp-content\/uploads\/2026\/03\/0002228-1_llJmP-1.jpg","contentUrl":"https:\/\/eazyshop.ch\/wp-content\/uploads\/2026\/03\/0002228-1_llJmP-1.jpg","width":480,"height":468,"caption":"Wassermalbuch Rosa & Friends"},{"@type":"BreadcrumbList","@id":"https:\/\/eazyshop.ch\/produkt\/wassermalbuch-rosa-friends\/#breadcrumb","itemListElement":[{"@type":"ListItem","position":1,"name":"Startseite","item":"https:\/\/eazyshop.ch\/"},{"@type":"ListItem","position":2,"name":"Shop","item":"https:\/\/eazyshop.ch\/shop\/"},{"@type":"ListItem","position":3,"name":"Wassermalbuch Rosa &amp; Friends"}]},{"@type":"WebSite","@id":"https:\/\/eazyshop.ch\/#website","url":"https:\/\/eazyshop.ch\/","name":"Eazyshop","description":"Where shopping feels easy","publisher":{"@id":"https:\/\/eazyshop.ch\/#organization"},"potentialAction":[{"@type":"SearchAction","target":{"@type":"EntryPoint","urlTemplate":"https:\/\/eazyshop.ch\/?s={search_term_string}"},"query-input":{"@type":"PropertyValueSpecification","valueRequired":true,"valueName":"search_term_string"}}],"inLanguage":"en-GB"},{"@type":"Organization","@id":"https:\/\/eazyshop.ch\/#organization","name":"Eazyshop","url":"https:\/\/eazyshop.ch\/","logo":{"@type":"ImageObject","inLanguage":"en-GB","@id":"https:\/\/eazyshop.ch\/#\/schema\/logo\/image\/","url":"","contentUrl":"","caption":"Eazyshop"},"image":{"@id":"https:\/\/eazyshop.ch\/#\/schema\/logo\/image\/"},"sameAs":["https:\/\/www.instagram.com\/eazyshop_ch\/"]}]}},"jetpack_sharing_enabled":true,"_links":{"self":[{"href":"https:\/\/eazyshop.ch\/en\/wp-json\/wp\/v2\/product\/1059212","targetHints":{"allow":["GET"]}}],"collection":[{"href":"https:\/\/eazyshop.ch\/en\/wp-json\/wp\/v2\/product"}],"about":[{"href":"https:\/\/eazyshop.ch\/en\/wp-json\/wp\/v2\/types\/product"}],"replies":[{"embeddable":true,"href":"https:\/\/eazyshop.ch\/en\/wp-json\/wp\/v2\/comments?post=1059212"}],"version-history":[{"count":0,"href":"https:\/\/eazyshop.ch\/en\/wp-json\/wp\/v2\/product\/1059212\/revisions"}],"wp:featuredmedia":[{"embeddable":true,"href":"https:\/\/eazyshop.ch\/en\/wp-json\/wp\/v2\/media\/1076897"}],"wp:attachment":[{"href":"https:\/\/eazyshop.ch\/en\/wp-json\/wp\/v2\/media?parent=1059212"}],"wp:term":[{"taxonomy":"product_brand","embeddable":true,"href":"https:\/\/eazyshop.ch\/en\/wp-json\/wp\/v2\/product_brand?post=1059212"},{"taxonomy":"product_cat","embeddable":true,"href":"https:\/\/eazyshop.ch\/en\/wp-json\/wp\/v2\/product_cat?post=1059212"},{"taxonomy":"product_tag","embeddable":true,"href":"https:\/\/eazyshop.ch\/en\/wp-json\/wp\/v2\/product_tag?post=1059212"}],"curies":[{"name":"wp","href":"https:\/\/api.w.org\/{rel}","templated":true}]}}