{"id":1059211,"date":"2025-09-14T18:46:25","date_gmt":"2025-09-14T18:46:25","guid":{"rendered":"https:\/\/eazyshop.ch\/shop\/wassermalbuch-jim-friends\/"},"modified":"2026-03-25T07:57:06","modified_gmt":"2026-03-25T07:57:06","slug":"wassermalbuch-jim-friends","status":"publish","type":"product","link":"https:\/\/eazyshop.ch\/en\/product\/wassermalbuch-jim-friends\/","title":{"rendered":"Wassermalbuch Jim &amp; Friends"},"content":{"rendered":"<p>Das sieht aus wie Zauberei! Mit diesem Little Dutch Jim &amp; Friends Aquarellbuch kannst du die sch\u00f6nsten Kreationen zu den verschiedenen Berufen von Jim und seinen Freunden anfertigen. Auf jeder Seite ist ein St\u00fcck bereits ausgemalt, so dass du einen Hinweis auf die dort versteckte Zeichnung bekommst. F\u00fclle den mitgelieferten Spezialstift mit Wasser und beginne zu zeichnen. Wenn das Wasser auf den Karton trifft, erscheinen die coolsten Zeichnungen, darunter Dschungel, Bauernhof, Universum und vieles mehr. Wenn das Papier eintrocknet, kannst du die Zeichnung noch einmal nachzeichnen, so dass du immer wieder Spa\u00df hast. Das Buch besteht aus stabilem Karton mit den bekannten Little Dutch Motiven und Farben und hat ein praktisches Ringbuch. Die ideale Besch\u00e4ftigung f\u00fcr zu Hause und unterwegs!<\/p>","protected":false},"excerpt":{"rendered":"<p>Das sieht aus wie Zauberei! Mit diesem Little Dutch Jim &amp; Friends Aquarellbuch kannst du die sch\u00f6nsten Kreationen zu den<\/p>","protected":false},"featured_media":1076895,"comment_status":"open","ping_status":"closed","template":"","meta":[],"product_brand":[15418],"product_cat":[15348],"product_tag":[],"class_list":{"0":"post-1059211","1":"product","2":"type-product","3":"status-publish","4":"has-post-thumbnail","6":"product_brand-little-dutch","7":"product_cat-buecher","9":"first","10":"instock","11":"taxable","12":"shipping-taxable","13":"purchasable","14":"product-type-simple"},"yoast_head":"<!-- This site is optimized with the Yoast SEO plugin v26.9 - https:\/\/yoast.com\/product\/yoast-seo-wordpress\/ -->\n<title>Wassermalbuch Jim &amp; Friends - Eazyshop<\/title>\n<meta name=\"robots\" content=\"index, follow, max-snippet:-1, max-image-preview:large, max-video-preview:-1\" \/>\n<link rel=\"canonical\" href=\"https:\/\/eazyshop.ch\/en\/product\/wassermalbuch-jim-friends\/\" \/>\n<meta property=\"og:locale\" content=\"en_GB\" \/>\n<meta property=\"og:type\" content=\"article\" \/>\n<meta property=\"og:title\" content=\"Wassermalbuch Jim &amp; Friends - Eazyshop\" \/>\n<meta property=\"og:description\" content=\"Das sieht aus wie Zauberei! Mit diesem Little Dutch Jim &amp; Friends Aquarellbuch kannst du die sch\u00f6nsten Kreationen zu den\" \/>\n<meta property=\"og:url\" content=\"https:\/\/eazyshop.ch\/en\/product\/wassermalbuch-jim-friends\/\" \/>\n<meta property=\"og:site_name\" content=\"Eazyshop\" \/>\n<meta property=\"article:modified_time\" content=\"2026-03-25T07:57:06+00:00\" \/>\n<meta property=\"og:image\" content=\"https:\/\/eazyshop.ch\/wp-content\/uploads\/2026\/03\/0000004-1__dvvW-1.jpg\" \/>\n\t<meta property=\"og:image:width\" content=\"480\" \/>\n\t<meta property=\"og:image:height\" content=\"468\" \/>\n\t<meta property=\"og:image:type\" content=\"image\/jpeg\" \/>\n<meta name=\"twitter:card\" content=\"summary_large_image\" \/>\n<meta name=\"twitter:label1\" content=\"Estimated reading time\" \/>\n\t<meta name=\"twitter:data1\" content=\"1 minute\" \/>\n<script type=\"application\/ld+json\" class=\"yoast-schema-graph\">{\"@context\":\"https:\/\/schema.org\",\"@graph\":[{\"@type\":\"WebPage\",\"@id\":\"https:\/\/eazyshop.ch\/produkt\/wassermalbuch-jim-friends\/\",\"url\":\"https:\/\/eazyshop.ch\/produkt\/wassermalbuch-jim-friends\/\",\"name\":\"Wassermalbuch Jim &amp; Friends - Eazyshop\",\"isPartOf\":{\"@id\":\"https:\/\/eazyshop.ch\/#website\"},\"primaryImageOfPage\":{\"@id\":\"https:\/\/eazyshop.ch\/produkt\/wassermalbuch-jim-friends\/#primaryimage\"},\"image\":{\"@id\":\"https:\/\/eazyshop.ch\/produkt\/wassermalbuch-jim-friends\/#primaryimage\"},\"thumbnailUrl\":\"https:\/\/eazyshop.ch\/wp-content\/uploads\/2026\/03\/0000004-1__dvvW-1.jpg\",\"datePublished\":\"2025-09-14T18:46:25+00:00\",\"dateModified\":\"2026-03-25T07:57:06+00:00\",\"breadcrumb\":{\"@id\":\"https:\/\/eazyshop.ch\/produkt\/wassermalbuch-jim-friends\/#breadcrumb\"},\"inLanguage\":\"en-GB\",\"potentialAction\":[{\"@type\":\"ReadAction\",\"target\":[\"https:\/\/eazyshop.ch\/produkt\/wassermalbuch-jim-friends\/\"]}]},{\"@type\":\"ImageObject\",\"inLanguage\":\"en-GB\",\"@id\":\"https:\/\/eazyshop.ch\/produkt\/wassermalbuch-jim-friends\/#primaryimage\",\"url\":\"https:\/\/eazyshop.ch\/wp-content\/uploads\/2026\/03\/0000004-1__dvvW-1.jpg\",\"contentUrl\":\"https:\/\/eazyshop.ch\/wp-content\/uploads\/2026\/03\/0000004-1__dvvW-1.jpg\",\"width\":480,\"height\":468,\"caption\":\"Wassermalbuch Jim & Friends\"},{\"@type\":\"BreadcrumbList\",\"@id\":\"https:\/\/eazyshop.ch\/produkt\/wassermalbuch-jim-friends\/#breadcrumb\",\"itemListElement\":[{\"@type\":\"ListItem\",\"position\":1,\"name\":\"Startseite\",\"item\":\"https:\/\/eazyshop.ch\/\"},{\"@type\":\"ListItem\",\"position\":2,\"name\":\"Shop\",\"item\":\"https:\/\/eazyshop.ch\/shop\/\"},{\"@type\":\"ListItem\",\"position\":3,\"name\":\"Wassermalbuch Jim &amp; Friends\"}]},{\"@type\":\"WebSite\",\"@id\":\"https:\/\/eazyshop.ch\/#website\",\"url\":\"https:\/\/eazyshop.ch\/\",\"name\":\"Eazyshop\",\"description\":\"Where shopping feels easy\",\"publisher\":{\"@id\":\"https:\/\/eazyshop.ch\/#organization\"},\"potentialAction\":[{\"@type\":\"SearchAction\",\"target\":{\"@type\":\"EntryPoint\",\"urlTemplate\":\"https:\/\/eazyshop.ch\/?s={search_term_string}\"},\"query-input\":{\"@type\":\"PropertyValueSpecification\",\"valueRequired\":true,\"valueName\":\"search_term_string\"}}],\"inLanguage\":\"en-GB\"},{\"@type\":\"Organization\",\"@id\":\"https:\/\/eazyshop.ch\/#organization\",\"name\":\"Eazyshop\",\"url\":\"https:\/\/eazyshop.ch\/\",\"logo\":{\"@type\":\"ImageObject\",\"inLanguage\":\"en-GB\",\"@id\":\"https:\/\/eazyshop.ch\/#\/schema\/logo\/image\/\",\"url\":\"\",\"contentUrl\":\"\",\"caption\":\"Eazyshop\"},\"image\":{\"@id\":\"https:\/\/eazyshop.ch\/#\/schema\/logo\/image\/\"},\"sameAs\":[\"https:\/\/www.instagram.com\/eazyshop_ch\/\"]}]}<\/script>\n<!-- \/ Yoast SEO plugin. -->","yoast_head_json":{"title":"Wassermalbuch Jim &amp; Friends - Eazyshop","robots":{"index":"index","follow":"follow","max-snippet":"max-snippet:-1","max-image-preview":"max-image-preview:large","max-video-preview":"max-video-preview:-1"},"canonical":"https:\/\/eazyshop.ch\/en\/product\/wassermalbuch-jim-friends\/","og_locale":"en_GB","og_type":"article","og_title":"Wassermalbuch Jim &amp; Friends - Eazyshop","og_description":"Das sieht aus wie Zauberei! Mit diesem Little Dutch Jim &amp; Friends Aquarellbuch kannst du die sch\u00f6nsten Kreationen zu den","og_url":"https:\/\/eazyshop.ch\/en\/product\/wassermalbuch-jim-friends\/","og_site_name":"Eazyshop","article_modified_time":"2026-03-25T07:57:06+00:00","og_image":[{"width":480,"height":468,"url":"https:\/\/eazyshop.ch\/wp-content\/uploads\/2026\/03\/0000004-1__dvvW-1.jpg","type":"image\/jpeg"}],"twitter_card":"summary_large_image","twitter_misc":{"Estimated reading time":"1 minute"},"schema":{"@context":"https:\/\/schema.org","@graph":[{"@type":"WebPage","@id":"https:\/\/eazyshop.ch\/produkt\/wassermalbuch-jim-friends\/","url":"https:\/\/eazyshop.ch\/produkt\/wassermalbuch-jim-friends\/","name":"Wassermalbuch Jim &amp; Friends - Eazyshop","isPartOf":{"@id":"https:\/\/eazyshop.ch\/#website"},"primaryImageOfPage":{"@id":"https:\/\/eazyshop.ch\/produkt\/wassermalbuch-jim-friends\/#primaryimage"},"image":{"@id":"https:\/\/eazyshop.ch\/produkt\/wassermalbuch-jim-friends\/#primaryimage"},"thumbnailUrl":"https:\/\/eazyshop.ch\/wp-content\/uploads\/2026\/03\/0000004-1__dvvW-1.jpg","datePublished":"2025-09-14T18:46:25+00:00","dateModified":"2026-03-25T07:57:06+00:00","breadcrumb":{"@id":"https:\/\/eazyshop.ch\/produkt\/wassermalbuch-jim-friends\/#breadcrumb"},"inLanguage":"en-GB","potentialAction":[{"@type":"ReadAction","target":["https:\/\/eazyshop.ch\/produkt\/wassermalbuch-jim-friends\/"]}]},{"@type":"ImageObject","inLanguage":"en-GB","@id":"https:\/\/eazyshop.ch\/produkt\/wassermalbuch-jim-friends\/#primaryimage","url":"https:\/\/eazyshop.ch\/wp-content\/uploads\/2026\/03\/0000004-1__dvvW-1.jpg","contentUrl":"https:\/\/eazyshop.ch\/wp-content\/uploads\/2026\/03\/0000004-1__dvvW-1.jpg","width":480,"height":468,"caption":"Wassermalbuch Jim & Friends"},{"@type":"BreadcrumbList","@id":"https:\/\/eazyshop.ch\/produkt\/wassermalbuch-jim-friends\/#breadcrumb","itemListElement":[{"@type":"ListItem","position":1,"name":"Startseite","item":"https:\/\/eazyshop.ch\/"},{"@type":"ListItem","position":2,"name":"Shop","item":"https:\/\/eazyshop.ch\/shop\/"},{"@type":"ListItem","position":3,"name":"Wassermalbuch Jim &amp; Friends"}]},{"@type":"WebSite","@id":"https:\/\/eazyshop.ch\/#website","url":"https:\/\/eazyshop.ch\/","name":"Eazyshop","description":"Where shopping feels easy","publisher":{"@id":"https:\/\/eazyshop.ch\/#organization"},"potentialAction":[{"@type":"SearchAction","target":{"@type":"EntryPoint","urlTemplate":"https:\/\/eazyshop.ch\/?s={search_term_string}"},"query-input":{"@type":"PropertyValueSpecification","valueRequired":true,"valueName":"search_term_string"}}],"inLanguage":"en-GB"},{"@type":"Organization","@id":"https:\/\/eazyshop.ch\/#organization","name":"Eazyshop","url":"https:\/\/eazyshop.ch\/","logo":{"@type":"ImageObject","inLanguage":"en-GB","@id":"https:\/\/eazyshop.ch\/#\/schema\/logo\/image\/","url":"","contentUrl":"","caption":"Eazyshop"},"image":{"@id":"https:\/\/eazyshop.ch\/#\/schema\/logo\/image\/"},"sameAs":["https:\/\/www.instagram.com\/eazyshop_ch\/"]}]}},"jetpack_sharing_enabled":true,"_links":{"self":[{"href":"https:\/\/eazyshop.ch\/en\/wp-json\/wp\/v2\/product\/1059211","targetHints":{"allow":["GET"]}}],"collection":[{"href":"https:\/\/eazyshop.ch\/en\/wp-json\/wp\/v2\/product"}],"about":[{"href":"https:\/\/eazyshop.ch\/en\/wp-json\/wp\/v2\/types\/product"}],"replies":[{"embeddable":true,"href":"https:\/\/eazyshop.ch\/en\/wp-json\/wp\/v2\/comments?post=1059211"}],"version-history":[{"count":0,"href":"https:\/\/eazyshop.ch\/en\/wp-json\/wp\/v2\/product\/1059211\/revisions"}],"wp:featuredmedia":[{"embeddable":true,"href":"https:\/\/eazyshop.ch\/en\/wp-json\/wp\/v2\/media\/1076895"}],"wp:attachment":[{"href":"https:\/\/eazyshop.ch\/en\/wp-json\/wp\/v2\/media?parent=1059211"}],"wp:term":[{"taxonomy":"product_brand","embeddable":true,"href":"https:\/\/eazyshop.ch\/en\/wp-json\/wp\/v2\/product_brand?post=1059211"},{"taxonomy":"product_cat","embeddable":true,"href":"https:\/\/eazyshop.ch\/en\/wp-json\/wp\/v2\/product_cat?post=1059211"},{"taxonomy":"product_tag","embeddable":true,"href":"https:\/\/eazyshop.ch\/en\/wp-json\/wp\/v2\/product_tag?post=1059211"}],"curies":[{"name":"wp","href":"https:\/\/api.w.org\/{rel}","templated":true}]}}