{"id":1059207,"date":"2025-09-14T18:37:27","date_gmt":"2025-09-14T18:37:27","guid":{"rendered":"https:\/\/eazyshop.ch\/shop\/teppich-reh-103x110-cm\/"},"modified":"2026-03-27T11:40:05","modified_gmt":"2026-03-27T11:40:05","slug":"teppich-reh-103x110-cm","status":"publish","type":"product","link":"https:\/\/eazyshop.ch\/en\/product\/teppich-reh-103x110-cm\/","title":{"rendered":"Little Dutch Teppich Reh- 103&#215;110 cm"},"content":{"rendered":"<p>Bringen Sie W\u00e4rme in Ihr Kinderzimmer mit einem Teppich von Little Dutch! Dieser Teppich in Form eines schlafenden Rehs, verziert mit einer Blume, hat eine weiche beige Grundfarbe. Der Teppich schafft eine beruhigende und gem\u00fctliche Atmosph\u00e4re im Raum. Er besteht aus 100 % Bio-Baumwolle und ist mit einer rutschfesten Latex-R\u00fcckseite ausgestattet, die sowohl in der Waschmaschine als auch im Trockner leicht zu reinigen ist. Dank der schwereren Baumwollqualit\u00e4t hat er ein luxuri\u00f6ses Aussehen, und sein attraktiver Preis macht ihn zu einer idealen Wahl f\u00fcr jedes Interieur.<br \/>\nSomit f\u00fcgst Du dem Schlaf- oder Spielzimmer Deines Kindes mit diesem Teppich eine Prise Abenteuer und Gem\u00fctlichkeit hinzu. In Form eines Hirsches gestaltet, bedeckt er spielerisch jeden Boden und verleiht eine Prise Verspieltheit mit einem zus\u00e4tzlichen Hauch von Komfort. Der Teppich hat die Abmessungen 103 cm x 110 cm und ist super einfach zu reinigen. Er ist bei 30\u00b0C in der Waschmaschine waschbar.<\/p>","protected":false},"excerpt":{"rendered":"<p>Bringen Sie W\u00e4rme in Ihr Kinderzimmer mit einem Teppich von Little Dutch! Dieser Teppich in Form eines schlafenden Rehs, verziert<\/p>","protected":false},"featured_media":1077043,"comment_status":"open","ping_status":"closed","template":"","meta":[],"product_brand":[15418],"product_cat":[15426],"product_tag":[],"class_list":{"0":"post-1059207","1":"product","2":"type-product","3":"status-publish","4":"has-post-thumbnail","6":"product_brand-little-dutch","7":"product_cat-kinderteppich","9":"first","10":"instock","11":"taxable","12":"shipping-taxable","13":"purchasable","14":"product-type-simple"},"yoast_head":"<!-- This site is optimized with the Yoast SEO plugin v26.9 - https:\/\/yoast.com\/product\/yoast-seo-wordpress\/ -->\n<title>Little Dutch Teppich Reh- 103x110 cm - Eazyshop<\/title>\n<meta name=\"description\" content=\"Bringen Sie W\u00e4rme in Ihr Kinderzimmer mit einem Teppich von Little Dutch! Dieser Teppich in Form eines schlafenden Rehs, verziert mit einer Blume, hat\" \/>\n<meta name=\"robots\" content=\"index, follow, max-snippet:-1, max-image-preview:large, max-video-preview:-1\" \/>\n<link rel=\"canonical\" href=\"https:\/\/eazyshop.ch\/en\/product\/teppich-reh-103x110-cm\/\" \/>\n<meta property=\"og:locale\" content=\"en_GB\" \/>\n<meta property=\"og:type\" content=\"article\" \/>\n<meta property=\"og:title\" content=\"Little Dutch Teppich Reh- 103x110 cm - Eazyshop\" \/>\n<meta property=\"og:description\" content=\"Bringen Sie W\u00e4rme in Ihr Kinderzimmer mit einem Teppich von Little Dutch! Dieser Teppich in Form eines schlafenden Rehs, verziert mit einer Blume, hat\" \/>\n<meta property=\"og:url\" content=\"https:\/\/eazyshop.ch\/en\/product\/teppich-reh-103x110-cm\/\" \/>\n<meta property=\"og:site_name\" content=\"Eazyshop\" \/>\n<meta property=\"article:modified_time\" content=\"2026-03-27T11:40:05+00:00\" \/>\n<meta property=\"og:image\" content=\"https:\/\/eazyshop.ch\/wp-content\/uploads\/2026\/03\/0010806_teppich-reh-103x110-cm-1_aonr6-1.jpeg\" \/>\n\t<meta property=\"og:image:width\" content=\"1140\" \/>\n\t<meta property=\"og:image:height\" content=\"1140\" \/>\n\t<meta property=\"og:image:type\" content=\"image\/jpeg\" \/>\n<meta name=\"twitter:card\" content=\"summary_large_image\" \/>\n<meta name=\"twitter:label1\" content=\"Estimated reading time\" \/>\n\t<meta name=\"twitter:data1\" content=\"1 minute\" \/>\n<script type=\"application\/ld+json\" class=\"yoast-schema-graph\">{\"@context\":\"https:\/\/schema.org\",\"@graph\":[{\"@type\":\"WebPage\",\"@id\":\"https:\/\/eazyshop.ch\/produkt\/teppich-reh-103x110-cm\/\",\"url\":\"https:\/\/eazyshop.ch\/produkt\/teppich-reh-103x110-cm\/\",\"name\":\"Little Dutch Teppich Reh- 103x110 cm - Eazyshop\",\"isPartOf\":{\"@id\":\"https:\/\/eazyshop.ch\/#website\"},\"primaryImageOfPage\":{\"@id\":\"https:\/\/eazyshop.ch\/produkt\/teppich-reh-103x110-cm\/#primaryimage\"},\"image\":{\"@id\":\"https:\/\/eazyshop.ch\/produkt\/teppich-reh-103x110-cm\/#primaryimage\"},\"thumbnailUrl\":\"https:\/\/eazyshop.ch\/wp-content\/uploads\/2026\/03\/0010806_teppich-reh-103x110-cm-1_aonr6-1.jpeg\",\"datePublished\":\"2025-09-14T18:37:27+00:00\",\"dateModified\":\"2026-03-27T11:40:05+00:00\",\"description\":\"Bringen Sie W\u00e4rme in Ihr Kinderzimmer mit einem Teppich von Little Dutch! Dieser Teppich in Form eines schlafenden Rehs, verziert mit einer Blume, hat\",\"breadcrumb\":{\"@id\":\"https:\/\/eazyshop.ch\/produkt\/teppich-reh-103x110-cm\/#breadcrumb\"},\"inLanguage\":\"en-GB\",\"potentialAction\":[{\"@type\":\"ReadAction\",\"target\":[\"https:\/\/eazyshop.ch\/produkt\/teppich-reh-103x110-cm\/\"]}]},{\"@type\":\"ImageObject\",\"inLanguage\":\"en-GB\",\"@id\":\"https:\/\/eazyshop.ch\/produkt\/teppich-reh-103x110-cm\/#primaryimage\",\"url\":\"https:\/\/eazyshop.ch\/wp-content\/uploads\/2026\/03\/0010806_teppich-reh-103x110-cm-1_aonr6-1.jpeg\",\"contentUrl\":\"https:\/\/eazyshop.ch\/wp-content\/uploads\/2026\/03\/0010806_teppich-reh-103x110-cm-1_aonr6-1.jpeg\",\"width\":1140,\"height\":1140,\"caption\":\"Teppich Reh- 103x110 cm\"},{\"@type\":\"BreadcrumbList\",\"@id\":\"https:\/\/eazyshop.ch\/produkt\/teppich-reh-103x110-cm\/#breadcrumb\",\"itemListElement\":[{\"@type\":\"ListItem\",\"position\":1,\"name\":\"Startseite\",\"item\":\"https:\/\/eazyshop.ch\/\"},{\"@type\":\"ListItem\",\"position\":2,\"name\":\"Shop\",\"item\":\"https:\/\/eazyshop.ch\/shop\/\"},{\"@type\":\"ListItem\",\"position\":3,\"name\":\"Little Dutch Teppich Reh- 103&#215;110 cm\"}]},{\"@type\":\"WebSite\",\"@id\":\"https:\/\/eazyshop.ch\/#website\",\"url\":\"https:\/\/eazyshop.ch\/\",\"name\":\"Eazyshop\",\"description\":\"Where shopping feels easy\",\"publisher\":{\"@id\":\"https:\/\/eazyshop.ch\/#organization\"},\"potentialAction\":[{\"@type\":\"SearchAction\",\"target\":{\"@type\":\"EntryPoint\",\"urlTemplate\":\"https:\/\/eazyshop.ch\/?s={search_term_string}\"},\"query-input\":{\"@type\":\"PropertyValueSpecification\",\"valueRequired\":true,\"valueName\":\"search_term_string\"}}],\"inLanguage\":\"en-GB\"},{\"@type\":\"Organization\",\"@id\":\"https:\/\/eazyshop.ch\/#organization\",\"name\":\"Eazyshop\",\"url\":\"https:\/\/eazyshop.ch\/\",\"logo\":{\"@type\":\"ImageObject\",\"inLanguage\":\"en-GB\",\"@id\":\"https:\/\/eazyshop.ch\/#\/schema\/logo\/image\/\",\"url\":\"\",\"contentUrl\":\"\",\"caption\":\"Eazyshop\"},\"image\":{\"@id\":\"https:\/\/eazyshop.ch\/#\/schema\/logo\/image\/\"},\"sameAs\":[\"https:\/\/www.instagram.com\/eazyshop_ch\/\"]}]}<\/script>\n<!-- \/ Yoast SEO plugin. -->","yoast_head_json":{"title":"Little Dutch Teppich Reh- 103x110 cm - Eazyshop","description":"Bringen Sie W\u00e4rme in Ihr Kinderzimmer mit einem Teppich von Little Dutch! Dieser Teppich in Form eines schlafenden Rehs, verziert mit einer Blume, hat","robots":{"index":"index","follow":"follow","max-snippet":"max-snippet:-1","max-image-preview":"max-image-preview:large","max-video-preview":"max-video-preview:-1"},"canonical":"https:\/\/eazyshop.ch\/en\/product\/teppich-reh-103x110-cm\/","og_locale":"en_GB","og_type":"article","og_title":"Little Dutch Teppich Reh- 103x110 cm - Eazyshop","og_description":"Bringen Sie W\u00e4rme in Ihr Kinderzimmer mit einem Teppich von Little Dutch! Dieser Teppich in Form eines schlafenden Rehs, verziert mit einer Blume, hat","og_url":"https:\/\/eazyshop.ch\/en\/product\/teppich-reh-103x110-cm\/","og_site_name":"Eazyshop","article_modified_time":"2026-03-27T11:40:05+00:00","og_image":[{"width":1140,"height":1140,"url":"https:\/\/eazyshop.ch\/wp-content\/uploads\/2026\/03\/0010806_teppich-reh-103x110-cm-1_aonr6-1.jpeg","type":"image\/jpeg"}],"twitter_card":"summary_large_image","twitter_misc":{"Estimated reading time":"1 minute"},"schema":{"@context":"https:\/\/schema.org","@graph":[{"@type":"WebPage","@id":"https:\/\/eazyshop.ch\/produkt\/teppich-reh-103x110-cm\/","url":"https:\/\/eazyshop.ch\/produkt\/teppich-reh-103x110-cm\/","name":"Little Dutch Teppich Reh- 103x110 cm - Eazyshop","isPartOf":{"@id":"https:\/\/eazyshop.ch\/#website"},"primaryImageOfPage":{"@id":"https:\/\/eazyshop.ch\/produkt\/teppich-reh-103x110-cm\/#primaryimage"},"image":{"@id":"https:\/\/eazyshop.ch\/produkt\/teppich-reh-103x110-cm\/#primaryimage"},"thumbnailUrl":"https:\/\/eazyshop.ch\/wp-content\/uploads\/2026\/03\/0010806_teppich-reh-103x110-cm-1_aonr6-1.jpeg","datePublished":"2025-09-14T18:37:27+00:00","dateModified":"2026-03-27T11:40:05+00:00","description":"Bringen Sie W\u00e4rme in Ihr Kinderzimmer mit einem Teppich von Little Dutch! Dieser Teppich in Form eines schlafenden Rehs, verziert mit einer Blume, hat","breadcrumb":{"@id":"https:\/\/eazyshop.ch\/produkt\/teppich-reh-103x110-cm\/#breadcrumb"},"inLanguage":"en-GB","potentialAction":[{"@type":"ReadAction","target":["https:\/\/eazyshop.ch\/produkt\/teppich-reh-103x110-cm\/"]}]},{"@type":"ImageObject","inLanguage":"en-GB","@id":"https:\/\/eazyshop.ch\/produkt\/teppich-reh-103x110-cm\/#primaryimage","url":"https:\/\/eazyshop.ch\/wp-content\/uploads\/2026\/03\/0010806_teppich-reh-103x110-cm-1_aonr6-1.jpeg","contentUrl":"https:\/\/eazyshop.ch\/wp-content\/uploads\/2026\/03\/0010806_teppich-reh-103x110-cm-1_aonr6-1.jpeg","width":1140,"height":1140,"caption":"Teppich Reh- 103x110 cm"},{"@type":"BreadcrumbList","@id":"https:\/\/eazyshop.ch\/produkt\/teppich-reh-103x110-cm\/#breadcrumb","itemListElement":[{"@type":"ListItem","position":1,"name":"Startseite","item":"https:\/\/eazyshop.ch\/"},{"@type":"ListItem","position":2,"name":"Shop","item":"https:\/\/eazyshop.ch\/shop\/"},{"@type":"ListItem","position":3,"name":"Little Dutch Teppich Reh- 103&#215;110 cm"}]},{"@type":"WebSite","@id":"https:\/\/eazyshop.ch\/#website","url":"https:\/\/eazyshop.ch\/","name":"Eazyshop","description":"Where shopping feels easy","publisher":{"@id":"https:\/\/eazyshop.ch\/#organization"},"potentialAction":[{"@type":"SearchAction","target":{"@type":"EntryPoint","urlTemplate":"https:\/\/eazyshop.ch\/?s={search_term_string}"},"query-input":{"@type":"PropertyValueSpecification","valueRequired":true,"valueName":"search_term_string"}}],"inLanguage":"en-GB"},{"@type":"Organization","@id":"https:\/\/eazyshop.ch\/#organization","name":"Eazyshop","url":"https:\/\/eazyshop.ch\/","logo":{"@type":"ImageObject","inLanguage":"en-GB","@id":"https:\/\/eazyshop.ch\/#\/schema\/logo\/image\/","url":"","contentUrl":"","caption":"Eazyshop"},"image":{"@id":"https:\/\/eazyshop.ch\/#\/schema\/logo\/image\/"},"sameAs":["https:\/\/www.instagram.com\/eazyshop_ch\/"]}]}},"jetpack_sharing_enabled":true,"_links":{"self":[{"href":"https:\/\/eazyshop.ch\/en\/wp-json\/wp\/v2\/product\/1059207","targetHints":{"allow":["GET"]}}],"collection":[{"href":"https:\/\/eazyshop.ch\/en\/wp-json\/wp\/v2\/product"}],"about":[{"href":"https:\/\/eazyshop.ch\/en\/wp-json\/wp\/v2\/types\/product"}],"replies":[{"embeddable":true,"href":"https:\/\/eazyshop.ch\/en\/wp-json\/wp\/v2\/comments?post=1059207"}],"version-history":[{"count":0,"href":"https:\/\/eazyshop.ch\/en\/wp-json\/wp\/v2\/product\/1059207\/revisions"}],"wp:featuredmedia":[{"embeddable":true,"href":"https:\/\/eazyshop.ch\/en\/wp-json\/wp\/v2\/media\/1077043"}],"wp:attachment":[{"href":"https:\/\/eazyshop.ch\/en\/wp-json\/wp\/v2\/media?parent=1059207"}],"wp:term":[{"taxonomy":"product_brand","embeddable":true,"href":"https:\/\/eazyshop.ch\/en\/wp-json\/wp\/v2\/product_brand?post=1059207"},{"taxonomy":"product_cat","embeddable":true,"href":"https:\/\/eazyshop.ch\/en\/wp-json\/wp\/v2\/product_cat?post=1059207"},{"taxonomy":"product_tag","embeddable":true,"href":"https:\/\/eazyshop.ch\/en\/wp-json\/wp\/v2\/product_tag?post=1059207"}],"curies":[{"name":"wp","href":"https:\/\/api.w.org\/{rel}","templated":true}]}}