{"id":1059198,"date":"2025-09-14T18:36:55","date_gmt":"2025-09-14T18:36:55","guid":{"rendered":"https:\/\/eazyshop.ch\/shop\/aktivitaetsspirale-fairy-garden-grs\/"},"modified":"2026-03-27T11:40:03","modified_gmt":"2026-03-27T11:40:03","slug":"aktivitaetsspirale-fairy-garden-grs","status":"publish","type":"product","link":"https:\/\/eazyshop.ch\/en\/product\/aktivitaetsspirale-fairy-garden-grs\/","title":{"rendered":"Little Dutch Aktivit\u00e4tsspirale Fairy Garden GRS"},"content":{"rendered":"<p>Schauen Sie, f\u00fchlen und entdecken! Diese unterhaltsame und unterhaltsame Aktivit\u00e4tsspirale wird sowohl zu Hause als auch unterwegs Babys besetzen. Befestigen Sie dieses praktische Spielzeug problemlos von der Wiege bis zu Box. Es st\u00e4rkt die Sinne und stimuliert die Hand-Auge-Koordination. Die Aktivit\u00e4tsspirale besteht aus Cord mit Baumwolle und dreht sich um einen kleinen Hirsch, einen Pilz und eine sch\u00f6ne Blume. Warnung: Best\u00e4tigen Sie dieses Spielzeug au\u00dferhalb der Reichweite des Kindes. Um zu verhindern, dass das Kind sich verstrickt und verletzt, entfernen Sie dieses Spielzeug, wenn das Kind anf\u00e4ngt, an H\u00e4nden und F\u00fc\u00dfen zu kriechen. Von einem Erwachsenen montiert werden.<\/p>","protected":false},"excerpt":{"rendered":"<p>Schauen Sie, f\u00fchlen und entdecken! Diese unterhaltsame und unterhaltsame Aktivit\u00e4tsspirale wird sowohl zu Hause als auch unterwegs Babys besetzen. Befestigen<\/p>","protected":false},"featured_media":1077031,"comment_status":"open","ping_status":"closed","template":"","meta":[],"product_brand":[15418],"product_cat":[15434],"product_tag":[],"class_list":{"0":"post-1059198","1":"product","2":"type-product","3":"status-publish","4":"has-post-thumbnail","6":"product_brand-little-dutch","7":"product_cat-aktivitaetsspielzeug","9":"first","10":"instock","11":"taxable","12":"shipping-taxable","13":"purchasable","14":"product-type-simple"},"yoast_head":"<!-- This site is optimized with the Yoast SEO plugin v26.9 - https:\/\/yoast.com\/product\/yoast-seo-wordpress\/ -->\n<title>Little Dutch Aktivit\u00e4tsspirale Fairy Garden GRS - Eazyshop<\/title>\n<meta name=\"description\" content=\"Schauen Sie, f\u00fchlen und entdecken! Diese unterhaltsame und unterhaltsame Aktivit\u00e4tsspirale wird sowohl zu Hause als auch unterwegs Babys besetzen.\" \/>\n<meta name=\"robots\" content=\"index, follow, max-snippet:-1, max-image-preview:large, max-video-preview:-1\" \/>\n<link rel=\"canonical\" href=\"https:\/\/eazyshop.ch\/en\/product\/aktivitaetsspirale-fairy-garden-grs\/\" \/>\n<meta property=\"og:locale\" content=\"en_GB\" \/>\n<meta property=\"og:type\" content=\"article\" \/>\n<meta property=\"og:title\" content=\"Little Dutch Aktivit\u00e4tsspirale Fairy Garden GRS - Eazyshop\" \/>\n<meta property=\"og:description\" content=\"Schauen Sie, f\u00fchlen und entdecken! Diese unterhaltsame und unterhaltsame Aktivit\u00e4tsspirale wird sowohl zu Hause als auch unterwegs Babys besetzen.\" \/>\n<meta property=\"og:url\" content=\"https:\/\/eazyshop.ch\/en\/product\/aktivitaetsspirale-fairy-garden-grs\/\" \/>\n<meta property=\"og:site_name\" content=\"Eazyshop\" \/>\n<meta property=\"article:modified_time\" content=\"2026-03-27T11:40:03+00:00\" \/>\n<meta property=\"og:image\" content=\"https:\/\/eazyshop.ch\/wp-content\/uploads\/2026\/03\/0022676-1_vWzzc-1.jpg\" \/>\n\t<meta property=\"og:image:width\" content=\"480\" \/>\n\t<meta property=\"og:image:height\" content=\"480\" \/>\n\t<meta property=\"og:image:type\" content=\"image\/jpeg\" \/>\n<meta name=\"twitter:card\" content=\"summary_large_image\" \/>\n<meta name=\"twitter:label1\" content=\"Estimated reading time\" \/>\n\t<meta name=\"twitter:data1\" content=\"1 minute\" \/>\n<script type=\"application\/ld+json\" class=\"yoast-schema-graph\">{\"@context\":\"https:\/\/schema.org\",\"@graph\":[{\"@type\":\"WebPage\",\"@id\":\"https:\/\/eazyshop.ch\/produkt\/aktivitaetsspirale-fairy-garden-grs\/\",\"url\":\"https:\/\/eazyshop.ch\/produkt\/aktivitaetsspirale-fairy-garden-grs\/\",\"name\":\"Little Dutch Aktivit\u00e4tsspirale Fairy Garden GRS - Eazyshop\",\"isPartOf\":{\"@id\":\"https:\/\/eazyshop.ch\/#website\"},\"primaryImageOfPage\":{\"@id\":\"https:\/\/eazyshop.ch\/produkt\/aktivitaetsspirale-fairy-garden-grs\/#primaryimage\"},\"image\":{\"@id\":\"https:\/\/eazyshop.ch\/produkt\/aktivitaetsspirale-fairy-garden-grs\/#primaryimage\"},\"thumbnailUrl\":\"https:\/\/eazyshop.ch\/wp-content\/uploads\/2026\/03\/0022676-1_vWzzc-1.jpg\",\"datePublished\":\"2025-09-14T18:36:55+00:00\",\"dateModified\":\"2026-03-27T11:40:03+00:00\",\"description\":\"Schauen Sie, f\u00fchlen und entdecken! Diese unterhaltsame und unterhaltsame Aktivit\u00e4tsspirale wird sowohl zu Hause als auch unterwegs Babys besetzen.\",\"breadcrumb\":{\"@id\":\"https:\/\/eazyshop.ch\/produkt\/aktivitaetsspirale-fairy-garden-grs\/#breadcrumb\"},\"inLanguage\":\"en-GB\",\"potentialAction\":[{\"@type\":\"ReadAction\",\"target\":[\"https:\/\/eazyshop.ch\/produkt\/aktivitaetsspirale-fairy-garden-grs\/\"]}]},{\"@type\":\"ImageObject\",\"inLanguage\":\"en-GB\",\"@id\":\"https:\/\/eazyshop.ch\/produkt\/aktivitaetsspirale-fairy-garden-grs\/#primaryimage\",\"url\":\"https:\/\/eazyshop.ch\/wp-content\/uploads\/2026\/03\/0022676-1_vWzzc-1.jpg\",\"contentUrl\":\"https:\/\/eazyshop.ch\/wp-content\/uploads\/2026\/03\/0022676-1_vWzzc-1.jpg\",\"width\":480,\"height\":480,\"caption\":\"Aktivit\u00e4tsspirale Fairy Garden GRS\"},{\"@type\":\"BreadcrumbList\",\"@id\":\"https:\/\/eazyshop.ch\/produkt\/aktivitaetsspirale-fairy-garden-grs\/#breadcrumb\",\"itemListElement\":[{\"@type\":\"ListItem\",\"position\":1,\"name\":\"Startseite\",\"item\":\"https:\/\/eazyshop.ch\/\"},{\"@type\":\"ListItem\",\"position\":2,\"name\":\"Shop\",\"item\":\"https:\/\/eazyshop.ch\/shop\/\"},{\"@type\":\"ListItem\",\"position\":3,\"name\":\"Little Dutch Aktivit\u00e4tsspirale Fairy Garden GRS\"}]},{\"@type\":\"WebSite\",\"@id\":\"https:\/\/eazyshop.ch\/#website\",\"url\":\"https:\/\/eazyshop.ch\/\",\"name\":\"Eazyshop\",\"description\":\"Where shopping feels easy\",\"publisher\":{\"@id\":\"https:\/\/eazyshop.ch\/#organization\"},\"potentialAction\":[{\"@type\":\"SearchAction\",\"target\":{\"@type\":\"EntryPoint\",\"urlTemplate\":\"https:\/\/eazyshop.ch\/?s={search_term_string}\"},\"query-input\":{\"@type\":\"PropertyValueSpecification\",\"valueRequired\":true,\"valueName\":\"search_term_string\"}}],\"inLanguage\":\"en-GB\"},{\"@type\":\"Organization\",\"@id\":\"https:\/\/eazyshop.ch\/#organization\",\"name\":\"Eazyshop\",\"url\":\"https:\/\/eazyshop.ch\/\",\"logo\":{\"@type\":\"ImageObject\",\"inLanguage\":\"en-GB\",\"@id\":\"https:\/\/eazyshop.ch\/#\/schema\/logo\/image\/\",\"url\":\"\",\"contentUrl\":\"\",\"caption\":\"Eazyshop\"},\"image\":{\"@id\":\"https:\/\/eazyshop.ch\/#\/schema\/logo\/image\/\"},\"sameAs\":[\"https:\/\/www.instagram.com\/eazyshop_ch\/\"]}]}<\/script>\n<!-- \/ Yoast SEO plugin. -->","yoast_head_json":{"title":"Little Dutch Aktivit\u00e4tsspirale Fairy Garden GRS - Eazyshop","description":"Schauen Sie, f\u00fchlen und entdecken! Diese unterhaltsame und unterhaltsame Aktivit\u00e4tsspirale wird sowohl zu Hause als auch unterwegs Babys besetzen.","robots":{"index":"index","follow":"follow","max-snippet":"max-snippet:-1","max-image-preview":"max-image-preview:large","max-video-preview":"max-video-preview:-1"},"canonical":"https:\/\/eazyshop.ch\/en\/product\/aktivitaetsspirale-fairy-garden-grs\/","og_locale":"en_GB","og_type":"article","og_title":"Little Dutch Aktivit\u00e4tsspirale Fairy Garden GRS - Eazyshop","og_description":"Schauen Sie, f\u00fchlen und entdecken! Diese unterhaltsame und unterhaltsame Aktivit\u00e4tsspirale wird sowohl zu Hause als auch unterwegs Babys besetzen.","og_url":"https:\/\/eazyshop.ch\/en\/product\/aktivitaetsspirale-fairy-garden-grs\/","og_site_name":"Eazyshop","article_modified_time":"2026-03-27T11:40:03+00:00","og_image":[{"width":480,"height":480,"url":"https:\/\/eazyshop.ch\/wp-content\/uploads\/2026\/03\/0022676-1_vWzzc-1.jpg","type":"image\/jpeg"}],"twitter_card":"summary_large_image","twitter_misc":{"Estimated reading time":"1 minute"},"schema":{"@context":"https:\/\/schema.org","@graph":[{"@type":"WebPage","@id":"https:\/\/eazyshop.ch\/produkt\/aktivitaetsspirale-fairy-garden-grs\/","url":"https:\/\/eazyshop.ch\/produkt\/aktivitaetsspirale-fairy-garden-grs\/","name":"Little Dutch Aktivit\u00e4tsspirale Fairy Garden GRS - Eazyshop","isPartOf":{"@id":"https:\/\/eazyshop.ch\/#website"},"primaryImageOfPage":{"@id":"https:\/\/eazyshop.ch\/produkt\/aktivitaetsspirale-fairy-garden-grs\/#primaryimage"},"image":{"@id":"https:\/\/eazyshop.ch\/produkt\/aktivitaetsspirale-fairy-garden-grs\/#primaryimage"},"thumbnailUrl":"https:\/\/eazyshop.ch\/wp-content\/uploads\/2026\/03\/0022676-1_vWzzc-1.jpg","datePublished":"2025-09-14T18:36:55+00:00","dateModified":"2026-03-27T11:40:03+00:00","description":"Schauen Sie, f\u00fchlen und entdecken! Diese unterhaltsame und unterhaltsame Aktivit\u00e4tsspirale wird sowohl zu Hause als auch unterwegs Babys besetzen.","breadcrumb":{"@id":"https:\/\/eazyshop.ch\/produkt\/aktivitaetsspirale-fairy-garden-grs\/#breadcrumb"},"inLanguage":"en-GB","potentialAction":[{"@type":"ReadAction","target":["https:\/\/eazyshop.ch\/produkt\/aktivitaetsspirale-fairy-garden-grs\/"]}]},{"@type":"ImageObject","inLanguage":"en-GB","@id":"https:\/\/eazyshop.ch\/produkt\/aktivitaetsspirale-fairy-garden-grs\/#primaryimage","url":"https:\/\/eazyshop.ch\/wp-content\/uploads\/2026\/03\/0022676-1_vWzzc-1.jpg","contentUrl":"https:\/\/eazyshop.ch\/wp-content\/uploads\/2026\/03\/0022676-1_vWzzc-1.jpg","width":480,"height":480,"caption":"Aktivit\u00e4tsspirale Fairy Garden GRS"},{"@type":"BreadcrumbList","@id":"https:\/\/eazyshop.ch\/produkt\/aktivitaetsspirale-fairy-garden-grs\/#breadcrumb","itemListElement":[{"@type":"ListItem","position":1,"name":"Startseite","item":"https:\/\/eazyshop.ch\/"},{"@type":"ListItem","position":2,"name":"Shop","item":"https:\/\/eazyshop.ch\/shop\/"},{"@type":"ListItem","position":3,"name":"Little Dutch Aktivit\u00e4tsspirale Fairy Garden GRS"}]},{"@type":"WebSite","@id":"https:\/\/eazyshop.ch\/#website","url":"https:\/\/eazyshop.ch\/","name":"Eazyshop","description":"Where shopping feels easy","publisher":{"@id":"https:\/\/eazyshop.ch\/#organization"},"potentialAction":[{"@type":"SearchAction","target":{"@type":"EntryPoint","urlTemplate":"https:\/\/eazyshop.ch\/?s={search_term_string}"},"query-input":{"@type":"PropertyValueSpecification","valueRequired":true,"valueName":"search_term_string"}}],"inLanguage":"en-GB"},{"@type":"Organization","@id":"https:\/\/eazyshop.ch\/#organization","name":"Eazyshop","url":"https:\/\/eazyshop.ch\/","logo":{"@type":"ImageObject","inLanguage":"en-GB","@id":"https:\/\/eazyshop.ch\/#\/schema\/logo\/image\/","url":"","contentUrl":"","caption":"Eazyshop"},"image":{"@id":"https:\/\/eazyshop.ch\/#\/schema\/logo\/image\/"},"sameAs":["https:\/\/www.instagram.com\/eazyshop_ch\/"]}]}},"jetpack_sharing_enabled":true,"_links":{"self":[{"href":"https:\/\/eazyshop.ch\/en\/wp-json\/wp\/v2\/product\/1059198","targetHints":{"allow":["GET"]}}],"collection":[{"href":"https:\/\/eazyshop.ch\/en\/wp-json\/wp\/v2\/product"}],"about":[{"href":"https:\/\/eazyshop.ch\/en\/wp-json\/wp\/v2\/types\/product"}],"replies":[{"embeddable":true,"href":"https:\/\/eazyshop.ch\/en\/wp-json\/wp\/v2\/comments?post=1059198"}],"version-history":[{"count":0,"href":"https:\/\/eazyshop.ch\/en\/wp-json\/wp\/v2\/product\/1059198\/revisions"}],"wp:featuredmedia":[{"embeddable":true,"href":"https:\/\/eazyshop.ch\/en\/wp-json\/wp\/v2\/media\/1077031"}],"wp:attachment":[{"href":"https:\/\/eazyshop.ch\/en\/wp-json\/wp\/v2\/media?parent=1059198"}],"wp:term":[{"taxonomy":"product_brand","embeddable":true,"href":"https:\/\/eazyshop.ch\/en\/wp-json\/wp\/v2\/product_brand?post=1059198"},{"taxonomy":"product_cat","embeddable":true,"href":"https:\/\/eazyshop.ch\/en\/wp-json\/wp\/v2\/product_cat?post=1059198"},{"taxonomy":"product_tag","embeddable":true,"href":"https:\/\/eazyshop.ch\/en\/wp-json\/wp\/v2\/product_tag?post=1059198"}],"curies":[{"name":"wp","href":"https:\/\/api.w.org\/{rel}","templated":true}]}}