{"id":1059195,"date":"2025-09-14T18:36:48","date_gmt":"2025-09-14T18:36:48","guid":{"rendered":"https:\/\/eazyshop.ch\/shop\/stoffbuch-mit-aktivitaeten-fairy-garden-grs\/"},"modified":"2026-03-27T11:40:03","modified_gmt":"2026-03-27T11:40:03","slug":"stoffbuch-mit-aktivitaeten-fairy-garden-grs","status":"publish","type":"product","link":"https:\/\/eazyshop.ch\/en\/product\/stoffbuch-mit-aktivitaeten-fairy-garden-grs\/","title":{"rendered":"Little Dutch Stoffbuch mit Aktivit\u00e4ten Fairy Garden GRS"},"content":{"rendered":"<p>Sie m\u00fcssen sich nicht mit diesem farbenfrohen Aktivit\u00e4tsbuch von Fairy Garden langweilen. Der s\u00fc\u00dfe Hirsch l\u00e4dt Sie ein, sich den magischen Garten anzusehen. Mit den verschiedenen Texturen und Aktivit\u00e4ten wie einem Spiegel, einem Rasseln und einem versteckten Spielzeug gibt es viel zu entdecken. Das weiche Brosch\u00fcre hat auch verschiedene Etiketten zu f\u00fchlen. Diese Brosch\u00fcre stimuliert nicht nur die Sinne, sondern ist auch gut f\u00fcr die Entwicklung der Hand-Auge-Koordination.<\/p>","protected":false},"excerpt":{"rendered":"<p>Sie m\u00fcssen sich nicht mit diesem farbenfrohen Aktivit\u00e4tsbuch von Fairy Garden langweilen. Der s\u00fc\u00dfe Hirsch l\u00e4dt Sie ein, sich den<\/p>","protected":false},"featured_media":1077029,"comment_status":"open","ping_status":"closed","template":"","meta":[],"product_brand":[15418],"product_cat":[15434],"product_tag":[],"class_list":{"0":"post-1059195","1":"product","2":"type-product","3":"status-publish","4":"has-post-thumbnail","6":"product_brand-little-dutch","7":"product_cat-aktivitaetsspielzeug","9":"first","10":"instock","11":"taxable","12":"shipping-taxable","13":"purchasable","14":"product-type-simple"},"yoast_head":"<!-- This site is optimized with the Yoast SEO plugin v26.9 - https:\/\/yoast.com\/product\/yoast-seo-wordpress\/ -->\n<title>Little Dutch Stoffbuch mit Aktivit\u00e4ten Fairy Garden GRS - Eazyshop<\/title>\n<meta name=\"description\" content=\"Sie m\u00fcssen sich nicht mit diesem farbenfrohen Aktivit\u00e4tsbuch von Fairy Garden langweilen. Der s\u00fc\u00dfe Hirsch l\u00e4dt Sie ein, sich den magischen Garten\" \/>\n<meta name=\"robots\" content=\"index, follow, max-snippet:-1, max-image-preview:large, max-video-preview:-1\" \/>\n<link rel=\"canonical\" href=\"https:\/\/eazyshop.ch\/en\/product\/stoffbuch-mit-aktivitaeten-fairy-garden-grs\/\" \/>\n<meta property=\"og:locale\" content=\"en_GB\" \/>\n<meta property=\"og:type\" content=\"article\" \/>\n<meta property=\"og:title\" content=\"Little Dutch Stoffbuch mit Aktivit\u00e4ten Fairy Garden GRS - Eazyshop\" \/>\n<meta property=\"og:description\" content=\"Sie m\u00fcssen sich nicht mit diesem farbenfrohen Aktivit\u00e4tsbuch von Fairy Garden langweilen. Der s\u00fc\u00dfe Hirsch l\u00e4dt Sie ein, sich den magischen Garten\" \/>\n<meta property=\"og:url\" content=\"https:\/\/eazyshop.ch\/en\/product\/stoffbuch-mit-aktivitaeten-fairy-garden-grs\/\" \/>\n<meta property=\"og:site_name\" content=\"Eazyshop\" \/>\n<meta property=\"article:modified_time\" content=\"2026-03-27T11:40:03+00:00\" \/>\n<meta property=\"og:image\" content=\"https:\/\/eazyshop.ch\/wp-content\/uploads\/2026\/03\/0028023_activiteitenboekje-roze-fairy-garden-1_OrBOZ-1.jpg\" \/>\n\t<meta property=\"og:image:width\" content=\"480\" \/>\n\t<meta property=\"og:image:height\" content=\"480\" \/>\n\t<meta property=\"og:image:type\" content=\"image\/jpeg\" \/>\n<meta name=\"twitter:card\" content=\"summary_large_image\" \/>\n<script type=\"application\/ld+json\" class=\"yoast-schema-graph\">{\"@context\":\"https:\/\/schema.org\",\"@graph\":[{\"@type\":\"WebPage\",\"@id\":\"https:\/\/eazyshop.ch\/produkt\/stoffbuch-mit-aktivitaeten-fairy-garden-grs\/\",\"url\":\"https:\/\/eazyshop.ch\/produkt\/stoffbuch-mit-aktivitaeten-fairy-garden-grs\/\",\"name\":\"Little Dutch Stoffbuch mit Aktivit\u00e4ten Fairy Garden GRS - Eazyshop\",\"isPartOf\":{\"@id\":\"https:\/\/eazyshop.ch\/#website\"},\"primaryImageOfPage\":{\"@id\":\"https:\/\/eazyshop.ch\/produkt\/stoffbuch-mit-aktivitaeten-fairy-garden-grs\/#primaryimage\"},\"image\":{\"@id\":\"https:\/\/eazyshop.ch\/produkt\/stoffbuch-mit-aktivitaeten-fairy-garden-grs\/#primaryimage\"},\"thumbnailUrl\":\"https:\/\/eazyshop.ch\/wp-content\/uploads\/2026\/03\/0028023_activiteitenboekje-roze-fairy-garden-1_OrBOZ-1.jpg\",\"datePublished\":\"2025-09-14T18:36:48+00:00\",\"dateModified\":\"2026-03-27T11:40:03+00:00\",\"description\":\"Sie m\u00fcssen sich nicht mit diesem farbenfrohen Aktivit\u00e4tsbuch von Fairy Garden langweilen. Der s\u00fc\u00dfe Hirsch l\u00e4dt Sie ein, sich den magischen Garten\",\"breadcrumb\":{\"@id\":\"https:\/\/eazyshop.ch\/produkt\/stoffbuch-mit-aktivitaeten-fairy-garden-grs\/#breadcrumb\"},\"inLanguage\":\"en-GB\",\"potentialAction\":[{\"@type\":\"ReadAction\",\"target\":[\"https:\/\/eazyshop.ch\/produkt\/stoffbuch-mit-aktivitaeten-fairy-garden-grs\/\"]}]},{\"@type\":\"ImageObject\",\"inLanguage\":\"en-GB\",\"@id\":\"https:\/\/eazyshop.ch\/produkt\/stoffbuch-mit-aktivitaeten-fairy-garden-grs\/#primaryimage\",\"url\":\"https:\/\/eazyshop.ch\/wp-content\/uploads\/2026\/03\/0028023_activiteitenboekje-roze-fairy-garden-1_OrBOZ-1.jpg\",\"contentUrl\":\"https:\/\/eazyshop.ch\/wp-content\/uploads\/2026\/03\/0028023_activiteitenboekje-roze-fairy-garden-1_OrBOZ-1.jpg\",\"width\":480,\"height\":480,\"caption\":\"Stoffbuch mit Aktivit\u00e4ten Fairy Garden GRS\"},{\"@type\":\"BreadcrumbList\",\"@id\":\"https:\/\/eazyshop.ch\/produkt\/stoffbuch-mit-aktivitaeten-fairy-garden-grs\/#breadcrumb\",\"itemListElement\":[{\"@type\":\"ListItem\",\"position\":1,\"name\":\"Startseite\",\"item\":\"https:\/\/eazyshop.ch\/\"},{\"@type\":\"ListItem\",\"position\":2,\"name\":\"Shop\",\"item\":\"https:\/\/eazyshop.ch\/shop\/\"},{\"@type\":\"ListItem\",\"position\":3,\"name\":\"Little Dutch Stoffbuch mit Aktivit\u00e4ten Fairy Garden GRS\"}]},{\"@type\":\"WebSite\",\"@id\":\"https:\/\/eazyshop.ch\/#website\",\"url\":\"https:\/\/eazyshop.ch\/\",\"name\":\"Eazyshop\",\"description\":\"Where shopping feels easy\",\"publisher\":{\"@id\":\"https:\/\/eazyshop.ch\/#organization\"},\"potentialAction\":[{\"@type\":\"SearchAction\",\"target\":{\"@type\":\"EntryPoint\",\"urlTemplate\":\"https:\/\/eazyshop.ch\/?s={search_term_string}\"},\"query-input\":{\"@type\":\"PropertyValueSpecification\",\"valueRequired\":true,\"valueName\":\"search_term_string\"}}],\"inLanguage\":\"en-GB\"},{\"@type\":\"Organization\",\"@id\":\"https:\/\/eazyshop.ch\/#organization\",\"name\":\"Eazyshop\",\"url\":\"https:\/\/eazyshop.ch\/\",\"logo\":{\"@type\":\"ImageObject\",\"inLanguage\":\"en-GB\",\"@id\":\"https:\/\/eazyshop.ch\/#\/schema\/logo\/image\/\",\"url\":\"\",\"contentUrl\":\"\",\"caption\":\"Eazyshop\"},\"image\":{\"@id\":\"https:\/\/eazyshop.ch\/#\/schema\/logo\/image\/\"},\"sameAs\":[\"https:\/\/www.instagram.com\/eazyshop_ch\/\"]}]}<\/script>\n<!-- \/ Yoast SEO plugin. -->","yoast_head_json":{"title":"Little Dutch Stoffbuch mit Aktivit\u00e4ten Fairy Garden GRS - Eazyshop","description":"Sie m\u00fcssen sich nicht mit diesem farbenfrohen Aktivit\u00e4tsbuch von Fairy Garden langweilen. Der s\u00fc\u00dfe Hirsch l\u00e4dt Sie ein, sich den magischen Garten","robots":{"index":"index","follow":"follow","max-snippet":"max-snippet:-1","max-image-preview":"max-image-preview:large","max-video-preview":"max-video-preview:-1"},"canonical":"https:\/\/eazyshop.ch\/en\/product\/stoffbuch-mit-aktivitaeten-fairy-garden-grs\/","og_locale":"en_GB","og_type":"article","og_title":"Little Dutch Stoffbuch mit Aktivit\u00e4ten Fairy Garden GRS - Eazyshop","og_description":"Sie m\u00fcssen sich nicht mit diesem farbenfrohen Aktivit\u00e4tsbuch von Fairy Garden langweilen. Der s\u00fc\u00dfe Hirsch l\u00e4dt Sie ein, sich den magischen Garten","og_url":"https:\/\/eazyshop.ch\/en\/product\/stoffbuch-mit-aktivitaeten-fairy-garden-grs\/","og_site_name":"Eazyshop","article_modified_time":"2026-03-27T11:40:03+00:00","og_image":[{"width":480,"height":480,"url":"https:\/\/eazyshop.ch\/wp-content\/uploads\/2026\/03\/0028023_activiteitenboekje-roze-fairy-garden-1_OrBOZ-1.jpg","type":"image\/jpeg"}],"twitter_card":"summary_large_image","schema":{"@context":"https:\/\/schema.org","@graph":[{"@type":"WebPage","@id":"https:\/\/eazyshop.ch\/produkt\/stoffbuch-mit-aktivitaeten-fairy-garden-grs\/","url":"https:\/\/eazyshop.ch\/produkt\/stoffbuch-mit-aktivitaeten-fairy-garden-grs\/","name":"Little Dutch Stoffbuch mit Aktivit\u00e4ten Fairy Garden GRS - Eazyshop","isPartOf":{"@id":"https:\/\/eazyshop.ch\/#website"},"primaryImageOfPage":{"@id":"https:\/\/eazyshop.ch\/produkt\/stoffbuch-mit-aktivitaeten-fairy-garden-grs\/#primaryimage"},"image":{"@id":"https:\/\/eazyshop.ch\/produkt\/stoffbuch-mit-aktivitaeten-fairy-garden-grs\/#primaryimage"},"thumbnailUrl":"https:\/\/eazyshop.ch\/wp-content\/uploads\/2026\/03\/0028023_activiteitenboekje-roze-fairy-garden-1_OrBOZ-1.jpg","datePublished":"2025-09-14T18:36:48+00:00","dateModified":"2026-03-27T11:40:03+00:00","description":"Sie m\u00fcssen sich nicht mit diesem farbenfrohen Aktivit\u00e4tsbuch von Fairy Garden langweilen. Der s\u00fc\u00dfe Hirsch l\u00e4dt Sie ein, sich den magischen Garten","breadcrumb":{"@id":"https:\/\/eazyshop.ch\/produkt\/stoffbuch-mit-aktivitaeten-fairy-garden-grs\/#breadcrumb"},"inLanguage":"en-GB","potentialAction":[{"@type":"ReadAction","target":["https:\/\/eazyshop.ch\/produkt\/stoffbuch-mit-aktivitaeten-fairy-garden-grs\/"]}]},{"@type":"ImageObject","inLanguage":"en-GB","@id":"https:\/\/eazyshop.ch\/produkt\/stoffbuch-mit-aktivitaeten-fairy-garden-grs\/#primaryimage","url":"https:\/\/eazyshop.ch\/wp-content\/uploads\/2026\/03\/0028023_activiteitenboekje-roze-fairy-garden-1_OrBOZ-1.jpg","contentUrl":"https:\/\/eazyshop.ch\/wp-content\/uploads\/2026\/03\/0028023_activiteitenboekje-roze-fairy-garden-1_OrBOZ-1.jpg","width":480,"height":480,"caption":"Stoffbuch mit Aktivit\u00e4ten Fairy Garden GRS"},{"@type":"BreadcrumbList","@id":"https:\/\/eazyshop.ch\/produkt\/stoffbuch-mit-aktivitaeten-fairy-garden-grs\/#breadcrumb","itemListElement":[{"@type":"ListItem","position":1,"name":"Startseite","item":"https:\/\/eazyshop.ch\/"},{"@type":"ListItem","position":2,"name":"Shop","item":"https:\/\/eazyshop.ch\/shop\/"},{"@type":"ListItem","position":3,"name":"Little Dutch Stoffbuch mit Aktivit\u00e4ten Fairy Garden GRS"}]},{"@type":"WebSite","@id":"https:\/\/eazyshop.ch\/#website","url":"https:\/\/eazyshop.ch\/","name":"Eazyshop","description":"Where shopping feels easy","publisher":{"@id":"https:\/\/eazyshop.ch\/#organization"},"potentialAction":[{"@type":"SearchAction","target":{"@type":"EntryPoint","urlTemplate":"https:\/\/eazyshop.ch\/?s={search_term_string}"},"query-input":{"@type":"PropertyValueSpecification","valueRequired":true,"valueName":"search_term_string"}}],"inLanguage":"en-GB"},{"@type":"Organization","@id":"https:\/\/eazyshop.ch\/#organization","name":"Eazyshop","url":"https:\/\/eazyshop.ch\/","logo":{"@type":"ImageObject","inLanguage":"en-GB","@id":"https:\/\/eazyshop.ch\/#\/schema\/logo\/image\/","url":"","contentUrl":"","caption":"Eazyshop"},"image":{"@id":"https:\/\/eazyshop.ch\/#\/schema\/logo\/image\/"},"sameAs":["https:\/\/www.instagram.com\/eazyshop_ch\/"]}]}},"jetpack_sharing_enabled":true,"_links":{"self":[{"href":"https:\/\/eazyshop.ch\/en\/wp-json\/wp\/v2\/product\/1059195","targetHints":{"allow":["GET"]}}],"collection":[{"href":"https:\/\/eazyshop.ch\/en\/wp-json\/wp\/v2\/product"}],"about":[{"href":"https:\/\/eazyshop.ch\/en\/wp-json\/wp\/v2\/types\/product"}],"replies":[{"embeddable":true,"href":"https:\/\/eazyshop.ch\/en\/wp-json\/wp\/v2\/comments?post=1059195"}],"version-history":[{"count":0,"href":"https:\/\/eazyshop.ch\/en\/wp-json\/wp\/v2\/product\/1059195\/revisions"}],"wp:featuredmedia":[{"embeddable":true,"href":"https:\/\/eazyshop.ch\/en\/wp-json\/wp\/v2\/media\/1077029"}],"wp:attachment":[{"href":"https:\/\/eazyshop.ch\/en\/wp-json\/wp\/v2\/media?parent=1059195"}],"wp:term":[{"taxonomy":"product_brand","embeddable":true,"href":"https:\/\/eazyshop.ch\/en\/wp-json\/wp\/v2\/product_brand?post=1059195"},{"taxonomy":"product_cat","embeddable":true,"href":"https:\/\/eazyshop.ch\/en\/wp-json\/wp\/v2\/product_cat?post=1059195"},{"taxonomy":"product_tag","embeddable":true,"href":"https:\/\/eazyshop.ch\/en\/wp-json\/wp\/v2\/product_tag?post=1059195"}],"curies":[{"name":"wp","href":"https:\/\/api.w.org\/{rel}","templated":true}]}}