{"id":1059192,"date":"2025-09-14T18:36:37","date_gmt":"2025-09-14T18:36:37","guid":{"rendered":"https:\/\/eazyshop.ch\/shop\/stoffwuerfel-set-forest-friends\/"},"modified":"2026-03-27T11:40:02","modified_gmt":"2026-03-27T11:40:02","slug":"stoffwuerfel-set-forest-friends","status":"publish","type":"product","link":"https:\/\/eazyshop.ch\/en\/product\/stoffwuerfel-set-forest-friends\/","title":{"rendered":"Little Dutch Stoffw\u00fcrfel Set Forest Friends"},"content":{"rendered":"<p>Ring, Ring, Ratschen. Mit unterschiedlichen Ger\u00e4uschen, Texturen und Farben zu entdecken, h\u00e4lt diese fr\u00f6hliche Reihe weicher Aktivit\u00e4tsbl\u00f6cke der Waldfreund -Sammlung Ihre Kleinen stundenlang. Dar\u00fcber hinaus wird die Hand-Auge-Koordination Ihres Kindes auf spielerische Weise angeregt. Das Set besteht aus vier sensorischen Bl\u00f6cken, die jeweils eine eigene weiche Farbe und eine eindeutige Zahl haben. Babyh\u00e4nde entdecken auch sch\u00f6ne Etiketten, Pl\u00fcschpaneele und einen Spiegel.<\/p>","protected":false},"excerpt":{"rendered":"<p>Ring, Ring, Ratschen. Mit unterschiedlichen Ger\u00e4uschen, Texturen und Farben zu entdecken, h\u00e4lt diese fr\u00f6hliche Reihe weicher Aktivit\u00e4tsbl\u00f6cke der Waldfreund -Sammlung<\/p>","protected":false},"featured_media":1077025,"comment_status":"open","ping_status":"closed","template":"","meta":[],"product_brand":[15418],"product_cat":[15434],"product_tag":[],"class_list":{"0":"post-1059192","1":"product","2":"type-product","3":"status-publish","4":"has-post-thumbnail","6":"product_brand-little-dutch","7":"product_cat-aktivitaetsspielzeug","9":"first","10":"instock","11":"taxable","12":"shipping-taxable","13":"purchasable","14":"product-type-simple"},"yoast_head":"<!-- This site is optimized with the Yoast SEO plugin v26.9 - https:\/\/yoast.com\/product\/yoast-seo-wordpress\/ -->\n<title>Little Dutch Stoffw\u00fcrfel Set Forest Friends - Eazyshop<\/title>\n<meta name=\"description\" content=\"Ring, Ring, Ratschen. Mit unterschiedlichen Ger\u00e4uschen, Texturen und Farben zu entdecken, h\u00e4lt diese fr\u00f6hliche Reihe weicher Aktivit\u00e4tsbl\u00f6cke der\" \/>\n<meta name=\"robots\" content=\"index, follow, max-snippet:-1, max-image-preview:large, max-video-preview:-1\" \/>\n<link rel=\"canonical\" href=\"https:\/\/eazyshop.ch\/en\/product\/stoffwuerfel-set-forest-friends\/\" \/>\n<meta property=\"og:locale\" content=\"en_GB\" \/>\n<meta property=\"og:type\" content=\"article\" \/>\n<meta property=\"og:title\" content=\"Little Dutch Stoffw\u00fcrfel Set Forest Friends - Eazyshop\" \/>\n<meta property=\"og:description\" content=\"Ring, Ring, Ratschen. Mit unterschiedlichen Ger\u00e4uschen, Texturen und Farben zu entdecken, h\u00e4lt diese fr\u00f6hliche Reihe weicher Aktivit\u00e4tsbl\u00f6cke der\" \/>\n<meta property=\"og:url\" content=\"https:\/\/eazyshop.ch\/en\/product\/stoffwuerfel-set-forest-friends\/\" \/>\n<meta property=\"og:site_name\" content=\"Eazyshop\" \/>\n<meta property=\"article:modified_time\" content=\"2026-03-27T11:40:02+00:00\" \/>\n<meta property=\"og:image\" content=\"https:\/\/eazyshop.ch\/wp-content\/uploads\/2026\/03\/0022443-1_WhIVp-1.jpg\" \/>\n\t<meta property=\"og:image:width\" content=\"480\" \/>\n\t<meta property=\"og:image:height\" content=\"480\" \/>\n\t<meta property=\"og:image:type\" content=\"image\/jpeg\" \/>\n<meta name=\"twitter:card\" content=\"summary_large_image\" \/>\n<script type=\"application\/ld+json\" class=\"yoast-schema-graph\">{\"@context\":\"https:\/\/schema.org\",\"@graph\":[{\"@type\":\"WebPage\",\"@id\":\"https:\/\/eazyshop.ch\/produkt\/stoffwuerfel-set-forest-friends\/\",\"url\":\"https:\/\/eazyshop.ch\/produkt\/stoffwuerfel-set-forest-friends\/\",\"name\":\"Little Dutch Stoffw\u00fcrfel Set Forest Friends - Eazyshop\",\"isPartOf\":{\"@id\":\"https:\/\/eazyshop.ch\/#website\"},\"primaryImageOfPage\":{\"@id\":\"https:\/\/eazyshop.ch\/produkt\/stoffwuerfel-set-forest-friends\/#primaryimage\"},\"image\":{\"@id\":\"https:\/\/eazyshop.ch\/produkt\/stoffwuerfel-set-forest-friends\/#primaryimage\"},\"thumbnailUrl\":\"https:\/\/eazyshop.ch\/wp-content\/uploads\/2026\/03\/0022443-1_WhIVp-1.jpg\",\"datePublished\":\"2025-09-14T18:36:37+00:00\",\"dateModified\":\"2026-03-27T11:40:02+00:00\",\"description\":\"Ring, Ring, Ratschen. Mit unterschiedlichen Ger\u00e4uschen, Texturen und Farben zu entdecken, h\u00e4lt diese fr\u00f6hliche Reihe weicher Aktivit\u00e4tsbl\u00f6cke der\",\"breadcrumb\":{\"@id\":\"https:\/\/eazyshop.ch\/produkt\/stoffwuerfel-set-forest-friends\/#breadcrumb\"},\"inLanguage\":\"en-GB\",\"potentialAction\":[{\"@type\":\"ReadAction\",\"target\":[\"https:\/\/eazyshop.ch\/produkt\/stoffwuerfel-set-forest-friends\/\"]}]},{\"@type\":\"ImageObject\",\"inLanguage\":\"en-GB\",\"@id\":\"https:\/\/eazyshop.ch\/produkt\/stoffwuerfel-set-forest-friends\/#primaryimage\",\"url\":\"https:\/\/eazyshop.ch\/wp-content\/uploads\/2026\/03\/0022443-1_WhIVp-1.jpg\",\"contentUrl\":\"https:\/\/eazyshop.ch\/wp-content\/uploads\/2026\/03\/0022443-1_WhIVp-1.jpg\",\"width\":480,\"height\":480,\"caption\":\"Stoffw\u00fcrfel Set Forest Friends\"},{\"@type\":\"BreadcrumbList\",\"@id\":\"https:\/\/eazyshop.ch\/produkt\/stoffwuerfel-set-forest-friends\/#breadcrumb\",\"itemListElement\":[{\"@type\":\"ListItem\",\"position\":1,\"name\":\"Startseite\",\"item\":\"https:\/\/eazyshop.ch\/\"},{\"@type\":\"ListItem\",\"position\":2,\"name\":\"Shop\",\"item\":\"https:\/\/eazyshop.ch\/shop\/\"},{\"@type\":\"ListItem\",\"position\":3,\"name\":\"Little Dutch Stoffw\u00fcrfel Set Forest Friends\"}]},{\"@type\":\"WebSite\",\"@id\":\"https:\/\/eazyshop.ch\/#website\",\"url\":\"https:\/\/eazyshop.ch\/\",\"name\":\"Eazyshop\",\"description\":\"Where shopping feels easy\",\"publisher\":{\"@id\":\"https:\/\/eazyshop.ch\/#organization\"},\"potentialAction\":[{\"@type\":\"SearchAction\",\"target\":{\"@type\":\"EntryPoint\",\"urlTemplate\":\"https:\/\/eazyshop.ch\/?s={search_term_string}\"},\"query-input\":{\"@type\":\"PropertyValueSpecification\",\"valueRequired\":true,\"valueName\":\"search_term_string\"}}],\"inLanguage\":\"en-GB\"},{\"@type\":\"Organization\",\"@id\":\"https:\/\/eazyshop.ch\/#organization\",\"name\":\"Eazyshop\",\"url\":\"https:\/\/eazyshop.ch\/\",\"logo\":{\"@type\":\"ImageObject\",\"inLanguage\":\"en-GB\",\"@id\":\"https:\/\/eazyshop.ch\/#\/schema\/logo\/image\/\",\"url\":\"\",\"contentUrl\":\"\",\"caption\":\"Eazyshop\"},\"image\":{\"@id\":\"https:\/\/eazyshop.ch\/#\/schema\/logo\/image\/\"},\"sameAs\":[\"https:\/\/www.instagram.com\/eazyshop_ch\/\"]}]}<\/script>\n<!-- \/ Yoast SEO plugin. -->","yoast_head_json":{"title":"Little Dutch Stoffw\u00fcrfel Set Forest Friends - Eazyshop","description":"Ring, Ring, Ratschen. Mit unterschiedlichen Ger\u00e4uschen, Texturen und Farben zu entdecken, h\u00e4lt diese fr\u00f6hliche Reihe weicher Aktivit\u00e4tsbl\u00f6cke der","robots":{"index":"index","follow":"follow","max-snippet":"max-snippet:-1","max-image-preview":"max-image-preview:large","max-video-preview":"max-video-preview:-1"},"canonical":"https:\/\/eazyshop.ch\/en\/product\/stoffwuerfel-set-forest-friends\/","og_locale":"en_GB","og_type":"article","og_title":"Little Dutch Stoffw\u00fcrfel Set Forest Friends - Eazyshop","og_description":"Ring, Ring, Ratschen. Mit unterschiedlichen Ger\u00e4uschen, Texturen und Farben zu entdecken, h\u00e4lt diese fr\u00f6hliche Reihe weicher Aktivit\u00e4tsbl\u00f6cke der","og_url":"https:\/\/eazyshop.ch\/en\/product\/stoffwuerfel-set-forest-friends\/","og_site_name":"Eazyshop","article_modified_time":"2026-03-27T11:40:02+00:00","og_image":[{"width":480,"height":480,"url":"https:\/\/eazyshop.ch\/wp-content\/uploads\/2026\/03\/0022443-1_WhIVp-1.jpg","type":"image\/jpeg"}],"twitter_card":"summary_large_image","schema":{"@context":"https:\/\/schema.org","@graph":[{"@type":"WebPage","@id":"https:\/\/eazyshop.ch\/produkt\/stoffwuerfel-set-forest-friends\/","url":"https:\/\/eazyshop.ch\/produkt\/stoffwuerfel-set-forest-friends\/","name":"Little Dutch Stoffw\u00fcrfel Set Forest Friends - Eazyshop","isPartOf":{"@id":"https:\/\/eazyshop.ch\/#website"},"primaryImageOfPage":{"@id":"https:\/\/eazyshop.ch\/produkt\/stoffwuerfel-set-forest-friends\/#primaryimage"},"image":{"@id":"https:\/\/eazyshop.ch\/produkt\/stoffwuerfel-set-forest-friends\/#primaryimage"},"thumbnailUrl":"https:\/\/eazyshop.ch\/wp-content\/uploads\/2026\/03\/0022443-1_WhIVp-1.jpg","datePublished":"2025-09-14T18:36:37+00:00","dateModified":"2026-03-27T11:40:02+00:00","description":"Ring, Ring, Ratschen. Mit unterschiedlichen Ger\u00e4uschen, Texturen und Farben zu entdecken, h\u00e4lt diese fr\u00f6hliche Reihe weicher Aktivit\u00e4tsbl\u00f6cke der","breadcrumb":{"@id":"https:\/\/eazyshop.ch\/produkt\/stoffwuerfel-set-forest-friends\/#breadcrumb"},"inLanguage":"en-GB","potentialAction":[{"@type":"ReadAction","target":["https:\/\/eazyshop.ch\/produkt\/stoffwuerfel-set-forest-friends\/"]}]},{"@type":"ImageObject","inLanguage":"en-GB","@id":"https:\/\/eazyshop.ch\/produkt\/stoffwuerfel-set-forest-friends\/#primaryimage","url":"https:\/\/eazyshop.ch\/wp-content\/uploads\/2026\/03\/0022443-1_WhIVp-1.jpg","contentUrl":"https:\/\/eazyshop.ch\/wp-content\/uploads\/2026\/03\/0022443-1_WhIVp-1.jpg","width":480,"height":480,"caption":"Stoffw\u00fcrfel Set Forest Friends"},{"@type":"BreadcrumbList","@id":"https:\/\/eazyshop.ch\/produkt\/stoffwuerfel-set-forest-friends\/#breadcrumb","itemListElement":[{"@type":"ListItem","position":1,"name":"Startseite","item":"https:\/\/eazyshop.ch\/"},{"@type":"ListItem","position":2,"name":"Shop","item":"https:\/\/eazyshop.ch\/shop\/"},{"@type":"ListItem","position":3,"name":"Little Dutch Stoffw\u00fcrfel Set Forest Friends"}]},{"@type":"WebSite","@id":"https:\/\/eazyshop.ch\/#website","url":"https:\/\/eazyshop.ch\/","name":"Eazyshop","description":"Where shopping feels easy","publisher":{"@id":"https:\/\/eazyshop.ch\/#organization"},"potentialAction":[{"@type":"SearchAction","target":{"@type":"EntryPoint","urlTemplate":"https:\/\/eazyshop.ch\/?s={search_term_string}"},"query-input":{"@type":"PropertyValueSpecification","valueRequired":true,"valueName":"search_term_string"}}],"inLanguage":"en-GB"},{"@type":"Organization","@id":"https:\/\/eazyshop.ch\/#organization","name":"Eazyshop","url":"https:\/\/eazyshop.ch\/","logo":{"@type":"ImageObject","inLanguage":"en-GB","@id":"https:\/\/eazyshop.ch\/#\/schema\/logo\/image\/","url":"","contentUrl":"","caption":"Eazyshop"},"image":{"@id":"https:\/\/eazyshop.ch\/#\/schema\/logo\/image\/"},"sameAs":["https:\/\/www.instagram.com\/eazyshop_ch\/"]}]}},"jetpack_sharing_enabled":true,"_links":{"self":[{"href":"https:\/\/eazyshop.ch\/en\/wp-json\/wp\/v2\/product\/1059192","targetHints":{"allow":["GET"]}}],"collection":[{"href":"https:\/\/eazyshop.ch\/en\/wp-json\/wp\/v2\/product"}],"about":[{"href":"https:\/\/eazyshop.ch\/en\/wp-json\/wp\/v2\/types\/product"}],"replies":[{"embeddable":true,"href":"https:\/\/eazyshop.ch\/en\/wp-json\/wp\/v2\/comments?post=1059192"}],"version-history":[{"count":0,"href":"https:\/\/eazyshop.ch\/en\/wp-json\/wp\/v2\/product\/1059192\/revisions"}],"wp:featuredmedia":[{"embeddable":true,"href":"https:\/\/eazyshop.ch\/en\/wp-json\/wp\/v2\/media\/1077025"}],"wp:attachment":[{"href":"https:\/\/eazyshop.ch\/en\/wp-json\/wp\/v2\/media?parent=1059192"}],"wp:term":[{"taxonomy":"product_brand","embeddable":true,"href":"https:\/\/eazyshop.ch\/en\/wp-json\/wp\/v2\/product_brand?post=1059192"},{"taxonomy":"product_cat","embeddable":true,"href":"https:\/\/eazyshop.ch\/en\/wp-json\/wp\/v2\/product_cat?post=1059192"},{"taxonomy":"product_tag","embeddable":true,"href":"https:\/\/eazyshop.ch\/en\/wp-json\/wp\/v2\/product_tag?post=1059192"}],"curies":[{"name":"wp","href":"https:\/\/api.w.org\/{rel}","templated":true}]}}