{"id":1059191,"date":"2025-09-14T18:36:34","date_gmt":"2025-09-14T18:36:34","guid":{"rendered":"https:\/\/eazyshop.ch\/shop\/geschenkset-forest-friends-grs\/"},"modified":"2026-03-27T11:40:02","modified_gmt":"2026-03-27T11:40:02","slug":"geschenkset-forest-friends-grs","status":"publish","type":"product","link":"https:\/\/eazyshop.ch\/en\/product\/geschenkset-forest-friends-grs\/","title":{"rendered":"Little Dutch Geschenkset Forest Friends GRS"},"content":{"rendered":"<p>Unsere Favoriten der Forest Friends Collection zusammen bilden ein perfektes Mutterschaftsgeschenk oder Babypartygeschenk. Diese wundersch\u00f6ne Schachtel enth\u00e4lt drei weiche Produkte, mit denen man schl\u00e4ft, umarmt und spielt. Das Kuscheltuch mit weicher Eule ist wunderbar zu kuscheln, aber auch f\u00fcr ein Spiel mit Peekaboo. Der Hug Fox ist immer bereit f\u00fcr eine robuste Umarmung und Abenteuer voller Spiele und Fantasie. Dieses Set enth\u00e4lt auch Z\u00e4hne zum Erweichen, wenn die Z\u00e4hne durchkommen. Und der sch\u00f6ne Fuchs am Ring stimuliert die Hand-Auge-Koordination und die Neugier der Kinder. Die drei Produkte sind in einer sch\u00f6nen Geschenkbox zusammengepackt.<\/p>","protected":false},"excerpt":{"rendered":"<p>Unsere Favoriten der Forest Friends Collection zusammen bilden ein perfektes Mutterschaftsgeschenk oder Babypartygeschenk. Diese wundersch\u00f6ne Schachtel enth\u00e4lt drei weiche Produkte,<\/p>","protected":false},"featured_media":1077024,"comment_status":"open","ping_status":"closed","template":"","meta":[],"product_brand":[15418],"product_cat":[7652],"product_tag":[],"class_list":{"0":"post-1059191","1":"product","2":"type-product","3":"status-publish","4":"has-post-thumbnail","6":"product_brand-little-dutch","7":"product_cat-baby-kleinkind","9":"first","10":"instock","11":"taxable","12":"shipping-taxable","13":"purchasable","14":"product-type-simple"},"yoast_head":"<!-- This site is optimized with the Yoast SEO plugin v26.9 - https:\/\/yoast.com\/product\/yoast-seo-wordpress\/ -->\n<title>Little Dutch Geschenkset Forest Friends GRS - Eazyshop<\/title>\n<meta name=\"description\" content=\"Unsere Favoriten der Forest Friends Collection zusammen bilden ein perfektes Mutterschaftsgeschenk oder Babypartygeschenk. Diese wundersch\u00f6ne Schachtel\" \/>\n<meta name=\"robots\" content=\"index, follow, max-snippet:-1, max-image-preview:large, max-video-preview:-1\" \/>\n<link rel=\"canonical\" href=\"https:\/\/eazyshop.ch\/en\/product\/geschenkset-forest-friends-grs\/\" \/>\n<meta property=\"og:locale\" content=\"en_GB\" \/>\n<meta property=\"og:type\" content=\"article\" \/>\n<meta property=\"og:title\" content=\"Little Dutch Geschenkset Forest Friends GRS - Eazyshop\" \/>\n<meta property=\"og:description\" content=\"Unsere Favoriten der Forest Friends Collection zusammen bilden ein perfektes Mutterschaftsgeschenk oder Babypartygeschenk. Diese wundersch\u00f6ne Schachtel\" \/>\n<meta property=\"og:url\" content=\"https:\/\/eazyshop.ch\/en\/product\/geschenkset-forest-friends-grs\/\" \/>\n<meta property=\"og:site_name\" content=\"Eazyshop\" \/>\n<meta property=\"article:modified_time\" content=\"2026-03-27T11:40:02+00:00\" \/>\n<meta property=\"og:image\" content=\"https:\/\/eazyshop.ch\/wp-content\/uploads\/2026\/03\/0020964-1_p3kZA-1.jpg\" \/>\n\t<meta property=\"og:image:width\" content=\"480\" \/>\n\t<meta property=\"og:image:height\" content=\"480\" \/>\n\t<meta property=\"og:image:type\" content=\"image\/jpeg\" \/>\n<meta name=\"twitter:card\" content=\"summary_large_image\" \/>\n<meta name=\"twitter:label1\" content=\"Estimated reading time\" \/>\n\t<meta name=\"twitter:data1\" content=\"1 minute\" \/>\n<script type=\"application\/ld+json\" class=\"yoast-schema-graph\">{\"@context\":\"https:\/\/schema.org\",\"@graph\":[{\"@type\":\"WebPage\",\"@id\":\"https:\/\/eazyshop.ch\/produkt\/geschenkset-forest-friends-grs\/\",\"url\":\"https:\/\/eazyshop.ch\/produkt\/geschenkset-forest-friends-grs\/\",\"name\":\"Little Dutch Geschenkset Forest Friends GRS - Eazyshop\",\"isPartOf\":{\"@id\":\"https:\/\/eazyshop.ch\/#website\"},\"primaryImageOfPage\":{\"@id\":\"https:\/\/eazyshop.ch\/produkt\/geschenkset-forest-friends-grs\/#primaryimage\"},\"image\":{\"@id\":\"https:\/\/eazyshop.ch\/produkt\/geschenkset-forest-friends-grs\/#primaryimage\"},\"thumbnailUrl\":\"https:\/\/eazyshop.ch\/wp-content\/uploads\/2026\/03\/0020964-1_p3kZA-1.jpg\",\"datePublished\":\"2025-09-14T18:36:34+00:00\",\"dateModified\":\"2026-03-27T11:40:02+00:00\",\"description\":\"Unsere Favoriten der Forest Friends Collection zusammen bilden ein perfektes Mutterschaftsgeschenk oder Babypartygeschenk. Diese wundersch\u00f6ne Schachtel\",\"breadcrumb\":{\"@id\":\"https:\/\/eazyshop.ch\/produkt\/geschenkset-forest-friends-grs\/#breadcrumb\"},\"inLanguage\":\"en-GB\",\"potentialAction\":[{\"@type\":\"ReadAction\",\"target\":[\"https:\/\/eazyshop.ch\/produkt\/geschenkset-forest-friends-grs\/\"]}]},{\"@type\":\"ImageObject\",\"inLanguage\":\"en-GB\",\"@id\":\"https:\/\/eazyshop.ch\/produkt\/geschenkset-forest-friends-grs\/#primaryimage\",\"url\":\"https:\/\/eazyshop.ch\/wp-content\/uploads\/2026\/03\/0020964-1_p3kZA-1.jpg\",\"contentUrl\":\"https:\/\/eazyshop.ch\/wp-content\/uploads\/2026\/03\/0020964-1_p3kZA-1.jpg\",\"width\":480,\"height\":480,\"caption\":\"Geschenkset Forest Friends GRS\"},{\"@type\":\"BreadcrumbList\",\"@id\":\"https:\/\/eazyshop.ch\/produkt\/geschenkset-forest-friends-grs\/#breadcrumb\",\"itemListElement\":[{\"@type\":\"ListItem\",\"position\":1,\"name\":\"Startseite\",\"item\":\"https:\/\/eazyshop.ch\/\"},{\"@type\":\"ListItem\",\"position\":2,\"name\":\"Shop\",\"item\":\"https:\/\/eazyshop.ch\/shop\/\"},{\"@type\":\"ListItem\",\"position\":3,\"name\":\"Little Dutch Geschenkset Forest Friends GRS\"}]},{\"@type\":\"WebSite\",\"@id\":\"https:\/\/eazyshop.ch\/#website\",\"url\":\"https:\/\/eazyshop.ch\/\",\"name\":\"Eazyshop\",\"description\":\"Where shopping feels easy\",\"publisher\":{\"@id\":\"https:\/\/eazyshop.ch\/#organization\"},\"potentialAction\":[{\"@type\":\"SearchAction\",\"target\":{\"@type\":\"EntryPoint\",\"urlTemplate\":\"https:\/\/eazyshop.ch\/?s={search_term_string}\"},\"query-input\":{\"@type\":\"PropertyValueSpecification\",\"valueRequired\":true,\"valueName\":\"search_term_string\"}}],\"inLanguage\":\"en-GB\"},{\"@type\":\"Organization\",\"@id\":\"https:\/\/eazyshop.ch\/#organization\",\"name\":\"Eazyshop\",\"url\":\"https:\/\/eazyshop.ch\/\",\"logo\":{\"@type\":\"ImageObject\",\"inLanguage\":\"en-GB\",\"@id\":\"https:\/\/eazyshop.ch\/#\/schema\/logo\/image\/\",\"url\":\"\",\"contentUrl\":\"\",\"caption\":\"Eazyshop\"},\"image\":{\"@id\":\"https:\/\/eazyshop.ch\/#\/schema\/logo\/image\/\"},\"sameAs\":[\"https:\/\/www.instagram.com\/eazyshop_ch\/\"]}]}<\/script>\n<!-- \/ Yoast SEO plugin. -->","yoast_head_json":{"title":"Little Dutch Geschenkset Forest Friends GRS - Eazyshop","description":"Unsere Favoriten der Forest Friends Collection zusammen bilden ein perfektes Mutterschaftsgeschenk oder Babypartygeschenk. Diese wundersch\u00f6ne Schachtel","robots":{"index":"index","follow":"follow","max-snippet":"max-snippet:-1","max-image-preview":"max-image-preview:large","max-video-preview":"max-video-preview:-1"},"canonical":"https:\/\/eazyshop.ch\/en\/product\/geschenkset-forest-friends-grs\/","og_locale":"en_GB","og_type":"article","og_title":"Little Dutch Geschenkset Forest Friends GRS - Eazyshop","og_description":"Unsere Favoriten der Forest Friends Collection zusammen bilden ein perfektes Mutterschaftsgeschenk oder Babypartygeschenk. Diese wundersch\u00f6ne Schachtel","og_url":"https:\/\/eazyshop.ch\/en\/product\/geschenkset-forest-friends-grs\/","og_site_name":"Eazyshop","article_modified_time":"2026-03-27T11:40:02+00:00","og_image":[{"width":480,"height":480,"url":"https:\/\/eazyshop.ch\/wp-content\/uploads\/2026\/03\/0020964-1_p3kZA-1.jpg","type":"image\/jpeg"}],"twitter_card":"summary_large_image","twitter_misc":{"Estimated reading time":"1 minute"},"schema":{"@context":"https:\/\/schema.org","@graph":[{"@type":"WebPage","@id":"https:\/\/eazyshop.ch\/produkt\/geschenkset-forest-friends-grs\/","url":"https:\/\/eazyshop.ch\/produkt\/geschenkset-forest-friends-grs\/","name":"Little Dutch Geschenkset Forest Friends GRS - Eazyshop","isPartOf":{"@id":"https:\/\/eazyshop.ch\/#website"},"primaryImageOfPage":{"@id":"https:\/\/eazyshop.ch\/produkt\/geschenkset-forest-friends-grs\/#primaryimage"},"image":{"@id":"https:\/\/eazyshop.ch\/produkt\/geschenkset-forest-friends-grs\/#primaryimage"},"thumbnailUrl":"https:\/\/eazyshop.ch\/wp-content\/uploads\/2026\/03\/0020964-1_p3kZA-1.jpg","datePublished":"2025-09-14T18:36:34+00:00","dateModified":"2026-03-27T11:40:02+00:00","description":"Unsere Favoriten der Forest Friends Collection zusammen bilden ein perfektes Mutterschaftsgeschenk oder Babypartygeschenk. Diese wundersch\u00f6ne Schachtel","breadcrumb":{"@id":"https:\/\/eazyshop.ch\/produkt\/geschenkset-forest-friends-grs\/#breadcrumb"},"inLanguage":"en-GB","potentialAction":[{"@type":"ReadAction","target":["https:\/\/eazyshop.ch\/produkt\/geschenkset-forest-friends-grs\/"]}]},{"@type":"ImageObject","inLanguage":"en-GB","@id":"https:\/\/eazyshop.ch\/produkt\/geschenkset-forest-friends-grs\/#primaryimage","url":"https:\/\/eazyshop.ch\/wp-content\/uploads\/2026\/03\/0020964-1_p3kZA-1.jpg","contentUrl":"https:\/\/eazyshop.ch\/wp-content\/uploads\/2026\/03\/0020964-1_p3kZA-1.jpg","width":480,"height":480,"caption":"Geschenkset Forest Friends GRS"},{"@type":"BreadcrumbList","@id":"https:\/\/eazyshop.ch\/produkt\/geschenkset-forest-friends-grs\/#breadcrumb","itemListElement":[{"@type":"ListItem","position":1,"name":"Startseite","item":"https:\/\/eazyshop.ch\/"},{"@type":"ListItem","position":2,"name":"Shop","item":"https:\/\/eazyshop.ch\/shop\/"},{"@type":"ListItem","position":3,"name":"Little Dutch Geschenkset Forest Friends GRS"}]},{"@type":"WebSite","@id":"https:\/\/eazyshop.ch\/#website","url":"https:\/\/eazyshop.ch\/","name":"Eazyshop","description":"Where shopping feels easy","publisher":{"@id":"https:\/\/eazyshop.ch\/#organization"},"potentialAction":[{"@type":"SearchAction","target":{"@type":"EntryPoint","urlTemplate":"https:\/\/eazyshop.ch\/?s={search_term_string}"},"query-input":{"@type":"PropertyValueSpecification","valueRequired":true,"valueName":"search_term_string"}}],"inLanguage":"en-GB"},{"@type":"Organization","@id":"https:\/\/eazyshop.ch\/#organization","name":"Eazyshop","url":"https:\/\/eazyshop.ch\/","logo":{"@type":"ImageObject","inLanguage":"en-GB","@id":"https:\/\/eazyshop.ch\/#\/schema\/logo\/image\/","url":"","contentUrl":"","caption":"Eazyshop"},"image":{"@id":"https:\/\/eazyshop.ch\/#\/schema\/logo\/image\/"},"sameAs":["https:\/\/www.instagram.com\/eazyshop_ch\/"]}]}},"jetpack_sharing_enabled":true,"_links":{"self":[{"href":"https:\/\/eazyshop.ch\/en\/wp-json\/wp\/v2\/product\/1059191","targetHints":{"allow":["GET"]}}],"collection":[{"href":"https:\/\/eazyshop.ch\/en\/wp-json\/wp\/v2\/product"}],"about":[{"href":"https:\/\/eazyshop.ch\/en\/wp-json\/wp\/v2\/types\/product"}],"replies":[{"embeddable":true,"href":"https:\/\/eazyshop.ch\/en\/wp-json\/wp\/v2\/comments?post=1059191"}],"version-history":[{"count":0,"href":"https:\/\/eazyshop.ch\/en\/wp-json\/wp\/v2\/product\/1059191\/revisions"}],"wp:featuredmedia":[{"embeddable":true,"href":"https:\/\/eazyshop.ch\/en\/wp-json\/wp\/v2\/media\/1077024"}],"wp:attachment":[{"href":"https:\/\/eazyshop.ch\/en\/wp-json\/wp\/v2\/media?parent=1059191"}],"wp:term":[{"taxonomy":"product_brand","embeddable":true,"href":"https:\/\/eazyshop.ch\/en\/wp-json\/wp\/v2\/product_brand?post=1059191"},{"taxonomy":"product_cat","embeddable":true,"href":"https:\/\/eazyshop.ch\/en\/wp-json\/wp\/v2\/product_cat?post=1059191"},{"taxonomy":"product_tag","embeddable":true,"href":"https:\/\/eazyshop.ch\/en\/wp-json\/wp\/v2\/product_tag?post=1059191"}],"curies":[{"name":"wp","href":"https:\/\/api.w.org\/{rel}","templated":true}]}}