{"id":1059188,"date":"2025-09-14T18:36:23","date_gmt":"2025-09-14T18:36:23","guid":{"rendered":"https:\/\/eazyshop.ch\/shop\/rassel-blume-little-farm\/"},"modified":"2026-03-27T11:40:01","modified_gmt":"2026-03-27T11:40:01","slug":"rassel-blume-little-farm","status":"publish","type":"product","link":"https:\/\/eazyshop.ch\/en\/product\/rassel-blume-little-farm\/","title":{"rendered":"Little Dutch Rassel Blume Little Farm"},"content":{"rendered":"<p>Wie s\u00fc\u00df ist diese Rassel in Form einer Blume aus der Little Farm Kollektion! Wenn du damit spielst, h\u00f6rst du ein angenehmes Ger\u00e4usch. Die Bl\u00fctenbl\u00e4tter der Blume verbergen ein Knistern f\u00fcr zus\u00e4tzlichen Spa\u00df. Die Rassel f\u00f6rdert die Hand-Augen-Koordination, ist aus sch\u00f6nem, weichem Material gefertigt und l\u00e4sst sich von kleinen Kinderh\u00e4nden leicht greifen.<\/p>","protected":false},"excerpt":{"rendered":"<p>Wie s\u00fc\u00df ist diese Rassel in Form einer Blume aus der Little Farm Kollektion! Wenn du damit spielst, h\u00f6rst du<\/p>","protected":false},"featured_media":1077021,"comment_status":"open","ping_status":"closed","template":"","meta":[],"product_brand":[15418],"product_cat":[7652],"product_tag":[],"class_list":{"0":"post-1059188","1":"product","2":"type-product","3":"status-publish","4":"has-post-thumbnail","6":"product_brand-little-dutch","7":"product_cat-baby-kleinkind","9":"first","10":"instock","11":"taxable","12":"shipping-taxable","13":"purchasable","14":"product-type-simple"},"yoast_head":"<!-- This site is optimized with the Yoast SEO plugin v26.9 - https:\/\/yoast.com\/product\/yoast-seo-wordpress\/ -->\n<title>Little Dutch Rassel Blume Little Farm - Eazyshop<\/title>\n<meta name=\"description\" content=\"Wie s\u00fc\u00df ist diese Rassel in Form einer Blume aus der Little Farm Kollektion! Wenn du damit spielst, h\u00f6rst du ein angenehmes Ger\u00e4usch. Die Bl\u00fctenbl\u00e4tter\" \/>\n<meta name=\"robots\" content=\"index, follow, max-snippet:-1, max-image-preview:large, max-video-preview:-1\" \/>\n<link rel=\"canonical\" href=\"https:\/\/eazyshop.ch\/en\/product\/rassel-blume-little-farm\/\" \/>\n<meta property=\"og:locale\" content=\"en_GB\" \/>\n<meta property=\"og:type\" content=\"article\" \/>\n<meta property=\"og:title\" content=\"Little Dutch Rassel Blume Little Farm - Eazyshop\" \/>\n<meta property=\"og:description\" content=\"Wie s\u00fc\u00df ist diese Rassel in Form einer Blume aus der Little Farm Kollektion! Wenn du damit spielst, h\u00f6rst du ein angenehmes Ger\u00e4usch. Die Bl\u00fctenbl\u00e4tter\" \/>\n<meta property=\"og:url\" content=\"https:\/\/eazyshop.ch\/en\/product\/rassel-blume-little-farm\/\" \/>\n<meta property=\"og:site_name\" content=\"Eazyshop\" \/>\n<meta property=\"article:modified_time\" content=\"2026-03-27T11:40:01+00:00\" \/>\n<meta property=\"og:image\" content=\"https:\/\/eazyshop.ch\/wp-content\/uploads\/2026\/03\/0008086_rassel-blume-little-farm_550-1_Wbz8o-1.jpeg\" \/>\n\t<meta property=\"og:image:width\" content=\"550\" \/>\n\t<meta property=\"og:image:height\" content=\"550\" \/>\n\t<meta property=\"og:image:type\" content=\"image\/jpeg\" \/>\n<meta name=\"twitter:card\" content=\"summary_large_image\" \/>\n<script type=\"application\/ld+json\" class=\"yoast-schema-graph\">{\"@context\":\"https:\/\/schema.org\",\"@graph\":[{\"@type\":\"WebPage\",\"@id\":\"https:\/\/eazyshop.ch\/produkt\/rassel-blume-little-farm\/\",\"url\":\"https:\/\/eazyshop.ch\/produkt\/rassel-blume-little-farm\/\",\"name\":\"Little Dutch Rassel Blume Little Farm - Eazyshop\",\"isPartOf\":{\"@id\":\"https:\/\/eazyshop.ch\/#website\"},\"primaryImageOfPage\":{\"@id\":\"https:\/\/eazyshop.ch\/produkt\/rassel-blume-little-farm\/#primaryimage\"},\"image\":{\"@id\":\"https:\/\/eazyshop.ch\/produkt\/rassel-blume-little-farm\/#primaryimage\"},\"thumbnailUrl\":\"https:\/\/eazyshop.ch\/wp-content\/uploads\/2026\/03\/0008086_rassel-blume-little-farm_550-1_Wbz8o-1.jpeg\",\"datePublished\":\"2025-09-14T18:36:23+00:00\",\"dateModified\":\"2026-03-27T11:40:01+00:00\",\"description\":\"Wie s\u00fc\u00df ist diese Rassel in Form einer Blume aus der Little Farm Kollektion! Wenn du damit spielst, h\u00f6rst du ein angenehmes Ger\u00e4usch. Die Bl\u00fctenbl\u00e4tter\",\"breadcrumb\":{\"@id\":\"https:\/\/eazyshop.ch\/produkt\/rassel-blume-little-farm\/#breadcrumb\"},\"inLanguage\":\"en-GB\",\"potentialAction\":[{\"@type\":\"ReadAction\",\"target\":[\"https:\/\/eazyshop.ch\/produkt\/rassel-blume-little-farm\/\"]}]},{\"@type\":\"ImageObject\",\"inLanguage\":\"en-GB\",\"@id\":\"https:\/\/eazyshop.ch\/produkt\/rassel-blume-little-farm\/#primaryimage\",\"url\":\"https:\/\/eazyshop.ch\/wp-content\/uploads\/2026\/03\/0008086_rassel-blume-little-farm_550-1_Wbz8o-1.jpeg\",\"contentUrl\":\"https:\/\/eazyshop.ch\/wp-content\/uploads\/2026\/03\/0008086_rassel-blume-little-farm_550-1_Wbz8o-1.jpeg\",\"width\":550,\"height\":550,\"caption\":\"Rassel Blume Little Farm\"},{\"@type\":\"BreadcrumbList\",\"@id\":\"https:\/\/eazyshop.ch\/produkt\/rassel-blume-little-farm\/#breadcrumb\",\"itemListElement\":[{\"@type\":\"ListItem\",\"position\":1,\"name\":\"Startseite\",\"item\":\"https:\/\/eazyshop.ch\/\"},{\"@type\":\"ListItem\",\"position\":2,\"name\":\"Shop\",\"item\":\"https:\/\/eazyshop.ch\/shop\/\"},{\"@type\":\"ListItem\",\"position\":3,\"name\":\"Little Dutch Rassel Blume Little Farm\"}]},{\"@type\":\"WebSite\",\"@id\":\"https:\/\/eazyshop.ch\/#website\",\"url\":\"https:\/\/eazyshop.ch\/\",\"name\":\"Eazyshop\",\"description\":\"Where shopping feels easy\",\"publisher\":{\"@id\":\"https:\/\/eazyshop.ch\/#organization\"},\"potentialAction\":[{\"@type\":\"SearchAction\",\"target\":{\"@type\":\"EntryPoint\",\"urlTemplate\":\"https:\/\/eazyshop.ch\/?s={search_term_string}\"},\"query-input\":{\"@type\":\"PropertyValueSpecification\",\"valueRequired\":true,\"valueName\":\"search_term_string\"}}],\"inLanguage\":\"en-GB\"},{\"@type\":\"Organization\",\"@id\":\"https:\/\/eazyshop.ch\/#organization\",\"name\":\"Eazyshop\",\"url\":\"https:\/\/eazyshop.ch\/\",\"logo\":{\"@type\":\"ImageObject\",\"inLanguage\":\"en-GB\",\"@id\":\"https:\/\/eazyshop.ch\/#\/schema\/logo\/image\/\",\"url\":\"\",\"contentUrl\":\"\",\"caption\":\"Eazyshop\"},\"image\":{\"@id\":\"https:\/\/eazyshop.ch\/#\/schema\/logo\/image\/\"},\"sameAs\":[\"https:\/\/www.instagram.com\/eazyshop_ch\/\"]}]}<\/script>\n<!-- \/ Yoast SEO plugin. -->","yoast_head_json":{"title":"Little Dutch Rassel Blume Little Farm - Eazyshop","description":"Wie s\u00fc\u00df ist diese Rassel in Form einer Blume aus der Little Farm Kollektion! Wenn du damit spielst, h\u00f6rst du ein angenehmes Ger\u00e4usch. Die Bl\u00fctenbl\u00e4tter","robots":{"index":"index","follow":"follow","max-snippet":"max-snippet:-1","max-image-preview":"max-image-preview:large","max-video-preview":"max-video-preview:-1"},"canonical":"https:\/\/eazyshop.ch\/en\/product\/rassel-blume-little-farm\/","og_locale":"en_GB","og_type":"article","og_title":"Little Dutch Rassel Blume Little Farm - Eazyshop","og_description":"Wie s\u00fc\u00df ist diese Rassel in Form einer Blume aus der Little Farm Kollektion! Wenn du damit spielst, h\u00f6rst du ein angenehmes Ger\u00e4usch. Die Bl\u00fctenbl\u00e4tter","og_url":"https:\/\/eazyshop.ch\/en\/product\/rassel-blume-little-farm\/","og_site_name":"Eazyshop","article_modified_time":"2026-03-27T11:40:01+00:00","og_image":[{"width":550,"height":550,"url":"https:\/\/eazyshop.ch\/wp-content\/uploads\/2026\/03\/0008086_rassel-blume-little-farm_550-1_Wbz8o-1.jpeg","type":"image\/jpeg"}],"twitter_card":"summary_large_image","schema":{"@context":"https:\/\/schema.org","@graph":[{"@type":"WebPage","@id":"https:\/\/eazyshop.ch\/produkt\/rassel-blume-little-farm\/","url":"https:\/\/eazyshop.ch\/produkt\/rassel-blume-little-farm\/","name":"Little Dutch Rassel Blume Little Farm - Eazyshop","isPartOf":{"@id":"https:\/\/eazyshop.ch\/#website"},"primaryImageOfPage":{"@id":"https:\/\/eazyshop.ch\/produkt\/rassel-blume-little-farm\/#primaryimage"},"image":{"@id":"https:\/\/eazyshop.ch\/produkt\/rassel-blume-little-farm\/#primaryimage"},"thumbnailUrl":"https:\/\/eazyshop.ch\/wp-content\/uploads\/2026\/03\/0008086_rassel-blume-little-farm_550-1_Wbz8o-1.jpeg","datePublished":"2025-09-14T18:36:23+00:00","dateModified":"2026-03-27T11:40:01+00:00","description":"Wie s\u00fc\u00df ist diese Rassel in Form einer Blume aus der Little Farm Kollektion! Wenn du damit spielst, h\u00f6rst du ein angenehmes Ger\u00e4usch. Die Bl\u00fctenbl\u00e4tter","breadcrumb":{"@id":"https:\/\/eazyshop.ch\/produkt\/rassel-blume-little-farm\/#breadcrumb"},"inLanguage":"en-GB","potentialAction":[{"@type":"ReadAction","target":["https:\/\/eazyshop.ch\/produkt\/rassel-blume-little-farm\/"]}]},{"@type":"ImageObject","inLanguage":"en-GB","@id":"https:\/\/eazyshop.ch\/produkt\/rassel-blume-little-farm\/#primaryimage","url":"https:\/\/eazyshop.ch\/wp-content\/uploads\/2026\/03\/0008086_rassel-blume-little-farm_550-1_Wbz8o-1.jpeg","contentUrl":"https:\/\/eazyshop.ch\/wp-content\/uploads\/2026\/03\/0008086_rassel-blume-little-farm_550-1_Wbz8o-1.jpeg","width":550,"height":550,"caption":"Rassel Blume Little Farm"},{"@type":"BreadcrumbList","@id":"https:\/\/eazyshop.ch\/produkt\/rassel-blume-little-farm\/#breadcrumb","itemListElement":[{"@type":"ListItem","position":1,"name":"Startseite","item":"https:\/\/eazyshop.ch\/"},{"@type":"ListItem","position":2,"name":"Shop","item":"https:\/\/eazyshop.ch\/shop\/"},{"@type":"ListItem","position":3,"name":"Little Dutch Rassel Blume Little Farm"}]},{"@type":"WebSite","@id":"https:\/\/eazyshop.ch\/#website","url":"https:\/\/eazyshop.ch\/","name":"Eazyshop","description":"Where shopping feels easy","publisher":{"@id":"https:\/\/eazyshop.ch\/#organization"},"potentialAction":[{"@type":"SearchAction","target":{"@type":"EntryPoint","urlTemplate":"https:\/\/eazyshop.ch\/?s={search_term_string}"},"query-input":{"@type":"PropertyValueSpecification","valueRequired":true,"valueName":"search_term_string"}}],"inLanguage":"en-GB"},{"@type":"Organization","@id":"https:\/\/eazyshop.ch\/#organization","name":"Eazyshop","url":"https:\/\/eazyshop.ch\/","logo":{"@type":"ImageObject","inLanguage":"en-GB","@id":"https:\/\/eazyshop.ch\/#\/schema\/logo\/image\/","url":"","contentUrl":"","caption":"Eazyshop"},"image":{"@id":"https:\/\/eazyshop.ch\/#\/schema\/logo\/image\/"},"sameAs":["https:\/\/www.instagram.com\/eazyshop_ch\/"]}]}},"jetpack_sharing_enabled":true,"_links":{"self":[{"href":"https:\/\/eazyshop.ch\/en\/wp-json\/wp\/v2\/product\/1059188","targetHints":{"allow":["GET"]}}],"collection":[{"href":"https:\/\/eazyshop.ch\/en\/wp-json\/wp\/v2\/product"}],"about":[{"href":"https:\/\/eazyshop.ch\/en\/wp-json\/wp\/v2\/types\/product"}],"replies":[{"embeddable":true,"href":"https:\/\/eazyshop.ch\/en\/wp-json\/wp\/v2\/comments?post=1059188"}],"version-history":[{"count":0,"href":"https:\/\/eazyshop.ch\/en\/wp-json\/wp\/v2\/product\/1059188\/revisions"}],"wp:featuredmedia":[{"embeddable":true,"href":"https:\/\/eazyshop.ch\/en\/wp-json\/wp\/v2\/media\/1077021"}],"wp:attachment":[{"href":"https:\/\/eazyshop.ch\/en\/wp-json\/wp\/v2\/media?parent=1059188"}],"wp:term":[{"taxonomy":"product_brand","embeddable":true,"href":"https:\/\/eazyshop.ch\/en\/wp-json\/wp\/v2\/product_brand?post=1059188"},{"taxonomy":"product_cat","embeddable":true,"href":"https:\/\/eazyshop.ch\/en\/wp-json\/wp\/v2\/product_cat?post=1059188"},{"taxonomy":"product_tag","embeddable":true,"href":"https:\/\/eazyshop.ch\/en\/wp-json\/wp\/v2\/product_tag?post=1059188"}],"curies":[{"name":"wp","href":"https:\/\/api.w.org\/{rel}","templated":true}]}}