{"id":1059187,"date":"2025-09-14T18:36:19","date_gmt":"2025-09-14T18:36:19","guid":{"rendered":"https:\/\/eazyshop.ch\/shop\/buggy-fuehlbuch-little-farm\/"},"modified":"2026-03-27T11:40:00","modified_gmt":"2026-03-27T11:40:00","slug":"buggy-fuehlbuch-little-farm","status":"publish","type":"product","link":"https:\/\/eazyshop.ch\/en\/product\/buggy-fuehlbuch-little-farm\/","title":{"rendered":"Little Dutch Buggy-F\u00fchlbuch Little Farm"},"content":{"rendered":"<p>Mit diesem farbenfrohen Kinderwagenheft von Little Farm wird es Babys nie langweilig. Es gibt viel zu entdecken mit den verschiedenen Materialien und Aktivit\u00e4ten, wie z. B. einem Spiegel, Knittertexturen und einem Quietsche-Spielzeug. Das weiche Buch hat auch verschiedene Etiketten zum F\u00fchlen, was nicht nur die Sinne anregt, sondern auch die Entwicklung der Hand-Augen-Koordination f\u00f6rdert. Befestigen Sie die Schlaufe am Kinderwagen f\u00fcr Unterhaltung unterwegs.<\/p>","protected":false},"excerpt":{"rendered":"<p>Mit diesem farbenfrohen Kinderwagenheft von Little Farm wird es Babys nie langweilig. Es gibt viel zu entdecken mit den verschiedenen<\/p>","protected":false},"featured_media":1077020,"comment_status":"open","ping_status":"closed","template":"","meta":[],"product_brand":[15418],"product_cat":[7652],"product_tag":[],"class_list":{"0":"post-1059187","1":"product","2":"type-product","3":"status-publish","4":"has-post-thumbnail","6":"product_brand-little-dutch","7":"product_cat-baby-kleinkind","9":"first","10":"instock","11":"taxable","12":"shipping-taxable","13":"purchasable","14":"product-type-simple"},"yoast_head":"<!-- This site is optimized with the Yoast SEO plugin v26.9 - https:\/\/yoast.com\/product\/yoast-seo-wordpress\/ -->\n<title>Little Dutch Buggy-F\u00fchlbuch Little Farm - Eazyshop<\/title>\n<meta name=\"description\" content=\"Mit diesem farbenfrohen Kinderwagenheft von Little Farm wird es Babys nie langweilig. Es gibt viel zu entdecken mit den verschiedenen Materialien und\" \/>\n<meta name=\"robots\" content=\"index, follow, max-snippet:-1, max-image-preview:large, max-video-preview:-1\" \/>\n<link rel=\"canonical\" href=\"https:\/\/eazyshop.ch\/en\/product\/buggy-fuehlbuch-little-farm\/\" \/>\n<meta property=\"og:locale\" content=\"en_GB\" \/>\n<meta property=\"og:type\" content=\"article\" \/>\n<meta property=\"og:title\" content=\"Little Dutch Buggy-F\u00fchlbuch Little Farm - Eazyshop\" \/>\n<meta property=\"og:description\" content=\"Mit diesem farbenfrohen Kinderwagenheft von Little Farm wird es Babys nie langweilig. Es gibt viel zu entdecken mit den verschiedenen Materialien und\" \/>\n<meta property=\"og:url\" content=\"https:\/\/eazyshop.ch\/en\/product\/buggy-fuehlbuch-little-farm\/\" \/>\n<meta property=\"og:site_name\" content=\"Eazyshop\" \/>\n<meta property=\"article:modified_time\" content=\"2026-03-27T11:40:00+00:00\" \/>\n<meta property=\"og:image\" content=\"https:\/\/eazyshop.ch\/wp-content\/uploads\/2026\/03\/0008085_buggy-fuhlbuch-little-farm_550-1_OEHDo-1.jpeg\" \/>\n\t<meta property=\"og:image:width\" content=\"550\" \/>\n\t<meta property=\"og:image:height\" content=\"550\" \/>\n\t<meta property=\"og:image:type\" content=\"image\/jpeg\" \/>\n<meta name=\"twitter:card\" content=\"summary_large_image\" \/>\n<script type=\"application\/ld+json\" class=\"yoast-schema-graph\">{\"@context\":\"https:\/\/schema.org\",\"@graph\":[{\"@type\":\"WebPage\",\"@id\":\"https:\/\/eazyshop.ch\/produkt\/buggy-fuehlbuch-little-farm\/\",\"url\":\"https:\/\/eazyshop.ch\/produkt\/buggy-fuehlbuch-little-farm\/\",\"name\":\"Little Dutch Buggy-F\u00fchlbuch Little Farm - Eazyshop\",\"isPartOf\":{\"@id\":\"https:\/\/eazyshop.ch\/#website\"},\"primaryImageOfPage\":{\"@id\":\"https:\/\/eazyshop.ch\/produkt\/buggy-fuehlbuch-little-farm\/#primaryimage\"},\"image\":{\"@id\":\"https:\/\/eazyshop.ch\/produkt\/buggy-fuehlbuch-little-farm\/#primaryimage\"},\"thumbnailUrl\":\"https:\/\/eazyshop.ch\/wp-content\/uploads\/2026\/03\/0008085_buggy-fuhlbuch-little-farm_550-1_OEHDo-1.jpeg\",\"datePublished\":\"2025-09-14T18:36:19+00:00\",\"dateModified\":\"2026-03-27T11:40:00+00:00\",\"description\":\"Mit diesem farbenfrohen Kinderwagenheft von Little Farm wird es Babys nie langweilig. Es gibt viel zu entdecken mit den verschiedenen Materialien und\",\"breadcrumb\":{\"@id\":\"https:\/\/eazyshop.ch\/produkt\/buggy-fuehlbuch-little-farm\/#breadcrumb\"},\"inLanguage\":\"en-GB\",\"potentialAction\":[{\"@type\":\"ReadAction\",\"target\":[\"https:\/\/eazyshop.ch\/produkt\/buggy-fuehlbuch-little-farm\/\"]}]},{\"@type\":\"ImageObject\",\"inLanguage\":\"en-GB\",\"@id\":\"https:\/\/eazyshop.ch\/produkt\/buggy-fuehlbuch-little-farm\/#primaryimage\",\"url\":\"https:\/\/eazyshop.ch\/wp-content\/uploads\/2026\/03\/0008085_buggy-fuhlbuch-little-farm_550-1_OEHDo-1.jpeg\",\"contentUrl\":\"https:\/\/eazyshop.ch\/wp-content\/uploads\/2026\/03\/0008085_buggy-fuhlbuch-little-farm_550-1_OEHDo-1.jpeg\",\"width\":550,\"height\":550,\"caption\":\"Buggy-F\u00fchlbuch Little Farm\"},{\"@type\":\"BreadcrumbList\",\"@id\":\"https:\/\/eazyshop.ch\/produkt\/buggy-fuehlbuch-little-farm\/#breadcrumb\",\"itemListElement\":[{\"@type\":\"ListItem\",\"position\":1,\"name\":\"Startseite\",\"item\":\"https:\/\/eazyshop.ch\/\"},{\"@type\":\"ListItem\",\"position\":2,\"name\":\"Shop\",\"item\":\"https:\/\/eazyshop.ch\/shop\/\"},{\"@type\":\"ListItem\",\"position\":3,\"name\":\"Little Dutch Buggy-F\u00fchlbuch Little Farm\"}]},{\"@type\":\"WebSite\",\"@id\":\"https:\/\/eazyshop.ch\/#website\",\"url\":\"https:\/\/eazyshop.ch\/\",\"name\":\"Eazyshop\",\"description\":\"Where shopping feels easy\",\"publisher\":{\"@id\":\"https:\/\/eazyshop.ch\/#organization\"},\"potentialAction\":[{\"@type\":\"SearchAction\",\"target\":{\"@type\":\"EntryPoint\",\"urlTemplate\":\"https:\/\/eazyshop.ch\/?s={search_term_string}\"},\"query-input\":{\"@type\":\"PropertyValueSpecification\",\"valueRequired\":true,\"valueName\":\"search_term_string\"}}],\"inLanguage\":\"en-GB\"},{\"@type\":\"Organization\",\"@id\":\"https:\/\/eazyshop.ch\/#organization\",\"name\":\"Eazyshop\",\"url\":\"https:\/\/eazyshop.ch\/\",\"logo\":{\"@type\":\"ImageObject\",\"inLanguage\":\"en-GB\",\"@id\":\"https:\/\/eazyshop.ch\/#\/schema\/logo\/image\/\",\"url\":\"\",\"contentUrl\":\"\",\"caption\":\"Eazyshop\"},\"image\":{\"@id\":\"https:\/\/eazyshop.ch\/#\/schema\/logo\/image\/\"},\"sameAs\":[\"https:\/\/www.instagram.com\/eazyshop_ch\/\"]}]}<\/script>\n<!-- \/ Yoast SEO plugin. -->","yoast_head_json":{"title":"Little Dutch Buggy-F\u00fchlbuch Little Farm - Eazyshop","description":"Mit diesem farbenfrohen Kinderwagenheft von Little Farm wird es Babys nie langweilig. Es gibt viel zu entdecken mit den verschiedenen Materialien und","robots":{"index":"index","follow":"follow","max-snippet":"max-snippet:-1","max-image-preview":"max-image-preview:large","max-video-preview":"max-video-preview:-1"},"canonical":"https:\/\/eazyshop.ch\/en\/product\/buggy-fuehlbuch-little-farm\/","og_locale":"en_GB","og_type":"article","og_title":"Little Dutch Buggy-F\u00fchlbuch Little Farm - Eazyshop","og_description":"Mit diesem farbenfrohen Kinderwagenheft von Little Farm wird es Babys nie langweilig. Es gibt viel zu entdecken mit den verschiedenen Materialien und","og_url":"https:\/\/eazyshop.ch\/en\/product\/buggy-fuehlbuch-little-farm\/","og_site_name":"Eazyshop","article_modified_time":"2026-03-27T11:40:00+00:00","og_image":[{"width":550,"height":550,"url":"https:\/\/eazyshop.ch\/wp-content\/uploads\/2026\/03\/0008085_buggy-fuhlbuch-little-farm_550-1_OEHDo-1.jpeg","type":"image\/jpeg"}],"twitter_card":"summary_large_image","schema":{"@context":"https:\/\/schema.org","@graph":[{"@type":"WebPage","@id":"https:\/\/eazyshop.ch\/produkt\/buggy-fuehlbuch-little-farm\/","url":"https:\/\/eazyshop.ch\/produkt\/buggy-fuehlbuch-little-farm\/","name":"Little Dutch Buggy-F\u00fchlbuch Little Farm - Eazyshop","isPartOf":{"@id":"https:\/\/eazyshop.ch\/#website"},"primaryImageOfPage":{"@id":"https:\/\/eazyshop.ch\/produkt\/buggy-fuehlbuch-little-farm\/#primaryimage"},"image":{"@id":"https:\/\/eazyshop.ch\/produkt\/buggy-fuehlbuch-little-farm\/#primaryimage"},"thumbnailUrl":"https:\/\/eazyshop.ch\/wp-content\/uploads\/2026\/03\/0008085_buggy-fuhlbuch-little-farm_550-1_OEHDo-1.jpeg","datePublished":"2025-09-14T18:36:19+00:00","dateModified":"2026-03-27T11:40:00+00:00","description":"Mit diesem farbenfrohen Kinderwagenheft von Little Farm wird es Babys nie langweilig. Es gibt viel zu entdecken mit den verschiedenen Materialien und","breadcrumb":{"@id":"https:\/\/eazyshop.ch\/produkt\/buggy-fuehlbuch-little-farm\/#breadcrumb"},"inLanguage":"en-GB","potentialAction":[{"@type":"ReadAction","target":["https:\/\/eazyshop.ch\/produkt\/buggy-fuehlbuch-little-farm\/"]}]},{"@type":"ImageObject","inLanguage":"en-GB","@id":"https:\/\/eazyshop.ch\/produkt\/buggy-fuehlbuch-little-farm\/#primaryimage","url":"https:\/\/eazyshop.ch\/wp-content\/uploads\/2026\/03\/0008085_buggy-fuhlbuch-little-farm_550-1_OEHDo-1.jpeg","contentUrl":"https:\/\/eazyshop.ch\/wp-content\/uploads\/2026\/03\/0008085_buggy-fuhlbuch-little-farm_550-1_OEHDo-1.jpeg","width":550,"height":550,"caption":"Buggy-F\u00fchlbuch Little Farm"},{"@type":"BreadcrumbList","@id":"https:\/\/eazyshop.ch\/produkt\/buggy-fuehlbuch-little-farm\/#breadcrumb","itemListElement":[{"@type":"ListItem","position":1,"name":"Startseite","item":"https:\/\/eazyshop.ch\/"},{"@type":"ListItem","position":2,"name":"Shop","item":"https:\/\/eazyshop.ch\/shop\/"},{"@type":"ListItem","position":3,"name":"Little Dutch Buggy-F\u00fchlbuch Little Farm"}]},{"@type":"WebSite","@id":"https:\/\/eazyshop.ch\/#website","url":"https:\/\/eazyshop.ch\/","name":"Eazyshop","description":"Where shopping feels easy","publisher":{"@id":"https:\/\/eazyshop.ch\/#organization"},"potentialAction":[{"@type":"SearchAction","target":{"@type":"EntryPoint","urlTemplate":"https:\/\/eazyshop.ch\/?s={search_term_string}"},"query-input":{"@type":"PropertyValueSpecification","valueRequired":true,"valueName":"search_term_string"}}],"inLanguage":"en-GB"},{"@type":"Organization","@id":"https:\/\/eazyshop.ch\/#organization","name":"Eazyshop","url":"https:\/\/eazyshop.ch\/","logo":{"@type":"ImageObject","inLanguage":"en-GB","@id":"https:\/\/eazyshop.ch\/#\/schema\/logo\/image\/","url":"","contentUrl":"","caption":"Eazyshop"},"image":{"@id":"https:\/\/eazyshop.ch\/#\/schema\/logo\/image\/"},"sameAs":["https:\/\/www.instagram.com\/eazyshop_ch\/"]}]}},"jetpack_sharing_enabled":true,"_links":{"self":[{"href":"https:\/\/eazyshop.ch\/en\/wp-json\/wp\/v2\/product\/1059187","targetHints":{"allow":["GET"]}}],"collection":[{"href":"https:\/\/eazyshop.ch\/en\/wp-json\/wp\/v2\/product"}],"about":[{"href":"https:\/\/eazyshop.ch\/en\/wp-json\/wp\/v2\/types\/product"}],"replies":[{"embeddable":true,"href":"https:\/\/eazyshop.ch\/en\/wp-json\/wp\/v2\/comments?post=1059187"}],"version-history":[{"count":0,"href":"https:\/\/eazyshop.ch\/en\/wp-json\/wp\/v2\/product\/1059187\/revisions"}],"wp:featuredmedia":[{"embeddable":true,"href":"https:\/\/eazyshop.ch\/en\/wp-json\/wp\/v2\/media\/1077020"}],"wp:attachment":[{"href":"https:\/\/eazyshop.ch\/en\/wp-json\/wp\/v2\/media?parent=1059187"}],"wp:term":[{"taxonomy":"product_brand","embeddable":true,"href":"https:\/\/eazyshop.ch\/en\/wp-json\/wp\/v2\/product_brand?post=1059187"},{"taxonomy":"product_cat","embeddable":true,"href":"https:\/\/eazyshop.ch\/en\/wp-json\/wp\/v2\/product_cat?post=1059187"},{"taxonomy":"product_tag","embeddable":true,"href":"https:\/\/eazyshop.ch\/en\/wp-json\/wp\/v2\/product_tag?post=1059187"}],"curies":[{"name":"wp","href":"https:\/\/api.w.org\/{rel}","templated":true}]}}