{"id":1059186,"date":"2025-09-14T18:36:16","date_gmt":"2025-09-14T18:36:16","guid":{"rendered":"https:\/\/eazyshop.ch\/shop\/geschenkset-little-farm\/"},"modified":"2026-03-27T11:40:00","modified_gmt":"2026-03-27T11:40:00","slug":"geschenkset-little-farm","status":"publish","type":"product","link":"https:\/\/eazyshop.ch\/en\/product\/geschenkset-little-farm\/","title":{"rendered":"Little Dutch Geschenkset Little Farm"},"content":{"rendered":"<p>Unsere Lieblinge aus der Little Farm-Kollektion sind das perfekte Geschenk zur Mutterschaft oder zur Babyparty. Diese h\u00fcbsche Box enth\u00e4lt drei weiche Produkte zum Schlafen, Kuscheln und Spielen. Die kuschelige Decke mit dem weichen Huhn eignet sich hervorragend zum Kuscheln, aber auch f\u00fcr ein Spiel mit dem Kuckuck. Das kuschelige Schaf ist immer zum Kuscheln aufgelegt und geht am liebsten \u00fcberall mit hin. Zu diesem Set geh\u00f6rt auch eine Ringrassel mit Kuh zum Spielen. Sie f\u00f6rdert die Hand-Augen-Koordination und die Neugierde der Kinder. Alle 3 Produkte sind in einer sch\u00f6nen Geschenkbox verpackt.<\/p>","protected":false},"excerpt":{"rendered":"<p>Unsere Lieblinge aus der Little Farm-Kollektion sind das perfekte Geschenk zur Mutterschaft oder zur Babyparty. Diese h\u00fcbsche Box enth\u00e4lt drei<\/p>","protected":false},"featured_media":1077018,"comment_status":"open","ping_status":"closed","template":"","meta":[],"product_brand":[15418],"product_cat":[7652],"product_tag":[],"class_list":{"0":"post-1059186","1":"product","2":"type-product","3":"status-publish","4":"has-post-thumbnail","6":"product_brand-little-dutch","7":"product_cat-baby-kleinkind","9":"first","10":"instock","11":"taxable","12":"shipping-taxable","13":"purchasable","14":"product-type-simple"},"yoast_head":"<!-- This site is optimized with the Yoast SEO plugin v26.9 - https:\/\/yoast.com\/product\/yoast-seo-wordpress\/ -->\n<title>Little Dutch Geschenkset Little Farm - Eazyshop<\/title>\n<meta name=\"description\" content=\"Unsere Lieblinge aus der Little Farm-Kollektion sind das perfekte Geschenk zur Mutterschaft oder zur Babyparty. Diese h\u00fcbsche Box enth\u00e4lt drei weiche\" \/>\n<meta name=\"robots\" content=\"index, follow, max-snippet:-1, max-image-preview:large, max-video-preview:-1\" \/>\n<link rel=\"canonical\" href=\"https:\/\/eazyshop.ch\/en\/product\/geschenkset-little-farm\/\" \/>\n<meta property=\"og:locale\" content=\"en_GB\" \/>\n<meta property=\"og:type\" content=\"article\" \/>\n<meta property=\"og:title\" content=\"Little Dutch Geschenkset Little Farm - Eazyshop\" \/>\n<meta property=\"og:description\" content=\"Unsere Lieblinge aus der Little Farm-Kollektion sind das perfekte Geschenk zur Mutterschaft oder zur Babyparty. Diese h\u00fcbsche Box enth\u00e4lt drei weiche\" \/>\n<meta property=\"og:url\" content=\"https:\/\/eazyshop.ch\/en\/product\/geschenkset-little-farm\/\" \/>\n<meta property=\"og:site_name\" content=\"Eazyshop\" \/>\n<meta property=\"article:modified_time\" content=\"2026-03-27T11:40:00+00:00\" \/>\n<meta property=\"og:image\" content=\"https:\/\/eazyshop.ch\/wp-content\/uploads\/2026\/03\/0008250_geschenkset-little-farm_550-1_Bgoj1-1.jpeg\" \/>\n\t<meta property=\"og:image:width\" content=\"550\" \/>\n\t<meta property=\"og:image:height\" content=\"309\" \/>\n\t<meta property=\"og:image:type\" content=\"image\/jpeg\" \/>\n<meta name=\"twitter:card\" content=\"summary_large_image\" \/>\n<script type=\"application\/ld+json\" class=\"yoast-schema-graph\">{\"@context\":\"https:\/\/schema.org\",\"@graph\":[{\"@type\":\"WebPage\",\"@id\":\"https:\/\/eazyshop.ch\/produkt\/geschenkset-little-farm\/\",\"url\":\"https:\/\/eazyshop.ch\/produkt\/geschenkset-little-farm\/\",\"name\":\"Little Dutch Geschenkset Little Farm - Eazyshop\",\"isPartOf\":{\"@id\":\"https:\/\/eazyshop.ch\/#website\"},\"primaryImageOfPage\":{\"@id\":\"https:\/\/eazyshop.ch\/produkt\/geschenkset-little-farm\/#primaryimage\"},\"image\":{\"@id\":\"https:\/\/eazyshop.ch\/produkt\/geschenkset-little-farm\/#primaryimage\"},\"thumbnailUrl\":\"https:\/\/eazyshop.ch\/wp-content\/uploads\/2026\/03\/0008250_geschenkset-little-farm_550-1_Bgoj1-1.jpeg\",\"datePublished\":\"2025-09-14T18:36:16+00:00\",\"dateModified\":\"2026-03-27T11:40:00+00:00\",\"description\":\"Unsere Lieblinge aus der Little Farm-Kollektion sind das perfekte Geschenk zur Mutterschaft oder zur Babyparty. Diese h\u00fcbsche Box enth\u00e4lt drei weiche\",\"breadcrumb\":{\"@id\":\"https:\/\/eazyshop.ch\/produkt\/geschenkset-little-farm\/#breadcrumb\"},\"inLanguage\":\"en-GB\",\"potentialAction\":[{\"@type\":\"ReadAction\",\"target\":[\"https:\/\/eazyshop.ch\/produkt\/geschenkset-little-farm\/\"]}]},{\"@type\":\"ImageObject\",\"inLanguage\":\"en-GB\",\"@id\":\"https:\/\/eazyshop.ch\/produkt\/geschenkset-little-farm\/#primaryimage\",\"url\":\"https:\/\/eazyshop.ch\/wp-content\/uploads\/2026\/03\/0008250_geschenkset-little-farm_550-1_Bgoj1-1.jpeg\",\"contentUrl\":\"https:\/\/eazyshop.ch\/wp-content\/uploads\/2026\/03\/0008250_geschenkset-little-farm_550-1_Bgoj1-1.jpeg\",\"width\":550,\"height\":309,\"caption\":\"Geschenkset Little Farm\"},{\"@type\":\"BreadcrumbList\",\"@id\":\"https:\/\/eazyshop.ch\/produkt\/geschenkset-little-farm\/#breadcrumb\",\"itemListElement\":[{\"@type\":\"ListItem\",\"position\":1,\"name\":\"Startseite\",\"item\":\"https:\/\/eazyshop.ch\/\"},{\"@type\":\"ListItem\",\"position\":2,\"name\":\"Shop\",\"item\":\"https:\/\/eazyshop.ch\/shop\/\"},{\"@type\":\"ListItem\",\"position\":3,\"name\":\"Little Dutch Geschenkset Little Farm\"}]},{\"@type\":\"WebSite\",\"@id\":\"https:\/\/eazyshop.ch\/#website\",\"url\":\"https:\/\/eazyshop.ch\/\",\"name\":\"Eazyshop\",\"description\":\"Where shopping feels easy\",\"publisher\":{\"@id\":\"https:\/\/eazyshop.ch\/#organization\"},\"potentialAction\":[{\"@type\":\"SearchAction\",\"target\":{\"@type\":\"EntryPoint\",\"urlTemplate\":\"https:\/\/eazyshop.ch\/?s={search_term_string}\"},\"query-input\":{\"@type\":\"PropertyValueSpecification\",\"valueRequired\":true,\"valueName\":\"search_term_string\"}}],\"inLanguage\":\"en-GB\"},{\"@type\":\"Organization\",\"@id\":\"https:\/\/eazyshop.ch\/#organization\",\"name\":\"Eazyshop\",\"url\":\"https:\/\/eazyshop.ch\/\",\"logo\":{\"@type\":\"ImageObject\",\"inLanguage\":\"en-GB\",\"@id\":\"https:\/\/eazyshop.ch\/#\/schema\/logo\/image\/\",\"url\":\"\",\"contentUrl\":\"\",\"caption\":\"Eazyshop\"},\"image\":{\"@id\":\"https:\/\/eazyshop.ch\/#\/schema\/logo\/image\/\"},\"sameAs\":[\"https:\/\/www.instagram.com\/eazyshop_ch\/\"]}]}<\/script>\n<!-- \/ Yoast SEO plugin. -->","yoast_head_json":{"title":"Little Dutch Geschenkset Little Farm - Eazyshop","description":"Unsere Lieblinge aus der Little Farm-Kollektion sind das perfekte Geschenk zur Mutterschaft oder zur Babyparty. Diese h\u00fcbsche Box enth\u00e4lt drei weiche","robots":{"index":"index","follow":"follow","max-snippet":"max-snippet:-1","max-image-preview":"max-image-preview:large","max-video-preview":"max-video-preview:-1"},"canonical":"https:\/\/eazyshop.ch\/en\/product\/geschenkset-little-farm\/","og_locale":"en_GB","og_type":"article","og_title":"Little Dutch Geschenkset Little Farm - Eazyshop","og_description":"Unsere Lieblinge aus der Little Farm-Kollektion sind das perfekte Geschenk zur Mutterschaft oder zur Babyparty. Diese h\u00fcbsche Box enth\u00e4lt drei weiche","og_url":"https:\/\/eazyshop.ch\/en\/product\/geschenkset-little-farm\/","og_site_name":"Eazyshop","article_modified_time":"2026-03-27T11:40:00+00:00","og_image":[{"width":550,"height":309,"url":"https:\/\/eazyshop.ch\/wp-content\/uploads\/2026\/03\/0008250_geschenkset-little-farm_550-1_Bgoj1-1.jpeg","type":"image\/jpeg"}],"twitter_card":"summary_large_image","schema":{"@context":"https:\/\/schema.org","@graph":[{"@type":"WebPage","@id":"https:\/\/eazyshop.ch\/produkt\/geschenkset-little-farm\/","url":"https:\/\/eazyshop.ch\/produkt\/geschenkset-little-farm\/","name":"Little Dutch Geschenkset Little Farm - Eazyshop","isPartOf":{"@id":"https:\/\/eazyshop.ch\/#website"},"primaryImageOfPage":{"@id":"https:\/\/eazyshop.ch\/produkt\/geschenkset-little-farm\/#primaryimage"},"image":{"@id":"https:\/\/eazyshop.ch\/produkt\/geschenkset-little-farm\/#primaryimage"},"thumbnailUrl":"https:\/\/eazyshop.ch\/wp-content\/uploads\/2026\/03\/0008250_geschenkset-little-farm_550-1_Bgoj1-1.jpeg","datePublished":"2025-09-14T18:36:16+00:00","dateModified":"2026-03-27T11:40:00+00:00","description":"Unsere Lieblinge aus der Little Farm-Kollektion sind das perfekte Geschenk zur Mutterschaft oder zur Babyparty. Diese h\u00fcbsche Box enth\u00e4lt drei weiche","breadcrumb":{"@id":"https:\/\/eazyshop.ch\/produkt\/geschenkset-little-farm\/#breadcrumb"},"inLanguage":"en-GB","potentialAction":[{"@type":"ReadAction","target":["https:\/\/eazyshop.ch\/produkt\/geschenkset-little-farm\/"]}]},{"@type":"ImageObject","inLanguage":"en-GB","@id":"https:\/\/eazyshop.ch\/produkt\/geschenkset-little-farm\/#primaryimage","url":"https:\/\/eazyshop.ch\/wp-content\/uploads\/2026\/03\/0008250_geschenkset-little-farm_550-1_Bgoj1-1.jpeg","contentUrl":"https:\/\/eazyshop.ch\/wp-content\/uploads\/2026\/03\/0008250_geschenkset-little-farm_550-1_Bgoj1-1.jpeg","width":550,"height":309,"caption":"Geschenkset Little Farm"},{"@type":"BreadcrumbList","@id":"https:\/\/eazyshop.ch\/produkt\/geschenkset-little-farm\/#breadcrumb","itemListElement":[{"@type":"ListItem","position":1,"name":"Startseite","item":"https:\/\/eazyshop.ch\/"},{"@type":"ListItem","position":2,"name":"Shop","item":"https:\/\/eazyshop.ch\/shop\/"},{"@type":"ListItem","position":3,"name":"Little Dutch Geschenkset Little Farm"}]},{"@type":"WebSite","@id":"https:\/\/eazyshop.ch\/#website","url":"https:\/\/eazyshop.ch\/","name":"Eazyshop","description":"Where shopping feels easy","publisher":{"@id":"https:\/\/eazyshop.ch\/#organization"},"potentialAction":[{"@type":"SearchAction","target":{"@type":"EntryPoint","urlTemplate":"https:\/\/eazyshop.ch\/?s={search_term_string}"},"query-input":{"@type":"PropertyValueSpecification","valueRequired":true,"valueName":"search_term_string"}}],"inLanguage":"en-GB"},{"@type":"Organization","@id":"https:\/\/eazyshop.ch\/#organization","name":"Eazyshop","url":"https:\/\/eazyshop.ch\/","logo":{"@type":"ImageObject","inLanguage":"en-GB","@id":"https:\/\/eazyshop.ch\/#\/schema\/logo\/image\/","url":"","contentUrl":"","caption":"Eazyshop"},"image":{"@id":"https:\/\/eazyshop.ch\/#\/schema\/logo\/image\/"},"sameAs":["https:\/\/www.instagram.com\/eazyshop_ch\/"]}]}},"jetpack_sharing_enabled":true,"_links":{"self":[{"href":"https:\/\/eazyshop.ch\/en\/wp-json\/wp\/v2\/product\/1059186","targetHints":{"allow":["GET"]}}],"collection":[{"href":"https:\/\/eazyshop.ch\/en\/wp-json\/wp\/v2\/product"}],"about":[{"href":"https:\/\/eazyshop.ch\/en\/wp-json\/wp\/v2\/types\/product"}],"replies":[{"embeddable":true,"href":"https:\/\/eazyshop.ch\/en\/wp-json\/wp\/v2\/comments?post=1059186"}],"version-history":[{"count":0,"href":"https:\/\/eazyshop.ch\/en\/wp-json\/wp\/v2\/product\/1059186\/revisions"}],"wp:featuredmedia":[{"embeddable":true,"href":"https:\/\/eazyshop.ch\/en\/wp-json\/wp\/v2\/media\/1077018"}],"wp:attachment":[{"href":"https:\/\/eazyshop.ch\/en\/wp-json\/wp\/v2\/media?parent=1059186"}],"wp:term":[{"taxonomy":"product_brand","embeddable":true,"href":"https:\/\/eazyshop.ch\/en\/wp-json\/wp\/v2\/product_brand?post=1059186"},{"taxonomy":"product_cat","embeddable":true,"href":"https:\/\/eazyshop.ch\/en\/wp-json\/wp\/v2\/product_cat?post=1059186"},{"taxonomy":"product_tag","embeddable":true,"href":"https:\/\/eazyshop.ch\/en\/wp-json\/wp\/v2\/product_tag?post=1059186"}],"curies":[{"name":"wp","href":"https:\/\/api.w.org\/{rel}","templated":true}]}}