{"id":1059184,"date":"2025-09-14T18:36:09","date_gmt":"2025-09-14T18:36:09","guid":{"rendered":"https:\/\/eazyshop.ch\/shop\/flowersbutterflies-ball-soft\/"},"modified":"2026-03-25T08:02:30","modified_gmt":"2026-03-25T08:02:30","slug":"flowersbutterflies-ball-soft","status":"publish","type":"product","link":"https:\/\/eazyshop.ch\/en\/product\/flowersbutterflies-ball-soft\/","title":{"rendered":"Flowers&amp;Butterflies Ball Soft"},"content":{"rendered":"<p>Versuch, den Ball zu fangen! Dieser Greifball mit seiner interessanten Form ist eine tolle Herausforderung f\u00fcr Ihr Kind. Die Oberfl\u00e4chen mit unterschiedlichen Texturen und Mustern laden zum Greifen und Entdecken ein. Der Ball l\u00e4sst sich von kleinen H\u00e4nden leicht aufheben, und das fr\u00f6hliche Ger\u00e4usch der rasselnden Glocke belohnt die Bem\u00fchungen des Babys. Das s\u00fc\u00dfe Dekor von Flowers &amp; Butterflies, die leicht zu greifenden Kn\u00f6pfe und die verschiedenen lustigen Aufkleber regen die Sinne an, f\u00f6rdern das Greifen und besch\u00e4ftigen Ihr Baby im Laufgitter.<\/p>","protected":false},"excerpt":{"rendered":"<p>Versuch, den Ball zu fangen! Dieser Greifball mit seiner interessanten Form ist eine tolle Herausforderung f\u00fcr Ihr Kind. Die Oberfl\u00e4chen<\/p>","protected":false},"featured_media":1077016,"comment_status":"open","ping_status":"closed","template":"","meta":[],"product_brand":[15418],"product_cat":[15434],"product_tag":[],"class_list":{"0":"post-1059184","1":"product","2":"type-product","3":"status-publish","4":"has-post-thumbnail","6":"product_brand-little-dutch","7":"product_cat-aktivitaetsspielzeug","9":"first","10":"instock","11":"taxable","12":"shipping-taxable","13":"purchasable","14":"product-type-simple"},"yoast_head":"<!-- This site is optimized with the Yoast SEO plugin v26.9 - https:\/\/yoast.com\/product\/yoast-seo-wordpress\/ -->\n<title>Flowers&amp;Butterflies Ball Soft - Eazyshop<\/title>\n<meta name=\"robots\" content=\"index, follow, max-snippet:-1, max-image-preview:large, max-video-preview:-1\" \/>\n<link rel=\"canonical\" href=\"https:\/\/eazyshop.ch\/en\/product\/flowersbutterflies-ball-soft\/\" \/>\n<meta property=\"og:locale\" content=\"en_GB\" \/>\n<meta property=\"og:type\" content=\"article\" \/>\n<meta property=\"og:title\" content=\"Flowers&amp;Butterflies Ball Soft - Eazyshop\" \/>\n<meta property=\"og:description\" content=\"Versuch, den Ball zu fangen! Dieser Greifball mit seiner interessanten Form ist eine tolle Herausforderung f\u00fcr Ihr Kind. Die Oberfl\u00e4chen\" \/>\n<meta property=\"og:url\" content=\"https:\/\/eazyshop.ch\/en\/product\/flowersbutterflies-ball-soft\/\" \/>\n<meta property=\"og:site_name\" content=\"Eazyshop\" \/>\n<meta property=\"article:modified_time\" content=\"2026-03-25T08:02:30+00:00\" \/>\n<meta property=\"og:image\" content=\"https:\/\/eazyshop.ch\/wp-content\/uploads\/2026\/03\/0006308_flowersbutterflies-ball-soft_550-1_5JR_f-1.jpeg\" \/>\n\t<meta property=\"og:image:width\" content=\"550\" \/>\n\t<meta property=\"og:image:height\" content=\"550\" \/>\n\t<meta property=\"og:image:type\" content=\"image\/jpeg\" \/>\n<meta name=\"twitter:card\" content=\"summary_large_image\" \/>\n<script type=\"application\/ld+json\" class=\"yoast-schema-graph\">{\"@context\":\"https:\/\/schema.org\",\"@graph\":[{\"@type\":\"WebPage\",\"@id\":\"https:\/\/eazyshop.ch\/produkt\/flowersbutterflies-ball-soft\/\",\"url\":\"https:\/\/eazyshop.ch\/produkt\/flowersbutterflies-ball-soft\/\",\"name\":\"Flowers&amp;Butterflies Ball Soft - Eazyshop\",\"isPartOf\":{\"@id\":\"https:\/\/eazyshop.ch\/#website\"},\"primaryImageOfPage\":{\"@id\":\"https:\/\/eazyshop.ch\/produkt\/flowersbutterflies-ball-soft\/#primaryimage\"},\"image\":{\"@id\":\"https:\/\/eazyshop.ch\/produkt\/flowersbutterflies-ball-soft\/#primaryimage\"},\"thumbnailUrl\":\"https:\/\/eazyshop.ch\/wp-content\/uploads\/2026\/03\/0006308_flowersbutterflies-ball-soft_550-1_5JR_f-1.jpeg\",\"datePublished\":\"2025-09-14T18:36:09+00:00\",\"dateModified\":\"2026-03-25T08:02:30+00:00\",\"breadcrumb\":{\"@id\":\"https:\/\/eazyshop.ch\/produkt\/flowersbutterflies-ball-soft\/#breadcrumb\"},\"inLanguage\":\"en-GB\",\"potentialAction\":[{\"@type\":\"ReadAction\",\"target\":[\"https:\/\/eazyshop.ch\/produkt\/flowersbutterflies-ball-soft\/\"]}]},{\"@type\":\"ImageObject\",\"inLanguage\":\"en-GB\",\"@id\":\"https:\/\/eazyshop.ch\/produkt\/flowersbutterflies-ball-soft\/#primaryimage\",\"url\":\"https:\/\/eazyshop.ch\/wp-content\/uploads\/2026\/03\/0006308_flowersbutterflies-ball-soft_550-1_5JR_f-1.jpeg\",\"contentUrl\":\"https:\/\/eazyshop.ch\/wp-content\/uploads\/2026\/03\/0006308_flowersbutterflies-ball-soft_550-1_5JR_f-1.jpeg\",\"width\":550,\"height\":550,\"caption\":\"Flowers&Butterflies Ball Soft\"},{\"@type\":\"BreadcrumbList\",\"@id\":\"https:\/\/eazyshop.ch\/produkt\/flowersbutterflies-ball-soft\/#breadcrumb\",\"itemListElement\":[{\"@type\":\"ListItem\",\"position\":1,\"name\":\"Startseite\",\"item\":\"https:\/\/eazyshop.ch\/\"},{\"@type\":\"ListItem\",\"position\":2,\"name\":\"Shop\",\"item\":\"https:\/\/eazyshop.ch\/shop\/\"},{\"@type\":\"ListItem\",\"position\":3,\"name\":\"Flowers&amp;Butterflies Ball Soft\"}]},{\"@type\":\"WebSite\",\"@id\":\"https:\/\/eazyshop.ch\/#website\",\"url\":\"https:\/\/eazyshop.ch\/\",\"name\":\"Eazyshop\",\"description\":\"Where shopping feels easy\",\"publisher\":{\"@id\":\"https:\/\/eazyshop.ch\/#organization\"},\"potentialAction\":[{\"@type\":\"SearchAction\",\"target\":{\"@type\":\"EntryPoint\",\"urlTemplate\":\"https:\/\/eazyshop.ch\/?s={search_term_string}\"},\"query-input\":{\"@type\":\"PropertyValueSpecification\",\"valueRequired\":true,\"valueName\":\"search_term_string\"}}],\"inLanguage\":\"en-GB\"},{\"@type\":\"Organization\",\"@id\":\"https:\/\/eazyshop.ch\/#organization\",\"name\":\"Eazyshop\",\"url\":\"https:\/\/eazyshop.ch\/\",\"logo\":{\"@type\":\"ImageObject\",\"inLanguage\":\"en-GB\",\"@id\":\"https:\/\/eazyshop.ch\/#\/schema\/logo\/image\/\",\"url\":\"\",\"contentUrl\":\"\",\"caption\":\"Eazyshop\"},\"image\":{\"@id\":\"https:\/\/eazyshop.ch\/#\/schema\/logo\/image\/\"},\"sameAs\":[\"https:\/\/www.instagram.com\/eazyshop_ch\/\"]}]}<\/script>\n<!-- \/ Yoast SEO plugin. -->","yoast_head_json":{"title":"Flowers&amp;Butterflies Ball Soft - Eazyshop","robots":{"index":"index","follow":"follow","max-snippet":"max-snippet:-1","max-image-preview":"max-image-preview:large","max-video-preview":"max-video-preview:-1"},"canonical":"https:\/\/eazyshop.ch\/en\/product\/flowersbutterflies-ball-soft\/","og_locale":"en_GB","og_type":"article","og_title":"Flowers&amp;Butterflies Ball Soft - Eazyshop","og_description":"Versuch, den Ball zu fangen! Dieser Greifball mit seiner interessanten Form ist eine tolle Herausforderung f\u00fcr Ihr Kind. Die Oberfl\u00e4chen","og_url":"https:\/\/eazyshop.ch\/en\/product\/flowersbutterflies-ball-soft\/","og_site_name":"Eazyshop","article_modified_time":"2026-03-25T08:02:30+00:00","og_image":[{"width":550,"height":550,"url":"https:\/\/eazyshop.ch\/wp-content\/uploads\/2026\/03\/0006308_flowersbutterflies-ball-soft_550-1_5JR_f-1.jpeg","type":"image\/jpeg"}],"twitter_card":"summary_large_image","schema":{"@context":"https:\/\/schema.org","@graph":[{"@type":"WebPage","@id":"https:\/\/eazyshop.ch\/produkt\/flowersbutterflies-ball-soft\/","url":"https:\/\/eazyshop.ch\/produkt\/flowersbutterflies-ball-soft\/","name":"Flowers&amp;Butterflies Ball Soft - Eazyshop","isPartOf":{"@id":"https:\/\/eazyshop.ch\/#website"},"primaryImageOfPage":{"@id":"https:\/\/eazyshop.ch\/produkt\/flowersbutterflies-ball-soft\/#primaryimage"},"image":{"@id":"https:\/\/eazyshop.ch\/produkt\/flowersbutterflies-ball-soft\/#primaryimage"},"thumbnailUrl":"https:\/\/eazyshop.ch\/wp-content\/uploads\/2026\/03\/0006308_flowersbutterflies-ball-soft_550-1_5JR_f-1.jpeg","datePublished":"2025-09-14T18:36:09+00:00","dateModified":"2026-03-25T08:02:30+00:00","breadcrumb":{"@id":"https:\/\/eazyshop.ch\/produkt\/flowersbutterflies-ball-soft\/#breadcrumb"},"inLanguage":"en-GB","potentialAction":[{"@type":"ReadAction","target":["https:\/\/eazyshop.ch\/produkt\/flowersbutterflies-ball-soft\/"]}]},{"@type":"ImageObject","inLanguage":"en-GB","@id":"https:\/\/eazyshop.ch\/produkt\/flowersbutterflies-ball-soft\/#primaryimage","url":"https:\/\/eazyshop.ch\/wp-content\/uploads\/2026\/03\/0006308_flowersbutterflies-ball-soft_550-1_5JR_f-1.jpeg","contentUrl":"https:\/\/eazyshop.ch\/wp-content\/uploads\/2026\/03\/0006308_flowersbutterflies-ball-soft_550-1_5JR_f-1.jpeg","width":550,"height":550,"caption":"Flowers&Butterflies Ball Soft"},{"@type":"BreadcrumbList","@id":"https:\/\/eazyshop.ch\/produkt\/flowersbutterflies-ball-soft\/#breadcrumb","itemListElement":[{"@type":"ListItem","position":1,"name":"Startseite","item":"https:\/\/eazyshop.ch\/"},{"@type":"ListItem","position":2,"name":"Shop","item":"https:\/\/eazyshop.ch\/shop\/"},{"@type":"ListItem","position":3,"name":"Flowers&amp;Butterflies Ball Soft"}]},{"@type":"WebSite","@id":"https:\/\/eazyshop.ch\/#website","url":"https:\/\/eazyshop.ch\/","name":"Eazyshop","description":"Where shopping feels easy","publisher":{"@id":"https:\/\/eazyshop.ch\/#organization"},"potentialAction":[{"@type":"SearchAction","target":{"@type":"EntryPoint","urlTemplate":"https:\/\/eazyshop.ch\/?s={search_term_string}"},"query-input":{"@type":"PropertyValueSpecification","valueRequired":true,"valueName":"search_term_string"}}],"inLanguage":"en-GB"},{"@type":"Organization","@id":"https:\/\/eazyshop.ch\/#organization","name":"Eazyshop","url":"https:\/\/eazyshop.ch\/","logo":{"@type":"ImageObject","inLanguage":"en-GB","@id":"https:\/\/eazyshop.ch\/#\/schema\/logo\/image\/","url":"","contentUrl":"","caption":"Eazyshop"},"image":{"@id":"https:\/\/eazyshop.ch\/#\/schema\/logo\/image\/"},"sameAs":["https:\/\/www.instagram.com\/eazyshop_ch\/"]}]}},"jetpack_sharing_enabled":true,"_links":{"self":[{"href":"https:\/\/eazyshop.ch\/en\/wp-json\/wp\/v2\/product\/1059184","targetHints":{"allow":["GET"]}}],"collection":[{"href":"https:\/\/eazyshop.ch\/en\/wp-json\/wp\/v2\/product"}],"about":[{"href":"https:\/\/eazyshop.ch\/en\/wp-json\/wp\/v2\/types\/product"}],"replies":[{"embeddable":true,"href":"https:\/\/eazyshop.ch\/en\/wp-json\/wp\/v2\/comments?post=1059184"}],"version-history":[{"count":0,"href":"https:\/\/eazyshop.ch\/en\/wp-json\/wp\/v2\/product\/1059184\/revisions"}],"wp:featuredmedia":[{"embeddable":true,"href":"https:\/\/eazyshop.ch\/en\/wp-json\/wp\/v2\/media\/1077016"}],"wp:attachment":[{"href":"https:\/\/eazyshop.ch\/en\/wp-json\/wp\/v2\/media?parent=1059184"}],"wp:term":[{"taxonomy":"product_brand","embeddable":true,"href":"https:\/\/eazyshop.ch\/en\/wp-json\/wp\/v2\/product_brand?post=1059184"},{"taxonomy":"product_cat","embeddable":true,"href":"https:\/\/eazyshop.ch\/en\/wp-json\/wp\/v2\/product_cat?post=1059184"},{"taxonomy":"product_tag","embeddable":true,"href":"https:\/\/eazyshop.ch\/en\/wp-json\/wp\/v2\/product_tag?post=1059184"}],"curies":[{"name":"wp","href":"https:\/\/api.w.org\/{rel}","templated":true}]}}