{"id":1059179,"date":"2025-09-14T18:35:51","date_gmt":"2025-09-14T18:35:51","guid":{"rendered":"https:\/\/eazyshop.ch\/shop\/sailors-bay-ball-soft\/"},"modified":"2026-03-27T11:40:00","modified_gmt":"2026-03-27T11:40:00","slug":"sailors-bay-ball-soft","status":"publish","type":"product","link":"https:\/\/eazyshop.ch\/en\/product\/sailors-bay-ball-soft\/","title":{"rendered":"Little Dutch Sailors Bay Ball Soft"},"content":{"rendered":"<p>Versuche, den niedlichen Ball zu fangen oder spiele mit ihm Fu\u00dfball, es werden keine Grenzen gesetzt.<br \/>\nDieser Ball ist mit seiner unvergleichlichen Form f\u00fcr Kinder, um ihre motorischen F\u00e4higkeiten zu erforschen und entdecken.<br \/>\nDank der unterschiedlichen Texturen und Mustern auf der Oberfl\u00e4che des Balls laden zum Greifen und Ertasten ein.<br \/>\nEr l\u00e4sst sich auch von den kleinsten H\u00e4nden leicht aufheben und durch das fr\u00f6hliche Klingen der Gl\u00f6ckchen werden die Bem\u00fchungen sofort belohnt.<br \/>\nDurch das einzigartige Muster der Sailors Bay Kollektion und lustigen Form ist dieser Ball ein echter Hingucker.<\/p>","protected":false},"excerpt":{"rendered":"<p>Versuche, den niedlichen Ball zu fangen oder spiele mit ihm Fu\u00dfball, es werden keine Grenzen gesetzt. Dieser Ball ist mit<\/p>","protected":false},"featured_media":1077009,"comment_status":"open","ping_status":"closed","template":"","meta":[],"product_brand":[15418],"product_cat":[15434],"product_tag":[],"class_list":{"0":"post-1059179","1":"product","2":"type-product","3":"status-publish","4":"has-post-thumbnail","6":"product_brand-little-dutch","7":"product_cat-aktivitaetsspielzeug","9":"first","10":"instock","11":"taxable","12":"shipping-taxable","13":"purchasable","14":"product-type-simple"},"yoast_head":"<!-- This site is optimized with the Yoast SEO plugin v26.9 - https:\/\/yoast.com\/product\/yoast-seo-wordpress\/ -->\n<title>Little Dutch Sailors Bay Ball Soft - Eazyshop<\/title>\n<meta name=\"description\" content=\"Versuche, den niedlichen Ball zu fangen oder spiele mit ihm Fu\u00dfball, es werden keine Grenzen gesetzt. Dieser Ball ist mit seiner unvergleichlichen Form\" \/>\n<meta name=\"robots\" content=\"index, follow, max-snippet:-1, max-image-preview:large, max-video-preview:-1\" \/>\n<link rel=\"canonical\" href=\"https:\/\/eazyshop.ch\/en\/product\/sailors-bay-ball-soft\/\" \/>\n<meta property=\"og:locale\" content=\"en_GB\" \/>\n<meta property=\"og:type\" content=\"article\" \/>\n<meta property=\"og:title\" content=\"Little Dutch Sailors Bay Ball Soft - Eazyshop\" \/>\n<meta property=\"og:description\" content=\"Versuche, den niedlichen Ball zu fangen oder spiele mit ihm Fu\u00dfball, es werden keine Grenzen gesetzt. Dieser Ball ist mit seiner unvergleichlichen Form\" \/>\n<meta property=\"og:url\" content=\"https:\/\/eazyshop.ch\/en\/product\/sailors-bay-ball-soft\/\" \/>\n<meta property=\"og:site_name\" content=\"Eazyshop\" \/>\n<meta property=\"article:modified_time\" content=\"2026-03-27T11:40:00+00:00\" \/>\n<meta property=\"og:image\" content=\"https:\/\/eazyshop.ch\/wp-content\/uploads\/2026\/03\/Little-Dutch-Ball-Sailors-Bay-LD8625-1_WhEXp-1.jpg\" \/>\n\t<meta property=\"og:image:width\" content=\"800\" \/>\n\t<meta property=\"og:image:height\" content=\"800\" \/>\n\t<meta property=\"og:image:type\" content=\"image\/jpeg\" \/>\n<meta name=\"twitter:card\" content=\"summary_large_image\" \/>\n<script type=\"application\/ld+json\" class=\"yoast-schema-graph\">{\"@context\":\"https:\/\/schema.org\",\"@graph\":[{\"@type\":\"WebPage\",\"@id\":\"https:\/\/eazyshop.ch\/produkt\/sailors-bay-ball-soft\/\",\"url\":\"https:\/\/eazyshop.ch\/produkt\/sailors-bay-ball-soft\/\",\"name\":\"Little Dutch Sailors Bay Ball Soft - Eazyshop\",\"isPartOf\":{\"@id\":\"https:\/\/eazyshop.ch\/#website\"},\"primaryImageOfPage\":{\"@id\":\"https:\/\/eazyshop.ch\/produkt\/sailors-bay-ball-soft\/#primaryimage\"},\"image\":{\"@id\":\"https:\/\/eazyshop.ch\/produkt\/sailors-bay-ball-soft\/#primaryimage\"},\"thumbnailUrl\":\"https:\/\/eazyshop.ch\/wp-content\/uploads\/2026\/03\/Little-Dutch-Ball-Sailors-Bay-LD8625-1_WhEXp-1.jpg\",\"datePublished\":\"2025-09-14T18:35:51+00:00\",\"dateModified\":\"2026-03-27T11:40:00+00:00\",\"description\":\"Versuche, den niedlichen Ball zu fangen oder spiele mit ihm Fu\u00dfball, es werden keine Grenzen gesetzt. Dieser Ball ist mit seiner unvergleichlichen Form\",\"breadcrumb\":{\"@id\":\"https:\/\/eazyshop.ch\/produkt\/sailors-bay-ball-soft\/#breadcrumb\"},\"inLanguage\":\"en-GB\",\"potentialAction\":[{\"@type\":\"ReadAction\",\"target\":[\"https:\/\/eazyshop.ch\/produkt\/sailors-bay-ball-soft\/\"]}]},{\"@type\":\"ImageObject\",\"inLanguage\":\"en-GB\",\"@id\":\"https:\/\/eazyshop.ch\/produkt\/sailors-bay-ball-soft\/#primaryimage\",\"url\":\"https:\/\/eazyshop.ch\/wp-content\/uploads\/2026\/03\/Little-Dutch-Ball-Sailors-Bay-LD8625-1_WhEXp-1.jpg\",\"contentUrl\":\"https:\/\/eazyshop.ch\/wp-content\/uploads\/2026\/03\/Little-Dutch-Ball-Sailors-Bay-LD8625-1_WhEXp-1.jpg\",\"width\":800,\"height\":800,\"caption\":\"Sailors Bay Ball Soft\"},{\"@type\":\"BreadcrumbList\",\"@id\":\"https:\/\/eazyshop.ch\/produkt\/sailors-bay-ball-soft\/#breadcrumb\",\"itemListElement\":[{\"@type\":\"ListItem\",\"position\":1,\"name\":\"Startseite\",\"item\":\"https:\/\/eazyshop.ch\/\"},{\"@type\":\"ListItem\",\"position\":2,\"name\":\"Shop\",\"item\":\"https:\/\/eazyshop.ch\/shop\/\"},{\"@type\":\"ListItem\",\"position\":3,\"name\":\"Little Dutch Sailors Bay Ball Soft\"}]},{\"@type\":\"WebSite\",\"@id\":\"https:\/\/eazyshop.ch\/#website\",\"url\":\"https:\/\/eazyshop.ch\/\",\"name\":\"Eazyshop\",\"description\":\"Where shopping feels easy\",\"publisher\":{\"@id\":\"https:\/\/eazyshop.ch\/#organization\"},\"potentialAction\":[{\"@type\":\"SearchAction\",\"target\":{\"@type\":\"EntryPoint\",\"urlTemplate\":\"https:\/\/eazyshop.ch\/?s={search_term_string}\"},\"query-input\":{\"@type\":\"PropertyValueSpecification\",\"valueRequired\":true,\"valueName\":\"search_term_string\"}}],\"inLanguage\":\"en-GB\"},{\"@type\":\"Organization\",\"@id\":\"https:\/\/eazyshop.ch\/#organization\",\"name\":\"Eazyshop\",\"url\":\"https:\/\/eazyshop.ch\/\",\"logo\":{\"@type\":\"ImageObject\",\"inLanguage\":\"en-GB\",\"@id\":\"https:\/\/eazyshop.ch\/#\/schema\/logo\/image\/\",\"url\":\"\",\"contentUrl\":\"\",\"caption\":\"Eazyshop\"},\"image\":{\"@id\":\"https:\/\/eazyshop.ch\/#\/schema\/logo\/image\/\"},\"sameAs\":[\"https:\/\/www.instagram.com\/eazyshop_ch\/\"]}]}<\/script>\n<!-- \/ Yoast SEO plugin. -->","yoast_head_json":{"title":"Little Dutch Sailors Bay Ball Soft - Eazyshop","description":"Versuche, den niedlichen Ball zu fangen oder spiele mit ihm Fu\u00dfball, es werden keine Grenzen gesetzt. Dieser Ball ist mit seiner unvergleichlichen Form","robots":{"index":"index","follow":"follow","max-snippet":"max-snippet:-1","max-image-preview":"max-image-preview:large","max-video-preview":"max-video-preview:-1"},"canonical":"https:\/\/eazyshop.ch\/en\/product\/sailors-bay-ball-soft\/","og_locale":"en_GB","og_type":"article","og_title":"Little Dutch Sailors Bay Ball Soft - Eazyshop","og_description":"Versuche, den niedlichen Ball zu fangen oder spiele mit ihm Fu\u00dfball, es werden keine Grenzen gesetzt. Dieser Ball ist mit seiner unvergleichlichen Form","og_url":"https:\/\/eazyshop.ch\/en\/product\/sailors-bay-ball-soft\/","og_site_name":"Eazyshop","article_modified_time":"2026-03-27T11:40:00+00:00","og_image":[{"width":800,"height":800,"url":"https:\/\/eazyshop.ch\/wp-content\/uploads\/2026\/03\/Little-Dutch-Ball-Sailors-Bay-LD8625-1_WhEXp-1.jpg","type":"image\/jpeg"}],"twitter_card":"summary_large_image","schema":{"@context":"https:\/\/schema.org","@graph":[{"@type":"WebPage","@id":"https:\/\/eazyshop.ch\/produkt\/sailors-bay-ball-soft\/","url":"https:\/\/eazyshop.ch\/produkt\/sailors-bay-ball-soft\/","name":"Little Dutch Sailors Bay Ball Soft - Eazyshop","isPartOf":{"@id":"https:\/\/eazyshop.ch\/#website"},"primaryImageOfPage":{"@id":"https:\/\/eazyshop.ch\/produkt\/sailors-bay-ball-soft\/#primaryimage"},"image":{"@id":"https:\/\/eazyshop.ch\/produkt\/sailors-bay-ball-soft\/#primaryimage"},"thumbnailUrl":"https:\/\/eazyshop.ch\/wp-content\/uploads\/2026\/03\/Little-Dutch-Ball-Sailors-Bay-LD8625-1_WhEXp-1.jpg","datePublished":"2025-09-14T18:35:51+00:00","dateModified":"2026-03-27T11:40:00+00:00","description":"Versuche, den niedlichen Ball zu fangen oder spiele mit ihm Fu\u00dfball, es werden keine Grenzen gesetzt. Dieser Ball ist mit seiner unvergleichlichen Form","breadcrumb":{"@id":"https:\/\/eazyshop.ch\/produkt\/sailors-bay-ball-soft\/#breadcrumb"},"inLanguage":"en-GB","potentialAction":[{"@type":"ReadAction","target":["https:\/\/eazyshop.ch\/produkt\/sailors-bay-ball-soft\/"]}]},{"@type":"ImageObject","inLanguage":"en-GB","@id":"https:\/\/eazyshop.ch\/produkt\/sailors-bay-ball-soft\/#primaryimage","url":"https:\/\/eazyshop.ch\/wp-content\/uploads\/2026\/03\/Little-Dutch-Ball-Sailors-Bay-LD8625-1_WhEXp-1.jpg","contentUrl":"https:\/\/eazyshop.ch\/wp-content\/uploads\/2026\/03\/Little-Dutch-Ball-Sailors-Bay-LD8625-1_WhEXp-1.jpg","width":800,"height":800,"caption":"Sailors Bay Ball Soft"},{"@type":"BreadcrumbList","@id":"https:\/\/eazyshop.ch\/produkt\/sailors-bay-ball-soft\/#breadcrumb","itemListElement":[{"@type":"ListItem","position":1,"name":"Startseite","item":"https:\/\/eazyshop.ch\/"},{"@type":"ListItem","position":2,"name":"Shop","item":"https:\/\/eazyshop.ch\/shop\/"},{"@type":"ListItem","position":3,"name":"Little Dutch Sailors Bay Ball Soft"}]},{"@type":"WebSite","@id":"https:\/\/eazyshop.ch\/#website","url":"https:\/\/eazyshop.ch\/","name":"Eazyshop","description":"Where shopping feels easy","publisher":{"@id":"https:\/\/eazyshop.ch\/#organization"},"potentialAction":[{"@type":"SearchAction","target":{"@type":"EntryPoint","urlTemplate":"https:\/\/eazyshop.ch\/?s={search_term_string}"},"query-input":{"@type":"PropertyValueSpecification","valueRequired":true,"valueName":"search_term_string"}}],"inLanguage":"en-GB"},{"@type":"Organization","@id":"https:\/\/eazyshop.ch\/#organization","name":"Eazyshop","url":"https:\/\/eazyshop.ch\/","logo":{"@type":"ImageObject","inLanguage":"en-GB","@id":"https:\/\/eazyshop.ch\/#\/schema\/logo\/image\/","url":"","contentUrl":"","caption":"Eazyshop"},"image":{"@id":"https:\/\/eazyshop.ch\/#\/schema\/logo\/image\/"},"sameAs":["https:\/\/www.instagram.com\/eazyshop_ch\/"]}]}},"jetpack_sharing_enabled":true,"_links":{"self":[{"href":"https:\/\/eazyshop.ch\/en\/wp-json\/wp\/v2\/product\/1059179","targetHints":{"allow":["GET"]}}],"collection":[{"href":"https:\/\/eazyshop.ch\/en\/wp-json\/wp\/v2\/product"}],"about":[{"href":"https:\/\/eazyshop.ch\/en\/wp-json\/wp\/v2\/types\/product"}],"replies":[{"embeddable":true,"href":"https:\/\/eazyshop.ch\/en\/wp-json\/wp\/v2\/comments?post=1059179"}],"version-history":[{"count":0,"href":"https:\/\/eazyshop.ch\/en\/wp-json\/wp\/v2\/product\/1059179\/revisions"}],"wp:featuredmedia":[{"embeddable":true,"href":"https:\/\/eazyshop.ch\/en\/wp-json\/wp\/v2\/media\/1077009"}],"wp:attachment":[{"href":"https:\/\/eazyshop.ch\/en\/wp-json\/wp\/v2\/media?parent=1059179"}],"wp:term":[{"taxonomy":"product_brand","embeddable":true,"href":"https:\/\/eazyshop.ch\/en\/wp-json\/wp\/v2\/product_brand?post=1059179"},{"taxonomy":"product_cat","embeddable":true,"href":"https:\/\/eazyshop.ch\/en\/wp-json\/wp\/v2\/product_cat?post=1059179"},{"taxonomy":"product_tag","embeddable":true,"href":"https:\/\/eazyshop.ch\/en\/wp-json\/wp\/v2\/product_tag?post=1059179"}],"curies":[{"name":"wp","href":"https:\/\/api.w.org\/{rel}","templated":true}]}}