{"id":1059172,"date":"2025-09-14T18:35:26","date_gmt":"2025-09-14T18:35:26","guid":{"rendered":"https:\/\/eazyshop.ch\/shop\/bausteine-fairy-friends-fsc\/"},"modified":"2026-03-27T11:39:59","modified_gmt":"2026-03-27T11:39:59","slug":"bausteine-fairy-friends-fsc","status":"publish","type":"product","link":"https:\/\/eazyshop.ch\/en\/product\/bausteine-fairy-friends-fsc\/","title":{"rendered":"Little Dutch Bausteine Fairy Friends FSC"},"content":{"rendered":"<p>Erwecken Sie Ihre Fantasie mit Bl\u00f6cken zum Leben! Stapeln Sie sie einzeln, um einen sch\u00f6nen Garten zu kreieren, der mit Blumen, Bl\u00e4ttern und Insekten dekoriert ist, oder machen Sie ein sch\u00f6nes Dorf, in dem Funes singen und tanzen &#8211; verwenden Sie Ihre Kreativit\u00e4t und machen Sie etwas Sch\u00f6nes daraus. \u00dcben Sie Ihre Hand-Auge-Koordination, w\u00e4hrend Sie jedem Block einen Ort geben und eine magische Welt aufbauen. Diese Tonne enth\u00e4lt nicht weniger als 50 Holzw\u00fcrfel mit bezaubernden Elementen aus der Fairy Garden Collection. Wenn die Spielzeit vorbei ist, k\u00f6nnen die Bl\u00f6cke leicht im Lauf gespeichert werden.<\/p>","protected":false},"excerpt":{"rendered":"<p>Erwecken Sie Ihre Fantasie mit Bl\u00f6cken zum Leben! Stapeln Sie sie einzeln, um einen sch\u00f6nen Garten zu kreieren, der mit<\/p>","protected":false},"featured_media":1076997,"comment_status":"open","ping_status":"closed","template":"","meta":[],"product_brand":[15418],"product_cat":[7652],"product_tag":[],"class_list":{"0":"post-1059172","1":"product","2":"type-product","3":"status-publish","4":"has-post-thumbnail","6":"product_brand-little-dutch","7":"product_cat-baby-kleinkind","9":"first","10":"instock","11":"taxable","12":"shipping-taxable","13":"purchasable","14":"product-type-simple"},"yoast_head":"<!-- This site is optimized with the Yoast SEO plugin v26.9 - https:\/\/yoast.com\/product\/yoast-seo-wordpress\/ -->\n<title>Little Dutch Bausteine Fairy Friends FSC - Eazyshop<\/title>\n<meta name=\"description\" content=\"Erwecken Sie Ihre Fantasie mit Bl\u00f6cken zum Leben! Stapeln Sie sie einzeln, um einen sch\u00f6nen Garten zu kreieren, der mit Blumen, Bl\u00e4ttern und Insekten\" \/>\n<meta name=\"robots\" content=\"index, follow, max-snippet:-1, max-image-preview:large, max-video-preview:-1\" \/>\n<link rel=\"canonical\" href=\"https:\/\/eazyshop.ch\/en\/product\/bausteine-fairy-friends-fsc\/\" \/>\n<meta property=\"og:locale\" content=\"en_GB\" \/>\n<meta property=\"og:type\" content=\"article\" \/>\n<meta property=\"og:title\" content=\"Little Dutch Bausteine Fairy Friends FSC - Eazyshop\" \/>\n<meta property=\"og:description\" content=\"Erwecken Sie Ihre Fantasie mit Bl\u00f6cken zum Leben! Stapeln Sie sie einzeln, um einen sch\u00f6nen Garten zu kreieren, der mit Blumen, Bl\u00e4ttern und Insekten\" \/>\n<meta property=\"og:url\" content=\"https:\/\/eazyshop.ch\/en\/product\/bausteine-fairy-friends-fsc\/\" \/>\n<meta property=\"og:site_name\" content=\"Eazyshop\" \/>\n<meta property=\"article:modified_time\" content=\"2026-03-27T11:39:59+00:00\" \/>\n<meta property=\"og:image\" content=\"https:\/\/eazyshop.ch\/wp-content\/uploads\/2026\/03\/0021187-1_cUAGk-1.jpg\" \/>\n\t<meta property=\"og:image:width\" content=\"480\" \/>\n\t<meta property=\"og:image:height\" content=\"480\" \/>\n\t<meta property=\"og:image:type\" content=\"image\/jpeg\" \/>\n<meta name=\"twitter:card\" content=\"summary_large_image\" \/>\n<meta name=\"twitter:label1\" content=\"Estimated reading time\" \/>\n\t<meta name=\"twitter:data1\" content=\"1 minute\" \/>\n<script type=\"application\/ld+json\" class=\"yoast-schema-graph\">{\"@context\":\"https:\/\/schema.org\",\"@graph\":[{\"@type\":\"WebPage\",\"@id\":\"https:\/\/eazyshop.ch\/produkt\/bausteine-fairy-friends-fsc\/\",\"url\":\"https:\/\/eazyshop.ch\/produkt\/bausteine-fairy-friends-fsc\/\",\"name\":\"Little Dutch Bausteine Fairy Friends FSC - Eazyshop\",\"isPartOf\":{\"@id\":\"https:\/\/eazyshop.ch\/#website\"},\"primaryImageOfPage\":{\"@id\":\"https:\/\/eazyshop.ch\/produkt\/bausteine-fairy-friends-fsc\/#primaryimage\"},\"image\":{\"@id\":\"https:\/\/eazyshop.ch\/produkt\/bausteine-fairy-friends-fsc\/#primaryimage\"},\"thumbnailUrl\":\"https:\/\/eazyshop.ch\/wp-content\/uploads\/2026\/03\/0021187-1_cUAGk-1.jpg\",\"datePublished\":\"2025-09-14T18:35:26+00:00\",\"dateModified\":\"2026-03-27T11:39:59+00:00\",\"description\":\"Erwecken Sie Ihre Fantasie mit Bl\u00f6cken zum Leben! Stapeln Sie sie einzeln, um einen sch\u00f6nen Garten zu kreieren, der mit Blumen, Bl\u00e4ttern und Insekten\",\"breadcrumb\":{\"@id\":\"https:\/\/eazyshop.ch\/produkt\/bausteine-fairy-friends-fsc\/#breadcrumb\"},\"inLanguage\":\"en-GB\",\"potentialAction\":[{\"@type\":\"ReadAction\",\"target\":[\"https:\/\/eazyshop.ch\/produkt\/bausteine-fairy-friends-fsc\/\"]}]},{\"@type\":\"ImageObject\",\"inLanguage\":\"en-GB\",\"@id\":\"https:\/\/eazyshop.ch\/produkt\/bausteine-fairy-friends-fsc\/#primaryimage\",\"url\":\"https:\/\/eazyshop.ch\/wp-content\/uploads\/2026\/03\/0021187-1_cUAGk-1.jpg\",\"contentUrl\":\"https:\/\/eazyshop.ch\/wp-content\/uploads\/2026\/03\/0021187-1_cUAGk-1.jpg\",\"width\":480,\"height\":480,\"caption\":\"Bausteine Fairy Friends FSC\"},{\"@type\":\"BreadcrumbList\",\"@id\":\"https:\/\/eazyshop.ch\/produkt\/bausteine-fairy-friends-fsc\/#breadcrumb\",\"itemListElement\":[{\"@type\":\"ListItem\",\"position\":1,\"name\":\"Startseite\",\"item\":\"https:\/\/eazyshop.ch\/\"},{\"@type\":\"ListItem\",\"position\":2,\"name\":\"Shop\",\"item\":\"https:\/\/eazyshop.ch\/shop\/\"},{\"@type\":\"ListItem\",\"position\":3,\"name\":\"Little Dutch Bausteine Fairy Friends FSC\"}]},{\"@type\":\"WebSite\",\"@id\":\"https:\/\/eazyshop.ch\/#website\",\"url\":\"https:\/\/eazyshop.ch\/\",\"name\":\"Eazyshop\",\"description\":\"Where shopping feels easy\",\"publisher\":{\"@id\":\"https:\/\/eazyshop.ch\/#organization\"},\"potentialAction\":[{\"@type\":\"SearchAction\",\"target\":{\"@type\":\"EntryPoint\",\"urlTemplate\":\"https:\/\/eazyshop.ch\/?s={search_term_string}\"},\"query-input\":{\"@type\":\"PropertyValueSpecification\",\"valueRequired\":true,\"valueName\":\"search_term_string\"}}],\"inLanguage\":\"en-GB\"},{\"@type\":\"Organization\",\"@id\":\"https:\/\/eazyshop.ch\/#organization\",\"name\":\"Eazyshop\",\"url\":\"https:\/\/eazyshop.ch\/\",\"logo\":{\"@type\":\"ImageObject\",\"inLanguage\":\"en-GB\",\"@id\":\"https:\/\/eazyshop.ch\/#\/schema\/logo\/image\/\",\"url\":\"\",\"contentUrl\":\"\",\"caption\":\"Eazyshop\"},\"image\":{\"@id\":\"https:\/\/eazyshop.ch\/#\/schema\/logo\/image\/\"},\"sameAs\":[\"https:\/\/www.instagram.com\/eazyshop_ch\/\"]}]}<\/script>\n<!-- \/ Yoast SEO plugin. -->","yoast_head_json":{"title":"Little Dutch Bausteine Fairy Friends FSC - Eazyshop","description":"Erwecken Sie Ihre Fantasie mit Bl\u00f6cken zum Leben! Stapeln Sie sie einzeln, um einen sch\u00f6nen Garten zu kreieren, der mit Blumen, Bl\u00e4ttern und Insekten","robots":{"index":"index","follow":"follow","max-snippet":"max-snippet:-1","max-image-preview":"max-image-preview:large","max-video-preview":"max-video-preview:-1"},"canonical":"https:\/\/eazyshop.ch\/en\/product\/bausteine-fairy-friends-fsc\/","og_locale":"en_GB","og_type":"article","og_title":"Little Dutch Bausteine Fairy Friends FSC - Eazyshop","og_description":"Erwecken Sie Ihre Fantasie mit Bl\u00f6cken zum Leben! Stapeln Sie sie einzeln, um einen sch\u00f6nen Garten zu kreieren, der mit Blumen, Bl\u00e4ttern und Insekten","og_url":"https:\/\/eazyshop.ch\/en\/product\/bausteine-fairy-friends-fsc\/","og_site_name":"Eazyshop","article_modified_time":"2026-03-27T11:39:59+00:00","og_image":[{"width":480,"height":480,"url":"https:\/\/eazyshop.ch\/wp-content\/uploads\/2026\/03\/0021187-1_cUAGk-1.jpg","type":"image\/jpeg"}],"twitter_card":"summary_large_image","twitter_misc":{"Estimated reading time":"1 minute"},"schema":{"@context":"https:\/\/schema.org","@graph":[{"@type":"WebPage","@id":"https:\/\/eazyshop.ch\/produkt\/bausteine-fairy-friends-fsc\/","url":"https:\/\/eazyshop.ch\/produkt\/bausteine-fairy-friends-fsc\/","name":"Little Dutch Bausteine Fairy Friends FSC - Eazyshop","isPartOf":{"@id":"https:\/\/eazyshop.ch\/#website"},"primaryImageOfPage":{"@id":"https:\/\/eazyshop.ch\/produkt\/bausteine-fairy-friends-fsc\/#primaryimage"},"image":{"@id":"https:\/\/eazyshop.ch\/produkt\/bausteine-fairy-friends-fsc\/#primaryimage"},"thumbnailUrl":"https:\/\/eazyshop.ch\/wp-content\/uploads\/2026\/03\/0021187-1_cUAGk-1.jpg","datePublished":"2025-09-14T18:35:26+00:00","dateModified":"2026-03-27T11:39:59+00:00","description":"Erwecken Sie Ihre Fantasie mit Bl\u00f6cken zum Leben! Stapeln Sie sie einzeln, um einen sch\u00f6nen Garten zu kreieren, der mit Blumen, Bl\u00e4ttern und Insekten","breadcrumb":{"@id":"https:\/\/eazyshop.ch\/produkt\/bausteine-fairy-friends-fsc\/#breadcrumb"},"inLanguage":"en-GB","potentialAction":[{"@type":"ReadAction","target":["https:\/\/eazyshop.ch\/produkt\/bausteine-fairy-friends-fsc\/"]}]},{"@type":"ImageObject","inLanguage":"en-GB","@id":"https:\/\/eazyshop.ch\/produkt\/bausteine-fairy-friends-fsc\/#primaryimage","url":"https:\/\/eazyshop.ch\/wp-content\/uploads\/2026\/03\/0021187-1_cUAGk-1.jpg","contentUrl":"https:\/\/eazyshop.ch\/wp-content\/uploads\/2026\/03\/0021187-1_cUAGk-1.jpg","width":480,"height":480,"caption":"Bausteine Fairy Friends FSC"},{"@type":"BreadcrumbList","@id":"https:\/\/eazyshop.ch\/produkt\/bausteine-fairy-friends-fsc\/#breadcrumb","itemListElement":[{"@type":"ListItem","position":1,"name":"Startseite","item":"https:\/\/eazyshop.ch\/"},{"@type":"ListItem","position":2,"name":"Shop","item":"https:\/\/eazyshop.ch\/shop\/"},{"@type":"ListItem","position":3,"name":"Little Dutch Bausteine Fairy Friends FSC"}]},{"@type":"WebSite","@id":"https:\/\/eazyshop.ch\/#website","url":"https:\/\/eazyshop.ch\/","name":"Eazyshop","description":"Where shopping feels easy","publisher":{"@id":"https:\/\/eazyshop.ch\/#organization"},"potentialAction":[{"@type":"SearchAction","target":{"@type":"EntryPoint","urlTemplate":"https:\/\/eazyshop.ch\/?s={search_term_string}"},"query-input":{"@type":"PropertyValueSpecification","valueRequired":true,"valueName":"search_term_string"}}],"inLanguage":"en-GB"},{"@type":"Organization","@id":"https:\/\/eazyshop.ch\/#organization","name":"Eazyshop","url":"https:\/\/eazyshop.ch\/","logo":{"@type":"ImageObject","inLanguage":"en-GB","@id":"https:\/\/eazyshop.ch\/#\/schema\/logo\/image\/","url":"","contentUrl":"","caption":"Eazyshop"},"image":{"@id":"https:\/\/eazyshop.ch\/#\/schema\/logo\/image\/"},"sameAs":["https:\/\/www.instagram.com\/eazyshop_ch\/"]}]}},"jetpack_sharing_enabled":true,"_links":{"self":[{"href":"https:\/\/eazyshop.ch\/en\/wp-json\/wp\/v2\/product\/1059172","targetHints":{"allow":["GET"]}}],"collection":[{"href":"https:\/\/eazyshop.ch\/en\/wp-json\/wp\/v2\/product"}],"about":[{"href":"https:\/\/eazyshop.ch\/en\/wp-json\/wp\/v2\/types\/product"}],"replies":[{"embeddable":true,"href":"https:\/\/eazyshop.ch\/en\/wp-json\/wp\/v2\/comments?post=1059172"}],"version-history":[{"count":0,"href":"https:\/\/eazyshop.ch\/en\/wp-json\/wp\/v2\/product\/1059172\/revisions"}],"wp:featuredmedia":[{"embeddable":true,"href":"https:\/\/eazyshop.ch\/en\/wp-json\/wp\/v2\/media\/1076997"}],"wp:attachment":[{"href":"https:\/\/eazyshop.ch\/en\/wp-json\/wp\/v2\/media?parent=1059172"}],"wp:term":[{"taxonomy":"product_brand","embeddable":true,"href":"https:\/\/eazyshop.ch\/en\/wp-json\/wp\/v2\/product_brand?post=1059172"},{"taxonomy":"product_cat","embeddable":true,"href":"https:\/\/eazyshop.ch\/en\/wp-json\/wp\/v2\/product_cat?post=1059172"},{"taxonomy":"product_tag","embeddable":true,"href":"https:\/\/eazyshop.ch\/en\/wp-json\/wp\/v2\/product_tag?post=1059172"}],"curies":[{"name":"wp","href":"https:\/\/api.w.org\/{rel}","templated":true}]}}