{"id":1059164,"date":"2025-09-14T18:34:57","date_gmt":"2025-09-14T18:34:57","guid":{"rendered":"https:\/\/eazyshop.ch\/shop\/bodenraetsel-forest-friends-fsc\/"},"modified":"2026-03-27T11:39:58","modified_gmt":"2026-03-27T11:39:58","slug":"bodenraetsel-forest-friends-fsc","status":"publish","type":"product","link":"https:\/\/eazyshop.ch\/en\/product\/bodenraetsel-forest-friends-fsc\/","title":{"rendered":"Little Dutch Bodenr\u00e4tsel Forest Friends FSC"},"content":{"rendered":"<p>Machen Sie eine magische Reise mit dem Bodenr\u00e4tsel eines sch\u00f6nen gro\u00dfen Baumes! W\u00e4hrend Sie den Baum r\u00e4tselen, entdecken Sie die sch\u00f6nen Kreaturen, die darin leben und darin leben. Verfolgen Sie die Zweige, um Eichh\u00f6rnchen zu erkennen, die Eicheln, V\u00f6gel sammeln, die ihre Nester bauen, und Insekten, die herumfliegen. K\u00f6nnen Sie den freundlichen Fuchs finden, der sich versteckt? Dieses Puzzle macht nicht nur Spa\u00df &#8211; es ist auch eine gro\u00dfartige M\u00f6glichkeit, Konzentration und Hand -Eye -Koordination zu entwickeln. Finden Sie also einen sch\u00f6nen Ort, setzen Sie sich hin und bringen Sie die Magie des Waldes mit 37 Teilen zum Leben. Welche Wunder werden Sie entdecken, wenn alle Puzzleteile zusammenkommen?<\/p>","protected":false},"excerpt":{"rendered":"<p>Machen Sie eine magische Reise mit dem Bodenr\u00e4tsel eines sch\u00f6nen gro\u00dfen Baumes! W\u00e4hrend Sie den Baum r\u00e4tselen, entdecken Sie die<\/p>","protected":false},"featured_media":1076981,"comment_status":"open","ping_status":"closed","template":"","meta":[],"product_brand":[15418],"product_cat":[5351],"product_tag":[],"class_list":{"0":"post-1059164","1":"product","2":"type-product","3":"status-publish","4":"has-post-thumbnail","6":"product_brand-little-dutch","7":"product_cat-spielzeug","9":"first","10":"instock","11":"taxable","12":"shipping-taxable","13":"purchasable","14":"product-type-simple"},"yoast_head":"<!-- This site is optimized with the Yoast SEO plugin v26.9 - https:\/\/yoast.com\/product\/yoast-seo-wordpress\/ -->\n<title>Little Dutch Bodenr\u00e4tsel Forest Friends FSC - Eazyshop<\/title>\n<meta name=\"description\" content=\"Machen Sie eine magische Reise mit dem Bodenr\u00e4tsel eines sch\u00f6nen gro\u00dfen Baumes! W\u00e4hrend Sie den Baum r\u00e4tselen, entdecken Sie die sch\u00f6nen Kreaturen, die\" \/>\n<meta name=\"robots\" content=\"index, follow, max-snippet:-1, max-image-preview:large, max-video-preview:-1\" \/>\n<link rel=\"canonical\" href=\"https:\/\/eazyshop.ch\/en\/product\/bodenraetsel-forest-friends-fsc\/\" \/>\n<meta property=\"og:locale\" content=\"en_GB\" \/>\n<meta property=\"og:type\" content=\"article\" \/>\n<meta property=\"og:title\" content=\"Little Dutch Bodenr\u00e4tsel Forest Friends FSC - Eazyshop\" \/>\n<meta property=\"og:description\" content=\"Machen Sie eine magische Reise mit dem Bodenr\u00e4tsel eines sch\u00f6nen gro\u00dfen Baumes! W\u00e4hrend Sie den Baum r\u00e4tselen, entdecken Sie die sch\u00f6nen Kreaturen, die\" \/>\n<meta property=\"og:url\" content=\"https:\/\/eazyshop.ch\/en\/product\/bodenraetsel-forest-friends-fsc\/\" \/>\n<meta property=\"og:site_name\" content=\"Eazyshop\" \/>\n<meta property=\"article:modified_time\" content=\"2026-03-27T11:39:58+00:00\" \/>\n<meta property=\"og:image\" content=\"https:\/\/eazyshop.ch\/wp-content\/uploads\/2026\/03\/0021175-1_nFkWl-1.jpg\" \/>\n\t<meta property=\"og:image:width\" content=\"480\" \/>\n\t<meta property=\"og:image:height\" content=\"480\" \/>\n\t<meta property=\"og:image:type\" content=\"image\/jpeg\" \/>\n<meta name=\"twitter:card\" content=\"summary_large_image\" \/>\n<meta name=\"twitter:label1\" content=\"Estimated reading time\" \/>\n\t<meta name=\"twitter:data1\" content=\"1 minute\" \/>\n<script type=\"application\/ld+json\" class=\"yoast-schema-graph\">{\"@context\":\"https:\/\/schema.org\",\"@graph\":[{\"@type\":\"WebPage\",\"@id\":\"https:\/\/eazyshop.ch\/produkt\/bodenraetsel-forest-friends-fsc\/\",\"url\":\"https:\/\/eazyshop.ch\/produkt\/bodenraetsel-forest-friends-fsc\/\",\"name\":\"Little Dutch Bodenr\u00e4tsel Forest Friends FSC - Eazyshop\",\"isPartOf\":{\"@id\":\"https:\/\/eazyshop.ch\/#website\"},\"primaryImageOfPage\":{\"@id\":\"https:\/\/eazyshop.ch\/produkt\/bodenraetsel-forest-friends-fsc\/#primaryimage\"},\"image\":{\"@id\":\"https:\/\/eazyshop.ch\/produkt\/bodenraetsel-forest-friends-fsc\/#primaryimage\"},\"thumbnailUrl\":\"https:\/\/eazyshop.ch\/wp-content\/uploads\/2026\/03\/0021175-1_nFkWl-1.jpg\",\"datePublished\":\"2025-09-14T18:34:57+00:00\",\"dateModified\":\"2026-03-27T11:39:58+00:00\",\"description\":\"Machen Sie eine magische Reise mit dem Bodenr\u00e4tsel eines sch\u00f6nen gro\u00dfen Baumes! W\u00e4hrend Sie den Baum r\u00e4tselen, entdecken Sie die sch\u00f6nen Kreaturen, die\",\"breadcrumb\":{\"@id\":\"https:\/\/eazyshop.ch\/produkt\/bodenraetsel-forest-friends-fsc\/#breadcrumb\"},\"inLanguage\":\"en-GB\",\"potentialAction\":[{\"@type\":\"ReadAction\",\"target\":[\"https:\/\/eazyshop.ch\/produkt\/bodenraetsel-forest-friends-fsc\/\"]}]},{\"@type\":\"ImageObject\",\"inLanguage\":\"en-GB\",\"@id\":\"https:\/\/eazyshop.ch\/produkt\/bodenraetsel-forest-friends-fsc\/#primaryimage\",\"url\":\"https:\/\/eazyshop.ch\/wp-content\/uploads\/2026\/03\/0021175-1_nFkWl-1.jpg\",\"contentUrl\":\"https:\/\/eazyshop.ch\/wp-content\/uploads\/2026\/03\/0021175-1_nFkWl-1.jpg\",\"width\":480,\"height\":480,\"caption\":\"Bodenr\u00e4tsel Forest Friends FSC\"},{\"@type\":\"BreadcrumbList\",\"@id\":\"https:\/\/eazyshop.ch\/produkt\/bodenraetsel-forest-friends-fsc\/#breadcrumb\",\"itemListElement\":[{\"@type\":\"ListItem\",\"position\":1,\"name\":\"Startseite\",\"item\":\"https:\/\/eazyshop.ch\/\"},{\"@type\":\"ListItem\",\"position\":2,\"name\":\"Shop\",\"item\":\"https:\/\/eazyshop.ch\/shop\/\"},{\"@type\":\"ListItem\",\"position\":3,\"name\":\"Little Dutch Bodenr\u00e4tsel Forest Friends FSC\"}]},{\"@type\":\"WebSite\",\"@id\":\"https:\/\/eazyshop.ch\/#website\",\"url\":\"https:\/\/eazyshop.ch\/\",\"name\":\"Eazyshop\",\"description\":\"Where shopping feels easy\",\"publisher\":{\"@id\":\"https:\/\/eazyshop.ch\/#organization\"},\"potentialAction\":[{\"@type\":\"SearchAction\",\"target\":{\"@type\":\"EntryPoint\",\"urlTemplate\":\"https:\/\/eazyshop.ch\/?s={search_term_string}\"},\"query-input\":{\"@type\":\"PropertyValueSpecification\",\"valueRequired\":true,\"valueName\":\"search_term_string\"}}],\"inLanguage\":\"en-GB\"},{\"@type\":\"Organization\",\"@id\":\"https:\/\/eazyshop.ch\/#organization\",\"name\":\"Eazyshop\",\"url\":\"https:\/\/eazyshop.ch\/\",\"logo\":{\"@type\":\"ImageObject\",\"inLanguage\":\"en-GB\",\"@id\":\"https:\/\/eazyshop.ch\/#\/schema\/logo\/image\/\",\"url\":\"\",\"contentUrl\":\"\",\"caption\":\"Eazyshop\"},\"image\":{\"@id\":\"https:\/\/eazyshop.ch\/#\/schema\/logo\/image\/\"},\"sameAs\":[\"https:\/\/www.instagram.com\/eazyshop_ch\/\"]}]}<\/script>\n<!-- \/ Yoast SEO plugin. -->","yoast_head_json":{"title":"Little Dutch Bodenr\u00e4tsel Forest Friends FSC - Eazyshop","description":"Machen Sie eine magische Reise mit dem Bodenr\u00e4tsel eines sch\u00f6nen gro\u00dfen Baumes! W\u00e4hrend Sie den Baum r\u00e4tselen, entdecken Sie die sch\u00f6nen Kreaturen, die","robots":{"index":"index","follow":"follow","max-snippet":"max-snippet:-1","max-image-preview":"max-image-preview:large","max-video-preview":"max-video-preview:-1"},"canonical":"https:\/\/eazyshop.ch\/en\/product\/bodenraetsel-forest-friends-fsc\/","og_locale":"en_GB","og_type":"article","og_title":"Little Dutch Bodenr\u00e4tsel Forest Friends FSC - Eazyshop","og_description":"Machen Sie eine magische Reise mit dem Bodenr\u00e4tsel eines sch\u00f6nen gro\u00dfen Baumes! W\u00e4hrend Sie den Baum r\u00e4tselen, entdecken Sie die sch\u00f6nen Kreaturen, die","og_url":"https:\/\/eazyshop.ch\/en\/product\/bodenraetsel-forest-friends-fsc\/","og_site_name":"Eazyshop","article_modified_time":"2026-03-27T11:39:58+00:00","og_image":[{"width":480,"height":480,"url":"https:\/\/eazyshop.ch\/wp-content\/uploads\/2026\/03\/0021175-1_nFkWl-1.jpg","type":"image\/jpeg"}],"twitter_card":"summary_large_image","twitter_misc":{"Estimated reading time":"1 minute"},"schema":{"@context":"https:\/\/schema.org","@graph":[{"@type":"WebPage","@id":"https:\/\/eazyshop.ch\/produkt\/bodenraetsel-forest-friends-fsc\/","url":"https:\/\/eazyshop.ch\/produkt\/bodenraetsel-forest-friends-fsc\/","name":"Little Dutch Bodenr\u00e4tsel Forest Friends FSC - Eazyshop","isPartOf":{"@id":"https:\/\/eazyshop.ch\/#website"},"primaryImageOfPage":{"@id":"https:\/\/eazyshop.ch\/produkt\/bodenraetsel-forest-friends-fsc\/#primaryimage"},"image":{"@id":"https:\/\/eazyshop.ch\/produkt\/bodenraetsel-forest-friends-fsc\/#primaryimage"},"thumbnailUrl":"https:\/\/eazyshop.ch\/wp-content\/uploads\/2026\/03\/0021175-1_nFkWl-1.jpg","datePublished":"2025-09-14T18:34:57+00:00","dateModified":"2026-03-27T11:39:58+00:00","description":"Machen Sie eine magische Reise mit dem Bodenr\u00e4tsel eines sch\u00f6nen gro\u00dfen Baumes! W\u00e4hrend Sie den Baum r\u00e4tselen, entdecken Sie die sch\u00f6nen Kreaturen, die","breadcrumb":{"@id":"https:\/\/eazyshop.ch\/produkt\/bodenraetsel-forest-friends-fsc\/#breadcrumb"},"inLanguage":"en-GB","potentialAction":[{"@type":"ReadAction","target":["https:\/\/eazyshop.ch\/produkt\/bodenraetsel-forest-friends-fsc\/"]}]},{"@type":"ImageObject","inLanguage":"en-GB","@id":"https:\/\/eazyshop.ch\/produkt\/bodenraetsel-forest-friends-fsc\/#primaryimage","url":"https:\/\/eazyshop.ch\/wp-content\/uploads\/2026\/03\/0021175-1_nFkWl-1.jpg","contentUrl":"https:\/\/eazyshop.ch\/wp-content\/uploads\/2026\/03\/0021175-1_nFkWl-1.jpg","width":480,"height":480,"caption":"Bodenr\u00e4tsel Forest Friends FSC"},{"@type":"BreadcrumbList","@id":"https:\/\/eazyshop.ch\/produkt\/bodenraetsel-forest-friends-fsc\/#breadcrumb","itemListElement":[{"@type":"ListItem","position":1,"name":"Startseite","item":"https:\/\/eazyshop.ch\/"},{"@type":"ListItem","position":2,"name":"Shop","item":"https:\/\/eazyshop.ch\/shop\/"},{"@type":"ListItem","position":3,"name":"Little Dutch Bodenr\u00e4tsel Forest Friends FSC"}]},{"@type":"WebSite","@id":"https:\/\/eazyshop.ch\/#website","url":"https:\/\/eazyshop.ch\/","name":"Eazyshop","description":"Where shopping feels easy","publisher":{"@id":"https:\/\/eazyshop.ch\/#organization"},"potentialAction":[{"@type":"SearchAction","target":{"@type":"EntryPoint","urlTemplate":"https:\/\/eazyshop.ch\/?s={search_term_string}"},"query-input":{"@type":"PropertyValueSpecification","valueRequired":true,"valueName":"search_term_string"}}],"inLanguage":"en-GB"},{"@type":"Organization","@id":"https:\/\/eazyshop.ch\/#organization","name":"Eazyshop","url":"https:\/\/eazyshop.ch\/","logo":{"@type":"ImageObject","inLanguage":"en-GB","@id":"https:\/\/eazyshop.ch\/#\/schema\/logo\/image\/","url":"","contentUrl":"","caption":"Eazyshop"},"image":{"@id":"https:\/\/eazyshop.ch\/#\/schema\/logo\/image\/"},"sameAs":["https:\/\/www.instagram.com\/eazyshop_ch\/"]}]}},"jetpack_sharing_enabled":true,"_links":{"self":[{"href":"https:\/\/eazyshop.ch\/en\/wp-json\/wp\/v2\/product\/1059164","targetHints":{"allow":["GET"]}}],"collection":[{"href":"https:\/\/eazyshop.ch\/en\/wp-json\/wp\/v2\/product"}],"about":[{"href":"https:\/\/eazyshop.ch\/en\/wp-json\/wp\/v2\/types\/product"}],"replies":[{"embeddable":true,"href":"https:\/\/eazyshop.ch\/en\/wp-json\/wp\/v2\/comments?post=1059164"}],"version-history":[{"count":0,"href":"https:\/\/eazyshop.ch\/en\/wp-json\/wp\/v2\/product\/1059164\/revisions"}],"wp:featuredmedia":[{"embeddable":true,"href":"https:\/\/eazyshop.ch\/en\/wp-json\/wp\/v2\/media\/1076981"}],"wp:attachment":[{"href":"https:\/\/eazyshop.ch\/en\/wp-json\/wp\/v2\/media?parent=1059164"}],"wp:term":[{"taxonomy":"product_brand","embeddable":true,"href":"https:\/\/eazyshop.ch\/en\/wp-json\/wp\/v2\/product_brand?post=1059164"},{"taxonomy":"product_cat","embeddable":true,"href":"https:\/\/eazyshop.ch\/en\/wp-json\/wp\/v2\/product_cat?post=1059164"},{"taxonomy":"product_tag","embeddable":true,"href":"https:\/\/eazyshop.ch\/en\/wp-json\/wp\/v2\/product_tag?post=1059164"}],"curies":[{"name":"wp","href":"https:\/\/api.w.org\/{rel}","templated":true}]}}