{"id":1059163,"date":"2025-09-14T18:34:53","date_gmt":"2025-09-14T18:34:53","guid":{"rendered":"https:\/\/eazyshop.ch\/shop\/laufwagen-forest-friends-multi-activity-fsc\/"},"modified":"2026-03-27T11:39:58","modified_gmt":"2026-03-27T11:39:58","slug":"laufwagen-forest-friends-multi-activity-fsc","status":"publish","type":"product","link":"https:\/\/eazyshop.ch\/en\/product\/laufwagen-forest-friends-multi-activity-fsc\/","title":{"rendered":"Little Dutch Laufwagen Forest Friends Multi Activity FSC"},"content":{"rendered":"<p>Gehen, spielen und lernen! Sie werden alle Aktivit\u00e4ten dieses Walker von Forest Friends so viel Freude haben. Drehen Sie die Zahnr\u00e4der, um die Eule und die Eichelkreise zu drehen! Geben Sie dem Spiegel eine Wendung! Und lerne zusammen mit der Schnecke und dem Igel zu wachsen. Dieser Holzaktivit\u00e4tswanderer bietet verschiedene herausfordernde Aktivit\u00e4ten, die die Entwicklung der motorischen F\u00e4higkeiten Ihrer Kinder unterst\u00fctzen. Es gibt 8 Aktivit\u00e4ten zu entdecken und zu meistern. Dank des ausgewogenen Designs ist der Walker eine sch\u00f6ne Hilfe f\u00fcr Kinder ab 12 Monaten oder \u00e4lter, die bereit sind, ihre ersten Schritte zu unternehmen. Bereiten Sie sich auf fr\u00f6hliche Jubel vor, wenn sich Ihr kleiner durch das Haus bewegt. Die Gummir\u00e4der stellen sicher, dass Sie keine Kratzer auf Ihrem Boden bekommen. Von einem Erwachsenen montiert werden.<\/p>","protected":false},"excerpt":{"rendered":"<p>Gehen, spielen und lernen! Sie werden alle Aktivit\u00e4ten dieses Walker von Forest Friends so viel Freude haben. Drehen Sie die<\/p>","protected":false},"featured_media":1076979,"comment_status":"open","ping_status":"closed","template":"","meta":[],"product_brand":[15418],"product_cat":[15435],"product_tag":[],"class_list":{"0":"post-1059163","1":"product","2":"type-product","3":"status-publish","4":"has-post-thumbnail","6":"product_brand-little-dutch","7":"product_cat-laufwagen","9":"first","10":"instock","11":"taxable","12":"shipping-taxable","13":"purchasable","14":"product-type-simple"},"yoast_head":"<!-- This site is optimized with the Yoast SEO plugin v26.9 - https:\/\/yoast.com\/product\/yoast-seo-wordpress\/ -->\n<title>Little Dutch Laufwagen Forest Friends Multi Activity FSC - Eazyshop<\/title>\n<meta name=\"description\" content=\"Gehen, spielen und lernen! Sie werden alle Aktivit\u00e4ten dieses Walker von Forest Friends so viel Freude haben. Drehen Sie die Zahnr\u00e4der, um die Eule und\" \/>\n<meta name=\"robots\" content=\"index, follow, max-snippet:-1, max-image-preview:large, max-video-preview:-1\" \/>\n<link rel=\"canonical\" href=\"https:\/\/eazyshop.ch\/en\/product\/laufwagen-forest-friends-multi-activity-fsc\/\" \/>\n<meta property=\"og:locale\" content=\"en_GB\" \/>\n<meta property=\"og:type\" content=\"article\" \/>\n<meta property=\"og:title\" content=\"Little Dutch Laufwagen Forest Friends Multi Activity FSC - Eazyshop\" \/>\n<meta property=\"og:description\" content=\"Gehen, spielen und lernen! Sie werden alle Aktivit\u00e4ten dieses Walker von Forest Friends so viel Freude haben. Drehen Sie die Zahnr\u00e4der, um die Eule und\" \/>\n<meta property=\"og:url\" content=\"https:\/\/eazyshop.ch\/en\/product\/laufwagen-forest-friends-multi-activity-fsc\/\" \/>\n<meta property=\"og:site_name\" content=\"Eazyshop\" \/>\n<meta property=\"article:modified_time\" content=\"2026-03-27T11:39:58+00:00\" \/>\n<meta property=\"og:image\" content=\"https:\/\/eazyshop.ch\/wp-content\/uploads\/2026\/03\/0021318-1_UzHym-1.jpg\" \/>\n\t<meta property=\"og:image:width\" content=\"480\" \/>\n\t<meta property=\"og:image:height\" content=\"480\" \/>\n\t<meta property=\"og:image:type\" content=\"image\/jpeg\" \/>\n<meta name=\"twitter:card\" content=\"summary_large_image\" \/>\n<meta name=\"twitter:label1\" content=\"Estimated reading time\" \/>\n\t<meta name=\"twitter:data1\" content=\"1 minute\" \/>\n<script type=\"application\/ld+json\" class=\"yoast-schema-graph\">{\"@context\":\"https:\/\/schema.org\",\"@graph\":[{\"@type\":\"WebPage\",\"@id\":\"https:\/\/eazyshop.ch\/produkt\/laufwagen-forest-friends-multi-activity-fsc\/\",\"url\":\"https:\/\/eazyshop.ch\/produkt\/laufwagen-forest-friends-multi-activity-fsc\/\",\"name\":\"Little Dutch Laufwagen Forest Friends Multi Activity FSC - Eazyshop\",\"isPartOf\":{\"@id\":\"https:\/\/eazyshop.ch\/#website\"},\"primaryImageOfPage\":{\"@id\":\"https:\/\/eazyshop.ch\/produkt\/laufwagen-forest-friends-multi-activity-fsc\/#primaryimage\"},\"image\":{\"@id\":\"https:\/\/eazyshop.ch\/produkt\/laufwagen-forest-friends-multi-activity-fsc\/#primaryimage\"},\"thumbnailUrl\":\"https:\/\/eazyshop.ch\/wp-content\/uploads\/2026\/03\/0021318-1_UzHym-1.jpg\",\"datePublished\":\"2025-09-14T18:34:53+00:00\",\"dateModified\":\"2026-03-27T11:39:58+00:00\",\"description\":\"Gehen, spielen und lernen! Sie werden alle Aktivit\u00e4ten dieses Walker von Forest Friends so viel Freude haben. Drehen Sie die Zahnr\u00e4der, um die Eule und\",\"breadcrumb\":{\"@id\":\"https:\/\/eazyshop.ch\/produkt\/laufwagen-forest-friends-multi-activity-fsc\/#breadcrumb\"},\"inLanguage\":\"en-GB\",\"potentialAction\":[{\"@type\":\"ReadAction\",\"target\":[\"https:\/\/eazyshop.ch\/produkt\/laufwagen-forest-friends-multi-activity-fsc\/\"]}]},{\"@type\":\"ImageObject\",\"inLanguage\":\"en-GB\",\"@id\":\"https:\/\/eazyshop.ch\/produkt\/laufwagen-forest-friends-multi-activity-fsc\/#primaryimage\",\"url\":\"https:\/\/eazyshop.ch\/wp-content\/uploads\/2026\/03\/0021318-1_UzHym-1.jpg\",\"contentUrl\":\"https:\/\/eazyshop.ch\/wp-content\/uploads\/2026\/03\/0021318-1_UzHym-1.jpg\",\"width\":480,\"height\":480,\"caption\":\"Laufwagen Forest Friends Multi Activity FSC\"},{\"@type\":\"BreadcrumbList\",\"@id\":\"https:\/\/eazyshop.ch\/produkt\/laufwagen-forest-friends-multi-activity-fsc\/#breadcrumb\",\"itemListElement\":[{\"@type\":\"ListItem\",\"position\":1,\"name\":\"Startseite\",\"item\":\"https:\/\/eazyshop.ch\/\"},{\"@type\":\"ListItem\",\"position\":2,\"name\":\"Shop\",\"item\":\"https:\/\/eazyshop.ch\/shop\/\"},{\"@type\":\"ListItem\",\"position\":3,\"name\":\"Little Dutch Laufwagen Forest Friends Multi Activity FSC\"}]},{\"@type\":\"WebSite\",\"@id\":\"https:\/\/eazyshop.ch\/#website\",\"url\":\"https:\/\/eazyshop.ch\/\",\"name\":\"Eazyshop\",\"description\":\"Where shopping feels easy\",\"publisher\":{\"@id\":\"https:\/\/eazyshop.ch\/#organization\"},\"potentialAction\":[{\"@type\":\"SearchAction\",\"target\":{\"@type\":\"EntryPoint\",\"urlTemplate\":\"https:\/\/eazyshop.ch\/?s={search_term_string}\"},\"query-input\":{\"@type\":\"PropertyValueSpecification\",\"valueRequired\":true,\"valueName\":\"search_term_string\"}}],\"inLanguage\":\"en-GB\"},{\"@type\":\"Organization\",\"@id\":\"https:\/\/eazyshop.ch\/#organization\",\"name\":\"Eazyshop\",\"url\":\"https:\/\/eazyshop.ch\/\",\"logo\":{\"@type\":\"ImageObject\",\"inLanguage\":\"en-GB\",\"@id\":\"https:\/\/eazyshop.ch\/#\/schema\/logo\/image\/\",\"url\":\"\",\"contentUrl\":\"\",\"caption\":\"Eazyshop\"},\"image\":{\"@id\":\"https:\/\/eazyshop.ch\/#\/schema\/logo\/image\/\"},\"sameAs\":[\"https:\/\/www.instagram.com\/eazyshop_ch\/\"]}]}<\/script>\n<!-- \/ Yoast SEO plugin. -->","yoast_head_json":{"title":"Little Dutch Laufwagen Forest Friends Multi Activity FSC - Eazyshop","description":"Gehen, spielen und lernen! Sie werden alle Aktivit\u00e4ten dieses Walker von Forest Friends so viel Freude haben. Drehen Sie die Zahnr\u00e4der, um die Eule und","robots":{"index":"index","follow":"follow","max-snippet":"max-snippet:-1","max-image-preview":"max-image-preview:large","max-video-preview":"max-video-preview:-1"},"canonical":"https:\/\/eazyshop.ch\/en\/product\/laufwagen-forest-friends-multi-activity-fsc\/","og_locale":"en_GB","og_type":"article","og_title":"Little Dutch Laufwagen Forest Friends Multi Activity FSC - Eazyshop","og_description":"Gehen, spielen und lernen! Sie werden alle Aktivit\u00e4ten dieses Walker von Forest Friends so viel Freude haben. Drehen Sie die Zahnr\u00e4der, um die Eule und","og_url":"https:\/\/eazyshop.ch\/en\/product\/laufwagen-forest-friends-multi-activity-fsc\/","og_site_name":"Eazyshop","article_modified_time":"2026-03-27T11:39:58+00:00","og_image":[{"width":480,"height":480,"url":"https:\/\/eazyshop.ch\/wp-content\/uploads\/2026\/03\/0021318-1_UzHym-1.jpg","type":"image\/jpeg"}],"twitter_card":"summary_large_image","twitter_misc":{"Estimated reading time":"1 minute"},"schema":{"@context":"https:\/\/schema.org","@graph":[{"@type":"WebPage","@id":"https:\/\/eazyshop.ch\/produkt\/laufwagen-forest-friends-multi-activity-fsc\/","url":"https:\/\/eazyshop.ch\/produkt\/laufwagen-forest-friends-multi-activity-fsc\/","name":"Little Dutch Laufwagen Forest Friends Multi Activity FSC - Eazyshop","isPartOf":{"@id":"https:\/\/eazyshop.ch\/#website"},"primaryImageOfPage":{"@id":"https:\/\/eazyshop.ch\/produkt\/laufwagen-forest-friends-multi-activity-fsc\/#primaryimage"},"image":{"@id":"https:\/\/eazyshop.ch\/produkt\/laufwagen-forest-friends-multi-activity-fsc\/#primaryimage"},"thumbnailUrl":"https:\/\/eazyshop.ch\/wp-content\/uploads\/2026\/03\/0021318-1_UzHym-1.jpg","datePublished":"2025-09-14T18:34:53+00:00","dateModified":"2026-03-27T11:39:58+00:00","description":"Gehen, spielen und lernen! Sie werden alle Aktivit\u00e4ten dieses Walker von Forest Friends so viel Freude haben. Drehen Sie die Zahnr\u00e4der, um die Eule und","breadcrumb":{"@id":"https:\/\/eazyshop.ch\/produkt\/laufwagen-forest-friends-multi-activity-fsc\/#breadcrumb"},"inLanguage":"en-GB","potentialAction":[{"@type":"ReadAction","target":["https:\/\/eazyshop.ch\/produkt\/laufwagen-forest-friends-multi-activity-fsc\/"]}]},{"@type":"ImageObject","inLanguage":"en-GB","@id":"https:\/\/eazyshop.ch\/produkt\/laufwagen-forest-friends-multi-activity-fsc\/#primaryimage","url":"https:\/\/eazyshop.ch\/wp-content\/uploads\/2026\/03\/0021318-1_UzHym-1.jpg","contentUrl":"https:\/\/eazyshop.ch\/wp-content\/uploads\/2026\/03\/0021318-1_UzHym-1.jpg","width":480,"height":480,"caption":"Laufwagen Forest Friends Multi Activity FSC"},{"@type":"BreadcrumbList","@id":"https:\/\/eazyshop.ch\/produkt\/laufwagen-forest-friends-multi-activity-fsc\/#breadcrumb","itemListElement":[{"@type":"ListItem","position":1,"name":"Startseite","item":"https:\/\/eazyshop.ch\/"},{"@type":"ListItem","position":2,"name":"Shop","item":"https:\/\/eazyshop.ch\/shop\/"},{"@type":"ListItem","position":3,"name":"Little Dutch Laufwagen Forest Friends Multi Activity FSC"}]},{"@type":"WebSite","@id":"https:\/\/eazyshop.ch\/#website","url":"https:\/\/eazyshop.ch\/","name":"Eazyshop","description":"Where shopping feels easy","publisher":{"@id":"https:\/\/eazyshop.ch\/#organization"},"potentialAction":[{"@type":"SearchAction","target":{"@type":"EntryPoint","urlTemplate":"https:\/\/eazyshop.ch\/?s={search_term_string}"},"query-input":{"@type":"PropertyValueSpecification","valueRequired":true,"valueName":"search_term_string"}}],"inLanguage":"en-GB"},{"@type":"Organization","@id":"https:\/\/eazyshop.ch\/#organization","name":"Eazyshop","url":"https:\/\/eazyshop.ch\/","logo":{"@type":"ImageObject","inLanguage":"en-GB","@id":"https:\/\/eazyshop.ch\/#\/schema\/logo\/image\/","url":"","contentUrl":"","caption":"Eazyshop"},"image":{"@id":"https:\/\/eazyshop.ch\/#\/schema\/logo\/image\/"},"sameAs":["https:\/\/www.instagram.com\/eazyshop_ch\/"]}]}},"jetpack_sharing_enabled":true,"_links":{"self":[{"href":"https:\/\/eazyshop.ch\/en\/wp-json\/wp\/v2\/product\/1059163","targetHints":{"allow":["GET"]}}],"collection":[{"href":"https:\/\/eazyshop.ch\/en\/wp-json\/wp\/v2\/product"}],"about":[{"href":"https:\/\/eazyshop.ch\/en\/wp-json\/wp\/v2\/types\/product"}],"replies":[{"embeddable":true,"href":"https:\/\/eazyshop.ch\/en\/wp-json\/wp\/v2\/comments?post=1059163"}],"version-history":[{"count":0,"href":"https:\/\/eazyshop.ch\/en\/wp-json\/wp\/v2\/product\/1059163\/revisions"}],"wp:featuredmedia":[{"embeddable":true,"href":"https:\/\/eazyshop.ch\/en\/wp-json\/wp\/v2\/media\/1076979"}],"wp:attachment":[{"href":"https:\/\/eazyshop.ch\/en\/wp-json\/wp\/v2\/media?parent=1059163"}],"wp:term":[{"taxonomy":"product_brand","embeddable":true,"href":"https:\/\/eazyshop.ch\/en\/wp-json\/wp\/v2\/product_brand?post=1059163"},{"taxonomy":"product_cat","embeddable":true,"href":"https:\/\/eazyshop.ch\/en\/wp-json\/wp\/v2\/product_cat?post=1059163"},{"taxonomy":"product_tag","embeddable":true,"href":"https:\/\/eazyshop.ch\/en\/wp-json\/wp\/v2\/product_tag?post=1059163"}],"curies":[{"name":"wp","href":"https:\/\/api.w.org\/{rel}","templated":true}]}}