{"id":1059157,"date":"2025-09-14T18:34:31","date_gmt":"2025-09-14T18:34:31","guid":{"rendered":"https:\/\/eazyshop.ch\/shop\/eisenbahn-mit-steck-formen-huhn-little-farm-fsc\/"},"modified":"2026-03-27T11:39:57","modified_gmt":"2026-03-27T11:39:57","slug":"eisenbahn-mit-steck-formen-huhn-little-farm-fsc","status":"publish","type":"product","link":"https:\/\/eazyshop.ch\/en\/product\/eisenbahn-mit-steck-formen-huhn-little-farm-fsc\/","title":{"rendered":"Little Dutch Eisenbahn mit Steck-Formen Huhn Little Farm FSC"},"content":{"rendered":"<p>Der sch\u00f6ne Holzzug von Little Dutch Ist mit einem Huhn und ihren K\u00fcken illustriert. Mit den Bl\u00f6cken in verschiedenen Formen und Farben k\u00f6nnen Sie immer andere H\u00fchner und K\u00fcken herstellen. Der Zug besteht aus insgesamt 17 Teilen und ist \u00b1 40 cm lang. Dieses Spielzeug macht Spa\u00df zu spielen und ist auch ein sch\u00f6nes Accessoire f\u00fcr das Baby- oder Kinderzimmer.<\/p>","protected":false},"excerpt":{"rendered":"<p>Der sch\u00f6ne Holzzug von Little Dutch Ist mit einem Huhn und ihren K\u00fcken illustriert. Mit den Bl\u00f6cken in verschiedenen Formen<\/p>","protected":false},"featured_media":1076966,"comment_status":"open","ping_status":"closed","template":"","meta":[],"product_brand":[15418],"product_cat":[5351],"product_tag":[],"class_list":{"0":"post-1059157","1":"product","2":"type-product","3":"status-publish","4":"has-post-thumbnail","6":"product_brand-little-dutch","7":"product_cat-spielzeug","9":"first","10":"instock","11":"taxable","12":"shipping-taxable","13":"purchasable","14":"product-type-simple"},"yoast_head":"<!-- This site is optimized with the Yoast SEO plugin v26.9 - https:\/\/yoast.com\/product\/yoast-seo-wordpress\/ -->\n<title>Little Dutch Eisenbahn mit Steck-Formen Huhn Little Farm FSC - Eazyshop<\/title>\n<meta name=\"description\" content=\"Der sch\u00f6ne Holzzug von Little Dutch Ist mit einem Huhn und ihren K\u00fcken illustriert. Mit den Bl\u00f6cken in verschiedenen Formen und Farben k\u00f6nnen Sie immer\" \/>\n<meta name=\"robots\" content=\"index, follow, max-snippet:-1, max-image-preview:large, max-video-preview:-1\" \/>\n<link rel=\"canonical\" href=\"https:\/\/eazyshop.ch\/en\/product\/eisenbahn-mit-steck-formen-huhn-little-farm-fsc\/\" \/>\n<meta property=\"og:locale\" content=\"en_GB\" \/>\n<meta property=\"og:type\" content=\"article\" \/>\n<meta property=\"og:title\" content=\"Little Dutch Eisenbahn mit Steck-Formen Huhn Little Farm FSC - Eazyshop\" \/>\n<meta property=\"og:description\" content=\"Der sch\u00f6ne Holzzug von Little Dutch Ist mit einem Huhn und ihren K\u00fcken illustriert. Mit den Bl\u00f6cken in verschiedenen Formen und Farben k\u00f6nnen Sie immer\" \/>\n<meta property=\"og:url\" content=\"https:\/\/eazyshop.ch\/en\/product\/eisenbahn-mit-steck-formen-huhn-little-farm-fsc\/\" \/>\n<meta property=\"og:site_name\" content=\"Eazyshop\" \/>\n<meta property=\"article:modified_time\" content=\"2026-03-27T11:39:57+00:00\" \/>\n<meta property=\"og:image\" content=\"https:\/\/eazyshop.ch\/wp-content\/uploads\/2026\/03\/0002437-1_WoTb9-1.jpg\" \/>\n\t<meta property=\"og:image:width\" content=\"480\" \/>\n\t<meta property=\"og:image:height\" content=\"480\" \/>\n\t<meta property=\"og:image:type\" content=\"image\/jpeg\" \/>\n<meta name=\"twitter:card\" content=\"summary_large_image\" \/>\n<script type=\"application\/ld+json\" class=\"yoast-schema-graph\">{\"@context\":\"https:\/\/schema.org\",\"@graph\":[{\"@type\":\"WebPage\",\"@id\":\"https:\/\/eazyshop.ch\/produkt\/eisenbahn-mit-steck-formen-huhn-little-farm-fsc\/\",\"url\":\"https:\/\/eazyshop.ch\/produkt\/eisenbahn-mit-steck-formen-huhn-little-farm-fsc\/\",\"name\":\"Little Dutch Eisenbahn mit Steck-Formen Huhn Little Farm FSC - Eazyshop\",\"isPartOf\":{\"@id\":\"https:\/\/eazyshop.ch\/#website\"},\"primaryImageOfPage\":{\"@id\":\"https:\/\/eazyshop.ch\/produkt\/eisenbahn-mit-steck-formen-huhn-little-farm-fsc\/#primaryimage\"},\"image\":{\"@id\":\"https:\/\/eazyshop.ch\/produkt\/eisenbahn-mit-steck-formen-huhn-little-farm-fsc\/#primaryimage\"},\"thumbnailUrl\":\"https:\/\/eazyshop.ch\/wp-content\/uploads\/2026\/03\/0002437-1_WoTb9-1.jpg\",\"datePublished\":\"2025-09-14T18:34:31+00:00\",\"dateModified\":\"2026-03-27T11:39:57+00:00\",\"description\":\"Der sch\u00f6ne Holzzug von Little Dutch Ist mit einem Huhn und ihren K\u00fcken illustriert. Mit den Bl\u00f6cken in verschiedenen Formen und Farben k\u00f6nnen Sie immer\",\"breadcrumb\":{\"@id\":\"https:\/\/eazyshop.ch\/produkt\/eisenbahn-mit-steck-formen-huhn-little-farm-fsc\/#breadcrumb\"},\"inLanguage\":\"en-GB\",\"potentialAction\":[{\"@type\":\"ReadAction\",\"target\":[\"https:\/\/eazyshop.ch\/produkt\/eisenbahn-mit-steck-formen-huhn-little-farm-fsc\/\"]}]},{\"@type\":\"ImageObject\",\"inLanguage\":\"en-GB\",\"@id\":\"https:\/\/eazyshop.ch\/produkt\/eisenbahn-mit-steck-formen-huhn-little-farm-fsc\/#primaryimage\",\"url\":\"https:\/\/eazyshop.ch\/wp-content\/uploads\/2026\/03\/0002437-1_WoTb9-1.jpg\",\"contentUrl\":\"https:\/\/eazyshop.ch\/wp-content\/uploads\/2026\/03\/0002437-1_WoTb9-1.jpg\",\"width\":480,\"height\":480,\"caption\":\"Eisenbahn mit Steck-Formen Huhn Little Farm FSC\"},{\"@type\":\"BreadcrumbList\",\"@id\":\"https:\/\/eazyshop.ch\/produkt\/eisenbahn-mit-steck-formen-huhn-little-farm-fsc\/#breadcrumb\",\"itemListElement\":[{\"@type\":\"ListItem\",\"position\":1,\"name\":\"Startseite\",\"item\":\"https:\/\/eazyshop.ch\/\"},{\"@type\":\"ListItem\",\"position\":2,\"name\":\"Shop\",\"item\":\"https:\/\/eazyshop.ch\/shop\/\"},{\"@type\":\"ListItem\",\"position\":3,\"name\":\"Little Dutch Eisenbahn mit Steck-Formen Huhn Little Farm FSC\"}]},{\"@type\":\"WebSite\",\"@id\":\"https:\/\/eazyshop.ch\/#website\",\"url\":\"https:\/\/eazyshop.ch\/\",\"name\":\"Eazyshop\",\"description\":\"Where shopping feels easy\",\"publisher\":{\"@id\":\"https:\/\/eazyshop.ch\/#organization\"},\"potentialAction\":[{\"@type\":\"SearchAction\",\"target\":{\"@type\":\"EntryPoint\",\"urlTemplate\":\"https:\/\/eazyshop.ch\/?s={search_term_string}\"},\"query-input\":{\"@type\":\"PropertyValueSpecification\",\"valueRequired\":true,\"valueName\":\"search_term_string\"}}],\"inLanguage\":\"en-GB\"},{\"@type\":\"Organization\",\"@id\":\"https:\/\/eazyshop.ch\/#organization\",\"name\":\"Eazyshop\",\"url\":\"https:\/\/eazyshop.ch\/\",\"logo\":{\"@type\":\"ImageObject\",\"inLanguage\":\"en-GB\",\"@id\":\"https:\/\/eazyshop.ch\/#\/schema\/logo\/image\/\",\"url\":\"\",\"contentUrl\":\"\",\"caption\":\"Eazyshop\"},\"image\":{\"@id\":\"https:\/\/eazyshop.ch\/#\/schema\/logo\/image\/\"},\"sameAs\":[\"https:\/\/www.instagram.com\/eazyshop_ch\/\"]}]}<\/script>\n<!-- \/ Yoast SEO plugin. -->","yoast_head_json":{"title":"Little Dutch Eisenbahn mit Steck-Formen Huhn Little Farm FSC - Eazyshop","description":"Der sch\u00f6ne Holzzug von Little Dutch Ist mit einem Huhn und ihren K\u00fcken illustriert. Mit den Bl\u00f6cken in verschiedenen Formen und Farben k\u00f6nnen Sie immer","robots":{"index":"index","follow":"follow","max-snippet":"max-snippet:-1","max-image-preview":"max-image-preview:large","max-video-preview":"max-video-preview:-1"},"canonical":"https:\/\/eazyshop.ch\/en\/product\/eisenbahn-mit-steck-formen-huhn-little-farm-fsc\/","og_locale":"en_GB","og_type":"article","og_title":"Little Dutch Eisenbahn mit Steck-Formen Huhn Little Farm FSC - Eazyshop","og_description":"Der sch\u00f6ne Holzzug von Little Dutch Ist mit einem Huhn und ihren K\u00fcken illustriert. Mit den Bl\u00f6cken in verschiedenen Formen und Farben k\u00f6nnen Sie immer","og_url":"https:\/\/eazyshop.ch\/en\/product\/eisenbahn-mit-steck-formen-huhn-little-farm-fsc\/","og_site_name":"Eazyshop","article_modified_time":"2026-03-27T11:39:57+00:00","og_image":[{"width":480,"height":480,"url":"https:\/\/eazyshop.ch\/wp-content\/uploads\/2026\/03\/0002437-1_WoTb9-1.jpg","type":"image\/jpeg"}],"twitter_card":"summary_large_image","schema":{"@context":"https:\/\/schema.org","@graph":[{"@type":"WebPage","@id":"https:\/\/eazyshop.ch\/produkt\/eisenbahn-mit-steck-formen-huhn-little-farm-fsc\/","url":"https:\/\/eazyshop.ch\/produkt\/eisenbahn-mit-steck-formen-huhn-little-farm-fsc\/","name":"Little Dutch Eisenbahn mit Steck-Formen Huhn Little Farm FSC - Eazyshop","isPartOf":{"@id":"https:\/\/eazyshop.ch\/#website"},"primaryImageOfPage":{"@id":"https:\/\/eazyshop.ch\/produkt\/eisenbahn-mit-steck-formen-huhn-little-farm-fsc\/#primaryimage"},"image":{"@id":"https:\/\/eazyshop.ch\/produkt\/eisenbahn-mit-steck-formen-huhn-little-farm-fsc\/#primaryimage"},"thumbnailUrl":"https:\/\/eazyshop.ch\/wp-content\/uploads\/2026\/03\/0002437-1_WoTb9-1.jpg","datePublished":"2025-09-14T18:34:31+00:00","dateModified":"2026-03-27T11:39:57+00:00","description":"Der sch\u00f6ne Holzzug von Little Dutch Ist mit einem Huhn und ihren K\u00fcken illustriert. Mit den Bl\u00f6cken in verschiedenen Formen und Farben k\u00f6nnen Sie immer","breadcrumb":{"@id":"https:\/\/eazyshop.ch\/produkt\/eisenbahn-mit-steck-formen-huhn-little-farm-fsc\/#breadcrumb"},"inLanguage":"en-GB","potentialAction":[{"@type":"ReadAction","target":["https:\/\/eazyshop.ch\/produkt\/eisenbahn-mit-steck-formen-huhn-little-farm-fsc\/"]}]},{"@type":"ImageObject","inLanguage":"en-GB","@id":"https:\/\/eazyshop.ch\/produkt\/eisenbahn-mit-steck-formen-huhn-little-farm-fsc\/#primaryimage","url":"https:\/\/eazyshop.ch\/wp-content\/uploads\/2026\/03\/0002437-1_WoTb9-1.jpg","contentUrl":"https:\/\/eazyshop.ch\/wp-content\/uploads\/2026\/03\/0002437-1_WoTb9-1.jpg","width":480,"height":480,"caption":"Eisenbahn mit Steck-Formen Huhn Little Farm FSC"},{"@type":"BreadcrumbList","@id":"https:\/\/eazyshop.ch\/produkt\/eisenbahn-mit-steck-formen-huhn-little-farm-fsc\/#breadcrumb","itemListElement":[{"@type":"ListItem","position":1,"name":"Startseite","item":"https:\/\/eazyshop.ch\/"},{"@type":"ListItem","position":2,"name":"Shop","item":"https:\/\/eazyshop.ch\/shop\/"},{"@type":"ListItem","position":3,"name":"Little Dutch Eisenbahn mit Steck-Formen Huhn Little Farm FSC"}]},{"@type":"WebSite","@id":"https:\/\/eazyshop.ch\/#website","url":"https:\/\/eazyshop.ch\/","name":"Eazyshop","description":"Where shopping feels easy","publisher":{"@id":"https:\/\/eazyshop.ch\/#organization"},"potentialAction":[{"@type":"SearchAction","target":{"@type":"EntryPoint","urlTemplate":"https:\/\/eazyshop.ch\/?s={search_term_string}"},"query-input":{"@type":"PropertyValueSpecification","valueRequired":true,"valueName":"search_term_string"}}],"inLanguage":"en-GB"},{"@type":"Organization","@id":"https:\/\/eazyshop.ch\/#organization","name":"Eazyshop","url":"https:\/\/eazyshop.ch\/","logo":{"@type":"ImageObject","inLanguage":"en-GB","@id":"https:\/\/eazyshop.ch\/#\/schema\/logo\/image\/","url":"","contentUrl":"","caption":"Eazyshop"},"image":{"@id":"https:\/\/eazyshop.ch\/#\/schema\/logo\/image\/"},"sameAs":["https:\/\/www.instagram.com\/eazyshop_ch\/"]}]}},"jetpack_sharing_enabled":true,"_links":{"self":[{"href":"https:\/\/eazyshop.ch\/en\/wp-json\/wp\/v2\/product\/1059157","targetHints":{"allow":["GET"]}}],"collection":[{"href":"https:\/\/eazyshop.ch\/en\/wp-json\/wp\/v2\/product"}],"about":[{"href":"https:\/\/eazyshop.ch\/en\/wp-json\/wp\/v2\/types\/product"}],"replies":[{"embeddable":true,"href":"https:\/\/eazyshop.ch\/en\/wp-json\/wp\/v2\/comments?post=1059157"}],"version-history":[{"count":0,"href":"https:\/\/eazyshop.ch\/en\/wp-json\/wp\/v2\/product\/1059157\/revisions"}],"wp:featuredmedia":[{"embeddable":true,"href":"https:\/\/eazyshop.ch\/en\/wp-json\/wp\/v2\/media\/1076966"}],"wp:attachment":[{"href":"https:\/\/eazyshop.ch\/en\/wp-json\/wp\/v2\/media?parent=1059157"}],"wp:term":[{"taxonomy":"product_brand","embeddable":true,"href":"https:\/\/eazyshop.ch\/en\/wp-json\/wp\/v2\/product_brand?post=1059157"},{"taxonomy":"product_cat","embeddable":true,"href":"https:\/\/eazyshop.ch\/en\/wp-json\/wp\/v2\/product_cat?post=1059157"},{"taxonomy":"product_tag","embeddable":true,"href":"https:\/\/eazyshop.ch\/en\/wp-json\/wp\/v2\/product_tag?post=1059157"}],"curies":[{"name":"wp","href":"https:\/\/api.w.org\/{rel}","templated":true}]}}