{"id":1059149,"date":"2025-09-14T18:34:00","date_gmt":"2025-09-14T18:34:00","guid":{"rendered":"https:\/\/eazyshop.ch\/shop\/noahs-arche-fsc\/"},"modified":"2026-03-27T11:39:55","modified_gmt":"2026-03-27T11:39:55","slug":"noahs-arche-fsc","status":"publish","type":"product","link":"https:\/\/eazyshop.ch\/en\/product\/noahs-arche-fsc\/","title":{"rendered":"Little Dutch Noah&#8217;s Arche FSC"},"content":{"rendered":"<p>Jeder an Bord! Spielen Sie die Geschichte von Noahs Arche mit diesem sch\u00f6nen Spielset. Helfen Sie den Tieren, sich zu finden und sie auf ihre Reise vorzubereiten. Jeder Passagier hat einen gleichen Freund, der zusammen reist. Dieses 31-teilige Set enth\u00e4lt die Arche mit einer T\u00fcr, einem Deck, das entfernt werden kann, um alle Tiere an Bord zu bringen. Noah nimmt seine Frau und eine gro\u00dfe Gruppe von Tieren auf eine Reise \u00fcber den Ozean: 2 Tauben, H\u00fchnchen, Hahn, 2 Schildkr\u00f6ten, 2 Monkeys, ein L\u00f6we und L\u00f6win, 2 Strau\u00dfe, 2 Tiger, Kuh, Bulle, 2 Krokodile, 2 Giraffen, 2 Polarb\u00e4ren, 2 Zebras, 2 Ephants, 2 Kamel. Dieses St\u00fcck von Noahs Arche f\u00f6rdert die Rolle des Spiels und verbessert Fantasie und Wortschatz, w\u00e4hrend Ihr Kind diese klassische Geschichte lernt.<\/p>","protected":false},"excerpt":{"rendered":"<p>Jeder an Bord! Spielen Sie die Geschichte von Noahs Arche mit diesem sch\u00f6nen Spielset. Helfen Sie den Tieren, sich zu<\/p>","protected":false},"featured_media":1076951,"comment_status":"open","ping_status":"closed","template":"","meta":[],"product_brand":[15418],"product_cat":[5351],"product_tag":[],"class_list":{"0":"post-1059149","1":"product","2":"type-product","3":"status-publish","4":"has-post-thumbnail","6":"product_brand-little-dutch","7":"product_cat-spielzeug","9":"first","10":"instock","11":"taxable","12":"shipping-taxable","13":"purchasable","14":"product-type-simple"},"yoast_head":"<!-- This site is optimized with the Yoast SEO plugin v26.9 - https:\/\/yoast.com\/product\/yoast-seo-wordpress\/ -->\n<title>Little Dutch Noah&#039;s Arche FSC - Eazyshop<\/title>\n<meta name=\"description\" content=\"Jeder an Bord! Spielen Sie die Geschichte von Noahs Arche mit diesem sch\u00f6nen Spielset. Helfen Sie den Tieren, sich zu finden und sie auf ihre Reise\" \/>\n<meta name=\"robots\" content=\"index, follow, max-snippet:-1, max-image-preview:large, max-video-preview:-1\" \/>\n<link rel=\"canonical\" href=\"https:\/\/eazyshop.ch\/en\/product\/noahs-arche-fsc\/\" \/>\n<meta property=\"og:locale\" content=\"en_GB\" \/>\n<meta property=\"og:type\" content=\"article\" \/>\n<meta property=\"og:title\" content=\"Little Dutch Noah&#039;s Arche FSC - Eazyshop\" \/>\n<meta property=\"og:description\" content=\"Jeder an Bord! Spielen Sie die Geschichte von Noahs Arche mit diesem sch\u00f6nen Spielset. Helfen Sie den Tieren, sich zu finden und sie auf ihre Reise\" \/>\n<meta property=\"og:url\" content=\"https:\/\/eazyshop.ch\/en\/product\/noahs-arche-fsc\/\" \/>\n<meta property=\"og:site_name\" content=\"Eazyshop\" \/>\n<meta property=\"article:modified_time\" content=\"2026-03-27T11:39:55+00:00\" \/>\n<meta property=\"og:image\" content=\"https:\/\/eazyshop.ch\/wp-content\/uploads\/2026\/03\/0002202-1_n78ZO-1.jpg\" \/>\n\t<meta property=\"og:image:width\" content=\"480\" \/>\n\t<meta property=\"og:image:height\" content=\"480\" \/>\n\t<meta property=\"og:image:type\" content=\"image\/jpeg\" \/>\n<meta name=\"twitter:card\" content=\"summary_large_image\" \/>\n<meta name=\"twitter:label1\" content=\"Estimated reading time\" \/>\n\t<meta name=\"twitter:data1\" content=\"1 minute\" \/>\n<script type=\"application\/ld+json\" class=\"yoast-schema-graph\">{\"@context\":\"https:\/\/schema.org\",\"@graph\":[{\"@type\":\"WebPage\",\"@id\":\"https:\/\/eazyshop.ch\/produkt\/noahs-arche-fsc\/\",\"url\":\"https:\/\/eazyshop.ch\/produkt\/noahs-arche-fsc\/\",\"name\":\"Little Dutch Noah's Arche FSC - Eazyshop\",\"isPartOf\":{\"@id\":\"https:\/\/eazyshop.ch\/#website\"},\"primaryImageOfPage\":{\"@id\":\"https:\/\/eazyshop.ch\/produkt\/noahs-arche-fsc\/#primaryimage\"},\"image\":{\"@id\":\"https:\/\/eazyshop.ch\/produkt\/noahs-arche-fsc\/#primaryimage\"},\"thumbnailUrl\":\"https:\/\/eazyshop.ch\/wp-content\/uploads\/2026\/03\/0002202-1_n78ZO-1.jpg\",\"datePublished\":\"2025-09-14T18:34:00+00:00\",\"dateModified\":\"2026-03-27T11:39:55+00:00\",\"description\":\"Jeder an Bord! Spielen Sie die Geschichte von Noahs Arche mit diesem sch\u00f6nen Spielset. Helfen Sie den Tieren, sich zu finden und sie auf ihre Reise\",\"breadcrumb\":{\"@id\":\"https:\/\/eazyshop.ch\/produkt\/noahs-arche-fsc\/#breadcrumb\"},\"inLanguage\":\"en-GB\",\"potentialAction\":[{\"@type\":\"ReadAction\",\"target\":[\"https:\/\/eazyshop.ch\/produkt\/noahs-arche-fsc\/\"]}]},{\"@type\":\"ImageObject\",\"inLanguage\":\"en-GB\",\"@id\":\"https:\/\/eazyshop.ch\/produkt\/noahs-arche-fsc\/#primaryimage\",\"url\":\"https:\/\/eazyshop.ch\/wp-content\/uploads\/2026\/03\/0002202-1_n78ZO-1.jpg\",\"contentUrl\":\"https:\/\/eazyshop.ch\/wp-content\/uploads\/2026\/03\/0002202-1_n78ZO-1.jpg\",\"width\":480,\"height\":480,\"caption\":\"Noah's Arche FSC\"},{\"@type\":\"BreadcrumbList\",\"@id\":\"https:\/\/eazyshop.ch\/produkt\/noahs-arche-fsc\/#breadcrumb\",\"itemListElement\":[{\"@type\":\"ListItem\",\"position\":1,\"name\":\"Startseite\",\"item\":\"https:\/\/eazyshop.ch\/\"},{\"@type\":\"ListItem\",\"position\":2,\"name\":\"Shop\",\"item\":\"https:\/\/eazyshop.ch\/shop\/\"},{\"@type\":\"ListItem\",\"position\":3,\"name\":\"Little Dutch Noah&#8217;s Arche FSC\"}]},{\"@type\":\"WebSite\",\"@id\":\"https:\/\/eazyshop.ch\/#website\",\"url\":\"https:\/\/eazyshop.ch\/\",\"name\":\"Eazyshop\",\"description\":\"Where shopping feels easy\",\"publisher\":{\"@id\":\"https:\/\/eazyshop.ch\/#organization\"},\"potentialAction\":[{\"@type\":\"SearchAction\",\"target\":{\"@type\":\"EntryPoint\",\"urlTemplate\":\"https:\/\/eazyshop.ch\/?s={search_term_string}\"},\"query-input\":{\"@type\":\"PropertyValueSpecification\",\"valueRequired\":true,\"valueName\":\"search_term_string\"}}],\"inLanguage\":\"en-GB\"},{\"@type\":\"Organization\",\"@id\":\"https:\/\/eazyshop.ch\/#organization\",\"name\":\"Eazyshop\",\"url\":\"https:\/\/eazyshop.ch\/\",\"logo\":{\"@type\":\"ImageObject\",\"inLanguage\":\"en-GB\",\"@id\":\"https:\/\/eazyshop.ch\/#\/schema\/logo\/image\/\",\"url\":\"\",\"contentUrl\":\"\",\"caption\":\"Eazyshop\"},\"image\":{\"@id\":\"https:\/\/eazyshop.ch\/#\/schema\/logo\/image\/\"},\"sameAs\":[\"https:\/\/www.instagram.com\/eazyshop_ch\/\"]}]}<\/script>\n<!-- \/ Yoast SEO plugin. -->","yoast_head_json":{"title":"Little Dutch Noah's Arche FSC - Eazyshop","description":"Jeder an Bord! Spielen Sie die Geschichte von Noahs Arche mit diesem sch\u00f6nen Spielset. Helfen Sie den Tieren, sich zu finden und sie auf ihre Reise","robots":{"index":"index","follow":"follow","max-snippet":"max-snippet:-1","max-image-preview":"max-image-preview:large","max-video-preview":"max-video-preview:-1"},"canonical":"https:\/\/eazyshop.ch\/en\/product\/noahs-arche-fsc\/","og_locale":"en_GB","og_type":"article","og_title":"Little Dutch Noah's Arche FSC - Eazyshop","og_description":"Jeder an Bord! Spielen Sie die Geschichte von Noahs Arche mit diesem sch\u00f6nen Spielset. Helfen Sie den Tieren, sich zu finden und sie auf ihre Reise","og_url":"https:\/\/eazyshop.ch\/en\/product\/noahs-arche-fsc\/","og_site_name":"Eazyshop","article_modified_time":"2026-03-27T11:39:55+00:00","og_image":[{"width":480,"height":480,"url":"https:\/\/eazyshop.ch\/wp-content\/uploads\/2026\/03\/0002202-1_n78ZO-1.jpg","type":"image\/jpeg"}],"twitter_card":"summary_large_image","twitter_misc":{"Estimated reading time":"1 minute"},"schema":{"@context":"https:\/\/schema.org","@graph":[{"@type":"WebPage","@id":"https:\/\/eazyshop.ch\/produkt\/noahs-arche-fsc\/","url":"https:\/\/eazyshop.ch\/produkt\/noahs-arche-fsc\/","name":"Little Dutch Noah's Arche FSC - Eazyshop","isPartOf":{"@id":"https:\/\/eazyshop.ch\/#website"},"primaryImageOfPage":{"@id":"https:\/\/eazyshop.ch\/produkt\/noahs-arche-fsc\/#primaryimage"},"image":{"@id":"https:\/\/eazyshop.ch\/produkt\/noahs-arche-fsc\/#primaryimage"},"thumbnailUrl":"https:\/\/eazyshop.ch\/wp-content\/uploads\/2026\/03\/0002202-1_n78ZO-1.jpg","datePublished":"2025-09-14T18:34:00+00:00","dateModified":"2026-03-27T11:39:55+00:00","description":"Jeder an Bord! Spielen Sie die Geschichte von Noahs Arche mit diesem sch\u00f6nen Spielset. Helfen Sie den Tieren, sich zu finden und sie auf ihre Reise","breadcrumb":{"@id":"https:\/\/eazyshop.ch\/produkt\/noahs-arche-fsc\/#breadcrumb"},"inLanguage":"en-GB","potentialAction":[{"@type":"ReadAction","target":["https:\/\/eazyshop.ch\/produkt\/noahs-arche-fsc\/"]}]},{"@type":"ImageObject","inLanguage":"en-GB","@id":"https:\/\/eazyshop.ch\/produkt\/noahs-arche-fsc\/#primaryimage","url":"https:\/\/eazyshop.ch\/wp-content\/uploads\/2026\/03\/0002202-1_n78ZO-1.jpg","contentUrl":"https:\/\/eazyshop.ch\/wp-content\/uploads\/2026\/03\/0002202-1_n78ZO-1.jpg","width":480,"height":480,"caption":"Noah's Arche FSC"},{"@type":"BreadcrumbList","@id":"https:\/\/eazyshop.ch\/produkt\/noahs-arche-fsc\/#breadcrumb","itemListElement":[{"@type":"ListItem","position":1,"name":"Startseite","item":"https:\/\/eazyshop.ch\/"},{"@type":"ListItem","position":2,"name":"Shop","item":"https:\/\/eazyshop.ch\/shop\/"},{"@type":"ListItem","position":3,"name":"Little Dutch Noah&#8217;s Arche FSC"}]},{"@type":"WebSite","@id":"https:\/\/eazyshop.ch\/#website","url":"https:\/\/eazyshop.ch\/","name":"Eazyshop","description":"Where shopping feels easy","publisher":{"@id":"https:\/\/eazyshop.ch\/#organization"},"potentialAction":[{"@type":"SearchAction","target":{"@type":"EntryPoint","urlTemplate":"https:\/\/eazyshop.ch\/?s={search_term_string}"},"query-input":{"@type":"PropertyValueSpecification","valueRequired":true,"valueName":"search_term_string"}}],"inLanguage":"en-GB"},{"@type":"Organization","@id":"https:\/\/eazyshop.ch\/#organization","name":"Eazyshop","url":"https:\/\/eazyshop.ch\/","logo":{"@type":"ImageObject","inLanguage":"en-GB","@id":"https:\/\/eazyshop.ch\/#\/schema\/logo\/image\/","url":"","contentUrl":"","caption":"Eazyshop"},"image":{"@id":"https:\/\/eazyshop.ch\/#\/schema\/logo\/image\/"},"sameAs":["https:\/\/www.instagram.com\/eazyshop_ch\/"]}]}},"jetpack_sharing_enabled":true,"_links":{"self":[{"href":"https:\/\/eazyshop.ch\/en\/wp-json\/wp\/v2\/product\/1059149","targetHints":{"allow":["GET"]}}],"collection":[{"href":"https:\/\/eazyshop.ch\/en\/wp-json\/wp\/v2\/product"}],"about":[{"href":"https:\/\/eazyshop.ch\/en\/wp-json\/wp\/v2\/types\/product"}],"replies":[{"embeddable":true,"href":"https:\/\/eazyshop.ch\/en\/wp-json\/wp\/v2\/comments?post=1059149"}],"version-history":[{"count":0,"href":"https:\/\/eazyshop.ch\/en\/wp-json\/wp\/v2\/product\/1059149\/revisions"}],"wp:featuredmedia":[{"embeddable":true,"href":"https:\/\/eazyshop.ch\/en\/wp-json\/wp\/v2\/media\/1076951"}],"wp:attachment":[{"href":"https:\/\/eazyshop.ch\/en\/wp-json\/wp\/v2\/media?parent=1059149"}],"wp:term":[{"taxonomy":"product_brand","embeddable":true,"href":"https:\/\/eazyshop.ch\/en\/wp-json\/wp\/v2\/product_brand?post=1059149"},{"taxonomy":"product_cat","embeddable":true,"href":"https:\/\/eazyshop.ch\/en\/wp-json\/wp\/v2\/product_cat?post=1059149"},{"taxonomy":"product_tag","embeddable":true,"href":"https:\/\/eazyshop.ch\/en\/wp-json\/wp\/v2\/product_tag?post=1059149"}],"curies":[{"name":"wp","href":"https:\/\/api.w.org\/{rel}","templated":true}]}}