{"id":1059143,"date":"2025-09-14T18:33:40","date_gmt":"2025-09-14T18:33:40","guid":{"rendered":"https:\/\/eazyshop.ch\/shop\/little-dutch-kuehltasche-fairy-garden\/"},"modified":"2026-03-27T11:39:55","modified_gmt":"2026-03-27T11:39:55","slug":"little-dutch-kuehltasche-fairy-garden","status":"publish","type":"product","link":"https:\/\/eazyshop.ch\/en\/product\/little-dutch-kuehltasche-fairy-garden\/","title":{"rendered":"Little Dutch K\u00fchltasche Fairy Garden"},"content":{"rendered":"<p>Erfrischend auf der Stra\u00dfe! Diese k\u00fchlere Tasche mit Fairy Garden -Dessin passt perfekt zur Kollektion des MEPAL -Campus und h\u00e4lt dank des Isoliers Snacks und Getr\u00e4nke sch\u00f6n und cool. Die vordere Tasche ist ideal f\u00fcr einen zus\u00e4tzlichen Snack, und mit den stabilen Griffen k\u00f6nnen Sie m\u00fchelos die Tasche \u00fcberall hin mitnehmen. Stilvoll, praktisch und perfekt f\u00fcr jeden Picknick oder jeden Schultag! <\/p>","protected":false},"excerpt":{"rendered":"<p>Erfrischend auf der Stra\u00dfe! Diese k\u00fchlere Tasche mit Fairy Garden -Dessin passt perfekt zur Kollektion des MEPAL -Campus und h\u00e4lt<\/p>","protected":false},"featured_media":1076940,"comment_status":"open","ping_status":"closed","template":"","meta":[],"product_brand":[15418],"product_cat":[5349,15425],"product_tag":[],"class_list":{"0":"post-1059143","1":"product","2":"type-product","3":"status-publish","4":"has-post-thumbnail","6":"product_brand-little-dutch","7":"product_cat-haushalt-wohnen","8":"product_cat-kuehltasche","10":"first","11":"instock","12":"taxable","13":"shipping-taxable","14":"purchasable","15":"product-type-simple"},"yoast_head":"<!-- This site is optimized with the Yoast SEO plugin v26.9 - https:\/\/yoast.com\/product\/yoast-seo-wordpress\/ -->\n<title>Little Dutch K\u00fchltasche Fairy Garden - Eazyshop<\/title>\n<meta name=\"description\" content=\"Erfrischend auf der Stra\u00dfe! Diese k\u00fchlere Tasche mit Fairy Garden -Dessin passt perfekt zur Kollektion des MEPAL -Campus und h\u00e4lt dank des Isoliers Snacks\" \/>\n<meta name=\"robots\" content=\"index, follow, max-snippet:-1, max-image-preview:large, max-video-preview:-1\" \/>\n<link rel=\"canonical\" href=\"https:\/\/eazyshop.ch\/en\/product\/little-dutch-kuehltasche-fairy-garden\/\" \/>\n<meta property=\"og:locale\" content=\"en_GB\" \/>\n<meta property=\"og:type\" content=\"article\" \/>\n<meta property=\"og:title\" content=\"Little Dutch K\u00fchltasche Fairy Garden - Eazyshop\" \/>\n<meta property=\"og:description\" content=\"Erfrischend auf der Stra\u00dfe! Diese k\u00fchlere Tasche mit Fairy Garden -Dessin passt perfekt zur Kollektion des MEPAL -Campus und h\u00e4lt dank des Isoliers Snacks\" \/>\n<meta property=\"og:url\" content=\"https:\/\/eazyshop.ch\/en\/product\/little-dutch-kuehltasche-fairy-garden\/\" \/>\n<meta property=\"og:site_name\" content=\"Eazyshop\" \/>\n<meta property=\"article:modified_time\" content=\"2026-03-27T11:39:55+00:00\" \/>\n<meta property=\"og:image\" content=\"https:\/\/eazyshop.ch\/wp-content\/uploads\/2026\/03\/0027926_koeltas-fairy-garden_1cb44199-b2e0-4eef-8528-25c352ef2336-1_IqQ3M-1.jpg\" \/>\n\t<meta property=\"og:image:width\" content=\"480\" \/>\n\t<meta property=\"og:image:height\" content=\"480\" \/>\n\t<meta property=\"og:image:type\" content=\"image\/jpeg\" \/>\n<meta name=\"twitter:card\" content=\"summary_large_image\" \/>\n<script type=\"application\/ld+json\" class=\"yoast-schema-graph\">{\"@context\":\"https:\/\/schema.org\",\"@graph\":[{\"@type\":\"WebPage\",\"@id\":\"https:\/\/eazyshop.ch\/produkt\/little-dutch-kuehltasche-fairy-garden\/\",\"url\":\"https:\/\/eazyshop.ch\/produkt\/little-dutch-kuehltasche-fairy-garden\/\",\"name\":\"Little Dutch K\u00fchltasche Fairy Garden - Eazyshop\",\"isPartOf\":{\"@id\":\"https:\/\/eazyshop.ch\/#website\"},\"primaryImageOfPage\":{\"@id\":\"https:\/\/eazyshop.ch\/produkt\/little-dutch-kuehltasche-fairy-garden\/#primaryimage\"},\"image\":{\"@id\":\"https:\/\/eazyshop.ch\/produkt\/little-dutch-kuehltasche-fairy-garden\/#primaryimage\"},\"thumbnailUrl\":\"https:\/\/eazyshop.ch\/wp-content\/uploads\/2026\/03\/0027926_koeltas-fairy-garden_1cb44199-b2e0-4eef-8528-25c352ef2336-1_IqQ3M-1.jpg\",\"datePublished\":\"2025-09-14T18:33:40+00:00\",\"dateModified\":\"2026-03-27T11:39:55+00:00\",\"description\":\"Erfrischend auf der Stra\u00dfe! Diese k\u00fchlere Tasche mit Fairy Garden -Dessin passt perfekt zur Kollektion des MEPAL -Campus und h\u00e4lt dank des Isoliers Snacks\",\"breadcrumb\":{\"@id\":\"https:\/\/eazyshop.ch\/produkt\/little-dutch-kuehltasche-fairy-garden\/#breadcrumb\"},\"inLanguage\":\"en-GB\",\"potentialAction\":[{\"@type\":\"ReadAction\",\"target\":[\"https:\/\/eazyshop.ch\/produkt\/little-dutch-kuehltasche-fairy-garden\/\"]}]},{\"@type\":\"ImageObject\",\"inLanguage\":\"en-GB\",\"@id\":\"https:\/\/eazyshop.ch\/produkt\/little-dutch-kuehltasche-fairy-garden\/#primaryimage\",\"url\":\"https:\/\/eazyshop.ch\/wp-content\/uploads\/2026\/03\/0027926_koeltas-fairy-garden_1cb44199-b2e0-4eef-8528-25c352ef2336-1_IqQ3M-1.jpg\",\"contentUrl\":\"https:\/\/eazyshop.ch\/wp-content\/uploads\/2026\/03\/0027926_koeltas-fairy-garden_1cb44199-b2e0-4eef-8528-25c352ef2336-1_IqQ3M-1.jpg\",\"width\":480,\"height\":480,\"caption\":\"Little Dutch K\u00fchltasche Fairy Garden\"},{\"@type\":\"BreadcrumbList\",\"@id\":\"https:\/\/eazyshop.ch\/produkt\/little-dutch-kuehltasche-fairy-garden\/#breadcrumb\",\"itemListElement\":[{\"@type\":\"ListItem\",\"position\":1,\"name\":\"Startseite\",\"item\":\"https:\/\/eazyshop.ch\/\"},{\"@type\":\"ListItem\",\"position\":2,\"name\":\"Shop\",\"item\":\"https:\/\/eazyshop.ch\/shop\/\"},{\"@type\":\"ListItem\",\"position\":3,\"name\":\"Little Dutch K\u00fchltasche Fairy Garden\"}]},{\"@type\":\"WebSite\",\"@id\":\"https:\/\/eazyshop.ch\/#website\",\"url\":\"https:\/\/eazyshop.ch\/\",\"name\":\"Eazyshop\",\"description\":\"Where shopping feels easy\",\"publisher\":{\"@id\":\"https:\/\/eazyshop.ch\/#organization\"},\"potentialAction\":[{\"@type\":\"SearchAction\",\"target\":{\"@type\":\"EntryPoint\",\"urlTemplate\":\"https:\/\/eazyshop.ch\/?s={search_term_string}\"},\"query-input\":{\"@type\":\"PropertyValueSpecification\",\"valueRequired\":true,\"valueName\":\"search_term_string\"}}],\"inLanguage\":\"en-GB\"},{\"@type\":\"Organization\",\"@id\":\"https:\/\/eazyshop.ch\/#organization\",\"name\":\"Eazyshop\",\"url\":\"https:\/\/eazyshop.ch\/\",\"logo\":{\"@type\":\"ImageObject\",\"inLanguage\":\"en-GB\",\"@id\":\"https:\/\/eazyshop.ch\/#\/schema\/logo\/image\/\",\"url\":\"\",\"contentUrl\":\"\",\"caption\":\"Eazyshop\"},\"image\":{\"@id\":\"https:\/\/eazyshop.ch\/#\/schema\/logo\/image\/\"},\"sameAs\":[\"https:\/\/www.instagram.com\/eazyshop_ch\/\"]}]}<\/script>\n<!-- \/ Yoast SEO plugin. -->","yoast_head_json":{"title":"Little Dutch K\u00fchltasche Fairy Garden - Eazyshop","description":"Erfrischend auf der Stra\u00dfe! Diese k\u00fchlere Tasche mit Fairy Garden -Dessin passt perfekt zur Kollektion des MEPAL -Campus und h\u00e4lt dank des Isoliers Snacks","robots":{"index":"index","follow":"follow","max-snippet":"max-snippet:-1","max-image-preview":"max-image-preview:large","max-video-preview":"max-video-preview:-1"},"canonical":"https:\/\/eazyshop.ch\/en\/product\/little-dutch-kuehltasche-fairy-garden\/","og_locale":"en_GB","og_type":"article","og_title":"Little Dutch K\u00fchltasche Fairy Garden - Eazyshop","og_description":"Erfrischend auf der Stra\u00dfe! Diese k\u00fchlere Tasche mit Fairy Garden -Dessin passt perfekt zur Kollektion des MEPAL -Campus und h\u00e4lt dank des Isoliers Snacks","og_url":"https:\/\/eazyshop.ch\/en\/product\/little-dutch-kuehltasche-fairy-garden\/","og_site_name":"Eazyshop","article_modified_time":"2026-03-27T11:39:55+00:00","og_image":[{"width":480,"height":480,"url":"https:\/\/eazyshop.ch\/wp-content\/uploads\/2026\/03\/0027926_koeltas-fairy-garden_1cb44199-b2e0-4eef-8528-25c352ef2336-1_IqQ3M-1.jpg","type":"image\/jpeg"}],"twitter_card":"summary_large_image","schema":{"@context":"https:\/\/schema.org","@graph":[{"@type":"WebPage","@id":"https:\/\/eazyshop.ch\/produkt\/little-dutch-kuehltasche-fairy-garden\/","url":"https:\/\/eazyshop.ch\/produkt\/little-dutch-kuehltasche-fairy-garden\/","name":"Little Dutch K\u00fchltasche Fairy Garden - Eazyshop","isPartOf":{"@id":"https:\/\/eazyshop.ch\/#website"},"primaryImageOfPage":{"@id":"https:\/\/eazyshop.ch\/produkt\/little-dutch-kuehltasche-fairy-garden\/#primaryimage"},"image":{"@id":"https:\/\/eazyshop.ch\/produkt\/little-dutch-kuehltasche-fairy-garden\/#primaryimage"},"thumbnailUrl":"https:\/\/eazyshop.ch\/wp-content\/uploads\/2026\/03\/0027926_koeltas-fairy-garden_1cb44199-b2e0-4eef-8528-25c352ef2336-1_IqQ3M-1.jpg","datePublished":"2025-09-14T18:33:40+00:00","dateModified":"2026-03-27T11:39:55+00:00","description":"Erfrischend auf der Stra\u00dfe! Diese k\u00fchlere Tasche mit Fairy Garden -Dessin passt perfekt zur Kollektion des MEPAL -Campus und h\u00e4lt dank des Isoliers Snacks","breadcrumb":{"@id":"https:\/\/eazyshop.ch\/produkt\/little-dutch-kuehltasche-fairy-garden\/#breadcrumb"},"inLanguage":"en-GB","potentialAction":[{"@type":"ReadAction","target":["https:\/\/eazyshop.ch\/produkt\/little-dutch-kuehltasche-fairy-garden\/"]}]},{"@type":"ImageObject","inLanguage":"en-GB","@id":"https:\/\/eazyshop.ch\/produkt\/little-dutch-kuehltasche-fairy-garden\/#primaryimage","url":"https:\/\/eazyshop.ch\/wp-content\/uploads\/2026\/03\/0027926_koeltas-fairy-garden_1cb44199-b2e0-4eef-8528-25c352ef2336-1_IqQ3M-1.jpg","contentUrl":"https:\/\/eazyshop.ch\/wp-content\/uploads\/2026\/03\/0027926_koeltas-fairy-garden_1cb44199-b2e0-4eef-8528-25c352ef2336-1_IqQ3M-1.jpg","width":480,"height":480,"caption":"Little Dutch K\u00fchltasche Fairy Garden"},{"@type":"BreadcrumbList","@id":"https:\/\/eazyshop.ch\/produkt\/little-dutch-kuehltasche-fairy-garden\/#breadcrumb","itemListElement":[{"@type":"ListItem","position":1,"name":"Startseite","item":"https:\/\/eazyshop.ch\/"},{"@type":"ListItem","position":2,"name":"Shop","item":"https:\/\/eazyshop.ch\/shop\/"},{"@type":"ListItem","position":3,"name":"Little Dutch K\u00fchltasche Fairy Garden"}]},{"@type":"WebSite","@id":"https:\/\/eazyshop.ch\/#website","url":"https:\/\/eazyshop.ch\/","name":"Eazyshop","description":"Where shopping feels easy","publisher":{"@id":"https:\/\/eazyshop.ch\/#organization"},"potentialAction":[{"@type":"SearchAction","target":{"@type":"EntryPoint","urlTemplate":"https:\/\/eazyshop.ch\/?s={search_term_string}"},"query-input":{"@type":"PropertyValueSpecification","valueRequired":true,"valueName":"search_term_string"}}],"inLanguage":"en-GB"},{"@type":"Organization","@id":"https:\/\/eazyshop.ch\/#organization","name":"Eazyshop","url":"https:\/\/eazyshop.ch\/","logo":{"@type":"ImageObject","inLanguage":"en-GB","@id":"https:\/\/eazyshop.ch\/#\/schema\/logo\/image\/","url":"","contentUrl":"","caption":"Eazyshop"},"image":{"@id":"https:\/\/eazyshop.ch\/#\/schema\/logo\/image\/"},"sameAs":["https:\/\/www.instagram.com\/eazyshop_ch\/"]}]}},"jetpack_sharing_enabled":true,"_links":{"self":[{"href":"https:\/\/eazyshop.ch\/en\/wp-json\/wp\/v2\/product\/1059143","targetHints":{"allow":["GET"]}}],"collection":[{"href":"https:\/\/eazyshop.ch\/en\/wp-json\/wp\/v2\/product"}],"about":[{"href":"https:\/\/eazyshop.ch\/en\/wp-json\/wp\/v2\/types\/product"}],"replies":[{"embeddable":true,"href":"https:\/\/eazyshop.ch\/en\/wp-json\/wp\/v2\/comments?post=1059143"}],"version-history":[{"count":0,"href":"https:\/\/eazyshop.ch\/en\/wp-json\/wp\/v2\/product\/1059143\/revisions"}],"wp:featuredmedia":[{"embeddable":true,"href":"https:\/\/eazyshop.ch\/en\/wp-json\/wp\/v2\/media\/1076940"}],"wp:attachment":[{"href":"https:\/\/eazyshop.ch\/en\/wp-json\/wp\/v2\/media?parent=1059143"}],"wp:term":[{"taxonomy":"product_brand","embeddable":true,"href":"https:\/\/eazyshop.ch\/en\/wp-json\/wp\/v2\/product_brand?post=1059143"},{"taxonomy":"product_cat","embeddable":true,"href":"https:\/\/eazyshop.ch\/en\/wp-json\/wp\/v2\/product_cat?post=1059143"},{"taxonomy":"product_tag","embeddable":true,"href":"https:\/\/eazyshop.ch\/en\/wp-json\/wp\/v2\/product_tag?post=1059143"}],"curies":[{"name":"wp","href":"https:\/\/api.w.org\/{rel}","templated":true}]}}